{"id":4752,"date":"2020-01-17T08:53:06","date_gmt":"2020-01-17T07:53:06","guid":{"rendered":"https:\/\/www.systra.com\/canada\/engagements\/"},"modified":"2023-07-18T22:12:13","modified_gmt":"2023-07-18T20:12:13","slug":"engagements","status":"publish","type":"page","link":"https:\/\/www.systra.com\/canada\/fr\/engagements\/","title":{"rendered":"Engagements"},"content":{"rendered":"\n<h2 class=\"wp-block-heading\" id=\"h-notre-mission-est-d-offrir-aux-populations-des-solutions-de-mobilite-sures-et-durables\">Notre mission est d&#8217;offrir aux populations des solutions de mobilit\u00e9 s\u00fbres et durables<\/h2>\n\n\n\n<div style=\"height:70px\" aria-hidden=\"true\" class=\"wp-block-spacer\"><\/div>\n\n\n\n<p class=\"has-medium-font-size\">Associ\u00e9e \u00e0 nos valeurs d&#8217;excellence, de travail en \u00e9quipe et d&#8217;audace, cette mission anime l&#8217;engagement de tous les collaborateurs de SYSTRA. <br><br>D\u00e9couvrez ci-dessous les politiques du groupe SYSTRA, points de r\u00e9f\u00e9rence de nos actions au quotidien.<\/p>\n\n\n\n<div style=\"height:70px\" aria-hidden=\"true\" class=\"wp-block-spacer\"><\/div>\n\n\n\n<div class=\"wp-block-media-text alignwide has-media-on-the-right is-stacked-on-mobile is-image-fill\"><div class=\"wp-block-media-text__content\">\n<p class=\"has-medium-font-size\"><strong>La Politique G\u00e9n\u00e9rale SYSTRA est le socle commun \u00e0 tous les collaborateurs du Groupe, et doit orienter l\u2019ensemble de leurs d\u00e9cisions.<\/strong> Elle d\u00e9finit la mission, la vision et les ambitions de l\u2019entreprise. Elle d\u00e9crit les valeurs communes que nous partageons et nos piliers essentiels que sont l\u2019\u00e9thique, la 3S et le d\u00e9veloppement durable.<\/p>\n\n\n\n<div class=\"wp-block-buttons is-content-justification-left is-layout-flex wp-container-core-buttons-is-layout-fdcfc74e wp-block-buttons-is-layout-flex\">\n<div class=\"wp-block-button\"><a class=\"wp-block-button__link has-lipstick-background-color has-background wp-element-button\" href=\"https:\/\/www.systra.com\/wp-content\/uploads\/2022\/06\/politique-generale_juin-2022_signee_fr.pdf\">Politique g\u00e9n\u00e9rale<\/a><\/div>\n<\/div>\n\n\n\n<p><\/p>\n<\/div><figure class=\"wp-block-media-text__media\" style=\"background-image:url(https:\/\/www.systra.com\/wp-content\/uploads\/2022\/06\/odense.jpg);background-position:50% 50%\"><img decoding=\"async\" src=\"https:\/\/www.systra.com\/wp-content\/uploads\/2022\/06\/odense.jpg\" alt=\"\" class=\"wp-image-7522188 size-full\"\/><\/figure><\/div>\n\n\n\n<div style=\"height:100px\" aria-hidden=\"true\" class=\"wp-block-spacer\"><\/div>\n\n\n\n<div class=\"wp-block-media-text alignwide is-stacked-on-mobile is-image-fill\"><figure class=\"wp-block-media-text__media\" style=\"background-image:url(https:\/\/www.systra.com\/canada\/wp-content\/uploads\/sites\/15\/2023\/02\/main_hss_2380x1500-1024x645.jpg);background-position:50% 50%\"><img loading=\"lazy\" decoding=\"async\" width=\"1024\" height=\"645\" src=\"https:\/\/www.systra.com\/canada\/wp-content\/uploads\/sites\/15\/2023\/02\/main_hss_2380x1500-1024x645.jpg\" alt=\"\" class=\"wp-image-252 size-full\" srcset=\"https:\/\/www.systra.com\/canada\/wp-content\/uploads\/sites\/15\/2023\/02\/main_hss_2380x1500-1024x645.jpg 1024w, https:\/\/www.systra.com\/canada\/wp-content\/uploads\/sites\/15\/2023\/02\/main_hss_2380x1500-300x189.jpg 300w, https:\/\/www.systra.com\/canada\/wp-content\/uploads\/sites\/15\/2023\/02\/main_hss_2380x1500-768x484.jpg 768w, https:\/\/www.systra.com\/canada\/wp-content\/uploads\/sites\/15\/2023\/02\/main_hss_2380x1500-1536x968.jpg 1536w, https:\/\/www.systra.com\/canada\/wp-content\/uploads\/sites\/15\/2023\/02\/main_hss_2380x1500-2048x1291.jpg 2048w, https:\/\/www.systra.com\/canada\/wp-content\/uploads\/sites\/15\/2023\/02\/main_hss_2380x1500-474x299.jpg 474w, https:\/\/www.systra.com\/canada\/wp-content\/uploads\/sites\/15\/2023\/02\/main_hss_2380x1500-1700x1071.jpg 1700w, https:\/\/www.systra.com\/canada\/wp-content\/uploads\/sites\/15\/2023\/02\/main_hss_2380x1500-1352x852.jpg 1352w, https:\/\/www.systra.com\/canada\/wp-content\/uploads\/sites\/15\/2023\/02\/main_hss_2380x1500-800x504.jpg 800w, https:\/\/www.systra.com\/canada\/wp-content\/uploads\/sites\/15\/2023\/02\/main_hss_2380x1500-180x113.jpg 180w, https:\/\/www.systra.com\/canada\/wp-content\/uploads\/sites\/15\/2023\/02\/main_hss_2380x1500-153x96.jpg 153w, https:\/\/www.systra.com\/canada\/wp-content\/uploads\/sites\/15\/2023\/02\/main_hss_2380x1500-230x145.jpg 230w\" sizes=\"auto, (max-width: 1024px) 100vw, 1024px\" \/><\/figure><div class=\"wp-block-media-text__content\">\n<p class=\"has-medium-font-size\"><strong>SYSTRA, c&#8217;est l&#8217;excellence op\u00e9rationnelle,<\/strong> et il n&#8217;est pas d&#8217;excellence op\u00e9rationnelle sans mobilisation de nos collaborateurs, partenaires et clients pour assurer la sant\u00e9, la s\u00e9curit\u00e9 et la s\u00fbret\u00e9 du public et de l&#8217;ensemble de nos parties prenantes.<\/p>\n\n\n\n<div class=\"wp-block-buttons is-content-justification-left is-layout-flex wp-container-core-buttons-is-layout-fdcfc74e wp-block-buttons-is-layout-flex\">\n<div class=\"wp-block-button\"><a class=\"wp-block-button__link has-light-eggplant-background-color has-background wp-element-button\" href=\"https:\/\/www.systra.com\/canada\/fr\/3s-sante-securite-et-surete\/\">3S &#8211; SANT\u00c9, S\u00c9CURIT\u00c9, S\u00dbRET\u00c9<\/a><\/div>\n<\/div>\n\n\n\n<p><\/p>\n<\/div><\/div>\n\n\n\n<div style=\"height:100px\" aria-hidden=\"true\" class=\"wp-block-spacer\"><\/div>\n\n\n\n<div class=\"wp-block-media-text alignwide has-media-on-the-right is-stacked-on-mobile is-image-fill\"><div class=\"wp-block-media-text__content\">\n<p class=\"has-medium-font-size\">La d\u00e9marche \u00e9thique et conformit\u00e9 de SYSTRA va bien<br>au-del\u00e0&nbsp;des notions d&#8217;\u00e9valuation et de contr\u00f4le des risques.<br><br><strong>Notre r\u00f4le au sein des projets implique de donner le ton.<\/strong><\/p>\n\n\n\n<div class=\"wp-block-buttons is-layout-flex wp-block-buttons-is-layout-flex\">\n<div class=\"wp-block-button\"><a class=\"wp-block-button__link has-blanc-color has-dusty-blue-background-color has-text-color has-background wp-element-button\" href=\"https:\/\/www.systra.com\/canada\/fr\/ethique-et-conformite\/\">\u00c9THIQUE et conformit\u00e9<\/a><\/div>\n<\/div>\n<\/div><figure class=\"wp-block-media-text__media\" style=\"background-image:url(https:\/\/www.systra.com\/canada\/wp-content\/uploads\/sites\/15\/2023\/07\/main_ethics-compliance_2380x1500-1024x645.jpg);background-position:50% 50%\"><img loading=\"lazy\" decoding=\"async\" width=\"1024\" height=\"645\" src=\"https:\/\/www.systra.com\/canada\/wp-content\/uploads\/sites\/15\/2023\/07\/main_ethics-compliance_2380x1500-1024x645.jpg\" alt=\"\" class=\"wp-image-5541 size-full\" srcset=\"https:\/\/www.systra.com\/canada\/wp-content\/uploads\/sites\/15\/2023\/07\/main_ethics-compliance_2380x1500-1024x645.jpg 1024w, https:\/\/www.systra.com\/canada\/wp-content\/uploads\/sites\/15\/2023\/07\/main_ethics-compliance_2380x1500-300x189.jpg 300w, https:\/\/www.systra.com\/canada\/wp-content\/uploads\/sites\/15\/2023\/07\/main_ethics-compliance_2380x1500-768x484.jpg 768w, https:\/\/www.systra.com\/canada\/wp-content\/uploads\/sites\/15\/2023\/07\/main_ethics-compliance_2380x1500-1536x968.jpg 1536w, https:\/\/www.systra.com\/canada\/wp-content\/uploads\/sites\/15\/2023\/07\/main_ethics-compliance_2380x1500-2048x1291.jpg 2048w, https:\/\/www.systra.com\/canada\/wp-content\/uploads\/sites\/15\/2023\/07\/main_ethics-compliance_2380x1500-474x299.jpg 474w, https:\/\/www.systra.com\/canada\/wp-content\/uploads\/sites\/15\/2023\/07\/main_ethics-compliance_2380x1500-1700x1071.jpg 1700w, https:\/\/www.systra.com\/canada\/wp-content\/uploads\/sites\/15\/2023\/07\/main_ethics-compliance_2380x1500-1352x852.jpg 1352w, https:\/\/www.systra.com\/canada\/wp-content\/uploads\/sites\/15\/2023\/07\/main_ethics-compliance_2380x1500-800x504.jpg 800w, https:\/\/www.systra.com\/canada\/wp-content\/uploads\/sites\/15\/2023\/07\/main_ethics-compliance_2380x1500-180x113.jpg 180w, https:\/\/www.systra.com\/canada\/wp-content\/uploads\/sites\/15\/2023\/07\/main_ethics-compliance_2380x1500-153x96.jpg 153w, https:\/\/www.systra.com\/canada\/wp-content\/uploads\/sites\/15\/2023\/07\/main_ethics-compliance_2380x1500-230x145.jpg 230w\" sizes=\"auto, (max-width: 1024px) 100vw, 1024px\" \/><\/figure><\/div>\n\n\n\n<div style=\"height:100px\" aria-hidden=\"true\" class=\"wp-block-spacer\"><\/div>\n\n\n\n<p><strong>Le Syst\u00e8me de Management Int\u00e9gr\u00e9 du Groupe SYSTRA r\u00e9pond aux exigences des r\u00e9f\u00e9rentiels<\/strong> :<\/p>\n\n\n\n<div style=\"height:20px\" aria-hidden=\"true\" class=\"wp-block-spacer\"><\/div>\n\n\n\n<div class=\"wp-block-file\"><a id=\"wp-block-file--media-df2ba018-50cb-4840-bbde-17da023efef4\" href=\"https:\/\/www.systra.com\/wp-content\/uploads\/2022\/10\/systra-groupe-certificat-9001-fr-v1-14450221.pdf\">Groupe SYSTRA &#8211; ISO 9001<\/a><a href=\"https:\/\/www.systra.com\/wp-content\/uploads\/2022\/10\/systra-groupe-certificat-9001-fr-v1-14450221.pdf\" class=\"wp-block-file__button wp-element-button\" download aria-describedby=\"wp-block-file--media-df2ba018-50cb-4840-bbde-17da023efef4\">T\u00e9l\u00e9charger<\/a><\/div>\n\n\n\n<div style=\"height:20px\" aria-hidden=\"true\" class=\"wp-block-spacer\"><\/div>\n\n\n\n<div style=\"height:20px\" aria-hidden=\"true\" class=\"wp-block-spacer\"><\/div>\n\n\n\n<div class=\"wp-block-file\"><a id=\"wp-block-file--media-95c385dd-1c8a-45d4-86c2-2ffb0b1cf044\" href=\"https:\/\/www.systra.com\/wp-content\/uploads\/2022\/10\/systra-groupe-certificat-45001-fr-v1-14450221.pdf\">Groupe SYSTRA &#8211; ISO 45001<\/a><a href=\"https:\/\/www.systra.com\/wp-content\/uploads\/2022\/10\/systra-groupe-certificat-45001-fr-v1-14450221.pdf\" class=\"wp-block-file__button wp-element-button\" download aria-describedby=\"wp-block-file--media-95c385dd-1c8a-45d4-86c2-2ffb0b1cf044\">T\u00e9l\u00e9charger<\/a><\/div>\n\n\n\n<div style=\"height:20px\" aria-hidden=\"true\" class=\"wp-block-spacer\"><\/div>\n\n\n\n<div class=\"wp-block-file\"><a id=\"wp-block-file--media-95c385dd-1c8a-45d4-86c2-2ffb0b1cf044\" href=\"https:\/\/www.systra.com\/wp-content\/uploads\/2022\/12\/certificat-iso-37001-systra-fr-final.pdf\">Groupe SYSTRA &#8211; ISO 37001<\/a><a href=\"https:\/\/www.systra.com\/wp-content\/uploads\/2022\/12\/certificat-iso-37001-systra-fr-final.pdf\" class=\"wp-block-file__button wp-element-button\" download aria-describedby=\"wp-block-file--media-95c385dd-1c8a-45d4-86c2-2ffb0b1cf044\">T\u00e9l\u00e9charger<\/a><\/div>\n\n\n\n<div style=\"height:20px\" aria-hidden=\"true\" class=\"wp-block-spacer\"><\/div>\n\n\n\n<div style=\"height:60px\" aria-hidden=\"true\" class=\"wp-block-spacer\"><\/div>\n\n\n\n<p><strong>SYSTRA France est certifi\u00e9 ISO 14001 et par l\u2019OPQIBI (Organisme Professionnel de Qualification de l\u2019ing\u00e9nierie Infrastructure, B\u00e2timent, Industrie) pour un certain nombre de sp\u00e9cialit\u00e9s. <\/strong><\/p>\n\n\n\n<div style=\"height:20px\" aria-hidden=\"true\" class=\"wp-block-spacer\"><\/div>\n\n\n\n<div class=\"wp-block-file\"><a id=\"wp-block-file--media-74c9e81a-4607-4322-83d9-b2bdff014944\" href=\"https:\/\/www.systra.com\/wp-content\/uploads\/2022\/10\/systra-14450221-certificat-14001-systra-france-1-site-fr.pdf\">ISO 14001<\/a><a href=\"https:\/\/www.systra.com\/wp-content\/uploads\/2022\/10\/systra-14450221-certificat-14001-systra-france-1-site-fr.pdf\" class=\"wp-block-file__button wp-element-button\" download aria-describedby=\"wp-block-file--media-74c9e81a-4607-4322-83d9-b2bdff014944\">T\u00e9l\u00e9charger<\/a><\/div>\n\n\n\n<div style=\"height:20px\" aria-hidden=\"true\" class=\"wp-block-spacer\"><\/div>\n\n\n\n<div class=\"wp-block-file\"><a id=\"wp-block-file--media-088b17dc-3c4f-49fd-a2fe-c4c13c8bd305\" href=\"https:\/\/www.systra.com\/wp-content\/uploads\/2022\/10\/opqibi-systra-france-2022-2257-iv-a-controle-initial.pdf\">Certificat OPQIBI<\/a><a href=\"https:\/\/www.systra.com\/wp-content\/uploads\/2022\/10\/opqibi-systra-france-2022-2257-iv-a-controle-initial.pdf\" class=\"wp-block-file__button wp-element-button\" download aria-describedby=\"wp-block-file--media-088b17dc-3c4f-49fd-a2fe-c4c13c8bd305\">T\u00e9l\u00e9charger<\/a><\/div>\n\n\n\n<p><\/p>\n","protected":false},"excerpt":{"rendered":"<p>Notre mission est d&#8217;offrir aux populations des solutions de mobilit\u00e9 s\u00fbres et durables Associ\u00e9e \u00e0 nos valeurs d&#8217;excellence, de travail en \u00e9quipe et d&#8217;audace, cette mission anime l&#8217;engagement de tous les collaborateurs de SYSTRA. D\u00e9couvrez ci-dessous les politiques du groupe SYSTRA, points de r\u00e9f\u00e9rence de nos actions au quotidien. Le Syst\u00e8me de Management Int\u00e9gr\u00e9 du [&hellip;]<\/p>\n","protected":false},"author":3,"featured_media":4737,"parent":0,"menu_order":0,"comment_status":"closed","ping_status":"closed","template":"","meta":{"_acf_changed":false,"_relevanssi_hide_post":"","_relevanssi_hide_content":"","_relevanssi_pin_for_all":"","_relevanssi_pin_keywords":"","_relevanssi_unpin_keywords":"","_relevanssi_related_keywords":"","_relevanssi_related_include_ids":"","_relevanssi_related_exclude_ids":"","_relevanssi_related_no_append":"","_relevanssi_related_not_related":"","_relevanssi_related_posts":"2978,3744,2982,3734,3778,3690","_relevanssi_noindex_reason":"","footnotes":""},"class_list":["post-4752","page","type-page","status-publish","has-post-thumbnail","hentry"],"acf":[],"yoast_head":"<!-- This site is optimized with the Yoast SEO Premium plugin v27.4 (Yoast SEO v27.4) - https:\/\/yoast.com\/product\/yoast-seo-premium-wordpress\/ -->\n<title>Engagements - SYSTRA Canada<\/title>\n<meta name=\"description\" content=\"SYSTRA Canada, consulting and engineering firm, world leader in public transport infrastructure engineering.\" \/>\n<meta name=\"robots\" content=\"index, follow, max-snippet:-1, max-image-preview:large, max-video-preview:-1\" \/>\n<meta property=\"og:locale\" content=\"fr_FR\" \/>\n<meta property=\"og:type\" content=\"article\" \/>\n<meta property=\"og:title\" content=\"Engagements\" \/>\n<meta property=\"og:description\" content=\"SYSTRA Canada, consulting and engineering firm, world leader in public transport infrastructure engineering.\" \/>\n<meta property=\"og:url\" content=\"https:\/\/www.systra.com\/canada\/fr\/engagements\/\" \/>\n<meta property=\"og:site_name\" content=\"Canada\" \/>\n<meta property=\"article:modified_time\" content=\"2023-07-18T20:12:13+00:00\" \/>\n<meta property=\"og:image\" content=\"https:\/\/www.systra.com\/canada\/wp-content\/uploads\/sites\/15\/2023\/06\/commitments_main_2380x1500_lovepik_com-500427484-1024x645.jpg\" \/>\n\t<meta property=\"og:image:width\" content=\"1024\" \/>\n\t<meta property=\"og:image:height\" content=\"645\" \/>\n\t<meta property=\"og:image:type\" content=\"image\/jpeg\" \/>\n<meta name=\"twitter:card\" content=\"summary_large_image\" \/>\n<meta name=\"twitter:label1\" content=\"Dur\u00e9e de lecture estim\u00e9e\" \/>\n\t<meta name=\"twitter:data1\" content=\"2 minutes\" \/>\n<script type=\"application\/ld+json\" class=\"yoast-schema-graph\">{\"@context\":\"https:\\\/\\\/schema.org\",\"@graph\":[{\"@type\":\"WebPage\",\"@id\":\"https:\\\/\\\/www.systra.com\\\/canada\\\/fr\\\/engagements\\\/\",\"url\":\"https:\\\/\\\/www.systra.com\\\/canada\\\/fr\\\/engagements\\\/\",\"name\":\"Engagements - SYSTRA Canada\",\"isPartOf\":{\"@id\":\"https:\\\/\\\/www.systra.com\\\/canada\\\/#website\"},\"primaryImageOfPage\":{\"@id\":\"https:\\\/\\\/www.systra.com\\\/canada\\\/fr\\\/engagements\\\/#primaryimage\"},\"image\":{\"@id\":\"https:\\\/\\\/www.systra.com\\\/canada\\\/fr\\\/engagements\\\/#primaryimage\"},\"thumbnailUrl\":\"https:\\\/\\\/www.systra.com\\\/canada\\\/wp-content\\\/uploads\\\/sites\\\/15\\\/2023\\\/06\\\/commitments_main_2380x1500_lovepik_com-500427484.jpg\",\"datePublished\":\"2020-01-17T07:53:06+00:00\",\"dateModified\":\"2023-07-18T20:12:13+00:00\",\"description\":\"SYSTRA Canada, consulting and engineering firm, world leader in public transport infrastructure engineering.\",\"breadcrumb\":{\"@id\":\"https:\\\/\\\/www.systra.com\\\/canada\\\/fr\\\/engagements\\\/#breadcrumb\"},\"inLanguage\":\"fr-FR\",\"potentialAction\":[{\"@type\":\"ReadAction\",\"target\":[\"https:\\\/\\\/www.systra.com\\\/canada\\\/fr\\\/engagements\\\/\"]}]},{\"@type\":\"ImageObject\",\"inLanguage\":\"fr-FR\",\"@id\":\"https:\\\/\\\/www.systra.com\\\/canada\\\/fr\\\/engagements\\\/#primaryimage\",\"url\":\"https:\\\/\\\/www.systra.com\\\/canada\\\/wp-content\\\/uploads\\\/sites\\\/15\\\/2023\\\/06\\\/commitments_main_2380x1500_lovepik_com-500427484.jpg\",\"contentUrl\":\"https:\\\/\\\/www.systra.com\\\/canada\\\/wp-content\\\/uploads\\\/sites\\\/15\\\/2023\\\/06\\\/commitments_main_2380x1500_lovepik_com-500427484.jpg\",\"width\":2380,\"height\":1500},{\"@type\":\"BreadcrumbList\",\"@id\":\"https:\\\/\\\/www.systra.com\\\/canada\\\/fr\\\/engagements\\\/#breadcrumb\",\"itemListElement\":[{\"@type\":\"ListItem\",\"position\":1,\"name\":\"Accueil\",\"item\":\"https:\\\/\\\/www.systra.com\\\/canada\\\/fr\\\/\"},{\"@type\":\"ListItem\",\"position\":2,\"name\":\"Engagements\"}]},{\"@type\":\"WebSite\",\"@id\":\"https:\\\/\\\/www.systra.com\\\/canada\\\/#website\",\"url\":\"https:\\\/\\\/www.systra.com\\\/canada\\\/\",\"name\":\"Canada\",\"description\":\"Un site utilisant Les sites de Systra\",\"potentialAction\":[{\"@type\":\"SearchAction\",\"target\":{\"@type\":\"EntryPoint\",\"urlTemplate\":\"https:\\\/\\\/www.systra.com\\\/canada\\\/?s={search_term_string}\"},\"query-input\":{\"@type\":\"PropertyValueSpecification\",\"valueRequired\":true,\"valueName\":\"search_term_string\"}}],\"inLanguage\":\"fr-FR\"}]}<\/script>\n<!-- \/ Yoast SEO Premium plugin. -->","yoast_head_json":{"title":"Engagements - SYSTRA Canada","description":"SYSTRA Canada, consulting and engineering firm, world leader in public transport infrastructure engineering.","robots":{"index":"index","follow":"follow","max-snippet":"max-snippet:-1","max-image-preview":"max-image-preview:large","max-video-preview":"max-video-preview:-1"},"og_locale":"fr_FR","og_type":"article","og_title":"Engagements","og_description":"SYSTRA Canada, consulting and engineering firm, world leader in public transport infrastructure engineering.","og_url":"https:\/\/www.systra.com\/canada\/fr\/engagements\/","og_site_name":"Canada","article_modified_time":"2023-07-18T20:12:13+00:00","og_image":[{"width":1024,"height":645,"url":"https:\/\/www.systra.com\/canada\/wp-content\/uploads\/sites\/15\/2023\/06\/commitments_main_2380x1500_lovepik_com-500427484-1024x645.jpg","type":"image\/jpeg"}],"twitter_card":"summary_large_image","twitter_misc":{"Dur\u00e9e de lecture estim\u00e9e":"2 minutes"},"schema":{"@context":"https:\/\/schema.org","@graph":[{"@type":"WebPage","@id":"https:\/\/www.systra.com\/canada\/fr\/engagements\/","url":"https:\/\/www.systra.com\/canada\/fr\/engagements\/","name":"Engagements - SYSTRA Canada","isPartOf":{"@id":"https:\/\/www.systra.com\/canada\/#website"},"primaryImageOfPage":{"@id":"https:\/\/www.systra.com\/canada\/fr\/engagements\/#primaryimage"},"image":{"@id":"https:\/\/www.systra.com\/canada\/fr\/engagements\/#primaryimage"},"thumbnailUrl":"https:\/\/www.systra.com\/canada\/wp-content\/uploads\/sites\/15\/2023\/06\/commitments_main_2380x1500_lovepik_com-500427484.jpg","datePublished":"2020-01-17T07:53:06+00:00","dateModified":"2023-07-18T20:12:13+00:00","description":"SYSTRA Canada, consulting and engineering firm, world leader in public transport infrastructure engineering.","breadcrumb":{"@id":"https:\/\/www.systra.com\/canada\/fr\/engagements\/#breadcrumb"},"inLanguage":"fr-FR","potentialAction":[{"@type":"ReadAction","target":["https:\/\/www.systra.com\/canada\/fr\/engagements\/"]}]},{"@type":"ImageObject","inLanguage":"fr-FR","@id":"https:\/\/www.systra.com\/canada\/fr\/engagements\/#primaryimage","url":"https:\/\/www.systra.com\/canada\/wp-content\/uploads\/sites\/15\/2023\/06\/commitments_main_2380x1500_lovepik_com-500427484.jpg","contentUrl":"https:\/\/www.systra.com\/canada\/wp-content\/uploads\/sites\/15\/2023\/06\/commitments_main_2380x1500_lovepik_com-500427484.jpg","width":2380,"height":1500},{"@type":"BreadcrumbList","@id":"https:\/\/www.systra.com\/canada\/fr\/engagements\/#breadcrumb","itemListElement":[{"@type":"ListItem","position":1,"name":"Accueil","item":"https:\/\/www.systra.com\/canada\/fr\/"},{"@type":"ListItem","position":2,"name":"Engagements"}]},{"@type":"WebSite","@id":"https:\/\/www.systra.com\/canada\/#website","url":"https:\/\/www.systra.com\/canada\/","name":"Canada","description":"Un site utilisant Les sites de Systra","potentialAction":[{"@type":"SearchAction","target":{"@type":"EntryPoint","urlTemplate":"https:\/\/www.systra.com\/canada\/?s={search_term_string}"},"query-input":{"@type":"PropertyValueSpecification","valueRequired":true,"valueName":"search_term_string"}}],"inLanguage":"fr-FR"}]}},"lang":"fr","translations":{"fr":4752,"en":4336},"pll_sync_post":[],"_links":{"self":[{"href":"https:\/\/www.systra.com\/canada\/wp-json\/wp\/v2\/pages\/4752","targetHints":{"allow":["GET"]}}],"collection":[{"href":"https:\/\/www.systra.com\/canada\/wp-json\/wp\/v2\/pages"}],"about":[{"href":"https:\/\/www.systra.com\/canada\/wp-json\/wp\/v2\/types\/page"}],"author":[{"embeddable":true,"href":"https:\/\/www.systra.com\/canada\/wp-json\/wp\/v2\/users\/3"}],"replies":[{"embeddable":true,"href":"https:\/\/www.systra.com\/canada\/wp-json\/wp\/v2\/comments?post=4752"}],"version-history":[{"count":7,"href":"https:\/\/www.systra.com\/canada\/wp-json\/wp\/v2\/pages\/4752\/revisions"}],"predecessor-version":[{"id":5590,"href":"https:\/\/www.systra.com\/canada\/wp-json\/wp\/v2\/pages\/4752\/revisions\/5590"}],"wp:featuredmedia":[{"embeddable":true,"href":"https:\/\/www.systra.com\/canada\/wp-json\/wp\/v2\/media\/4737"}],"wp:attachment":[{"href":"https:\/\/www.systra.com\/canada\/wp-json\/wp\/v2\/media?parent=4752"}],"curies":[{"name":"wp","href":"https:\/\/api.w.org\/{rel}","templated":true}]}}