{"id":4548,"date":"2023-06-16T17:28:33","date_gmt":"2023-06-16T15:28:33","guid":{"rendered":"https:\/\/www.systra.com\/canada\/?page_id=4548"},"modified":"2024-10-10T16:48:43","modified_gmt":"2024-10-10T14:48:43","slug":"diversite-et-inclusion","status":"publish","type":"page","link":"https:\/\/www.systra.com\/canada\/fr\/carrieres\/diversite-et-inclusion\/","title":{"rendered":"Diversit\u00e9, \u00e9quit\u00e9 et inclusion"},"content":{"rendered":"\n<div class=\"wp-block-columns is-layout-flex wp-container-core-columns-is-layout-9d6595d7 wp-block-columns-is-layout-flex\">\n<div class=\"wp-block-column is-layout-flow wp-block-column-is-layout-flow\">\n<h2 class=\"wp-block-heading\" id=\"h-un-environnement-de-travail-diversifie\">un environnement de travail diversifi\u00e9<\/h2>\n<\/div>\n\n\n\n<div class=\"wp-block-column is-layout-flow wp-block-column-is-layout-flow\">\n<p>Chez SYSTRA, nous voulons \u00eatre la signature de r\u00e9f\u00e9rence pour les solutions de transport. C\u2019est notre ambition. Et nous souhaitons que chaque femme et chaque homme de SYSTRA contribue pleinement \u00e0 cette ambition au travers de sa propre signature.<\/p>\n<\/div>\n<\/div>\n\n\n\n<div style=\"height:100px\" aria-hidden=\"true\" class=\"wp-block-spacer\"><\/div>\n\n\n\n<div class=\"wp-block-columns alignfull is-layout-flex wp-container-core-columns-is-layout-9d6595d7 wp-block-columns-is-layout-flex\">\n<div class=\"wp-block-column is-layout-flow wp-block-column-is-layout-flow\" style=\"flex-basis:66.66%\">\n<figure class=\"wp-block-image size-large\"><img loading=\"lazy\" decoding=\"async\" width=\"1024\" height=\"502\" src=\"https:\/\/www.systra.com\/canada\/wp-content\/uploads\/sites\/15\/2023\/06\/womensday2023_med-res_fr-1024x502.png\" alt=\"\" class=\"wp-image-4550\" srcset=\"https:\/\/www.systra.com\/canada\/wp-content\/uploads\/sites\/15\/2023\/06\/womensday2023_med-res_fr-1024x502.png 1024w, https:\/\/www.systra.com\/canada\/wp-content\/uploads\/sites\/15\/2023\/06\/womensday2023_med-res_fr-300x147.png 300w, https:\/\/www.systra.com\/canada\/wp-content\/uploads\/sites\/15\/2023\/06\/womensday2023_med-res_fr-768x377.png 768w, https:\/\/www.systra.com\/canada\/wp-content\/uploads\/sites\/15\/2023\/06\/womensday2023_med-res_fr-1536x753.png 1536w, https:\/\/www.systra.com\/canada\/wp-content\/uploads\/sites\/15\/2023\/06\/womensday2023_med-res_fr-2048x1004.png 2048w, https:\/\/www.systra.com\/canada\/wp-content\/uploads\/sites\/15\/2023\/06\/womensday2023_med-res_fr-474x232.png 474w, https:\/\/www.systra.com\/canada\/wp-content\/uploads\/sites\/15\/2023\/06\/womensday2023_med-res_fr-1700x834.png 1700w, https:\/\/www.systra.com\/canada\/wp-content\/uploads\/sites\/15\/2023\/06\/womensday2023_med-res_fr-1352x663.png 1352w, https:\/\/www.systra.com\/canada\/wp-content\/uploads\/sites\/15\/2023\/06\/womensday2023_med-res_fr-800x392.png 800w, https:\/\/www.systra.com\/canada\/wp-content\/uploads\/sites\/15\/2023\/06\/womensday2023_med-res_fr-180x88.png 180w, https:\/\/www.systra.com\/canada\/wp-content\/uploads\/sites\/15\/2023\/06\/womensday2023_med-res_fr-153x75.png 153w, https:\/\/www.systra.com\/canada\/wp-content\/uploads\/sites\/15\/2023\/06\/womensday2023_med-res_fr-230x113.png 230w\" sizes=\"auto, (max-width: 1024px) 100vw, 1024px\" \/><\/figure>\n<\/div>\n\n\n\n<div class=\"wp-block-column is-vertically-aligned-center is-layout-flow wp-block-column-is-layout-flow\" style=\"flex-basis:33.33%\">\n<p>Chez SYSTRA Canada, nous avons une culture qui encourage un environnement de travail diversifi\u00e9 qui respecte et valorise nos diff\u00e9rences en termes d&#8217;identit\u00e9 et d&#8217;expression de genre, de race, de couleur de peau, d&#8217;orientation sexuelle, d&#8217;\u00e2ge, d&#8217;origine ethnique ou nationale, de sexe, de conviction politique, de religion, d&#8217;\u00e9tat matrimonial, de langue ou de handicap. SYSTRA est soucieuse de permettre \u00e0 tous ses employ\u00e9s de partager leurs id\u00e9es, de se sentir impliqu\u00e9s et de cr\u00e9er un environnement favorable.<\/p>\n\n\n\n<div style=\"height:30px\" aria-hidden=\"true\" class=\"wp-block-spacer\"><\/div>\n\n\n\n<p>SYSTRA Canada prend tr\u00e8s \u00e0 c\u0153ur la mise en place d&#8217;un environnement de travail attrayant pour ses employ\u00e9s. La relation de confiance avec et entre les employ\u00e9s est cruciale et d\u00e9pend particuli\u00e8rement de l&#8217;importance que nous accordons \u00e0 la diversit\u00e9, \u00e0 l&#8217;\u00e9quit\u00e9 et \u00e0 l&#8217;inclusion au sein de l&#8217;entreprise, \u00e0 l&#8217;acc\u00e8s \u00e0 la formation et aux opportunit\u00e9s de d\u00e9veloppement.<\/p>\n\n\n\n<div style=\"height:30px\" aria-hidden=\"true\" class=\"wp-block-spacer\"><\/div>\n\n\n\n<p>Un ensemble complet de politiques et de pratiques li\u00e9es \u00e0 la lutte contre la discrimination, \u00e0 l&#8217;\u00e9galit\u00e9 des chances en mati\u00e8re d&#8217;emploi et \u00e0 la parit\u00e9 professionnelle a \u00e9t\u00e9 mis en place pour renforcer le droit des employ\u00e9s \u00e0 travailler dans un lieu de travail s\u00e9curitaire et accueillant.<\/p>\n<\/div>\n<\/div>\n\n\n\n<div style=\"height:120px\" aria-hidden=\"true\" class=\"wp-block-spacer\"><\/div>\n\n\n\n<div class=\"wp-block-group alignfull has-pale-lilac-background-color has-background\"><div class=\"wp-block-group__inner-container is-layout-flow wp-block-group-is-layout-flow\">\n<div class=\"wp-block-media-text alignwide is-stacked-on-mobile is-image-fill\" style=\"grid-template-columns:39% auto\"><figure class=\"wp-block-media-text__media\" style=\"background-image:url(https:\/\/www.systra.com\/canada\/wp-content\/uploads\/sites\/15\/2023\/03\/jonas-geschke-c8wjnvxmvui-unsplash-1024x683.jpg);background-position:60% 51%\"><img loading=\"lazy\" decoding=\"async\" width=\"1024\" height=\"683\" src=\"https:\/\/www.systra.com\/canada\/wp-content\/uploads\/sites\/15\/2023\/03\/jonas-geschke-c8wjnvxmvui-unsplash-1024x683.jpg\" alt=\"\" class=\"wp-image-1634 size-full\" srcset=\"https:\/\/www.systra.com\/canada\/wp-content\/uploads\/sites\/15\/2023\/03\/jonas-geschke-c8wjnvxmvui-unsplash-1024x683.jpg 1024w, https:\/\/www.systra.com\/canada\/wp-content\/uploads\/sites\/15\/2023\/03\/jonas-geschke-c8wjnvxmvui-unsplash-300x200.jpg 300w, https:\/\/www.systra.com\/canada\/wp-content\/uploads\/sites\/15\/2023\/03\/jonas-geschke-c8wjnvxmvui-unsplash-768x512.jpg 768w, https:\/\/www.systra.com\/canada\/wp-content\/uploads\/sites\/15\/2023\/03\/jonas-geschke-c8wjnvxmvui-unsplash-1536x1024.jpg 1536w, https:\/\/www.systra.com\/canada\/wp-content\/uploads\/sites\/15\/2023\/03\/jonas-geschke-c8wjnvxmvui-unsplash-2048x1365.jpg 2048w, https:\/\/www.systra.com\/canada\/wp-content\/uploads\/sites\/15\/2023\/03\/jonas-geschke-c8wjnvxmvui-unsplash-375x250.jpg 375w, https:\/\/www.systra.com\/canada\/wp-content\/uploads\/sites\/15\/2023\/03\/jonas-geschke-c8wjnvxmvui-unsplash-376x250.jpg 376w, https:\/\/www.systra.com\/canada\/wp-content\/uploads\/sites\/15\/2023\/03\/jonas-geschke-c8wjnvxmvui-unsplash-474x316.jpg 474w, https:\/\/www.systra.com\/canada\/wp-content\/uploads\/sites\/15\/2023\/03\/jonas-geschke-c8wjnvxmvui-unsplash-75x50.jpg 75w, https:\/\/www.systra.com\/canada\/wp-content\/uploads\/sites\/15\/2023\/03\/jonas-geschke-c8wjnvxmvui-unsplash-900x600.jpg 900w, https:\/\/www.systra.com\/canada\/wp-content\/uploads\/sites\/15\/2023\/03\/jonas-geschke-c8wjnvxmvui-unsplash-1700x1133.jpg 1700w, https:\/\/www.systra.com\/canada\/wp-content\/uploads\/sites\/15\/2023\/03\/jonas-geschke-c8wjnvxmvui-unsplash-1352x901.jpg 1352w, https:\/\/www.systra.com\/canada\/wp-content\/uploads\/sites\/15\/2023\/03\/jonas-geschke-c8wjnvxmvui-unsplash-800x533.jpg 800w, https:\/\/www.systra.com\/canada\/wp-content\/uploads\/sites\/15\/2023\/03\/jonas-geschke-c8wjnvxmvui-unsplash-180x120.jpg 180w, https:\/\/www.systra.com\/canada\/wp-content\/uploads\/sites\/15\/2023\/03\/jonas-geschke-c8wjnvxmvui-unsplash-153x102.jpg 153w, https:\/\/www.systra.com\/canada\/wp-content\/uploads\/sites\/15\/2023\/03\/jonas-geschke-c8wjnvxmvui-unsplash-230x153.jpg 230w\" sizes=\"auto, (max-width: 1024px) 100vw, 1024px\" \/><\/figure><div class=\"wp-block-media-text__content\">\n<h2 class=\"wp-block-heading\" id=\"h-autochtones-en-milieu-de-travail\">Autochtones EN milieu de travail<\/h2>\n\n\n\n<p>SYSTRA Canada s&#8217;engage \u00e0 fournir un lieu de travail qui favorise l&#8217;innovation et la cr\u00e9ativit\u00e9 gr\u00e2ce \u00e0 notre bassin de talents diversifi\u00e9s et inclusifs SYSTRA Canada vise \u00e0 garantir que tous ceux qui sont impliqu\u00e9(e)s dans notre travail sont trait\u00e9s avec respect, dignit\u00e9 et \u00e9quit\u00e9 dans le but de cr\u00e9er un environnement qui favorise des relations de travail positives. Cette politique est con\u00e7ue pour s&#8217;assurer que tous les membres du personnel comprennent l&#8217;engagement de SYSTRA Canada \u00e0 reconna\u00eetre la valeur de la diversit\u00e9 dans notre milieu de travail soutenue par l\u2019\u00e9quit\u00e9 en mati\u00e8re d&#8217;emploi, et \u00e0 s&#8217;assurer que les pratiques de travail favorisent l&#8217;\u00e9galit\u00e9 et sont non discriminatoires.<\/p>\n\n\n\n<div style=\"height:20px\" aria-hidden=\"true\" class=\"wp-block-spacer\"><\/div>\n\n\n\n<p>SYSTRA Canada valorise les nombreuses perspectives et contributions uniques de toutes les communaut\u00e9s. Nous soutenons et encourageons sans r\u00e9serve l&#8217;embauche de personnes qualifi\u00e9es issues des communaut\u00e9s autochtones locales o\u00f9 nos projets sont men\u00e9s SYSTRA Canada reconna\u00eet que toutes les personnes apportent des qualit\u00e9s, des capacit\u00e9s, des comp\u00e9tences, des connaissances, des exp\u00e9riences, des perspectives et des attitudes diff\u00e9rentes au travail. Valoriser et tirer le meilleur parti de ces diff\u00e9rences peut am\u00e9liorer le lieu de travail des individus et renforcer la performance globale de SYSTRA Canada. Nous entendons par diversit\u00e9 la pr\u00e9sence d&#8217;un large \u00e9ventail de qualit\u00e9s et d&#8217;attributs humains au sein d&#8217;une organisation de groupe ou d&#8217;une soci\u00e9t\u00e9. Les dimensions de la diversit\u00e9 comprennent, sans s&#8217;y limiter, l&#8217;ascendance, la culture, l&#8217;ethnicit\u00e9, le sexe, le genre, l&#8217;expression du genre, la langue, les capacit\u00e9s physiques et intellectuelles, la race, la religion, l&#8217;orientation sexuelle et le statut socio-\u00e9conomique. Notre engagement consiste \u00e0 d\u00e9velopper des relations de travail solides avec les communaut\u00e9s indig\u00e8nes locales et \u00e0 valoriser une main d&#8217;\u0153uvre diversifi\u00e9e.<\/p>\n\n\n\n<div class=\"wp-block-buttons is-layout-flex wp-block-buttons-is-layout-flex\">\n<div class=\"wp-block-button\"><a class=\"wp-block-button__link wp-element-button\" href=\"https:\/\/www.systra.com\/canada\/wp-content\/uploads\/sites\/15\/2023\/05\/politique-autochtones_fr_2022-07-20.pdf\" target=\"_blank\" rel=\"noreferrer noopener\">consultez notre politique<\/a><\/div>\n<\/div>\n<\/div><\/div>\n<\/div><\/div>\n\n\n\n<div style=\"height:120px\" aria-hidden=\"true\" class=\"wp-block-spacer\"><\/div>\n\n\n\n<div class=\"wp-block-media-text alignwide has-media-on-the-right is-stacked-on-mobile is-image-fill\"><div class=\"wp-block-media-text__content\">\n<h2 class=\"wp-block-heading\" id=\"h-discrimination-et-harcelement\">Discrimination et harc\u00e8lement<\/h2>\n\n\n\n<p>La discrimination et le harc\u00e8lement ne seront aucunement tol\u00e9r\u00e9s sous n\u2019importe quelle forme et par qui que ce soit.<\/p>\n\n\n\n<p>Cette interdiction s\u2019applique notamment aux comportements via tout moyen, technologique ou autre, ainsi que sur tous les lieux du travail et les endroits o\u00f9 les membres du personnel se retrouvent dans le cadre de leur emploi. C\u2019est le devoir de chacun d\u2019assurer un environnement de travail libre de discrimination et de harc\u00e8lement.<\/p>\n\n\n\n<p>Les membres du personnel, ainsi que la client\u00e8le, les fournisseur(e)s et les sous-traitant(e)s de SYSTRA Canada, ont le droit de travailler dans un environnement libre de toute forme de discrimination ou de harc\u00e8lement, qu\u2019il soit de nature physique ou psychologique. SYSTRA Canada s\u2019engage \u00e0 assurer un tel droit \u00e0 chaque membre du personnel et \u00e0 offrir un milieu de travail exempt de toute forme de discrimination ou de harc\u00e8lement afin de prot\u00e9ger la dignit\u00e9 ainsi que l\u2019int\u00e9grit\u00e9 physique et psychologique de tous.<\/p>\n\n\n\n<div style=\"height:20px\" aria-hidden=\"true\" class=\"wp-block-spacer\"><\/div>\n<\/div><figure class=\"wp-block-media-text__media\" style=\"background-image:url(https:\/\/www.systra.com\/canada\/wp-content\/uploads\/2023\/04\/microsoftteams-image-10-1-1024x683.jpg);background-position:50% 50%\"><img decoding=\"async\" src=\"https:\/\/www.systra.com\/canada\/wp-content\/uploads\/2023\/04\/microsoftteams-image-10-1-1024x683.jpg\" alt=\"\" class=\"wp-image-10000011992549 size-full\" srcset=\"https:\/\/www.systra.com\/canada\/wp-content\/uploads\/2023\/04\/microsoftteams-image-10-1-1024x683.jpg 1024w, https:\/\/www.systra.com\/canada\/wp-content\/uploads\/2023\/04\/microsoftteams-image-10-1-300x200.jpg 300w, https:\/\/www.systra.com\/canada\/wp-content\/uploads\/2023\/04\/microsoftteams-image-10-1-768x512.jpg 768w, https:\/\/www.systra.com\/canada\/wp-content\/uploads\/2023\/04\/microsoftteams-image-10-1-1536x1024.jpg 1536w, https:\/\/www.systra.com\/canada\/wp-content\/uploads\/2023\/04\/microsoftteams-image-10-1-2048x1365.jpg 2048w, https:\/\/www.systra.com\/canada\/wp-content\/uploads\/2023\/04\/microsoftteams-image-10-1-375x250.jpg 375w, https:\/\/www.systra.com\/canada\/wp-content\/uploads\/2023\/04\/microsoftteams-image-10-1-376x250.jpg 376w, https:\/\/www.systra.com\/canada\/wp-content\/uploads\/2023\/04\/microsoftteams-image-10-1-474x316.jpg 474w, https:\/\/www.systra.com\/canada\/wp-content\/uploads\/2023\/04\/microsoftteams-image-10-1-75x50.jpg 75w, https:\/\/www.systra.com\/canada\/wp-content\/uploads\/2023\/04\/microsoftteams-image-10-1-900x600.jpg 900w, https:\/\/www.systra.com\/canada\/wp-content\/uploads\/2023\/04\/microsoftteams-image-10-1-1700x1133.jpg 1700w, https:\/\/www.systra.com\/canada\/wp-content\/uploads\/2023\/04\/microsoftteams-image-10-1-1352x901.jpg 1352w, https:\/\/www.systra.com\/canada\/wp-content\/uploads\/2023\/04\/microsoftteams-image-10-1-800x533.jpg 800w, https:\/\/www.systra.com\/canada\/wp-content\/uploads\/2023\/04\/microsoftteams-image-10-1-180x120.jpg 180w, https:\/\/www.systra.com\/canada\/wp-content\/uploads\/2023\/04\/microsoftteams-image-10-1-153x102.jpg 153w, https:\/\/www.systra.com\/canada\/wp-content\/uploads\/2023\/04\/microsoftteams-image-10-1-230x153.jpg 230w\" sizes=\"(max-width: 1024px) 100vw, 1024px\" \/><\/figure><\/div>\n\n\n\n<div style=\"height:80px\" aria-hidden=\"true\" class=\"wp-block-spacer\"><\/div>\n\n\n\n<div class=\"wp-block-buttons is-horizontal is-content-justification-center is-layout-flex wp-container-core-buttons-is-layout-499968f5 wp-block-buttons-is-layout-flex\">\n<div class=\"wp-block-button\"><a class=\"wp-block-button__link wp-element-button\" href=\"https:\/\/www.systra.com\/canada\/fr\/toutes-les-offres-demploi\/?country=canada_fr&amp;pa=1\" target=\"_blank\" rel=\"noreferrer noopener\">Joignez-vous \u00e0 nous !<\/a><\/div>\n<\/div>\n","protected":false},"excerpt":{"rendered":"<p>un environnement de travail diversifi\u00e9 Chez SYSTRA, nous voulons \u00eatre la signature de r\u00e9f\u00e9rence pour les solutions de transport. C\u2019est notre ambition. Et nous souhaitons que chaque femme et chaque homme de SYSTRA contribue pleinement \u00e0 cette ambition au travers de sa propre signature. Chez SYSTRA Canada, nous avons une culture qui encourage un environnement [&hellip;]<\/p>\n","protected":false},"author":65,"featured_media":562,"parent":5175,"menu_order":0,"comment_status":"closed","ping_status":"closed","template":"","meta":{"_acf_changed":false,"_relevanssi_hide_post":"","_relevanssi_hide_content":"","_relevanssi_pin_for_all":"","_relevanssi_pin_keywords":"","_relevanssi_unpin_keywords":"","_relevanssi_related_keywords":"","_relevanssi_related_include_ids":"","_relevanssi_related_exclude_ids":"","_relevanssi_related_no_append":"","_relevanssi_related_not_related":"","_relevanssi_related_posts":"1","_relevanssi_noindex_reason":"","footnotes":""},"class_list":["post-4548","page","type-page","status-publish","has-post-thumbnail","hentry"],"acf":[],"yoast_head":"<!-- This site is optimized with the Yoast SEO Premium plugin v27.4 (Yoast SEO v27.4) - https:\/\/yoast.com\/product\/yoast-seo-premium-wordpress\/ -->\n<title>Diversit\u00e9, \u00e9quit\u00e9 et inclusion - SYSTRA Canada<\/title>\n<meta name=\"description\" content=\"SYSTRA Canada, consulting and engineering firm, world leader in public transport infrastructure engineering.\" \/>\n<meta name=\"robots\" content=\"index, follow, max-snippet:-1, max-image-preview:large, max-video-preview:-1\" \/>\n<meta property=\"og:locale\" content=\"fr_FR\" \/>\n<meta property=\"og:type\" content=\"article\" \/>\n<meta property=\"og:title\" content=\"Diversit\u00e9, \u00e9quit\u00e9 et inclusion\" \/>\n<meta property=\"og:description\" content=\"SYSTRA Canada, consulting and engineering firm, world leader in public transport infrastructure engineering.\" \/>\n<meta property=\"og:url\" content=\"https:\/\/www.systra.com\/canada\/fr\/carrieres\/diversite-et-inclusion\/\" \/>\n<meta property=\"og:site_name\" content=\"Canada\" \/>\n<meta property=\"article:modified_time\" content=\"2024-10-10T14:48:43+00:00\" \/>\n<meta property=\"og:image\" content=\"https:\/\/www.systra.com\/canada\/wp-content\/uploads\/sites\/15\/2023\/03\/main_diversity-inclusion_2380x1500-1024x645.jpg\" \/>\n\t<meta property=\"og:image:width\" content=\"1024\" \/>\n\t<meta property=\"og:image:height\" content=\"645\" \/>\n\t<meta property=\"og:image:type\" content=\"image\/jpeg\" \/>\n<meta name=\"twitter:card\" content=\"summary_large_image\" \/>\n<meta name=\"twitter:label1\" content=\"Dur\u00e9e de lecture estim\u00e9e\" \/>\n\t<meta name=\"twitter:data1\" content=\"5 minutes\" \/>\n<script type=\"application\/ld+json\" class=\"yoast-schema-graph\">{\"@context\":\"https:\\\/\\\/schema.org\",\"@graph\":[{\"@type\":\"WebPage\",\"@id\":\"https:\\\/\\\/www.systra.com\\\/canada\\\/fr\\\/carrieres\\\/diversite-et-inclusion\\\/\",\"url\":\"https:\\\/\\\/www.systra.com\\\/canada\\\/fr\\\/carrieres\\\/diversite-et-inclusion\\\/\",\"name\":\"Diversit\u00e9, \u00e9quit\u00e9 et inclusion - SYSTRA Canada\",\"isPartOf\":{\"@id\":\"https:\\\/\\\/www.systra.com\\\/canada\\\/#website\"},\"primaryImageOfPage\":{\"@id\":\"https:\\\/\\\/www.systra.com\\\/canada\\\/fr\\\/carrieres\\\/diversite-et-inclusion\\\/#primaryimage\"},\"image\":{\"@id\":\"https:\\\/\\\/www.systra.com\\\/canada\\\/fr\\\/carrieres\\\/diversite-et-inclusion\\\/#primaryimage\"},\"thumbnailUrl\":\"https:\\\/\\\/www.systra.com\\\/canada\\\/wp-content\\\/uploads\\\/sites\\\/15\\\/2023\\\/03\\\/main_diversity-inclusion_2380x1500.jpg\",\"datePublished\":\"2023-06-16T15:28:33+00:00\",\"dateModified\":\"2024-10-10T14:48:43+00:00\",\"description\":\"SYSTRA Canada, consulting and engineering firm, world leader in public transport infrastructure engineering.\",\"breadcrumb\":{\"@id\":\"https:\\\/\\\/www.systra.com\\\/canada\\\/fr\\\/carrieres\\\/diversite-et-inclusion\\\/#breadcrumb\"},\"inLanguage\":\"fr-FR\",\"potentialAction\":[{\"@type\":\"ReadAction\",\"target\":[\"https:\\\/\\\/www.systra.com\\\/canada\\\/fr\\\/carrieres\\\/diversite-et-inclusion\\\/\"]}]},{\"@type\":\"ImageObject\",\"inLanguage\":\"fr-FR\",\"@id\":\"https:\\\/\\\/www.systra.com\\\/canada\\\/fr\\\/carrieres\\\/diversite-et-inclusion\\\/#primaryimage\",\"url\":\"https:\\\/\\\/www.systra.com\\\/canada\\\/wp-content\\\/uploads\\\/sites\\\/15\\\/2023\\\/03\\\/main_diversity-inclusion_2380x1500.jpg\",\"contentUrl\":\"https:\\\/\\\/www.systra.com\\\/canada\\\/wp-content\\\/uploads\\\/sites\\\/15\\\/2023\\\/03\\\/main_diversity-inclusion_2380x1500.jpg\",\"width\":2380,\"height\":1500,\"caption\":\"High angle shot of a group of colleagues joining their hands together in unity\"},{\"@type\":\"BreadcrumbList\",\"@id\":\"https:\\\/\\\/www.systra.com\\\/canada\\\/fr\\\/carrieres\\\/diversite-et-inclusion\\\/#breadcrumb\",\"itemListElement\":[{\"@type\":\"ListItem\",\"position\":1,\"name\":\"Accueil\",\"item\":\"https:\\\/\\\/www.systra.com\\\/canada\\\/fr\\\/\"},{\"@type\":\"ListItem\",\"position\":2,\"name\":\"Carri\u00e8res\",\"item\":\"https:\\\/\\\/www.systra.com\\\/canada\\\/fr\\\/carrieres\\\/\"},{\"@type\":\"ListItem\",\"position\":3,\"name\":\"Diversit\u00e9, \u00e9quit\u00e9 et inclusion\"}]},{\"@type\":\"WebSite\",\"@id\":\"https:\\\/\\\/www.systra.com\\\/canada\\\/#website\",\"url\":\"https:\\\/\\\/www.systra.com\\\/canada\\\/\",\"name\":\"Canada\",\"description\":\"Un site utilisant Les sites de Systra\",\"potentialAction\":[{\"@type\":\"SearchAction\",\"target\":{\"@type\":\"EntryPoint\",\"urlTemplate\":\"https:\\\/\\\/www.systra.com\\\/canada\\\/?s={search_term_string}\"},\"query-input\":{\"@type\":\"PropertyValueSpecification\",\"valueRequired\":true,\"valueName\":\"search_term_string\"}}],\"inLanguage\":\"fr-FR\"}]}<\/script>\n<!-- \/ Yoast SEO Premium plugin. -->","yoast_head_json":{"title":"Diversit\u00e9, \u00e9quit\u00e9 et inclusion - SYSTRA Canada","description":"SYSTRA Canada, consulting and engineering firm, world leader in public transport infrastructure engineering.","robots":{"index":"index","follow":"follow","max-snippet":"max-snippet:-1","max-image-preview":"max-image-preview:large","max-video-preview":"max-video-preview:-1"},"og_locale":"fr_FR","og_type":"article","og_title":"Diversit\u00e9, \u00e9quit\u00e9 et inclusion","og_description":"SYSTRA Canada, consulting and engineering firm, world leader in public transport infrastructure engineering.","og_url":"https:\/\/www.systra.com\/canada\/fr\/carrieres\/diversite-et-inclusion\/","og_site_name":"Canada","article_modified_time":"2024-10-10T14:48:43+00:00","og_image":[{"width":1024,"height":645,"url":"https:\/\/www.systra.com\/canada\/wp-content\/uploads\/sites\/15\/2023\/03\/main_diversity-inclusion_2380x1500-1024x645.jpg","type":"image\/jpeg"}],"twitter_card":"summary_large_image","twitter_misc":{"Dur\u00e9e de lecture estim\u00e9e":"5 minutes"},"schema":{"@context":"https:\/\/schema.org","@graph":[{"@type":"WebPage","@id":"https:\/\/www.systra.com\/canada\/fr\/carrieres\/diversite-et-inclusion\/","url":"https:\/\/www.systra.com\/canada\/fr\/carrieres\/diversite-et-inclusion\/","name":"Diversit\u00e9, \u00e9quit\u00e9 et inclusion - SYSTRA Canada","isPartOf":{"@id":"https:\/\/www.systra.com\/canada\/#website"},"primaryImageOfPage":{"@id":"https:\/\/www.systra.com\/canada\/fr\/carrieres\/diversite-et-inclusion\/#primaryimage"},"image":{"@id":"https:\/\/www.systra.com\/canada\/fr\/carrieres\/diversite-et-inclusion\/#primaryimage"},"thumbnailUrl":"https:\/\/www.systra.com\/canada\/wp-content\/uploads\/sites\/15\/2023\/03\/main_diversity-inclusion_2380x1500.jpg","datePublished":"2023-06-16T15:28:33+00:00","dateModified":"2024-10-10T14:48:43+00:00","description":"SYSTRA Canada, consulting and engineering firm, world leader in public transport infrastructure engineering.","breadcrumb":{"@id":"https:\/\/www.systra.com\/canada\/fr\/carrieres\/diversite-et-inclusion\/#breadcrumb"},"inLanguage":"fr-FR","potentialAction":[{"@type":"ReadAction","target":["https:\/\/www.systra.com\/canada\/fr\/carrieres\/diversite-et-inclusion\/"]}]},{"@type":"ImageObject","inLanguage":"fr-FR","@id":"https:\/\/www.systra.com\/canada\/fr\/carrieres\/diversite-et-inclusion\/#primaryimage","url":"https:\/\/www.systra.com\/canada\/wp-content\/uploads\/sites\/15\/2023\/03\/main_diversity-inclusion_2380x1500.jpg","contentUrl":"https:\/\/www.systra.com\/canada\/wp-content\/uploads\/sites\/15\/2023\/03\/main_diversity-inclusion_2380x1500.jpg","width":2380,"height":1500,"caption":"High angle shot of a group of colleagues joining their hands together in unity"},{"@type":"BreadcrumbList","@id":"https:\/\/www.systra.com\/canada\/fr\/carrieres\/diversite-et-inclusion\/#breadcrumb","itemListElement":[{"@type":"ListItem","position":1,"name":"Accueil","item":"https:\/\/www.systra.com\/canada\/fr\/"},{"@type":"ListItem","position":2,"name":"Carri\u00e8res","item":"https:\/\/www.systra.com\/canada\/fr\/carrieres\/"},{"@type":"ListItem","position":3,"name":"Diversit\u00e9, \u00e9quit\u00e9 et inclusion"}]},{"@type":"WebSite","@id":"https:\/\/www.systra.com\/canada\/#website","url":"https:\/\/www.systra.com\/canada\/","name":"Canada","description":"Un site utilisant Les sites de Systra","potentialAction":[{"@type":"SearchAction","target":{"@type":"EntryPoint","urlTemplate":"https:\/\/www.systra.com\/canada\/?s={search_term_string}"},"query-input":{"@type":"PropertyValueSpecification","valueRequired":true,"valueName":"search_term_string"}}],"inLanguage":"fr-FR"}]}},"lang":"fr","translations":{"fr":4548,"en":541},"pll_sync_post":[],"_links":{"self":[{"href":"https:\/\/www.systra.com\/canada\/wp-json\/wp\/v2\/pages\/4548","targetHints":{"allow":["GET"]}}],"collection":[{"href":"https:\/\/www.systra.com\/canada\/wp-json\/wp\/v2\/pages"}],"about":[{"href":"https:\/\/www.systra.com\/canada\/wp-json\/wp\/v2\/types\/page"}],"author":[{"embeddable":true,"href":"https:\/\/www.systra.com\/canada\/wp-json\/wp\/v2\/users\/65"}],"replies":[{"embeddable":true,"href":"https:\/\/www.systra.com\/canada\/wp-json\/wp\/v2\/comments?post=4548"}],"version-history":[{"count":13,"href":"https:\/\/www.systra.com\/canada\/wp-json\/wp\/v2\/pages\/4548\/revisions"}],"predecessor-version":[{"id":14359,"href":"https:\/\/www.systra.com\/canada\/wp-json\/wp\/v2\/pages\/4548\/revisions\/14359"}],"up":[{"embeddable":true,"href":"https:\/\/www.systra.com\/canada\/wp-json\/wp\/v2\/pages\/5175"}],"wp:featuredmedia":[{"embeddable":true,"href":"https:\/\/www.systra.com\/canada\/wp-json\/wp\/v2\/media\/562"}],"wp:attachment":[{"href":"https:\/\/www.systra.com\/canada\/wp-json\/wp\/v2\/media?parent=4548"}],"curies":[{"name":"wp","href":"https:\/\/api.w.org\/{rel}","templated":true}]}}