{"id":4436,"date":"2023-06-15T22:51:21","date_gmt":"2023-06-15T20:51:21","guid":{"rendered":"https:\/\/www.systra.com\/canada\/?page_id=4436"},"modified":"2025-10-09T21:39:34","modified_gmt":"2025-10-09T19:39:34","slug":"nos-bureaux","status":"publish","type":"page","link":"https:\/\/www.systra.com\/canada\/fr\/qui-nous-sommes\/nos-bureaux\/","title":{"rendered":"Nos bureaux"},"content":{"rendered":"\n<div class=\"wp-block-columns is-layout-flex wp-container-core-columns-is-layout-9d6595d7 wp-block-columns-is-layout-flex\">\n<div class=\"wp-block-column is-layout-flow wp-block-column-is-layout-flow\">\n<figure class=\"wp-block-image size-large\"><img loading=\"lazy\" decoding=\"async\" width=\"1024\" height=\"589\" src=\"https:\/\/www.systra.com\/canada\/wp-content\/uploads\/sites\/15\/2023\/06\/montreal-1024x589.png\" alt=\"\" class=\"wp-image-4402\" srcset=\"https:\/\/www.systra.com\/canada\/wp-content\/uploads\/sites\/15\/2023\/06\/montreal-1024x589.png 1024w, https:\/\/www.systra.com\/canada\/wp-content\/uploads\/sites\/15\/2023\/06\/montreal-300x173.png 300w, https:\/\/www.systra.com\/canada\/wp-content\/uploads\/sites\/15\/2023\/06\/montreal-768x442.png 768w, https:\/\/www.systra.com\/canada\/wp-content\/uploads\/sites\/15\/2023\/06\/montreal-1536x884.png 1536w, https:\/\/www.systra.com\/canada\/wp-content\/uploads\/sites\/15\/2023\/06\/montreal-474x273.png 474w, https:\/\/www.systra.com\/canada\/wp-content\/uploads\/sites\/15\/2023\/06\/montreal-1700x978.png 1700w, https:\/\/www.systra.com\/canada\/wp-content\/uploads\/sites\/15\/2023\/06\/montreal-1352x778.png 1352w, https:\/\/www.systra.com\/canada\/wp-content\/uploads\/sites\/15\/2023\/06\/montreal-800x460.png 800w, https:\/\/www.systra.com\/canada\/wp-content\/uploads\/sites\/15\/2023\/06\/montreal-180x104.png 180w, https:\/\/www.systra.com\/canada\/wp-content\/uploads\/sites\/15\/2023\/06\/montreal-153x88.png 153w, https:\/\/www.systra.com\/canada\/wp-content\/uploads\/sites\/15\/2023\/06\/montreal-230x132.png 230w, https:\/\/www.systra.com\/canada\/wp-content\/uploads\/sites\/15\/2023\/06\/montreal.png 1740w\" sizes=\"auto, (max-width: 1024px) 100vw, 1024px\" \/><\/figure>\n\n\n\n<p class=\"has-text-align-center has-blanc-color has-dusty-blue-background-color has-text-color has-background has-large-font-size\"><strong>MONTR\u00c9AL<\/strong><\/p>\n\n\n\n<div style=\"height:50px\" aria-hidden=\"true\" class=\"wp-block-spacer\"><\/div>\n\n\n\n<p class=\"has-medium-font-size\">1100, boulevard Ren\u00e9-L\u00e9vesque Ouest, 10<sup>e<\/sup>&nbsp;\u00e9tage<\/p>\n\n\n\n<div style=\"height:10px\" aria-hidden=\"true\" class=\"wp-block-spacer\"><\/div>\n\n\n\n<p class=\"has-medium-font-size\">Montr\u00e9al, Qu\u00e9bec, H3B 4N4<\/p>\n\n\n\n<div style=\"height:10px\" aria-hidden=\"true\" class=\"wp-block-spacer\"><\/div>\n\n\n\n<p class=\"has-medium-font-size\">CANADA<\/p>\n\n\n\n<div style=\"height:55px\" aria-hidden=\"true\" class=\"wp-block-spacer\"><\/div>\n\n\n\n<p class=\"has-medium-font-size\"><strong>\u260e<\/strong>  +1 514 985 0930<\/p>\n\n\n\n<div style=\"height:10px\" aria-hidden=\"true\" class=\"wp-block-spacer\"><\/div>\n\n\n\n<p class=\"has-medium-font-size\">\ud83d\udce8 <a href=\"mailto:infocanada@systra.com\" target=\"_blank\" rel=\"noreferrer noopener\">infocanada@systra.com<\/a><\/p>\n\n\n\n<div style=\"height:50px\" aria-hidden=\"true\" class=\"wp-block-spacer\"><\/div>\n\n\n\n<figure class=\"wp-block-image size-large\"><a href=\"https:\/\/www.google.com\/maps?ll=45.49822,-73.570115&amp;z=13&amp;t=m&amp;hl=en&amp;gl=CA&amp;mapclient=embed&amp;cid=1932067865528462323\"><img loading=\"lazy\" decoding=\"async\" width=\"1024\" height=\"591\" src=\"https:\/\/www.systra.com\/canada\/wp-content\/uploads\/sites\/15\/2023\/06\/systra-canada-montreal-map-1024x591.png\" alt=\"\" class=\"wp-image-4416\" srcset=\"https:\/\/www.systra.com\/canada\/wp-content\/uploads\/sites\/15\/2023\/06\/systra-canada-montreal-map-1024x591.png 1024w, https:\/\/www.systra.com\/canada\/wp-content\/uploads\/sites\/15\/2023\/06\/systra-canada-montreal-map-300x173.png 300w, https:\/\/www.systra.com\/canada\/wp-content\/uploads\/sites\/15\/2023\/06\/systra-canada-montreal-map-768x443.png 768w, https:\/\/www.systra.com\/canada\/wp-content\/uploads\/sites\/15\/2023\/06\/systra-canada-montreal-map-474x273.png 474w, https:\/\/www.systra.com\/canada\/wp-content\/uploads\/sites\/15\/2023\/06\/systra-canada-montreal-map-800x462.png 800w, https:\/\/www.systra.com\/canada\/wp-content\/uploads\/sites\/15\/2023\/06\/systra-canada-montreal-map-180x104.png 180w, https:\/\/www.systra.com\/canada\/wp-content\/uploads\/sites\/15\/2023\/06\/systra-canada-montreal-map-153x88.png 153w, https:\/\/www.systra.com\/canada\/wp-content\/uploads\/sites\/15\/2023\/06\/systra-canada-montreal-map-230x133.png 230w, https:\/\/www.systra.com\/canada\/wp-content\/uploads\/sites\/15\/2023\/06\/systra-canada-montreal-map.png 1300w\" sizes=\"auto, (max-width: 1024px) 100vw, 1024px\" \/><\/a><\/figure>\n<\/div>\n\n\n\n<div class=\"wp-block-column is-layout-flow wp-block-column-is-layout-flow\">\n<figure class=\"wp-block-image size-large\"><img loading=\"lazy\" decoding=\"async\" width=\"1024\" height=\"591\" src=\"https:\/\/www.systra.com\/canada\/wp-content\/uploads\/sites\/15\/2023\/06\/toronto_gettyimages-1152870188_1300x750-1024x591.jpg\" alt=\"\" class=\"wp-image-4403\" srcset=\"https:\/\/www.systra.com\/canada\/wp-content\/uploads\/sites\/15\/2023\/06\/toronto_gettyimages-1152870188_1300x750-1024x591.jpg 1024w, https:\/\/www.systra.com\/canada\/wp-content\/uploads\/sites\/15\/2023\/06\/toronto_gettyimages-1152870188_1300x750-300x173.jpg 300w, https:\/\/www.systra.com\/canada\/wp-content\/uploads\/sites\/15\/2023\/06\/toronto_gettyimages-1152870188_1300x750-768x443.jpg 768w, https:\/\/www.systra.com\/canada\/wp-content\/uploads\/sites\/15\/2023\/06\/toronto_gettyimages-1152870188_1300x750-474x273.jpg 474w, https:\/\/www.systra.com\/canada\/wp-content\/uploads\/sites\/15\/2023\/06\/toronto_gettyimages-1152870188_1300x750-800x462.jpg 800w, https:\/\/www.systra.com\/canada\/wp-content\/uploads\/sites\/15\/2023\/06\/toronto_gettyimages-1152870188_1300x750-180x104.jpg 180w, https:\/\/www.systra.com\/canada\/wp-content\/uploads\/sites\/15\/2023\/06\/toronto_gettyimages-1152870188_1300x750-153x88.jpg 153w, https:\/\/www.systra.com\/canada\/wp-content\/uploads\/sites\/15\/2023\/06\/toronto_gettyimages-1152870188_1300x750-230x133.jpg 230w, https:\/\/www.systra.com\/canada\/wp-content\/uploads\/sites\/15\/2023\/06\/toronto_gettyimages-1152870188_1300x750.jpg 1300w\" sizes=\"auto, (max-width: 1024px) 100vw, 1024px\" \/><\/figure>\n\n\n\n<p class=\"has-text-align-center has-blanc-color has-dusty-blue-background-color has-text-color has-background has-large-font-size\"><strong>TORONTO<\/strong><\/p>\n\n\n\n<div style=\"height:50px\" aria-hidden=\"true\" class=\"wp-block-spacer\"><\/div>\n\n\n\n<p class=\"has-medium-font-size\">145 King Street West, Suite 1800<\/p>\n\n\n\n<div style=\"height:10px\" aria-hidden=\"true\" class=\"wp-block-spacer\"><\/div>\n\n\n\n<p class=\"has-medium-font-size\">Toronto, Ontario, M5H 1J8<\/p>\n\n\n\n<div style=\"height:10px\" aria-hidden=\"true\" class=\"wp-block-spacer\"><\/div>\n\n\n\n<p class=\"has-medium-font-size\">CANADA<\/p>\n\n\n\n<div style=\"height:55px\" aria-hidden=\"true\" class=\"wp-block-spacer\"><\/div>\n\n\n\n<p class=\"has-medium-font-size\"><strong>\u260e<\/strong>  +1 514 985 0930<\/p>\n\n\n\n<div style=\"height:10px\" aria-hidden=\"true\" class=\"wp-block-spacer\"><\/div>\n\n\n\n<p class=\"has-medium-font-size\">\ud83d\udce8 <a href=\"mailto:infocanada@systra.com\" target=\"_blank\" rel=\"noreferrer noopener\">infocanada@systra.com<\/a><\/p>\n\n\n\n<div style=\"height:50px\" aria-hidden=\"true\" class=\"wp-block-spacer\"><\/div>\n\n\n\n<figure class=\"wp-block-image size-large\"><a href=\"https:\/\/www.google.com\/maps\/place\/145+King+St+W+%231800,+Toronto,+ON+M5H+1J8\/@43.647455,-79.383916,16z\/data=!4m5!3m4!1s0x882b34d24fd102bd:0x541329d3c6511f88!8m2!3d43.6474546!4d-79.3839157?hl=fr&amp;entry=ttu\"><img loading=\"lazy\" decoding=\"async\" width=\"1024\" height=\"591\" src=\"https:\/\/www.systra.com\/canada\/wp-content\/uploads\/sites\/15\/2023\/06\/systra-canada-toronto-map-1024x591.png\" alt=\"\" class=\"wp-image-4428\" srcset=\"https:\/\/www.systra.com\/canada\/wp-content\/uploads\/sites\/15\/2023\/06\/systra-canada-toronto-map-1024x591.png 1024w, https:\/\/www.systra.com\/canada\/wp-content\/uploads\/sites\/15\/2023\/06\/systra-canada-toronto-map-300x173.png 300w, https:\/\/www.systra.com\/canada\/wp-content\/uploads\/sites\/15\/2023\/06\/systra-canada-toronto-map-768x443.png 768w, https:\/\/www.systra.com\/canada\/wp-content\/uploads\/sites\/15\/2023\/06\/systra-canada-toronto-map-474x273.png 474w, https:\/\/www.systra.com\/canada\/wp-content\/uploads\/sites\/15\/2023\/06\/systra-canada-toronto-map-800x462.png 800w, https:\/\/www.systra.com\/canada\/wp-content\/uploads\/sites\/15\/2023\/06\/systra-canada-toronto-map-180x104.png 180w, https:\/\/www.systra.com\/canada\/wp-content\/uploads\/sites\/15\/2023\/06\/systra-canada-toronto-map-153x88.png 153w, https:\/\/www.systra.com\/canada\/wp-content\/uploads\/sites\/15\/2023\/06\/systra-canada-toronto-map-230x133.png 230w, https:\/\/www.systra.com\/canada\/wp-content\/uploads\/sites\/15\/2023\/06\/systra-canada-toronto-map.png 1300w\" sizes=\"auto, (max-width: 1024px) 100vw, 1024px\" \/><\/a><\/figure>\n<\/div>\n\n\n\n<div class=\"wp-block-column is-layout-flow wp-block-column-is-layout-flow\">\n<figure class=\"wp-block-image size-large\"><img loading=\"lazy\" decoding=\"async\" width=\"1024\" height=\"591\" src=\"https:\/\/www.systra.com\/canada\/wp-content\/uploads\/sites\/15\/2025\/10\/vancouver-1024x591.jpg\" alt=\"\" class=\"wp-image-57451\" srcset=\"https:\/\/www.systra.com\/canada\/wp-content\/uploads\/sites\/15\/2025\/10\/vancouver-1024x591.jpg 1024w, https:\/\/www.systra.com\/canada\/wp-content\/uploads\/sites\/15\/2025\/10\/vancouver-300x173.jpg 300w, https:\/\/www.systra.com\/canada\/wp-content\/uploads\/sites\/15\/2025\/10\/vancouver-768x443.jpg 768w, https:\/\/www.systra.com\/canada\/wp-content\/uploads\/sites\/15\/2025\/10\/vancouver-474x273.jpg 474w, https:\/\/www.systra.com\/canada\/wp-content\/uploads\/sites\/15\/2025\/10\/vancouver-800x462.jpg 800w, https:\/\/www.systra.com\/canada\/wp-content\/uploads\/sites\/15\/2025\/10\/vancouver-180x104.jpg 180w, https:\/\/www.systra.com\/canada\/wp-content\/uploads\/sites\/15\/2025\/10\/vancouver-153x88.jpg 153w, https:\/\/www.systra.com\/canada\/wp-content\/uploads\/sites\/15\/2025\/10\/vancouver-230x133.jpg 230w, https:\/\/www.systra.com\/canada\/wp-content\/uploads\/sites\/15\/2025\/10\/vancouver.jpg 1300w\" sizes=\"auto, (max-width: 1024px) 100vw, 1024px\" \/><\/figure>\n\n\n\n<p class=\"has-text-align-center has-blanc-color has-dusty-blue-background-color has-text-color has-background has-large-font-size\"><strong>VANCOUVER<\/strong><\/p>\n\n\n\n<div style=\"height:50px\" aria-hidden=\"true\" class=\"wp-block-spacer\"><\/div>\n\n\n\n<p class=\"has-medium-font-size\">6060 Silver Drive, 3<sup>e<\/sup>&nbsp;\u00e9tage<\/p>\n\n\n\n<div style=\"height:10px\" aria-hidden=\"true\" class=\"wp-block-spacer\"><\/div>\n\n\n\n<p class=\"has-medium-font-size\">Burnaby, Colombie-Britannique,<br>V5H 0H5<\/p>\n\n\n\n<div style=\"height:15px\" aria-hidden=\"true\" class=\"wp-block-spacer\"><\/div>\n\n\n\n<p class=\"has-medium-font-size\">CANADA<\/p>\n\n\n\n<div style=\"height:20px\" aria-hidden=\"true\" class=\"wp-block-spacer\"><\/div>\n\n\n\n<p class=\"has-medium-font-size\"><strong>\u260e<\/strong> +1 514 985 0930<\/p>\n\n\n\n<div style=\"height:10px\" aria-hidden=\"true\" class=\"wp-block-spacer\"><\/div>\n\n\n\n<p class=\"has-medium-font-size\">\ud83d\udce8 <a href=\"mailto:infocanada@systra.com\" target=\"_blank\" rel=\"noreferrer noopener\">infocanada@systra.com<\/a><\/p>\n\n\n\n<div style=\"height:50px\" aria-hidden=\"true\" class=\"wp-block-spacer\"><\/div>\n\n\n\n<figure class=\"wp-block-image size-full\"><a href=\"https:\/\/www.google.com\/maps\/place\/6060+Silver+Dr,+Burnaby,+BC+V5H+2Y3\/@49.228591,-123.0043501,17.75z\/data=!4m6!3m5!1s0x54867658c5073d99:0x23c9167721f8ec0e!8m2!3d49.2284829!4d-123.0023511!16s%2Fg%2F11xvlxxw0t?entry=ttu&amp;g_ep=EgoyMDI1MTAwMS4wIKXMDSoASAFQAw%3D%3D\"><img loading=\"lazy\" decoding=\"async\" width=\"601\" height=\"348\" src=\"https:\/\/www.systra.com\/canada\/wp-content\/uploads\/sites\/15\/2025\/10\/2025-10-07-10_30_43-bordereau-de-soumission-1-xlsx-1-excel.png\" alt=\"\" class=\"wp-image-57449\" srcset=\"https:\/\/www.systra.com\/canada\/wp-content\/uploads\/sites\/15\/2025\/10\/2025-10-07-10_30_43-bordereau-de-soumission-1-xlsx-1-excel.png 601w, https:\/\/www.systra.com\/canada\/wp-content\/uploads\/sites\/15\/2025\/10\/2025-10-07-10_30_43-bordereau-de-soumission-1-xlsx-1-excel-300x174.png 300w, https:\/\/www.systra.com\/canada\/wp-content\/uploads\/sites\/15\/2025\/10\/2025-10-07-10_30_43-bordereau-de-soumission-1-xlsx-1-excel-474x274.png 474w, https:\/\/www.systra.com\/canada\/wp-content\/uploads\/sites\/15\/2025\/10\/2025-10-07-10_30_43-bordereau-de-soumission-1-xlsx-1-excel-180x104.png 180w, https:\/\/www.systra.com\/canada\/wp-content\/uploads\/sites\/15\/2025\/10\/2025-10-07-10_30_43-bordereau-de-soumission-1-xlsx-1-excel-153x89.png 153w, https:\/\/www.systra.com\/canada\/wp-content\/uploads\/sites\/15\/2025\/10\/2025-10-07-10_30_43-bordereau-de-soumission-1-xlsx-1-excel-230x133.png 230w\" sizes=\"auto, (max-width: 601px) 100vw, 601px\" \/><\/a><\/figure>\n<\/div>\n<\/div>\n\n\n\n<div style=\"height:100px\" aria-hidden=\"true\" class=\"wp-block-spacer\"><\/div>\n\n\n\n<div class=\"wp-block-buttons is-content-justification-center is-layout-flex wp-container-core-buttons-is-layout-16018d1d wp-block-buttons-is-layout-flex\">\n<div class=\"wp-block-button\"><a class=\"wp-block-button__link has-blanc-color has-dusty-blue-background-color has-text-color has-background wp-element-button\" href=\"https:\/\/www.systra.com\/canada\/fr\/communiquez-avec-nous\/\">COMMUNIQUEZ AVEC NOUS<\/a><\/div>\n<\/div>\n\n\n\n<div style=\"height:100px\" aria-hidden=\"true\" class=\"wp-block-spacer\"><\/div>\n","protected":false},"excerpt":{"rendered":"<p>MONTR\u00c9AL 1100, boulevard Ren\u00e9-L\u00e9vesque Ouest, 10e&nbsp;\u00e9tage Montr\u00e9al, Qu\u00e9bec, H3B 4N4 CANADA \u260e +1 514 985 0930 \ud83d\udce8 infocanada@systra.com TORONTO 145 King Street West, Suite 1800 Toronto, Ontario, M5H 1J8 CANADA \u260e +1 514 985 0930 \ud83d\udce8 infocanada@systra.com VANCOUVER 6060 Silver Drive, 3e&nbsp;\u00e9tage Burnaby, Colombie-Britannique,V5H 0H5 CANADA \u260e +1 514 985 0930 \ud83d\udce8 infocanada@systra.com<\/p>\n","protected":false},"author":65,"featured_media":4701,"parent":52,"menu_order":0,"comment_status":"closed","ping_status":"closed","template":"","meta":{"_acf_changed":false,"_relevanssi_hide_post":"","_relevanssi_hide_content":"","_relevanssi_pin_for_all":"","_relevanssi_pin_keywords":"","_relevanssi_unpin_keywords":"","_relevanssi_related_keywords":"","_relevanssi_related_include_ids":"","_relevanssi_related_exclude_ids":"","_relevanssi_related_no_append":"","_relevanssi_related_not_related":"","_relevanssi_related_posts":"793,665,1129,3494,1115,857","_relevanssi_noindex_reason":"","footnotes":""},"class_list":["post-4436","page","type-page","status-publish","has-post-thumbnail","hentry"],"acf":[],"yoast_head":"<!-- This site is optimized with the Yoast SEO Premium plugin v27.4 (Yoast SEO v27.4) - https:\/\/yoast.com\/product\/yoast-seo-premium-wordpress\/ -->\n<title>Nos bureaux - SYSTRA Canada<\/title>\n<meta name=\"description\" content=\"SYSTRA Canada, consulting and engineering firm, world leader in public transport infrastructure engineering.\" \/>\n<meta name=\"robots\" content=\"index, follow, max-snippet:-1, max-image-preview:large, max-video-preview:-1\" \/>\n<meta property=\"og:locale\" content=\"fr_FR\" \/>\n<meta property=\"og:type\" content=\"article\" \/>\n<meta property=\"og:title\" content=\"Nos bureaux\" \/>\n<meta property=\"og:description\" content=\"SYSTRA Canada, consulting and engineering firm, world leader in public transport infrastructure engineering.\" \/>\n<meta property=\"og:url\" content=\"https:\/\/www.systra.com\/canada\/fr\/qui-nous-sommes\/nos-bureaux\/\" \/>\n<meta property=\"og:site_name\" content=\"Canada\" \/>\n<meta property=\"article:modified_time\" content=\"2025-10-09T19:39:34+00:00\" \/>\n<meta property=\"og:image\" content=\"https:\/\/www.systra.com\/canada\/wp-content\/uploads\/sites\/15\/2023\/06\/main_our-offices_2380x1500-1-1024x645.png\" \/>\n\t<meta property=\"og:image:width\" content=\"1024\" \/>\n\t<meta property=\"og:image:height\" content=\"645\" \/>\n\t<meta property=\"og:image:type\" content=\"image\/png\" \/>\n<meta name=\"twitter:card\" content=\"summary_large_image\" \/>\n<meta name=\"twitter:label1\" content=\"Dur\u00e9e de lecture estim\u00e9e\" \/>\n\t<meta name=\"twitter:data1\" content=\"2 minutes\" \/>\n<script type=\"application\/ld+json\" class=\"yoast-schema-graph\">{\"@context\":\"https:\\\/\\\/schema.org\",\"@graph\":[{\"@type\":\"WebPage\",\"@id\":\"https:\\\/\\\/www.systra.com\\\/canada\\\/fr\\\/qui-nous-sommes\\\/nos-bureaux\\\/\",\"url\":\"https:\\\/\\\/www.systra.com\\\/canada\\\/fr\\\/qui-nous-sommes\\\/nos-bureaux\\\/\",\"name\":\"Nos bureaux - SYSTRA Canada\",\"isPartOf\":{\"@id\":\"https:\\\/\\\/www.systra.com\\\/canada\\\/#website\"},\"primaryImageOfPage\":{\"@id\":\"https:\\\/\\\/www.systra.com\\\/canada\\\/fr\\\/qui-nous-sommes\\\/nos-bureaux\\\/#primaryimage\"},\"image\":{\"@id\":\"https:\\\/\\\/www.systra.com\\\/canada\\\/fr\\\/qui-nous-sommes\\\/nos-bureaux\\\/#primaryimage\"},\"thumbnailUrl\":\"https:\\\/\\\/www.systra.com\\\/canada\\\/wp-content\\\/uploads\\\/sites\\\/15\\\/2023\\\/06\\\/main_our-offices_2380x1500-1.png\",\"datePublished\":\"2023-06-15T20:51:21+00:00\",\"dateModified\":\"2025-10-09T19:39:34+00:00\",\"description\":\"SYSTRA Canada, consulting and engineering firm, world leader in public transport infrastructure engineering.\",\"breadcrumb\":{\"@id\":\"https:\\\/\\\/www.systra.com\\\/canada\\\/fr\\\/qui-nous-sommes\\\/nos-bureaux\\\/#breadcrumb\"},\"inLanguage\":\"fr-FR\",\"potentialAction\":[{\"@type\":\"ReadAction\",\"target\":[\"https:\\\/\\\/www.systra.com\\\/canada\\\/fr\\\/qui-nous-sommes\\\/nos-bureaux\\\/\"]}]},{\"@type\":\"ImageObject\",\"inLanguage\":\"fr-FR\",\"@id\":\"https:\\\/\\\/www.systra.com\\\/canada\\\/fr\\\/qui-nous-sommes\\\/nos-bureaux\\\/#primaryimage\",\"url\":\"https:\\\/\\\/www.systra.com\\\/canada\\\/wp-content\\\/uploads\\\/sites\\\/15\\\/2023\\\/06\\\/main_our-offices_2380x1500-1.png\",\"contentUrl\":\"https:\\\/\\\/www.systra.com\\\/canada\\\/wp-content\\\/uploads\\\/sites\\\/15\\\/2023\\\/06\\\/main_our-offices_2380x1500-1.png\",\"width\":1666,\"height\":1050},{\"@type\":\"BreadcrumbList\",\"@id\":\"https:\\\/\\\/www.systra.com\\\/canada\\\/fr\\\/qui-nous-sommes\\\/nos-bureaux\\\/#breadcrumb\",\"itemListElement\":[{\"@type\":\"ListItem\",\"position\":1,\"name\":\"Accueil\",\"item\":\"https:\\\/\\\/www.systra.com\\\/canada\\\/fr\\\/\"},{\"@type\":\"ListItem\",\"position\":2,\"name\":\"Qui nous sommes\",\"item\":\"https:\\\/\\\/www.systra.com\\\/canada\\\/fr\\\/qui-nous-sommes\\\/\"},{\"@type\":\"ListItem\",\"position\":3,\"name\":\"Nos bureaux\"}]},{\"@type\":\"WebSite\",\"@id\":\"https:\\\/\\\/www.systra.com\\\/canada\\\/#website\",\"url\":\"https:\\\/\\\/www.systra.com\\\/canada\\\/\",\"name\":\"Canada\",\"description\":\"Un site utilisant Les sites de Systra\",\"potentialAction\":[{\"@type\":\"SearchAction\",\"target\":{\"@type\":\"EntryPoint\",\"urlTemplate\":\"https:\\\/\\\/www.systra.com\\\/canada\\\/?s={search_term_string}\"},\"query-input\":{\"@type\":\"PropertyValueSpecification\",\"valueRequired\":true,\"valueName\":\"search_term_string\"}}],\"inLanguage\":\"fr-FR\"}]}<\/script>\n<!-- \/ Yoast SEO Premium plugin. -->","yoast_head_json":{"title":"Nos bureaux - SYSTRA Canada","description":"SYSTRA Canada, consulting and engineering firm, world leader in public transport infrastructure engineering.","robots":{"index":"index","follow":"follow","max-snippet":"max-snippet:-1","max-image-preview":"max-image-preview:large","max-video-preview":"max-video-preview:-1"},"og_locale":"fr_FR","og_type":"article","og_title":"Nos bureaux","og_description":"SYSTRA Canada, consulting and engineering firm, world leader in public transport infrastructure engineering.","og_url":"https:\/\/www.systra.com\/canada\/fr\/qui-nous-sommes\/nos-bureaux\/","og_site_name":"Canada","article_modified_time":"2025-10-09T19:39:34+00:00","og_image":[{"width":1024,"height":645,"url":"https:\/\/www.systra.com\/canada\/wp-content\/uploads\/sites\/15\/2023\/06\/main_our-offices_2380x1500-1-1024x645.png","type":"image\/png"}],"twitter_card":"summary_large_image","twitter_misc":{"Dur\u00e9e de lecture estim\u00e9e":"2 minutes"},"schema":{"@context":"https:\/\/schema.org","@graph":[{"@type":"WebPage","@id":"https:\/\/www.systra.com\/canada\/fr\/qui-nous-sommes\/nos-bureaux\/","url":"https:\/\/www.systra.com\/canada\/fr\/qui-nous-sommes\/nos-bureaux\/","name":"Nos bureaux - SYSTRA Canada","isPartOf":{"@id":"https:\/\/www.systra.com\/canada\/#website"},"primaryImageOfPage":{"@id":"https:\/\/www.systra.com\/canada\/fr\/qui-nous-sommes\/nos-bureaux\/#primaryimage"},"image":{"@id":"https:\/\/www.systra.com\/canada\/fr\/qui-nous-sommes\/nos-bureaux\/#primaryimage"},"thumbnailUrl":"https:\/\/www.systra.com\/canada\/wp-content\/uploads\/sites\/15\/2023\/06\/main_our-offices_2380x1500-1.png","datePublished":"2023-06-15T20:51:21+00:00","dateModified":"2025-10-09T19:39:34+00:00","description":"SYSTRA Canada, consulting and engineering firm, world leader in public transport infrastructure engineering.","breadcrumb":{"@id":"https:\/\/www.systra.com\/canada\/fr\/qui-nous-sommes\/nos-bureaux\/#breadcrumb"},"inLanguage":"fr-FR","potentialAction":[{"@type":"ReadAction","target":["https:\/\/www.systra.com\/canada\/fr\/qui-nous-sommes\/nos-bureaux\/"]}]},{"@type":"ImageObject","inLanguage":"fr-FR","@id":"https:\/\/www.systra.com\/canada\/fr\/qui-nous-sommes\/nos-bureaux\/#primaryimage","url":"https:\/\/www.systra.com\/canada\/wp-content\/uploads\/sites\/15\/2023\/06\/main_our-offices_2380x1500-1.png","contentUrl":"https:\/\/www.systra.com\/canada\/wp-content\/uploads\/sites\/15\/2023\/06\/main_our-offices_2380x1500-1.png","width":1666,"height":1050},{"@type":"BreadcrumbList","@id":"https:\/\/www.systra.com\/canada\/fr\/qui-nous-sommes\/nos-bureaux\/#breadcrumb","itemListElement":[{"@type":"ListItem","position":1,"name":"Accueil","item":"https:\/\/www.systra.com\/canada\/fr\/"},{"@type":"ListItem","position":2,"name":"Qui nous sommes","item":"https:\/\/www.systra.com\/canada\/fr\/qui-nous-sommes\/"},{"@type":"ListItem","position":3,"name":"Nos bureaux"}]},{"@type":"WebSite","@id":"https:\/\/www.systra.com\/canada\/#website","url":"https:\/\/www.systra.com\/canada\/","name":"Canada","description":"Un site utilisant Les sites de Systra","potentialAction":[{"@type":"SearchAction","target":{"@type":"EntryPoint","urlTemplate":"https:\/\/www.systra.com\/canada\/?s={search_term_string}"},"query-input":{"@type":"PropertyValueSpecification","valueRequired":true,"valueName":"search_term_string"}}],"inLanguage":"fr-FR"}]}},"lang":"fr","translations":{"fr":4436,"en":4401},"pll_sync_post":[],"_links":{"self":[{"href":"https:\/\/www.systra.com\/canada\/wp-json\/wp\/v2\/pages\/4436","targetHints":{"allow":["GET"]}}],"collection":[{"href":"https:\/\/www.systra.com\/canada\/wp-json\/wp\/v2\/pages"}],"about":[{"href":"https:\/\/www.systra.com\/canada\/wp-json\/wp\/v2\/types\/page"}],"author":[{"embeddable":true,"href":"https:\/\/www.systra.com\/canada\/wp-json\/wp\/v2\/users\/65"}],"replies":[{"embeddable":true,"href":"https:\/\/www.systra.com\/canada\/wp-json\/wp\/v2\/comments?post=4436"}],"version-history":[{"count":3,"href":"https:\/\/www.systra.com\/canada\/wp-json\/wp\/v2\/pages\/4436\/revisions"}],"predecessor-version":[{"id":57502,"href":"https:\/\/www.systra.com\/canada\/wp-json\/wp\/v2\/pages\/4436\/revisions\/57502"}],"up":[{"embeddable":true,"href":"https:\/\/www.systra.com\/canada\/wp-json\/wp\/v2\/pages\/52"}],"wp:featuredmedia":[{"embeddable":true,"href":"https:\/\/www.systra.com\/canada\/wp-json\/wp\/v2\/media\/4701"}],"wp:attachment":[{"href":"https:\/\/www.systra.com\/canada\/wp-json\/wp\/v2\/media?parent=4436"}],"curies":[{"name":"wp","href":"https:\/\/api.w.org\/{rel}","templated":true}]}}