{"id":3816,"date":"2023-06-05T20:28:15","date_gmt":"2023-06-05T18:28:15","guid":{"rendered":"https:\/\/www.systra.com\/canada\/?page_id=3816"},"modified":"2023-10-04T15:23:50","modified_gmt":"2023-10-04T13:23:50","slug":"karine-requena","status":"publish","type":"page","link":"https:\/\/www.systra.com\/canada\/fr\/qui-nous-sommes\/gouvernance\/karine-requena\/","title":{"rendered":"Karine Requena, directrice &#8211; Ressources humaines"},"content":{"rendered":"\n<div class=\"wp-block-columns is-layout-flex wp-container-core-columns-is-layout-9d6595d7 wp-block-columns-is-layout-flex\">\n<div class=\"wp-block-column is-layout-flow wp-block-column-is-layout-flow\">\n<figure class=\"wp-block-image size-full\"><img loading=\"lazy\" decoding=\"async\" width=\"432\" height=\"432\" src=\"https:\/\/www.systra.com\/canada\/wp-content\/uploads\/sites\/15\/2023\/09\/k-requena-corpo.jpg\" alt=\"\" class=\"wp-image-5903\" srcset=\"https:\/\/www.systra.com\/canada\/wp-content\/uploads\/sites\/15\/2023\/09\/k-requena-corpo.jpg 432w, https:\/\/www.systra.com\/canada\/wp-content\/uploads\/sites\/15\/2023\/09\/k-requena-corpo-300x300.jpg 300w, https:\/\/www.systra.com\/canada\/wp-content\/uploads\/sites\/15\/2023\/09\/k-requena-corpo-150x150.jpg 150w, https:\/\/www.systra.com\/canada\/wp-content\/uploads\/sites\/15\/2023\/09\/k-requena-corpo-376x376.jpg 376w, https:\/\/www.systra.com\/canada\/wp-content\/uploads\/sites\/15\/2023\/09\/k-requena-corpo-180x180.jpg 180w, https:\/\/www.systra.com\/canada\/wp-content\/uploads\/sites\/15\/2023\/09\/k-requena-corpo-153x153.jpg 153w, https:\/\/www.systra.com\/canada\/wp-content\/uploads\/sites\/15\/2023\/09\/k-requena-corpo-230x230.jpg 230w\" sizes=\"auto, (max-width: 432px) 100vw, 432px\" \/><\/figure>\n<\/div>\n\n\n\n<div class=\"wp-block-column is-layout-flow wp-block-column-is-layout-flow\">\n<h2 class=\"wp-block-heading\" id=\"h-biographie\">Biographie<\/h2>\n\n\n\n<div style=\"height:30px\" aria-hidden=\"true\" class=\"wp-block-spacer\"><\/div>\n\n\n\n<p>Mme Karine Requena poss\u00e8de une riche exp\u00e9rience en ressources humaines. Elle a travaill\u00e9 plusieurs ann\u00e9es \u00e0 titre de directrice nationale, Ressources humaines au sein d\u2019une soci\u00e9t\u00e9 en tr\u00e8s forte croissance o\u00f9 elle a d\u00e9velopp\u00e9 tous les aspects du service des Ressources humaines et a particip\u00e9 \u00e0 de nombreuses acquisitions. \u00a0Elle est actuellement responsable de l\u2019orientation strat\u00e9gique et de la direction de tous les aspects des ressources humaines au sein de SYSTRA Canada.<\/p>\n\n\n\n<div style=\"height:30px\" aria-hidden=\"true\" class=\"wp-block-spacer\"><\/div>\n\n\n\n<p>Elle dirige, con\u00e7oit et met en \u0153uvre des strat\u00e9gies en mati\u00e8re de ressources humaines en vue de soutenir les objectifs commerciaux de l\u2019entreprise en favorisant une culture ax\u00e9e sur  les performances et une main-d\u2019\u0153uvre mondiale motivante. Pour ce faire, Karine privil\u00e9gie un environnement de travail collaboratif en se concentrant sur la gestion des talents, l\u2019efficacit\u00e9 organisationnelle, la reconnaissance, les relations avec les employ\u00e9s, la gestion de crises et de risques, les interventions d\u2019urgence, ainsi que la diversit\u00e9 et l\u2019inclusion.<\/p>\n<\/div>\n<\/div>\n\n\n\n<div style=\"height:100px\" aria-hidden=\"true\" class=\"wp-block-spacer\"><\/div>\n\n\n\n<div class=\"wp-block-buttons is-content-justification-center is-layout-flex wp-container-core-buttons-is-layout-16018d1d wp-block-buttons-is-layout-flex\">\n<div class=\"wp-block-button\"><a class=\"wp-block-button__link has-blanc-color has-dusty-blue-background-color has-text-color has-background wp-element-button\" href=\"https:\/\/www.systra.com\/canada\/fr\/qui-nous-sommes\/gouvernance\/\">RETOUR \u00c0 <em>GOUVERNANCE<\/em><\/a><\/div>\n<\/div>\n","protected":false},"excerpt":{"rendered":"<p>Biographie Mme Karine Requena poss\u00e8de une riche exp\u00e9rience en ressources humaines. Elle a travaill\u00e9 plusieurs ann\u00e9es \u00e0 titre de directrice nationale, Ressources humaines au sein d\u2019une soci\u00e9t\u00e9 en tr\u00e8s forte croissance o\u00f9 elle a d\u00e9velopp\u00e9 tous les aspects du service des Ressources humaines et a particip\u00e9 \u00e0 de nombreuses acquisitions. \u00a0Elle est actuellement responsable de [&hellip;]<\/p>\n","protected":false},"author":66,"featured_media":2878,"parent":2821,"menu_order":0,"comment_status":"closed","ping_status":"closed","template":"","meta":{"_acf_changed":false,"_relevanssi_hide_post":"","_relevanssi_hide_content":"","_relevanssi_pin_for_all":"","_relevanssi_pin_keywords":"","_relevanssi_unpin_keywords":"","_relevanssi_related_keywords":"","_relevanssi_related_include_ids":"","_relevanssi_related_exclude_ids":"","_relevanssi_related_no_append":"","_relevanssi_related_not_related":"","_relevanssi_related_posts":"3744,2977,3661,2980,2981,2982","_relevanssi_noindex_reason":"","footnotes":""},"class_list":["post-3816","page","type-page","status-publish","has-post-thumbnail","hentry"],"acf":[],"yoast_head":"<!-- This site is optimized with the Yoast SEO Premium plugin v27.4 (Yoast SEO v27.4) - https:\/\/yoast.com\/product\/yoast-seo-premium-wordpress\/ -->\n<title>Karine Requena, directrice - Ressources humaines - SYSTRA Canada<\/title>\n<meta name=\"description\" content=\"SYSTRA Canada, consulting and engineering firm, world leader in public transport infrastructure engineering.\" \/>\n<meta name=\"robots\" content=\"index, follow, max-snippet:-1, max-image-preview:large, max-video-preview:-1\" \/>\n<meta property=\"og:locale\" content=\"fr_FR\" \/>\n<meta property=\"og:type\" content=\"article\" \/>\n<meta property=\"og:title\" content=\"Karine Requena, directrice - Ressources humaines\" \/>\n<meta property=\"og:description\" content=\"SYSTRA Canada, consulting and engineering firm, world leader in public transport infrastructure engineering.\" \/>\n<meta property=\"og:url\" content=\"https:\/\/www.systra.com\/canada\/fr\/qui-nous-sommes\/gouvernance\/karine-requena\/\" \/>\n<meta property=\"og:site_name\" content=\"Canada\" \/>\n<meta property=\"article:modified_time\" content=\"2023-10-04T13:23:50+00:00\" \/>\n<meta property=\"og:image\" content=\"https:\/\/www.systra.com\/canada\/wp-content\/uploads\/sites\/15\/2023\/05\/main_our-offices_mtl-office-building_2380x1500_v2.jpg\" \/>\n\t<meta property=\"og:image:width\" content=\"2380\" \/>\n\t<meta property=\"og:image:height\" content=\"1500\" \/>\n\t<meta property=\"og:image:type\" content=\"image\/jpeg\" \/>\n<meta name=\"twitter:card\" content=\"summary_large_image\" \/>\n<meta name=\"twitter:label1\" content=\"Dur\u00e9e de lecture estim\u00e9e\" \/>\n\t<meta name=\"twitter:data1\" content=\"1 minute\" \/>\n<script type=\"application\/ld+json\" class=\"yoast-schema-graph\">{\"@context\":\"https:\\\/\\\/schema.org\",\"@graph\":[{\"@type\":\"WebPage\",\"@id\":\"https:\\\/\\\/www.systra.com\\\/canada\\\/fr\\\/qui-nous-sommes\\\/gouvernance\\\/karine-requena\\\/\",\"url\":\"https:\\\/\\\/www.systra.com\\\/canada\\\/fr\\\/qui-nous-sommes\\\/gouvernance\\\/karine-requena\\\/\",\"name\":\"Karine Requena, directrice - Ressources humaines - SYSTRA Canada\",\"isPartOf\":{\"@id\":\"https:\\\/\\\/www.systra.com\\\/canada\\\/#website\"},\"primaryImageOfPage\":{\"@id\":\"https:\\\/\\\/www.systra.com\\\/canada\\\/fr\\\/qui-nous-sommes\\\/gouvernance\\\/karine-requena\\\/#primaryimage\"},\"image\":{\"@id\":\"https:\\\/\\\/www.systra.com\\\/canada\\\/fr\\\/qui-nous-sommes\\\/gouvernance\\\/karine-requena\\\/#primaryimage\"},\"thumbnailUrl\":\"https:\\\/\\\/www.systra.com\\\/canada\\\/wp-content\\\/uploads\\\/sites\\\/15\\\/2023\\\/05\\\/main_our-offices_mtl-office-building_2380x1500_v2.jpg\",\"datePublished\":\"2023-06-05T18:28:15+00:00\",\"dateModified\":\"2023-10-04T13:23:50+00:00\",\"description\":\"SYSTRA Canada, consulting and engineering firm, world leader in public transport infrastructure engineering.\",\"breadcrumb\":{\"@id\":\"https:\\\/\\\/www.systra.com\\\/canada\\\/fr\\\/qui-nous-sommes\\\/gouvernance\\\/karine-requena\\\/#breadcrumb\"},\"inLanguage\":\"fr-FR\",\"potentialAction\":[{\"@type\":\"ReadAction\",\"target\":[\"https:\\\/\\\/www.systra.com\\\/canada\\\/fr\\\/qui-nous-sommes\\\/gouvernance\\\/karine-requena\\\/\"]}]},{\"@type\":\"ImageObject\",\"inLanguage\":\"fr-FR\",\"@id\":\"https:\\\/\\\/www.systra.com\\\/canada\\\/fr\\\/qui-nous-sommes\\\/gouvernance\\\/karine-requena\\\/#primaryimage\",\"url\":\"https:\\\/\\\/www.systra.com\\\/canada\\\/wp-content\\\/uploads\\\/sites\\\/15\\\/2023\\\/05\\\/main_our-offices_mtl-office-building_2380x1500_v2.jpg\",\"contentUrl\":\"https:\\\/\\\/www.systra.com\\\/canada\\\/wp-content\\\/uploads\\\/sites\\\/15\\\/2023\\\/05\\\/main_our-offices_mtl-office-building_2380x1500_v2.jpg\",\"width\":2380,\"height\":1500},{\"@type\":\"BreadcrumbList\",\"@id\":\"https:\\\/\\\/www.systra.com\\\/canada\\\/fr\\\/qui-nous-sommes\\\/gouvernance\\\/karine-requena\\\/#breadcrumb\",\"itemListElement\":[{\"@type\":\"ListItem\",\"position\":1,\"name\":\"Accueil\",\"item\":\"https:\\\/\\\/www.systra.com\\\/canada\\\/fr\\\/\"},{\"@type\":\"ListItem\",\"position\":2,\"name\":\"Qui nous sommes\",\"item\":\"https:\\\/\\\/www.systra.com\\\/canada\\\/fr\\\/qui-nous-sommes\\\/\"},{\"@type\":\"ListItem\",\"position\":3,\"name\":\"Gouvernance\",\"item\":\"https:\\\/\\\/www.systra.com\\\/canada\\\/fr\\\/qui-nous-sommes\\\/gouvernance\\\/\"},{\"@type\":\"ListItem\",\"position\":4,\"name\":\"Karine Requena, directrice &#8211; Ressources humaines\"}]},{\"@type\":\"WebSite\",\"@id\":\"https:\\\/\\\/www.systra.com\\\/canada\\\/#website\",\"url\":\"https:\\\/\\\/www.systra.com\\\/canada\\\/\",\"name\":\"Canada\",\"description\":\"Un site utilisant Les sites de Systra\",\"potentialAction\":[{\"@type\":\"SearchAction\",\"target\":{\"@type\":\"EntryPoint\",\"urlTemplate\":\"https:\\\/\\\/www.systra.com\\\/canada\\\/?s={search_term_string}\"},\"query-input\":{\"@type\":\"PropertyValueSpecification\",\"valueRequired\":true,\"valueName\":\"search_term_string\"}}],\"inLanguage\":\"fr-FR\"}]}<\/script>\n<!-- \/ Yoast SEO Premium plugin. -->","yoast_head_json":{"title":"Karine Requena, directrice - Ressources humaines - SYSTRA Canada","description":"SYSTRA Canada, consulting and engineering firm, world leader in public transport infrastructure engineering.","robots":{"index":"index","follow":"follow","max-snippet":"max-snippet:-1","max-image-preview":"max-image-preview:large","max-video-preview":"max-video-preview:-1"},"og_locale":"fr_FR","og_type":"article","og_title":"Karine Requena, directrice - Ressources humaines","og_description":"SYSTRA Canada, consulting and engineering firm, world leader in public transport infrastructure engineering.","og_url":"https:\/\/www.systra.com\/canada\/fr\/qui-nous-sommes\/gouvernance\/karine-requena\/","og_site_name":"Canada","article_modified_time":"2023-10-04T13:23:50+00:00","og_image":[{"width":2380,"height":1500,"url":"https:\/\/www.systra.com\/canada\/wp-content\/uploads\/sites\/15\/2023\/05\/main_our-offices_mtl-office-building_2380x1500_v2.jpg","type":"image\/jpeg"}],"twitter_card":"summary_large_image","twitter_misc":{"Dur\u00e9e de lecture estim\u00e9e":"1 minute"},"schema":{"@context":"https:\/\/schema.org","@graph":[{"@type":"WebPage","@id":"https:\/\/www.systra.com\/canada\/fr\/qui-nous-sommes\/gouvernance\/karine-requena\/","url":"https:\/\/www.systra.com\/canada\/fr\/qui-nous-sommes\/gouvernance\/karine-requena\/","name":"Karine Requena, directrice - Ressources humaines - SYSTRA Canada","isPartOf":{"@id":"https:\/\/www.systra.com\/canada\/#website"},"primaryImageOfPage":{"@id":"https:\/\/www.systra.com\/canada\/fr\/qui-nous-sommes\/gouvernance\/karine-requena\/#primaryimage"},"image":{"@id":"https:\/\/www.systra.com\/canada\/fr\/qui-nous-sommes\/gouvernance\/karine-requena\/#primaryimage"},"thumbnailUrl":"https:\/\/www.systra.com\/canada\/wp-content\/uploads\/sites\/15\/2023\/05\/main_our-offices_mtl-office-building_2380x1500_v2.jpg","datePublished":"2023-06-05T18:28:15+00:00","dateModified":"2023-10-04T13:23:50+00:00","description":"SYSTRA Canada, consulting and engineering firm, world leader in public transport infrastructure engineering.","breadcrumb":{"@id":"https:\/\/www.systra.com\/canada\/fr\/qui-nous-sommes\/gouvernance\/karine-requena\/#breadcrumb"},"inLanguage":"fr-FR","potentialAction":[{"@type":"ReadAction","target":["https:\/\/www.systra.com\/canada\/fr\/qui-nous-sommes\/gouvernance\/karine-requena\/"]}]},{"@type":"ImageObject","inLanguage":"fr-FR","@id":"https:\/\/www.systra.com\/canada\/fr\/qui-nous-sommes\/gouvernance\/karine-requena\/#primaryimage","url":"https:\/\/www.systra.com\/canada\/wp-content\/uploads\/sites\/15\/2023\/05\/main_our-offices_mtl-office-building_2380x1500_v2.jpg","contentUrl":"https:\/\/www.systra.com\/canada\/wp-content\/uploads\/sites\/15\/2023\/05\/main_our-offices_mtl-office-building_2380x1500_v2.jpg","width":2380,"height":1500},{"@type":"BreadcrumbList","@id":"https:\/\/www.systra.com\/canada\/fr\/qui-nous-sommes\/gouvernance\/karine-requena\/#breadcrumb","itemListElement":[{"@type":"ListItem","position":1,"name":"Accueil","item":"https:\/\/www.systra.com\/canada\/fr\/"},{"@type":"ListItem","position":2,"name":"Qui nous sommes","item":"https:\/\/www.systra.com\/canada\/fr\/qui-nous-sommes\/"},{"@type":"ListItem","position":3,"name":"Gouvernance","item":"https:\/\/www.systra.com\/canada\/fr\/qui-nous-sommes\/gouvernance\/"},{"@type":"ListItem","position":4,"name":"Karine Requena, directrice &#8211; Ressources humaines"}]},{"@type":"WebSite","@id":"https:\/\/www.systra.com\/canada\/#website","url":"https:\/\/www.systra.com\/canada\/","name":"Canada","description":"Un site utilisant Les sites de Systra","potentialAction":[{"@type":"SearchAction","target":{"@type":"EntryPoint","urlTemplate":"https:\/\/www.systra.com\/canada\/?s={search_term_string}"},"query-input":{"@type":"PropertyValueSpecification","valueRequired":true,"valueName":"search_term_string"}}],"inLanguage":"fr-FR"}]}},"lang":"fr","translations":{"fr":3816,"en":1692},"pll_sync_post":[],"_links":{"self":[{"href":"https:\/\/www.systra.com\/canada\/wp-json\/wp\/v2\/pages\/3816","targetHints":{"allow":["GET"]}}],"collection":[{"href":"https:\/\/www.systra.com\/canada\/wp-json\/wp\/v2\/pages"}],"about":[{"href":"https:\/\/www.systra.com\/canada\/wp-json\/wp\/v2\/types\/page"}],"author":[{"embeddable":true,"href":"https:\/\/www.systra.com\/canada\/wp-json\/wp\/v2\/users\/66"}],"replies":[{"embeddable":true,"href":"https:\/\/www.systra.com\/canada\/wp-json\/wp\/v2\/comments?post=3816"}],"version-history":[{"count":7,"href":"https:\/\/www.systra.com\/canada\/wp-json\/wp\/v2\/pages\/3816\/revisions"}],"predecessor-version":[{"id":5966,"href":"https:\/\/www.systra.com\/canada\/wp-json\/wp\/v2\/pages\/3816\/revisions\/5966"}],"up":[{"embeddable":true,"href":"https:\/\/www.systra.com\/canada\/wp-json\/wp\/v2\/pages\/2821"}],"wp:featuredmedia":[{"embeddable":true,"href":"https:\/\/www.systra.com\/canada\/wp-json\/wp\/v2\/media\/2878"}],"wp:attachment":[{"href":"https:\/\/www.systra.com\/canada\/wp-json\/wp\/v2\/media?parent=3816"}],"curies":[{"name":"wp","href":"https:\/\/api.w.org\/{rel}","templated":true}]}}