{"id":2885,"date":"2023-05-09T22:32:55","date_gmt":"2023-05-09T20:32:55","guid":{"rendered":"https:\/\/www.systra.com\/canada\/?page_id=2885"},"modified":"2023-07-19T23:06:20","modified_gmt":"2023-07-19T21:06:20","slug":"dave-spagnolo","status":"publish","type":"page","link":"https:\/\/www.systra.com\/canada\/fr\/qui-nous-sommes\/gouvernance\/dave-spagnolo\/","title":{"rendered":"Dave Spagnolo, pr\u00e9sident et chef de la direction"},"content":{"rendered":"\n<div class=\"wp-block-columns is-layout-flex wp-container-core-columns-is-layout-9d6595d7 wp-block-columns-is-layout-flex\">\n<div class=\"wp-block-column is-layout-flow wp-block-column-is-layout-flow\">\n<figure class=\"wp-block-image size-large\"><img loading=\"lazy\" decoding=\"async\" width=\"939\" height=\"1024\" src=\"https:\/\/www.systra.com\/canada\/wp-content\/uploads\/sites\/15\/2023\/04\/spagnolo_dave_hr-1-939x1024.jpg\" alt=\"\" class=\"wp-image-1988\" srcset=\"https:\/\/www.systra.com\/canada\/wp-content\/uploads\/sites\/15\/2023\/04\/spagnolo_dave_hr-1-939x1024.jpg 939w, https:\/\/www.systra.com\/canada\/wp-content\/uploads\/sites\/15\/2023\/04\/spagnolo_dave_hr-1-275x300.jpg 275w, https:\/\/www.systra.com\/canada\/wp-content\/uploads\/sites\/15\/2023\/04\/spagnolo_dave_hr-1-768x837.jpg 768w, https:\/\/www.systra.com\/canada\/wp-content\/uploads\/sites\/15\/2023\/04\/spagnolo_dave_hr-1-474x517.jpg 474w, https:\/\/www.systra.com\/canada\/wp-content\/uploads\/sites\/15\/2023\/04\/spagnolo_dave_hr-1-800x872.jpg 800w, https:\/\/www.systra.com\/canada\/wp-content\/uploads\/sites\/15\/2023\/04\/spagnolo_dave_hr-1-180x196.jpg 180w, https:\/\/www.systra.com\/canada\/wp-content\/uploads\/sites\/15\/2023\/04\/spagnolo_dave_hr-1-153x167.jpg 153w, https:\/\/www.systra.com\/canada\/wp-content\/uploads\/sites\/15\/2023\/04\/spagnolo_dave_hr-1-230x251.jpg 230w, https:\/\/www.systra.com\/canada\/wp-content\/uploads\/sites\/15\/2023\/04\/spagnolo_dave_hr-1.jpg 1006w\" sizes=\"auto, (max-width: 939px) 100vw, 939px\" \/><\/figure>\n<\/div>\n\n\n\n<div class=\"wp-block-column is-layout-flow wp-block-column-is-layout-flow\">\n<h2 class=\"wp-block-heading\" id=\"h-biographie\">biographie<\/h2>\n\n\n\n<div style=\"height:30px\" aria-hidden=\"true\" class=\"wp-block-spacer\"><\/div>\n\n\n\n<p>En janvier 2018, M.&nbsp;Dave Spagnolo a \u00e9t\u00e9 nomm\u00e9 pr\u00e9sident et CEO de SYSTRA Am\u00e9rique du Nord. Il d\u00e9tient plus de 30 ans d\u2019exp\u00e9rience dans des industries cruciales telles que la d\u00e9fense, l\u2019a\u00e9rospatial et le transport. Il est passionn\u00e9 par la vitesse, l\u2019innovation et la comp\u00e9titivit\u00e9, et dirige maintenant la croissance de SYSTRA en Am\u00e9rique du Nord en plus des march\u00e9s d\u2019exportation.<\/p>\n\n\n\n<div style=\"height:30px\" aria-hidden=\"true\" class=\"wp-block-spacer\"><\/div>\n\n\n\n<p>Avant de se joindre \u00e0 SYSTRA, M.&nbsp;Spagnolo a dirig\u00e9 Thales pendant 20 ans dans diverses fonctions&nbsp;:<\/p>\n\n\n\n<div style=\"height:20px\" aria-hidden=\"true\" class=\"wp-block-spacer\"><\/div>\n\n\n\n<ul class=\"wp-block-list\">\n<li>De 2015 \u00e0 2016, il a dirig\u00e9 les efforts en termes de transformation num\u00e9rique chez Thales Canada, aidant ainsi les nouveaux clients \u00e0 adopter des technologies de pointe telles que Big Data, loT, AI, Cyber et autres.<\/li>\n\n\n\n<li>En 2014, M.&nbsp;Spagnolo a \u00e9t\u00e9 nomm\u00e9 chef de l\u2019exploitation et vice-pr\u00e9sident d\u00e9l\u00e9gu\u00e9 de Thales Canada Transport. Il a dirig\u00e9 la transformation de l\u2019\u00e9quipe Transport ferroviaire urbain&nbsp;; il a mis en place des am\u00e9liorations au processus de gestion de projets, instaur\u00e9 un centre indien d\u2019ing\u00e9nierie \u00e0 faible co\u00fbt et supervis\u00e9 d\u2019autres activit\u00e9s d\u2019am\u00e9liorations li\u00e9es \u00e0 la productivit\u00e9.<\/li>\n\n\n\n<li>Entre 2012 et 2014, il a \u00e9t\u00e9 chef de l\u2019exploitation de Thales Canada o\u00f9 il a chapeaut\u00e9 les fonctions transversales, ainsi que les divisions A\u00e9rospatiale, D\u00e9fense et Transport.<\/li>\n\n\n\n<li>De 2001 \u00e0 2012, M.&nbsp;Spagnolo a agi \u00e0 titre de directeur g\u00e9n\u00e9ral de l\u2019\u00e9quipe D\u00e9fense et s\u00e9curit\u00e9 de Thales, qui a connu une croissance importante, passant de 60 employ\u00e9s et 10 M$ de chiffre d\u2019affaires \u00e0 350 employ\u00e9s et 150 M$ de revenus.<\/li>\n\n\n\n<li>M.&nbsp;Spagnolo s\u2019est joint \u00e0 Thales en 1996 en tant que chef d\u2019\u00e9quipe des TI et est devenu chef du d\u00e9partement des TI deux ans plus tard.<\/li>\n<\/ul>\n\n\n\n<div style=\"height:30px\" aria-hidden=\"true\" class=\"wp-block-spacer\"><\/div>\n\n\n\n<p>M.&nbsp;Spagnolo a \u00e9galement gradu\u00e9 du Coll\u00e8ge militaire Royal et a servi 12 ans dans les Forces arm\u00e9es canadiennes en tant qu\u2019officier de la marine.<\/p>\n\n\n\n<div style=\"height:30px\" aria-hidden=\"true\" class=\"wp-block-spacer\"><\/div>\n\n\n\n<p>Il a \u00e9galement agi comme directeur du Conseil d\u2019administration de l\u2019Association des industries canadiennes de d\u00e9fense et de s\u00e9curit\u00e9, ainsi que du Conseil d\u2019administration de l\u2019Association des industries a\u00e9rospatiales du Canada.<\/p>\n<\/div>\n<\/div>\n\n\n\n<div style=\"height:50px\" aria-hidden=\"true\" class=\"wp-block-spacer\"><\/div>\n\n\n\n<div class=\"wp-block-buttons is-content-justification-center is-layout-flex wp-container-core-buttons-is-layout-16018d1d wp-block-buttons-is-layout-flex\">\n<div class=\"wp-block-button\"><a class=\"wp-block-button__link has-blanc-color has-dusty-blue-background-color has-text-color has-background wp-element-button\" href=\"https:\/\/www.systra.com\/canada\/fr\/qui-nous-sommes\/gouvernance\/\">RETOUR \u00c0 <em>GOUVERNANCE<\/em><\/a><\/div>\n<\/div>\n","protected":false},"excerpt":{"rendered":"<p>biographie En janvier 2018, M.&nbsp;Dave Spagnolo a \u00e9t\u00e9 nomm\u00e9 pr\u00e9sident et CEO de SYSTRA Am\u00e9rique du Nord. Il d\u00e9tient plus de 30 ans d\u2019exp\u00e9rience dans des industries cruciales telles que la d\u00e9fense, l\u2019a\u00e9rospatial et le transport. Il est passionn\u00e9 par la vitesse, l\u2019innovation et la comp\u00e9titivit\u00e9, et dirige maintenant la croissance de SYSTRA en Am\u00e9rique [&hellip;]<\/p>\n","protected":false},"author":66,"featured_media":2878,"parent":2821,"menu_order":0,"comment_status":"closed","ping_status":"closed","template":"","meta":{"_acf_changed":false,"_relevanssi_hide_post":"","_relevanssi_hide_content":"","_relevanssi_pin_for_all":"","_relevanssi_pin_keywords":"","_relevanssi_unpin_keywords":"","_relevanssi_related_keywords":"","_relevanssi_related_include_ids":"","_relevanssi_related_exclude_ids":"","_relevanssi_related_no_append":"","_relevanssi_related_not_related":"","_relevanssi_related_posts":"1146,756,1129,1037,1061,907","_relevanssi_noindex_reason":"","footnotes":""},"class_list":["post-2885","page","type-page","status-publish","has-post-thumbnail","hentry"],"acf":[],"yoast_head":"<!-- This site is optimized with the Yoast SEO Premium plugin v27.4 (Yoast SEO v27.4) - https:\/\/yoast.com\/product\/yoast-seo-premium-wordpress\/ -->\n<title>Dave Spagnolo, pr\u00e9sident et chef de la direction - SYSTRA Canada<\/title>\n<meta name=\"description\" content=\"SYSTRA Canada, consulting and engineering firm, world leader in public transport infrastructure engineering.\" \/>\n<meta name=\"robots\" content=\"index, follow, max-snippet:-1, max-image-preview:large, max-video-preview:-1\" \/>\n<meta property=\"og:locale\" content=\"fr_FR\" \/>\n<meta property=\"og:type\" content=\"article\" \/>\n<meta property=\"og:title\" content=\"Dave Spagnolo, pr\u00e9sident et chef de la direction\" \/>\n<meta property=\"og:description\" content=\"SYSTRA Canada, consulting and engineering firm, world leader in public transport infrastructure engineering.\" \/>\n<meta property=\"og:url\" content=\"https:\/\/www.systra.com\/canada\/fr\/qui-nous-sommes\/gouvernance\/dave-spagnolo\/\" \/>\n<meta property=\"og:site_name\" content=\"Canada\" \/>\n<meta property=\"article:modified_time\" content=\"2023-07-19T21:06:20+00:00\" \/>\n<meta property=\"og:image\" content=\"https:\/\/www.systra.com\/canada\/wp-content\/uploads\/sites\/15\/2023\/05\/main_our-offices_mtl-office-building_2380x1500_v2.jpg\" \/>\n\t<meta property=\"og:image:width\" content=\"2380\" \/>\n\t<meta property=\"og:image:height\" content=\"1500\" \/>\n\t<meta property=\"og:image:type\" content=\"image\/jpeg\" \/>\n<meta name=\"twitter:card\" content=\"summary_large_image\" \/>\n<meta name=\"twitter:label1\" content=\"Dur\u00e9e de lecture estim\u00e9e\" \/>\n\t<meta name=\"twitter:data1\" content=\"2 minutes\" \/>\n<script type=\"application\/ld+json\" class=\"yoast-schema-graph\">{\"@context\":\"https:\\\/\\\/schema.org\",\"@graph\":[{\"@type\":\"WebPage\",\"@id\":\"https:\\\/\\\/www.systra.com\\\/canada\\\/fr\\\/qui-nous-sommes\\\/gouvernance\\\/dave-spagnolo\\\/\",\"url\":\"https:\\\/\\\/www.systra.com\\\/canada\\\/fr\\\/qui-nous-sommes\\\/gouvernance\\\/dave-spagnolo\\\/\",\"name\":\"Dave Spagnolo, pr\u00e9sident et chef de la direction - SYSTRA Canada\",\"isPartOf\":{\"@id\":\"https:\\\/\\\/www.systra.com\\\/canada\\\/#website\"},\"primaryImageOfPage\":{\"@id\":\"https:\\\/\\\/www.systra.com\\\/canada\\\/fr\\\/qui-nous-sommes\\\/gouvernance\\\/dave-spagnolo\\\/#primaryimage\"},\"image\":{\"@id\":\"https:\\\/\\\/www.systra.com\\\/canada\\\/fr\\\/qui-nous-sommes\\\/gouvernance\\\/dave-spagnolo\\\/#primaryimage\"},\"thumbnailUrl\":\"https:\\\/\\\/www.systra.com\\\/canada\\\/wp-content\\\/uploads\\\/sites\\\/15\\\/2023\\\/05\\\/main_our-offices_mtl-office-building_2380x1500_v2.jpg\",\"datePublished\":\"2023-05-09T20:32:55+00:00\",\"dateModified\":\"2023-07-19T21:06:20+00:00\",\"description\":\"SYSTRA Canada, consulting and engineering firm, world leader in public transport infrastructure engineering.\",\"breadcrumb\":{\"@id\":\"https:\\\/\\\/www.systra.com\\\/canada\\\/fr\\\/qui-nous-sommes\\\/gouvernance\\\/dave-spagnolo\\\/#breadcrumb\"},\"inLanguage\":\"fr-FR\",\"potentialAction\":[{\"@type\":\"ReadAction\",\"target\":[\"https:\\\/\\\/www.systra.com\\\/canada\\\/fr\\\/qui-nous-sommes\\\/gouvernance\\\/dave-spagnolo\\\/\"]}]},{\"@type\":\"ImageObject\",\"inLanguage\":\"fr-FR\",\"@id\":\"https:\\\/\\\/www.systra.com\\\/canada\\\/fr\\\/qui-nous-sommes\\\/gouvernance\\\/dave-spagnolo\\\/#primaryimage\",\"url\":\"https:\\\/\\\/www.systra.com\\\/canada\\\/wp-content\\\/uploads\\\/sites\\\/15\\\/2023\\\/05\\\/main_our-offices_mtl-office-building_2380x1500_v2.jpg\",\"contentUrl\":\"https:\\\/\\\/www.systra.com\\\/canada\\\/wp-content\\\/uploads\\\/sites\\\/15\\\/2023\\\/05\\\/main_our-offices_mtl-office-building_2380x1500_v2.jpg\",\"width\":2380,\"height\":1500},{\"@type\":\"BreadcrumbList\",\"@id\":\"https:\\\/\\\/www.systra.com\\\/canada\\\/fr\\\/qui-nous-sommes\\\/gouvernance\\\/dave-spagnolo\\\/#breadcrumb\",\"itemListElement\":[{\"@type\":\"ListItem\",\"position\":1,\"name\":\"Accueil\",\"item\":\"https:\\\/\\\/www.systra.com\\\/canada\\\/fr\\\/\"},{\"@type\":\"ListItem\",\"position\":2,\"name\":\"Qui nous sommes\",\"item\":\"https:\\\/\\\/www.systra.com\\\/canada\\\/fr\\\/qui-nous-sommes\\\/\"},{\"@type\":\"ListItem\",\"position\":3,\"name\":\"Gouvernance\",\"item\":\"https:\\\/\\\/www.systra.com\\\/canada\\\/fr\\\/qui-nous-sommes\\\/gouvernance\\\/\"},{\"@type\":\"ListItem\",\"position\":4,\"name\":\"Dave Spagnolo, pr\u00e9sident et chef de la direction\"}]},{\"@type\":\"WebSite\",\"@id\":\"https:\\\/\\\/www.systra.com\\\/canada\\\/#website\",\"url\":\"https:\\\/\\\/www.systra.com\\\/canada\\\/\",\"name\":\"Canada\",\"description\":\"Un site utilisant Les sites de Systra\",\"potentialAction\":[{\"@type\":\"SearchAction\",\"target\":{\"@type\":\"EntryPoint\",\"urlTemplate\":\"https:\\\/\\\/www.systra.com\\\/canada\\\/?s={search_term_string}\"},\"query-input\":{\"@type\":\"PropertyValueSpecification\",\"valueRequired\":true,\"valueName\":\"search_term_string\"}}],\"inLanguage\":\"fr-FR\"}]}<\/script>\n<!-- \/ Yoast SEO Premium plugin. -->","yoast_head_json":{"title":"Dave Spagnolo, pr\u00e9sident et chef de la direction - SYSTRA Canada","description":"SYSTRA Canada, consulting and engineering firm, world leader in public transport infrastructure engineering.","robots":{"index":"index","follow":"follow","max-snippet":"max-snippet:-1","max-image-preview":"max-image-preview:large","max-video-preview":"max-video-preview:-1"},"og_locale":"fr_FR","og_type":"article","og_title":"Dave Spagnolo, pr\u00e9sident et chef de la direction","og_description":"SYSTRA Canada, consulting and engineering firm, world leader in public transport infrastructure engineering.","og_url":"https:\/\/www.systra.com\/canada\/fr\/qui-nous-sommes\/gouvernance\/dave-spagnolo\/","og_site_name":"Canada","article_modified_time":"2023-07-19T21:06:20+00:00","og_image":[{"width":2380,"height":1500,"url":"https:\/\/www.systra.com\/canada\/wp-content\/uploads\/sites\/15\/2023\/05\/main_our-offices_mtl-office-building_2380x1500_v2.jpg","type":"image\/jpeg"}],"twitter_card":"summary_large_image","twitter_misc":{"Dur\u00e9e de lecture estim\u00e9e":"2 minutes"},"schema":{"@context":"https:\/\/schema.org","@graph":[{"@type":"WebPage","@id":"https:\/\/www.systra.com\/canada\/fr\/qui-nous-sommes\/gouvernance\/dave-spagnolo\/","url":"https:\/\/www.systra.com\/canada\/fr\/qui-nous-sommes\/gouvernance\/dave-spagnolo\/","name":"Dave Spagnolo, pr\u00e9sident et chef de la direction - SYSTRA Canada","isPartOf":{"@id":"https:\/\/www.systra.com\/canada\/#website"},"primaryImageOfPage":{"@id":"https:\/\/www.systra.com\/canada\/fr\/qui-nous-sommes\/gouvernance\/dave-spagnolo\/#primaryimage"},"image":{"@id":"https:\/\/www.systra.com\/canada\/fr\/qui-nous-sommes\/gouvernance\/dave-spagnolo\/#primaryimage"},"thumbnailUrl":"https:\/\/www.systra.com\/canada\/wp-content\/uploads\/sites\/15\/2023\/05\/main_our-offices_mtl-office-building_2380x1500_v2.jpg","datePublished":"2023-05-09T20:32:55+00:00","dateModified":"2023-07-19T21:06:20+00:00","description":"SYSTRA Canada, consulting and engineering firm, world leader in public transport infrastructure engineering.","breadcrumb":{"@id":"https:\/\/www.systra.com\/canada\/fr\/qui-nous-sommes\/gouvernance\/dave-spagnolo\/#breadcrumb"},"inLanguage":"fr-FR","potentialAction":[{"@type":"ReadAction","target":["https:\/\/www.systra.com\/canada\/fr\/qui-nous-sommes\/gouvernance\/dave-spagnolo\/"]}]},{"@type":"ImageObject","inLanguage":"fr-FR","@id":"https:\/\/www.systra.com\/canada\/fr\/qui-nous-sommes\/gouvernance\/dave-spagnolo\/#primaryimage","url":"https:\/\/www.systra.com\/canada\/wp-content\/uploads\/sites\/15\/2023\/05\/main_our-offices_mtl-office-building_2380x1500_v2.jpg","contentUrl":"https:\/\/www.systra.com\/canada\/wp-content\/uploads\/sites\/15\/2023\/05\/main_our-offices_mtl-office-building_2380x1500_v2.jpg","width":2380,"height":1500},{"@type":"BreadcrumbList","@id":"https:\/\/www.systra.com\/canada\/fr\/qui-nous-sommes\/gouvernance\/dave-spagnolo\/#breadcrumb","itemListElement":[{"@type":"ListItem","position":1,"name":"Accueil","item":"https:\/\/www.systra.com\/canada\/fr\/"},{"@type":"ListItem","position":2,"name":"Qui nous sommes","item":"https:\/\/www.systra.com\/canada\/fr\/qui-nous-sommes\/"},{"@type":"ListItem","position":3,"name":"Gouvernance","item":"https:\/\/www.systra.com\/canada\/fr\/qui-nous-sommes\/gouvernance\/"},{"@type":"ListItem","position":4,"name":"Dave Spagnolo, pr\u00e9sident et chef de la direction"}]},{"@type":"WebSite","@id":"https:\/\/www.systra.com\/canada\/#website","url":"https:\/\/www.systra.com\/canada\/","name":"Canada","description":"Un site utilisant Les sites de Systra","potentialAction":[{"@type":"SearchAction","target":{"@type":"EntryPoint","urlTemplate":"https:\/\/www.systra.com\/canada\/?s={search_term_string}"},"query-input":{"@type":"PropertyValueSpecification","valueRequired":true,"valueName":"search_term_string"}}],"inLanguage":"fr-FR"}]}},"lang":"fr","translations":{"fr":2885,"en":1972},"pll_sync_post":[],"_links":{"self":[{"href":"https:\/\/www.systra.com\/canada\/wp-json\/wp\/v2\/pages\/2885","targetHints":{"allow":["GET"]}}],"collection":[{"href":"https:\/\/www.systra.com\/canada\/wp-json\/wp\/v2\/pages"}],"about":[{"href":"https:\/\/www.systra.com\/canada\/wp-json\/wp\/v2\/types\/page"}],"author":[{"embeddable":true,"href":"https:\/\/www.systra.com\/canada\/wp-json\/wp\/v2\/users\/66"}],"replies":[{"embeddable":true,"href":"https:\/\/www.systra.com\/canada\/wp-json\/wp\/v2\/comments?post=2885"}],"version-history":[{"count":11,"href":"https:\/\/www.systra.com\/canada\/wp-json\/wp\/v2\/pages\/2885\/revisions"}],"predecessor-version":[{"id":5620,"href":"https:\/\/www.systra.com\/canada\/wp-json\/wp\/v2\/pages\/2885\/revisions\/5620"}],"up":[{"embeddable":true,"href":"https:\/\/www.systra.com\/canada\/wp-json\/wp\/v2\/pages\/2821"}],"wp:featuredmedia":[{"embeddable":true,"href":"https:\/\/www.systra.com\/canada\/wp-json\/wp\/v2\/media\/2878"}],"wp:attachment":[{"href":"https:\/\/www.systra.com\/canada\/wp-json\/wp\/v2\/media?parent=2885"}],"curies":[{"name":"wp","href":"https:\/\/api.w.org\/{rel}","templated":true}]}}