{"id":2872,"date":"2023-05-09T22:08:38","date_gmt":"2023-05-09T20:08:38","guid":{"rendered":"https:\/\/www.systra.com\/canada\/?page_id=2872"},"modified":"2023-08-30T18:04:39","modified_gmt":"2023-08-30T16:04:39","slug":"david-anglin","status":"publish","type":"page","link":"https:\/\/www.systra.com\/canada\/fr\/qui-nous-sommes\/gouvernance\/david-anglin\/","title":{"rendered":"David Anglin, Vice-pr\u00e9sident principal &#8211; Mat\u00e9riel roulant"},"content":{"rendered":"\n<div class=\"wp-block-columns is-layout-flex wp-container-core-columns-is-layout-9d6595d7 wp-block-columns-is-layout-flex\">\n<div class=\"wp-block-column is-layout-flow wp-block-column-is-layout-flow\">\n<figure class=\"wp-block-image size-large\"><img loading=\"lazy\" decoding=\"async\" width=\"1024\" height=\"1024\" src=\"https:\/\/www.systra.com\/canada\/wp-content\/uploads\/sites\/15\/2023\/03\/anglin-david-1024x1024.jpg\" alt=\"\" class=\"wp-image-403\" srcset=\"https:\/\/www.systra.com\/canada\/wp-content\/uploads\/sites\/15\/2023\/03\/anglin-david-1024x1024.jpg 1024w, https:\/\/www.systra.com\/canada\/wp-content\/uploads\/sites\/15\/2023\/03\/anglin-david-300x300.jpg 300w, https:\/\/www.systra.com\/canada\/wp-content\/uploads\/sites\/15\/2023\/03\/anglin-david-150x150.jpg 150w, https:\/\/www.systra.com\/canada\/wp-content\/uploads\/sites\/15\/2023\/03\/anglin-david-768x768.jpg 768w, https:\/\/www.systra.com\/canada\/wp-content\/uploads\/sites\/15\/2023\/03\/anglin-david-1536x1536.jpg 1536w, https:\/\/www.systra.com\/canada\/wp-content\/uploads\/sites\/15\/2023\/03\/anglin-david-2048x2048.jpg 2048w, https:\/\/www.systra.com\/canada\/wp-content\/uploads\/sites\/15\/2023\/03\/anglin-david-376x376.jpg 376w, https:\/\/www.systra.com\/canada\/wp-content\/uploads\/sites\/15\/2023\/03\/anglin-david-474x474.jpg 474w, https:\/\/www.systra.com\/canada\/wp-content\/uploads\/sites\/15\/2023\/03\/anglin-david-660x660.jpg 660w, https:\/\/www.systra.com\/canada\/wp-content\/uploads\/sites\/15\/2023\/03\/anglin-david-1700x1700.jpg 1700w, https:\/\/www.systra.com\/canada\/wp-content\/uploads\/sites\/15\/2023\/03\/anglin-david-1352x1352.jpg 1352w, https:\/\/www.systra.com\/canada\/wp-content\/uploads\/sites\/15\/2023\/03\/anglin-david-800x800.jpg 800w, https:\/\/www.systra.com\/canada\/wp-content\/uploads\/sites\/15\/2023\/03\/anglin-david-180x180.jpg 180w, https:\/\/www.systra.com\/canada\/wp-content\/uploads\/sites\/15\/2023\/03\/anglin-david-153x153.jpg 153w, https:\/\/www.systra.com\/canada\/wp-content\/uploads\/sites\/15\/2023\/03\/anglin-david-230x230.jpg 230w\" sizes=\"auto, (max-width: 1024px) 100vw, 1024px\" \/><\/figure>\n<\/div>\n\n\n\n<div class=\"wp-block-column is-layout-flow wp-block-column-is-layout-flow\">\n<h2 class=\"wp-block-heading\" id=\"h-biographie\">biographie<\/h2>\n\n\n\n<div style=\"height:30px\" aria-hidden=\"true\" class=\"wp-block-spacer\"><\/div>\n\n\n\n<p>M.&nbsp;David Anglin dirige les initiatives de d\u00e9veloppement des affaires de SYSTRA Canada dans le monde entier et est membre du Comit\u00e9 de Direction. Il a fait ses preuves en tant que chef des ventes et poss\u00e8de plus de 25 ann\u00e9es d\u2019exp\u00e9rience dans le d\u00e9veloppement commercial international, dont plus de 20 dans le domaine ferroviaire.<\/p>\n\n\n\n<div style=\"height:30px\" aria-hidden=\"true\" class=\"wp-block-spacer\"><\/div>\n\n\n\n<p>Gr\u00e2ce \u00e0 son parcours professionnel, M.&nbsp;Anglin fait b\u00e9n\u00e9ficier SYSTRA Canada de son exp\u00e9rience du d\u00e9veloppement commercial en Am\u00e9rique du Nord, Am\u00e9rique du Sud, Asie et Afrique. Sa vaste exp\u00e9rience comprend \u00e9galement la n\u00e9gociation de contrats, la gestion de projets, l\u2019ing\u00e9nierie de syst\u00e8mes, l\u2019approvisionnement et la fabrication. M.&nbsp;Anglin d\u00e9tient un baccalaur\u00e9at en g\u00e9nie m\u00e9canique et un autre en philosophie de la Queen\u2019s University.<\/p>\n<\/div>\n<\/div>\n\n\n\n<div style=\"height:100px\" aria-hidden=\"true\" class=\"wp-block-spacer\"><\/div>\n\n\n\n<div class=\"wp-block-buttons is-content-justification-center is-layout-flex wp-container-core-buttons-is-layout-16018d1d wp-block-buttons-is-layout-flex\">\n<div class=\"wp-block-button\"><a class=\"wp-block-button__link has-blanc-color has-dusty-blue-background-color has-text-color has-background wp-element-button\" href=\"https:\/\/www.systra.com\/canada\/fr\/qui-nous-sommes\/gouvernance\/\">RETOUR \u00c0 <em>GOUVERNANCE<\/em><\/a><\/div>\n<\/div>\n","protected":false},"excerpt":{"rendered":"<p>biographie M.&nbsp;David Anglin dirige les initiatives de d\u00e9veloppement des affaires de SYSTRA Canada dans le monde entier et est membre du Comit\u00e9 de Direction. Il a fait ses preuves en tant que chef des ventes et poss\u00e8de plus de 25 ann\u00e9es d\u2019exp\u00e9rience dans le d\u00e9veloppement commercial international, dont plus de 20 dans le domaine ferroviaire. [&hellip;]<\/p>\n","protected":false},"author":66,"featured_media":2878,"parent":2821,"menu_order":0,"comment_status":"closed","ping_status":"closed","template":"","meta":{"_acf_changed":false,"_relevanssi_hide_post":"","_relevanssi_hide_content":"","_relevanssi_pin_for_all":"","_relevanssi_pin_keywords":"","_relevanssi_unpin_keywords":"","_relevanssi_related_keywords":"","_relevanssi_related_include_ids":"","_relevanssi_related_exclude_ids":"","_relevanssi_related_no_append":"","_relevanssi_related_not_related":"","_relevanssi_related_posts":"1037,1061,695,1001,1146,934","_relevanssi_noindex_reason":"","footnotes":""},"class_list":["post-2872","page","type-page","status-publish","has-post-thumbnail","hentry"],"acf":[],"yoast_head":"<!-- This site is optimized with the Yoast SEO Premium plugin v27.4 (Yoast SEO v27.4) - https:\/\/yoast.com\/product\/yoast-seo-premium-wordpress\/ -->\n<title>David Anglin, Vice-pr\u00e9sident principal - Mat\u00e9riel roulant - SYSTRA Canada<\/title>\n<meta name=\"description\" content=\"SYSTRA Canada, consulting and engineering firm, world leader in public transport infrastructure engineering.\" \/>\n<meta name=\"robots\" content=\"index, follow, max-snippet:-1, max-image-preview:large, max-video-preview:-1\" \/>\n<meta property=\"og:locale\" content=\"fr_FR\" \/>\n<meta property=\"og:type\" content=\"article\" \/>\n<meta property=\"og:title\" content=\"David Anglin, Vice-pr\u00e9sident principal - Mat\u00e9riel roulant\" \/>\n<meta property=\"og:description\" content=\"SYSTRA Canada, consulting and engineering firm, world leader in public transport infrastructure engineering.\" \/>\n<meta property=\"og:url\" content=\"https:\/\/www.systra.com\/canada\/fr\/qui-nous-sommes\/gouvernance\/david-anglin\/\" \/>\n<meta property=\"og:site_name\" content=\"Canada\" \/>\n<meta property=\"article:modified_time\" content=\"2023-08-30T16:04:39+00:00\" \/>\n<meta property=\"og:image\" content=\"https:\/\/www.systra.com\/canada\/wp-content\/uploads\/sites\/15\/2023\/05\/main_our-offices_mtl-office-building_2380x1500_v2.jpg\" \/>\n\t<meta property=\"og:image:width\" content=\"2380\" \/>\n\t<meta property=\"og:image:height\" content=\"1500\" \/>\n\t<meta property=\"og:image:type\" content=\"image\/jpeg\" \/>\n<meta name=\"twitter:card\" content=\"summary_large_image\" \/>\n<meta name=\"twitter:label1\" content=\"Dur\u00e9e de lecture estim\u00e9e\" \/>\n\t<meta name=\"twitter:data1\" content=\"1 minute\" \/>\n<script type=\"application\/ld+json\" class=\"yoast-schema-graph\">{\"@context\":\"https:\\\/\\\/schema.org\",\"@graph\":[{\"@type\":\"WebPage\",\"@id\":\"https:\\\/\\\/www.systra.com\\\/canada\\\/fr\\\/qui-nous-sommes\\\/gouvernance\\\/david-anglin\\\/\",\"url\":\"https:\\\/\\\/www.systra.com\\\/canada\\\/fr\\\/qui-nous-sommes\\\/gouvernance\\\/david-anglin\\\/\",\"name\":\"David Anglin, Vice-pr\u00e9sident principal - Mat\u00e9riel roulant - SYSTRA Canada\",\"isPartOf\":{\"@id\":\"https:\\\/\\\/www.systra.com\\\/canada\\\/#website\"},\"primaryImageOfPage\":{\"@id\":\"https:\\\/\\\/www.systra.com\\\/canada\\\/fr\\\/qui-nous-sommes\\\/gouvernance\\\/david-anglin\\\/#primaryimage\"},\"image\":{\"@id\":\"https:\\\/\\\/www.systra.com\\\/canada\\\/fr\\\/qui-nous-sommes\\\/gouvernance\\\/david-anglin\\\/#primaryimage\"},\"thumbnailUrl\":\"https:\\\/\\\/www.systra.com\\\/canada\\\/wp-content\\\/uploads\\\/sites\\\/15\\\/2023\\\/05\\\/main_our-offices_mtl-office-building_2380x1500_v2.jpg\",\"datePublished\":\"2023-05-09T20:08:38+00:00\",\"dateModified\":\"2023-08-30T16:04:39+00:00\",\"description\":\"SYSTRA Canada, consulting and engineering firm, world leader in public transport infrastructure engineering.\",\"breadcrumb\":{\"@id\":\"https:\\\/\\\/www.systra.com\\\/canada\\\/fr\\\/qui-nous-sommes\\\/gouvernance\\\/david-anglin\\\/#breadcrumb\"},\"inLanguage\":\"fr-FR\",\"potentialAction\":[{\"@type\":\"ReadAction\",\"target\":[\"https:\\\/\\\/www.systra.com\\\/canada\\\/fr\\\/qui-nous-sommes\\\/gouvernance\\\/david-anglin\\\/\"]}]},{\"@type\":\"ImageObject\",\"inLanguage\":\"fr-FR\",\"@id\":\"https:\\\/\\\/www.systra.com\\\/canada\\\/fr\\\/qui-nous-sommes\\\/gouvernance\\\/david-anglin\\\/#primaryimage\",\"url\":\"https:\\\/\\\/www.systra.com\\\/canada\\\/wp-content\\\/uploads\\\/sites\\\/15\\\/2023\\\/05\\\/main_our-offices_mtl-office-building_2380x1500_v2.jpg\",\"contentUrl\":\"https:\\\/\\\/www.systra.com\\\/canada\\\/wp-content\\\/uploads\\\/sites\\\/15\\\/2023\\\/05\\\/main_our-offices_mtl-office-building_2380x1500_v2.jpg\",\"width\":2380,\"height\":1500},{\"@type\":\"BreadcrumbList\",\"@id\":\"https:\\\/\\\/www.systra.com\\\/canada\\\/fr\\\/qui-nous-sommes\\\/gouvernance\\\/david-anglin\\\/#breadcrumb\",\"itemListElement\":[{\"@type\":\"ListItem\",\"position\":1,\"name\":\"Accueil\",\"item\":\"https:\\\/\\\/www.systra.com\\\/canada\\\/fr\\\/\"},{\"@type\":\"ListItem\",\"position\":2,\"name\":\"Qui nous sommes\",\"item\":\"https:\\\/\\\/www.systra.com\\\/canada\\\/fr\\\/qui-nous-sommes\\\/\"},{\"@type\":\"ListItem\",\"position\":3,\"name\":\"Gouvernance\",\"item\":\"https:\\\/\\\/www.systra.com\\\/canada\\\/fr\\\/qui-nous-sommes\\\/gouvernance\\\/\"},{\"@type\":\"ListItem\",\"position\":4,\"name\":\"David Anglin, Vice-pr\u00e9sident principal &#8211; Mat\u00e9riel roulant\"}]},{\"@type\":\"WebSite\",\"@id\":\"https:\\\/\\\/www.systra.com\\\/canada\\\/#website\",\"url\":\"https:\\\/\\\/www.systra.com\\\/canada\\\/\",\"name\":\"Canada\",\"description\":\"Un site utilisant Les sites de Systra\",\"potentialAction\":[{\"@type\":\"SearchAction\",\"target\":{\"@type\":\"EntryPoint\",\"urlTemplate\":\"https:\\\/\\\/www.systra.com\\\/canada\\\/?s={search_term_string}\"},\"query-input\":{\"@type\":\"PropertyValueSpecification\",\"valueRequired\":true,\"valueName\":\"search_term_string\"}}],\"inLanguage\":\"fr-FR\"}]}<\/script>\n<!-- \/ Yoast SEO Premium plugin. -->","yoast_head_json":{"title":"David Anglin, Vice-pr\u00e9sident principal - Mat\u00e9riel roulant - SYSTRA Canada","description":"SYSTRA Canada, consulting and engineering firm, world leader in public transport infrastructure engineering.","robots":{"index":"index","follow":"follow","max-snippet":"max-snippet:-1","max-image-preview":"max-image-preview:large","max-video-preview":"max-video-preview:-1"},"og_locale":"fr_FR","og_type":"article","og_title":"David Anglin, Vice-pr\u00e9sident principal - Mat\u00e9riel roulant","og_description":"SYSTRA Canada, consulting and engineering firm, world leader in public transport infrastructure engineering.","og_url":"https:\/\/www.systra.com\/canada\/fr\/qui-nous-sommes\/gouvernance\/david-anglin\/","og_site_name":"Canada","article_modified_time":"2023-08-30T16:04:39+00:00","og_image":[{"width":2380,"height":1500,"url":"https:\/\/www.systra.com\/canada\/wp-content\/uploads\/sites\/15\/2023\/05\/main_our-offices_mtl-office-building_2380x1500_v2.jpg","type":"image\/jpeg"}],"twitter_card":"summary_large_image","twitter_misc":{"Dur\u00e9e de lecture estim\u00e9e":"1 minute"},"schema":{"@context":"https:\/\/schema.org","@graph":[{"@type":"WebPage","@id":"https:\/\/www.systra.com\/canada\/fr\/qui-nous-sommes\/gouvernance\/david-anglin\/","url":"https:\/\/www.systra.com\/canada\/fr\/qui-nous-sommes\/gouvernance\/david-anglin\/","name":"David Anglin, Vice-pr\u00e9sident principal - Mat\u00e9riel roulant - SYSTRA Canada","isPartOf":{"@id":"https:\/\/www.systra.com\/canada\/#website"},"primaryImageOfPage":{"@id":"https:\/\/www.systra.com\/canada\/fr\/qui-nous-sommes\/gouvernance\/david-anglin\/#primaryimage"},"image":{"@id":"https:\/\/www.systra.com\/canada\/fr\/qui-nous-sommes\/gouvernance\/david-anglin\/#primaryimage"},"thumbnailUrl":"https:\/\/www.systra.com\/canada\/wp-content\/uploads\/sites\/15\/2023\/05\/main_our-offices_mtl-office-building_2380x1500_v2.jpg","datePublished":"2023-05-09T20:08:38+00:00","dateModified":"2023-08-30T16:04:39+00:00","description":"SYSTRA Canada, consulting and engineering firm, world leader in public transport infrastructure engineering.","breadcrumb":{"@id":"https:\/\/www.systra.com\/canada\/fr\/qui-nous-sommes\/gouvernance\/david-anglin\/#breadcrumb"},"inLanguage":"fr-FR","potentialAction":[{"@type":"ReadAction","target":["https:\/\/www.systra.com\/canada\/fr\/qui-nous-sommes\/gouvernance\/david-anglin\/"]}]},{"@type":"ImageObject","inLanguage":"fr-FR","@id":"https:\/\/www.systra.com\/canada\/fr\/qui-nous-sommes\/gouvernance\/david-anglin\/#primaryimage","url":"https:\/\/www.systra.com\/canada\/wp-content\/uploads\/sites\/15\/2023\/05\/main_our-offices_mtl-office-building_2380x1500_v2.jpg","contentUrl":"https:\/\/www.systra.com\/canada\/wp-content\/uploads\/sites\/15\/2023\/05\/main_our-offices_mtl-office-building_2380x1500_v2.jpg","width":2380,"height":1500},{"@type":"BreadcrumbList","@id":"https:\/\/www.systra.com\/canada\/fr\/qui-nous-sommes\/gouvernance\/david-anglin\/#breadcrumb","itemListElement":[{"@type":"ListItem","position":1,"name":"Accueil","item":"https:\/\/www.systra.com\/canada\/fr\/"},{"@type":"ListItem","position":2,"name":"Qui nous sommes","item":"https:\/\/www.systra.com\/canada\/fr\/qui-nous-sommes\/"},{"@type":"ListItem","position":3,"name":"Gouvernance","item":"https:\/\/www.systra.com\/canada\/fr\/qui-nous-sommes\/gouvernance\/"},{"@type":"ListItem","position":4,"name":"David Anglin, Vice-pr\u00e9sident principal &#8211; Mat\u00e9riel roulant"}]},{"@type":"WebSite","@id":"https:\/\/www.systra.com\/canada\/#website","url":"https:\/\/www.systra.com\/canada\/","name":"Canada","description":"Un site utilisant Les sites de Systra","potentialAction":[{"@type":"SearchAction","target":{"@type":"EntryPoint","urlTemplate":"https:\/\/www.systra.com\/canada\/?s={search_term_string}"},"query-input":{"@type":"PropertyValueSpecification","valueRequired":true,"valueName":"search_term_string"}}],"inLanguage":"fr-FR"}]}},"lang":"fr","translations":{"fr":2872,"en":1679},"pll_sync_post":[],"_links":{"self":[{"href":"https:\/\/www.systra.com\/canada\/wp-json\/wp\/v2\/pages\/2872","targetHints":{"allow":["GET"]}}],"collection":[{"href":"https:\/\/www.systra.com\/canada\/wp-json\/wp\/v2\/pages"}],"about":[{"href":"https:\/\/www.systra.com\/canada\/wp-json\/wp\/v2\/types\/page"}],"author":[{"embeddable":true,"href":"https:\/\/www.systra.com\/canada\/wp-json\/wp\/v2\/users\/66"}],"replies":[{"embeddable":true,"href":"https:\/\/www.systra.com\/canada\/wp-json\/wp\/v2\/comments?post=2872"}],"version-history":[{"count":6,"href":"https:\/\/www.systra.com\/canada\/wp-json\/wp\/v2\/pages\/2872\/revisions"}],"predecessor-version":[{"id":5882,"href":"https:\/\/www.systra.com\/canada\/wp-json\/wp\/v2\/pages\/2872\/revisions\/5882"}],"up":[{"embeddable":true,"href":"https:\/\/www.systra.com\/canada\/wp-json\/wp\/v2\/pages\/2821"}],"wp:featuredmedia":[{"embeddable":true,"href":"https:\/\/www.systra.com\/canada\/wp-json\/wp\/v2\/media\/2878"}],"wp:attachment":[{"href":"https:\/\/www.systra.com\/canada\/wp-json\/wp\/v2\/media?parent=2872"}],"curies":[{"name":"wp","href":"https:\/\/api.w.org\/{rel}","templated":true}]}}