{"id":2854,"date":"2023-05-09T21:00:11","date_gmt":"2023-05-09T19:00:11","guid":{"rendered":"https:\/\/www.systra.com\/canada\/?page_id=2854"},"modified":"2023-07-19T23:08:12","modified_gmt":"2023-07-19T21:08:12","slug":"guillaume-genin","status":"publish","type":"page","link":"https:\/\/www.systra.com\/canada\/fr\/qui-nous-sommes\/gouvernance\/guillaume-genin\/","title":{"rendered":"Guillaume Genin, Vice-pr\u00e9sident principal &#8211; Intercit\u00e9s et ferroviaire lourd"},"content":{"rendered":"\n<div class=\"wp-block-columns is-layout-flex wp-container-core-columns-is-layout-9d6595d7 wp-block-columns-is-layout-flex\">\n<div class=\"wp-block-column is-layout-flow wp-block-column-is-layout-flow\">\n<figure class=\"wp-block-image size-large\"><img decoding=\"async\" src=\"https:\/\/www.systra.com\/canada\/wp-content\/uploads\/sites\/15\/2023\/03\/genin-guillaume_hr-edited-1024x1024.jpg\" alt=\"\"\/><\/figure>\n<\/div>\n\n\n\n<div class=\"wp-block-column is-layout-flow wp-block-column-is-layout-flow\">\n<h2 class=\"wp-block-heading\" id=\"h-biographie\">biographie<\/h2>\n\n\n\n<div style=\"height:30px\" aria-hidden=\"true\" class=\"wp-block-spacer\"><\/div>\n\n\n\n<p>M.&nbsp;Guillaume Genin a pass\u00e9 l\u2019ensemble de sa carri\u00e8re au sein de l\u2019industrie ferroviaire, combinant son expertise juridique et contractuelle \u00e0 ses nombreux postes internationaux de d\u00e9veloppement des affaires en Europe, en Australie et en Am\u00e9rique du Nord. Il a men\u00e9 \u00e0 bien un nombre important de projets de croissance (organique et externe) d\u2019entreprises sp\u00e9cialis\u00e9es dans le transport ferroviaire, dont la SNCF (Soci\u00e9t\u00e9 nationale des chemins de fer fran\u00e7ais).<\/p>\n\n\n\n<div style=\"height:30px\" aria-hidden=\"true\" class=\"wp-block-spacer\"><\/div>\n\n\n\n<p>Depuis mars 2020, M.&nbsp;Genin est responsable de l\u2019unit\u00e9 commerciale Intercit\u00e9s et ferroviaire lourd de SYSTRA Canada, avec une sp\u00e9cialisation dans le domaine du rail conventionnel et des solutions ferroviaires pour le secteur du fret et du minier \u00e0 l\u2019\u00e9chelle mondiale. Il est membre du Conseil du Club du rail canadien et titulaire d\u2019un dipl\u00f4me en droit.<\/p>\n<\/div>\n<\/div>\n\n\n\n<div style=\"height:100px\" aria-hidden=\"true\" class=\"wp-block-spacer\"><\/div>\n\n\n\n<div class=\"wp-block-buttons is-content-justification-center is-layout-flex wp-container-core-buttons-is-layout-16018d1d wp-block-buttons-is-layout-flex\">\n<div class=\"wp-block-button\"><a class=\"wp-block-button__link has-blanc-color has-dusty-blue-background-color has-text-color has-background wp-element-button\" href=\"https:\/\/www.systra.com\/canada\/fr\/qui-nous-sommes\/gouvernance\/\">RETOUR \u00c0 <em>GOUVERNANCE<\/em><\/a><\/div>\n<\/div>\n","protected":false},"excerpt":{"rendered":"<p>biographie M.&nbsp;Guillaume Genin a pass\u00e9 l\u2019ensemble de sa carri\u00e8re au sein de l\u2019industrie ferroviaire, combinant son expertise juridique et contractuelle \u00e0 ses nombreux postes internationaux de d\u00e9veloppement des affaires en Europe, en Australie et en Am\u00e9rique du Nord. Il a men\u00e9 \u00e0 bien un nombre important de projets de croissance (organique et externe) d\u2019entreprises sp\u00e9cialis\u00e9es [&hellip;]<\/p>\n","protected":false},"author":66,"featured_media":2878,"parent":2821,"menu_order":0,"comment_status":"closed","ping_status":"closed","template":"","meta":{"_acf_changed":false,"_relevanssi_hide_post":"","_relevanssi_hide_content":"","_relevanssi_pin_for_all":"","_relevanssi_pin_keywords":"","_relevanssi_unpin_keywords":"","_relevanssi_related_keywords":"","_relevanssi_related_include_ids":"","_relevanssi_related_exclude_ids":"","_relevanssi_related_no_append":"","_relevanssi_related_not_related":"","_relevanssi_related_posts":"1037,1061,695,1001,1146,934","_relevanssi_noindex_reason":"","footnotes":""},"class_list":["post-2854","page","type-page","status-publish","has-post-thumbnail","hentry"],"acf":[],"yoast_head":"<!-- This site is optimized with the Yoast SEO Premium plugin v27.4 (Yoast SEO v27.4) - https:\/\/yoast.com\/product\/yoast-seo-premium-wordpress\/ -->\n<title>Guillaume Genin, Vice-pr\u00e9sident principal - Intercit\u00e9s et ferroviaire lourd - SYSTRA Canada<\/title>\n<meta name=\"description\" content=\"SYSTRA Canada, consulting and engineering firm, world leader in public transport infrastructure engineering.\" \/>\n<meta name=\"robots\" content=\"index, follow, max-snippet:-1, max-image-preview:large, max-video-preview:-1\" \/>\n<meta property=\"og:locale\" content=\"fr_FR\" \/>\n<meta property=\"og:type\" content=\"article\" \/>\n<meta property=\"og:title\" content=\"Guillaume Genin, Vice-pr\u00e9sident principal - Intercit\u00e9s et ferroviaire lourd\" \/>\n<meta property=\"og:description\" content=\"SYSTRA Canada, consulting and engineering firm, world leader in public transport infrastructure engineering.\" \/>\n<meta property=\"og:url\" content=\"https:\/\/www.systra.com\/canada\/fr\/qui-nous-sommes\/gouvernance\/guillaume-genin\/\" \/>\n<meta property=\"og:site_name\" content=\"Canada\" \/>\n<meta property=\"article:modified_time\" content=\"2023-07-19T21:08:12+00:00\" \/>\n<meta property=\"og:image\" content=\"https:\/\/www.systra.com\/canada\/wp-content\/uploads\/sites\/15\/2023\/05\/main_our-offices_mtl-office-building_2380x1500_v2.jpg\" \/>\n\t<meta property=\"og:image:width\" content=\"2380\" \/>\n\t<meta property=\"og:image:height\" content=\"1500\" \/>\n\t<meta property=\"og:image:type\" content=\"image\/jpeg\" \/>\n<meta name=\"twitter:card\" content=\"summary_large_image\" \/>\n<meta name=\"twitter:label1\" content=\"Dur\u00e9e de lecture estim\u00e9e\" \/>\n\t<meta name=\"twitter:data1\" content=\"1 minute\" \/>\n<script type=\"application\/ld+json\" class=\"yoast-schema-graph\">{\"@context\":\"https:\\\/\\\/schema.org\",\"@graph\":[{\"@type\":\"WebPage\",\"@id\":\"https:\\\/\\\/www.systra.com\\\/canada\\\/fr\\\/qui-nous-sommes\\\/gouvernance\\\/guillaume-genin\\\/\",\"url\":\"https:\\\/\\\/www.systra.com\\\/canada\\\/fr\\\/qui-nous-sommes\\\/gouvernance\\\/guillaume-genin\\\/\",\"name\":\"Guillaume Genin, Vice-pr\u00e9sident principal - Intercit\u00e9s et ferroviaire lourd - SYSTRA Canada\",\"isPartOf\":{\"@id\":\"https:\\\/\\\/www.systra.com\\\/canada\\\/#website\"},\"primaryImageOfPage\":{\"@id\":\"https:\\\/\\\/www.systra.com\\\/canada\\\/fr\\\/qui-nous-sommes\\\/gouvernance\\\/guillaume-genin\\\/#primaryimage\"},\"image\":{\"@id\":\"https:\\\/\\\/www.systra.com\\\/canada\\\/fr\\\/qui-nous-sommes\\\/gouvernance\\\/guillaume-genin\\\/#primaryimage\"},\"thumbnailUrl\":\"https:\\\/\\\/www.systra.com\\\/canada\\\/wp-content\\\/uploads\\\/sites\\\/15\\\/2023\\\/05\\\/main_our-offices_mtl-office-building_2380x1500_v2.jpg\",\"datePublished\":\"2023-05-09T19:00:11+00:00\",\"dateModified\":\"2023-07-19T21:08:12+00:00\",\"description\":\"SYSTRA Canada, consulting and engineering firm, world leader in public transport infrastructure engineering.\",\"breadcrumb\":{\"@id\":\"https:\\\/\\\/www.systra.com\\\/canada\\\/fr\\\/qui-nous-sommes\\\/gouvernance\\\/guillaume-genin\\\/#breadcrumb\"},\"inLanguage\":\"fr-FR\",\"potentialAction\":[{\"@type\":\"ReadAction\",\"target\":[\"https:\\\/\\\/www.systra.com\\\/canada\\\/fr\\\/qui-nous-sommes\\\/gouvernance\\\/guillaume-genin\\\/\"]}]},{\"@type\":\"ImageObject\",\"inLanguage\":\"fr-FR\",\"@id\":\"https:\\\/\\\/www.systra.com\\\/canada\\\/fr\\\/qui-nous-sommes\\\/gouvernance\\\/guillaume-genin\\\/#primaryimage\",\"url\":\"https:\\\/\\\/www.systra.com\\\/canada\\\/wp-content\\\/uploads\\\/sites\\\/15\\\/2023\\\/05\\\/main_our-offices_mtl-office-building_2380x1500_v2.jpg\",\"contentUrl\":\"https:\\\/\\\/www.systra.com\\\/canada\\\/wp-content\\\/uploads\\\/sites\\\/15\\\/2023\\\/05\\\/main_our-offices_mtl-office-building_2380x1500_v2.jpg\",\"width\":2380,\"height\":1500},{\"@type\":\"BreadcrumbList\",\"@id\":\"https:\\\/\\\/www.systra.com\\\/canada\\\/fr\\\/qui-nous-sommes\\\/gouvernance\\\/guillaume-genin\\\/#breadcrumb\",\"itemListElement\":[{\"@type\":\"ListItem\",\"position\":1,\"name\":\"Accueil\",\"item\":\"https:\\\/\\\/www.systra.com\\\/canada\\\/fr\\\/\"},{\"@type\":\"ListItem\",\"position\":2,\"name\":\"Qui nous sommes\",\"item\":\"https:\\\/\\\/www.systra.com\\\/canada\\\/fr\\\/qui-nous-sommes\\\/\"},{\"@type\":\"ListItem\",\"position\":3,\"name\":\"Gouvernance\",\"item\":\"https:\\\/\\\/www.systra.com\\\/canada\\\/fr\\\/qui-nous-sommes\\\/gouvernance\\\/\"},{\"@type\":\"ListItem\",\"position\":4,\"name\":\"Guillaume Genin, Vice-pr\u00e9sident principal &#8211; Intercit\u00e9s et ferroviaire lourd\"}]},{\"@type\":\"WebSite\",\"@id\":\"https:\\\/\\\/www.systra.com\\\/canada\\\/#website\",\"url\":\"https:\\\/\\\/www.systra.com\\\/canada\\\/\",\"name\":\"Canada\",\"description\":\"Un site utilisant Les sites de Systra\",\"potentialAction\":[{\"@type\":\"SearchAction\",\"target\":{\"@type\":\"EntryPoint\",\"urlTemplate\":\"https:\\\/\\\/www.systra.com\\\/canada\\\/?s={search_term_string}\"},\"query-input\":{\"@type\":\"PropertyValueSpecification\",\"valueRequired\":true,\"valueName\":\"search_term_string\"}}],\"inLanguage\":\"fr-FR\"}]}<\/script>\n<!-- \/ Yoast SEO Premium plugin. -->","yoast_head_json":{"title":"Guillaume Genin, Vice-pr\u00e9sident principal - Intercit\u00e9s et ferroviaire lourd - SYSTRA Canada","description":"SYSTRA Canada, consulting and engineering firm, world leader in public transport infrastructure engineering.","robots":{"index":"index","follow":"follow","max-snippet":"max-snippet:-1","max-image-preview":"max-image-preview:large","max-video-preview":"max-video-preview:-1"},"og_locale":"fr_FR","og_type":"article","og_title":"Guillaume Genin, Vice-pr\u00e9sident principal - Intercit\u00e9s et ferroviaire lourd","og_description":"SYSTRA Canada, consulting and engineering firm, world leader in public transport infrastructure engineering.","og_url":"https:\/\/www.systra.com\/canada\/fr\/qui-nous-sommes\/gouvernance\/guillaume-genin\/","og_site_name":"Canada","article_modified_time":"2023-07-19T21:08:12+00:00","og_image":[{"width":2380,"height":1500,"url":"https:\/\/www.systra.com\/canada\/wp-content\/uploads\/sites\/15\/2023\/05\/main_our-offices_mtl-office-building_2380x1500_v2.jpg","type":"image\/jpeg"}],"twitter_card":"summary_large_image","twitter_misc":{"Dur\u00e9e de lecture estim\u00e9e":"1 minute"},"schema":{"@context":"https:\/\/schema.org","@graph":[{"@type":"WebPage","@id":"https:\/\/www.systra.com\/canada\/fr\/qui-nous-sommes\/gouvernance\/guillaume-genin\/","url":"https:\/\/www.systra.com\/canada\/fr\/qui-nous-sommes\/gouvernance\/guillaume-genin\/","name":"Guillaume Genin, Vice-pr\u00e9sident principal - Intercit\u00e9s et ferroviaire lourd - SYSTRA Canada","isPartOf":{"@id":"https:\/\/www.systra.com\/canada\/#website"},"primaryImageOfPage":{"@id":"https:\/\/www.systra.com\/canada\/fr\/qui-nous-sommes\/gouvernance\/guillaume-genin\/#primaryimage"},"image":{"@id":"https:\/\/www.systra.com\/canada\/fr\/qui-nous-sommes\/gouvernance\/guillaume-genin\/#primaryimage"},"thumbnailUrl":"https:\/\/www.systra.com\/canada\/wp-content\/uploads\/sites\/15\/2023\/05\/main_our-offices_mtl-office-building_2380x1500_v2.jpg","datePublished":"2023-05-09T19:00:11+00:00","dateModified":"2023-07-19T21:08:12+00:00","description":"SYSTRA Canada, consulting and engineering firm, world leader in public transport infrastructure engineering.","breadcrumb":{"@id":"https:\/\/www.systra.com\/canada\/fr\/qui-nous-sommes\/gouvernance\/guillaume-genin\/#breadcrumb"},"inLanguage":"fr-FR","potentialAction":[{"@type":"ReadAction","target":["https:\/\/www.systra.com\/canada\/fr\/qui-nous-sommes\/gouvernance\/guillaume-genin\/"]}]},{"@type":"ImageObject","inLanguage":"fr-FR","@id":"https:\/\/www.systra.com\/canada\/fr\/qui-nous-sommes\/gouvernance\/guillaume-genin\/#primaryimage","url":"https:\/\/www.systra.com\/canada\/wp-content\/uploads\/sites\/15\/2023\/05\/main_our-offices_mtl-office-building_2380x1500_v2.jpg","contentUrl":"https:\/\/www.systra.com\/canada\/wp-content\/uploads\/sites\/15\/2023\/05\/main_our-offices_mtl-office-building_2380x1500_v2.jpg","width":2380,"height":1500},{"@type":"BreadcrumbList","@id":"https:\/\/www.systra.com\/canada\/fr\/qui-nous-sommes\/gouvernance\/guillaume-genin\/#breadcrumb","itemListElement":[{"@type":"ListItem","position":1,"name":"Accueil","item":"https:\/\/www.systra.com\/canada\/fr\/"},{"@type":"ListItem","position":2,"name":"Qui nous sommes","item":"https:\/\/www.systra.com\/canada\/fr\/qui-nous-sommes\/"},{"@type":"ListItem","position":3,"name":"Gouvernance","item":"https:\/\/www.systra.com\/canada\/fr\/qui-nous-sommes\/gouvernance\/"},{"@type":"ListItem","position":4,"name":"Guillaume Genin, Vice-pr\u00e9sident principal &#8211; Intercit\u00e9s et ferroviaire lourd"}]},{"@type":"WebSite","@id":"https:\/\/www.systra.com\/canada\/#website","url":"https:\/\/www.systra.com\/canada\/","name":"Canada","description":"Un site utilisant Les sites de Systra","potentialAction":[{"@type":"SearchAction","target":{"@type":"EntryPoint","urlTemplate":"https:\/\/www.systra.com\/canada\/?s={search_term_string}"},"query-input":{"@type":"PropertyValueSpecification","valueRequired":true,"valueName":"search_term_string"}}],"inLanguage":"fr-FR"}]}},"lang":"fr","translations":{"fr":2854,"en":1611},"pll_sync_post":[],"_links":{"self":[{"href":"https:\/\/www.systra.com\/canada\/wp-json\/wp\/v2\/pages\/2854","targetHints":{"allow":["GET"]}}],"collection":[{"href":"https:\/\/www.systra.com\/canada\/wp-json\/wp\/v2\/pages"}],"about":[{"href":"https:\/\/www.systra.com\/canada\/wp-json\/wp\/v2\/types\/page"}],"author":[{"embeddable":true,"href":"https:\/\/www.systra.com\/canada\/wp-json\/wp\/v2\/users\/66"}],"replies":[{"embeddable":true,"href":"https:\/\/www.systra.com\/canada\/wp-json\/wp\/v2\/comments?post=2854"}],"version-history":[{"count":7,"href":"https:\/\/www.systra.com\/canada\/wp-json\/wp\/v2\/pages\/2854\/revisions"}],"predecessor-version":[{"id":5622,"href":"https:\/\/www.systra.com\/canada\/wp-json\/wp\/v2\/pages\/2854\/revisions\/5622"}],"up":[{"embeddable":true,"href":"https:\/\/www.systra.com\/canada\/wp-json\/wp\/v2\/pages\/2821"}],"wp:featuredmedia":[{"embeddable":true,"href":"https:\/\/www.systra.com\/canada\/wp-json\/wp\/v2\/media\/2878"}],"wp:attachment":[{"href":"https:\/\/www.systra.com\/canada\/wp-json\/wp\/v2\/media?parent=2854"}],"curies":[{"name":"wp","href":"https:\/\/api.w.org\/{rel}","templated":true}]}}