{"id":2770,"date":"2023-05-09T16:10:18","date_gmt":"2023-05-09T14:10:18","guid":{"rendered":"https:\/\/www.systra.com\/canada\/?page_id=2770"},"modified":"2023-07-03T17:19:17","modified_gmt":"2023-07-03T15:19:17","slug":"responsabilite-sociale","status":"publish","type":"page","link":"https:\/\/www.systra.com\/canada\/fr\/engagements\/responsabilite-sociale\/","title":{"rendered":"Responsabilit\u00e9 Sociale"},"content":{"rendered":"\n<h2 class=\"wp-block-heading\" id=\"h-apporter-aux-communautes-des-solutions-de-transport-sures-et-durables\">APPORTER AUX COMMUNAUT\u00c9S DES SOLUTIONS DE TRANSPORT S\u00dbRES ET DURABLES<\/h2>\n\n\n\n<div style=\"height:70px\" aria-hidden=\"true\" class=\"wp-block-spacer\"><\/div>\n\n\n\n<div class=\"wp-block-media-text alignwide is-stacked-on-mobile is-image-fill\" style=\"grid-template-columns:27% auto\"><figure class=\"wp-block-media-text__media\" style=\"background-image:url(https:\/\/www.systra.com\/canada\/wp-content\/uploads\/2020\/07\/page-18-pierre-verzat_ra2018.jpg);background-position:51% 22%\"><img decoding=\"async\" src=\"https:\/\/www.systra.com\/canada\/wp-content\/uploads\/2020\/07\/page-18-pierre-verzat_ra2018.jpg\" alt=\"\" class=\"wp-image-1000001887 size-full\" srcset=\"https:\/\/www.systra.com\/canada\/wp-content\/uploads\/2020\/07\/page-18-pierre-verzat_ra2018.jpg 887w, https:\/\/www.systra.com\/canada\/wp-content\/uploads\/2020\/07\/page-18-pierre-verzat_ra2018-236x300.jpg 236w, https:\/\/www.systra.com\/canada\/wp-content\/uploads\/2020\/07\/page-18-pierre-verzat_ra2018-805x1024.jpg 805w, https:\/\/www.systra.com\/canada\/wp-content\/uploads\/2020\/07\/page-18-pierre-verzat_ra2018-768x978.jpg 768w, https:\/\/www.systra.com\/canada\/wp-content\/uploads\/2020\/07\/page-18-pierre-verzat_ra2018-474x603.jpg 474w, https:\/\/www.systra.com\/canada\/wp-content\/uploads\/2020\/07\/page-18-pierre-verzat_ra2018-800x1018.jpg 800w, https:\/\/www.systra.com\/canada\/wp-content\/uploads\/2020\/07\/page-18-pierre-verzat_ra2018-180x229.jpg 180w, https:\/\/www.systra.com\/canada\/wp-content\/uploads\/2020\/07\/page-18-pierre-verzat_ra2018-153x195.jpg 153w, https:\/\/www.systra.com\/canada\/wp-content\/uploads\/2020\/07\/page-18-pierre-verzat_ra2018-230x293.jpg 230w\" sizes=\"(max-width: 887px) 100vw, 887px\" \/><\/figure><div class=\"wp-block-media-text__content\">\n<blockquote class=\"wp-block-quote is-style-bg-pale-mauve is-layout-flow wp-block-quote-is-layout-flow\">\n<p>Nous sommes convaincus qu\u2019une entreprise ne peut cro\u00eetre de fa\u00e7on durable sans se sentir responsable de son impact sur la soci\u00e9t\u00e9, sur la plan\u00e8te&nbsp;; sans mettre au c\u0153ur de son activit\u00e9 le respect des personnes et des pratiques \u00e9thiques.<\/p>\n<cite>Pierre Verzat, Pr\u00e9sident du Directoire de SYSTRA<\/cite><\/blockquote>\n<\/div><\/div>\n\n\n\n<div style=\"height:70px\" aria-hidden=\"true\" class=\"wp-block-spacer\"><\/div>\n\n\n\n<p>Cette d\u00e9claration de Pierre Verzat r\u00e9sume les quatre objectifs de SYSTRA en mati\u00e8re de responsabilit\u00e9 soci\u00e9tale d\u2019entreprise (RSE)&nbsp;: <\/p>\n\n\n\n<ul class=\"wp-block-list\">\n<li>Exercer une influence positive sur la soci\u00e9t\u00e9&nbsp;; <\/li>\n\n\n\n<li>Pr\u00e9server l\u2019environnement&nbsp;; <\/li>\n\n\n\n<li>Prot\u00e9ger les personnes sous notre responsabilit\u00e9&nbsp;; <\/li>\n\n\n\n<li>Etre exemplaire en mati\u00e8re d\u2019\u00e9thique.<\/li>\n<\/ul>\n\n\n\n<div style=\"height:30px\" aria-hidden=\"true\" class=\"wp-block-spacer\"><\/div>\n\n\n\n<p>Notre mission est de fournir aux communaut\u00e9s des solutions de transport s\u00fbres et durables. Notre d\u00e9fi est de concevoir et de mettre en \u0153uvre les solutions de transport les plus s\u00fbres, les plus efficaces, les plus durables et les plus innovantes. Pour y parvenir, nous devons promouvoir une culture de conscience en prenant des d\u00e9cisions qui sont dans l&#8217;int\u00e9r\u00eat des parties prenantes, des clients et de la communaut\u00e9 locale.<\/p>\n\n\n\n<p>SYSTRA a int\u00e9gr\u00e9 sa responsabilit\u00e9 sociale directement dans sa politique g\u00e9n\u00e9rale, qui d\u00e9finit la mission, la vision et les engagements du groupe.<\/p>\n\n\n\n<div style=\"height:100px\" aria-hidden=\"true\" class=\"wp-block-spacer\"><\/div>\n\n\n\n<div class=\"wp-block-media-text has-media-on-the-right is-stacked-on-mobile is-image-fill\"><div class=\"wp-block-media-text__content\">\n<h3 class=\"wp-block-heading\">EXERCER UNE INFLUENCE POSITIVE SUR LA SOCI\u00c9T\u00c9<\/h3>\n\n\n\n<div style=\"height:20px\" aria-hidden=\"true\" class=\"wp-block-spacer\"><\/div>\n\n\n\n<p>Pour nous, la mobilit\u00e9 et le transport sont des facteurs d\u2019inclusion, qui favorisent la libert\u00e9 et la cr\u00e9ation d\u2019opportunit\u00e9s pour tous. Les projets que nous r\u00e9alisons contribuent \u00e0 am\u00e9liorer la vie des populations&nbsp;: \u00e0 la fois en rapprochant les individus les uns des autres, et en facilitant l\u2019acc\u00e8s de chacun \u00e0 l\u2019emploi, \u00e0 l\u2019instruction et aux loisirs.<\/p>\n\n\n\n<p>Nous agissons pour le d\u00e9veloppement local dans la mise en \u0153uvre des projets sur lesquels nous travaillons et donnons toujours la priorit\u00e9 aux populations que nous servons. Nous tenons compte, dans la mesure du possible, de l&#8217;impact social et politique de tous nos projets d&#8217;infrastructure.<\/p>\n<\/div><figure class=\"wp-block-media-text__media\" style=\"background-image:url(https:\/\/www.systra.com\/canada\/wp-content\/uploads\/2021\/07\/passants-paris-min-1024x683.jpg);background-position:50% 50%\"><img decoding=\"async\" src=\"https:\/\/www.systra.com\/canada\/wp-content\/uploads\/2021\/07\/passants-paris-min-1024x683.jpg\" alt=\"\" class=\"wp-image-1000003645638 size-full\" srcset=\"https:\/\/www.systra.com\/canada\/wp-content\/uploads\/2021\/07\/passants-paris-min-1024x683.jpg 1024w, https:\/\/www.systra.com\/canada\/wp-content\/uploads\/2021\/07\/passants-paris-min-300x200.jpg 300w, https:\/\/www.systra.com\/canada\/wp-content\/uploads\/2021\/07\/passants-paris-min-768x512.jpg 768w, https:\/\/www.systra.com\/canada\/wp-content\/uploads\/2021\/07\/passants-paris-min-1536x1024.jpg 1536w, https:\/\/www.systra.com\/canada\/wp-content\/uploads\/2021\/07\/passants-paris-min-2048x1365.jpg 2048w, https:\/\/www.systra.com\/canada\/wp-content\/uploads\/2021\/07\/passants-paris-min-375x250.jpg 375w, https:\/\/www.systra.com\/canada\/wp-content\/uploads\/2021\/07\/passants-paris-min-376x250.jpg 376w, https:\/\/www.systra.com\/canada\/wp-content\/uploads\/2021\/07\/passants-paris-min-474x316.jpg 474w, https:\/\/www.systra.com\/canada\/wp-content\/uploads\/2021\/07\/passants-paris-min-75x50.jpg 75w, https:\/\/www.systra.com\/canada\/wp-content\/uploads\/2021\/07\/passants-paris-min-1700x1133.jpg 1700w, https:\/\/www.systra.com\/canada\/wp-content\/uploads\/2021\/07\/passants-paris-min-1352x901.jpg 1352w, https:\/\/www.systra.com\/canada\/wp-content\/uploads\/2021\/07\/passants-paris-min-800x533.jpg 800w, https:\/\/www.systra.com\/canada\/wp-content\/uploads\/2021\/07\/passants-paris-min-180x120.jpg 180w, https:\/\/www.systra.com\/canada\/wp-content\/uploads\/2021\/07\/passants-paris-min-153x102.jpg 153w, https:\/\/www.systra.com\/canada\/wp-content\/uploads\/2021\/07\/passants-paris-min-230x153.jpg 230w\" sizes=\"(max-width: 1024px) 100vw, 1024px\" \/><\/figure><\/div>\n\n\n\n<div style=\"height:100px\" aria-hidden=\"true\" class=\"wp-block-spacer\"><\/div>\n\n\n\n<div class=\"wp-block-media-text is-stacked-on-mobile is-image-fill\"><figure class=\"wp-block-media-text__media\" style=\"background-image:url(https:\/\/www.systra.com\/canada\/wp-content\/uploads\/2020\/05\/environnement-1024x645.jpg);background-position:50% 50%\"><img decoding=\"async\" src=\"https:\/\/www.systra.com\/canada\/wp-content\/uploads\/2020\/05\/environnement-1024x645.jpg\" alt=\"\" class=\"wp-image-1000001313 size-full\" srcset=\"https:\/\/www.systra.com\/canada\/wp-content\/uploads\/2020\/05\/environnement-1024x645.jpg 1024w, https:\/\/www.systra.com\/canada\/wp-content\/uploads\/2020\/05\/environnement-300x189.jpg 300w, https:\/\/www.systra.com\/canada\/wp-content\/uploads\/2020\/05\/environnement-768x484.jpg 768w, https:\/\/www.systra.com\/canada\/wp-content\/uploads\/2020\/05\/environnement-1536x968.jpg 1536w, https:\/\/www.systra.com\/canada\/wp-content\/uploads\/2020\/05\/environnement-2048x1291.jpg 2048w, https:\/\/www.systra.com\/canada\/wp-content\/uploads\/2020\/05\/environnement-474x299.jpg 474w, https:\/\/www.systra.com\/canada\/wp-content\/uploads\/2020\/05\/environnement-1700x1071.jpg 1700w, https:\/\/www.systra.com\/canada\/wp-content\/uploads\/2020\/05\/environnement-1352x852.jpg 1352w, https:\/\/www.systra.com\/canada\/wp-content\/uploads\/2020\/05\/environnement-800x504.jpg 800w, https:\/\/www.systra.com\/canada\/wp-content\/uploads\/2020\/05\/environnement-180x113.jpg 180w, https:\/\/www.systra.com\/canada\/wp-content\/uploads\/2020\/05\/environnement-153x96.jpg 153w, https:\/\/www.systra.com\/canada\/wp-content\/uploads\/2020\/05\/environnement-230x145.jpg 230w\" sizes=\"(max-width: 1024px) 100vw, 1024px\" \/><\/figure><div class=\"wp-block-media-text__content\">\n<h3 class=\"wp-block-heading\">PR\u00c9SERVER L\u2019ENVIRONNEMENT<\/h3>\n\n\n\n<div style=\"height:20px\" aria-hidden=\"true\" class=\"wp-block-spacer\"><\/div>\n\n\n\n<p>Nous nous attachons \u00e0 d\u00e9velopper et promouvoir la durabilit\u00e9 pendant tout le cycle de vie de nos projets. Au-del\u00e0 du respect des normes et r\u00e9glementations en vigueur, nous cherchons \u00e0 prendre en compte les enjeux environnementaux d\u00e8s la phase amont. Nous mobilisons notre intelligence collective pour proposer des solutions techniques \u00e0 empreinte environnementale r\u00e9duite.<\/p>\n\n\n\n<p>Nous voulons \u00eatre exemplaires dans la gestion de l\u2019impact environnemental de nos propres sites et activit\u00e9s. Nous avons lanc\u00e9 un programme de formation de l\u2019ensemble de nos gestionnaires aux m\u00e9thodes de conception d\u2019infrastructures environnementales responsables. Nous d\u00e9veloppons nos activit\u00e9s de conseil dans le domaine de l\u2019environnement, afin de nous positionner comme un acteur innovant au service d\u2019une mobilit\u00e9 plus durable.<\/p>\n<\/div><\/div>\n\n\n\n<div style=\"height:100px\" aria-hidden=\"true\" class=\"wp-block-spacer\"><\/div>\n\n\n\n<div class=\"wp-block-media-text has-media-on-the-right is-stacked-on-mobile is-image-fill\"><div class=\"wp-block-media-text__content\">\n<h3 class=\"wp-block-heading\">prot\u00e9ger la population<\/h3>\n\n\n\n<div style=\"height:20px\" aria-hidden=\"true\" class=\"wp-block-spacer\"><\/div>\n\n\n\n<p>La sant\u00e9, la s\u00e9curit\u00e9 et la s\u00fbret\u00e9 du public, des acteurs du secteur des transports et de nos coll\u00e8gues est une v\u00e9ritable responsabilit\u00e9 morale ! Pour \u00eatre une entreprise de r\u00e9f\u00e9rence et contribuer \u00e0 un monde plus s\u00fbr, l&#8217;implication des managers est essentielle. C&#8217;est par leur engagement quotidien en mati\u00e8re de 3S, par leur capacit\u00e9 \u00e0 montrer l&#8217;exemple en ayant une &#8221; attitude s\u00e9curit\u00e9 &#8221; que tous nos coll\u00e8gues partageront ces valeurs communes. La s\u00e9curit\u00e9 est l&#8217;affaire de tous, et chacun s&#8217;engage \u00e0 la garantir au quotidien.<\/p>\n<\/div><figure class=\"wp-block-media-text__media\" style=\"background-image:url(https:\/\/www.systra.com\/canada\/wp-content\/uploads\/2021\/10\/header_safebybimv2-1024x654.png);background-position:50% 50%\"><img decoding=\"async\" src=\"https:\/\/www.systra.com\/canada\/wp-content\/uploads\/2021\/10\/header_safebybimv2-1024x654.png\" alt=\"\" class=\"wp-image-1000004673547 size-full\" srcset=\"https:\/\/www.systra.com\/canada\/wp-content\/uploads\/2021\/10\/header_safebybimv2-1024x654.png 1024w, https:\/\/www.systra.com\/canada\/wp-content\/uploads\/2021\/10\/header_safebybimv2-300x191.png 300w, https:\/\/www.systra.com\/canada\/wp-content\/uploads\/2021\/10\/header_safebybimv2-768x490.png 768w, https:\/\/www.systra.com\/canada\/wp-content\/uploads\/2021\/10\/header_safebybimv2-1536x980.png 1536w, https:\/\/www.systra.com\/canada\/wp-content\/uploads\/2021\/10\/header_safebybimv2-2048x1307.png 2048w, https:\/\/www.systra.com\/canada\/wp-content\/uploads\/2021\/10\/header_safebybimv2-474x303.png 474w, https:\/\/www.systra.com\/canada\/wp-content\/uploads\/2021\/10\/header_safebybimv2-1700x1085.png 1700w, https:\/\/www.systra.com\/canada\/wp-content\/uploads\/2021\/10\/header_safebybimv2-1352x863.png 1352w, https:\/\/www.systra.com\/canada\/wp-content\/uploads\/2021\/10\/header_safebybimv2-800x511.png 800w, https:\/\/www.systra.com\/canada\/wp-content\/uploads\/2021\/10\/header_safebybimv2-180x115.png 180w, https:\/\/www.systra.com\/canada\/wp-content\/uploads\/2021\/10\/header_safebybimv2-153x98.png 153w, https:\/\/www.systra.com\/canada\/wp-content\/uploads\/2021\/10\/header_safebybimv2-230x147.png 230w\" sizes=\"(max-width: 1024px) 100vw, 1024px\" \/><\/figure><\/div>\n\n\n\n<div style=\"height:100px\" aria-hidden=\"true\" class=\"wp-block-spacer\"><\/div>\n\n\n\n<div class=\"wp-block-media-text is-stacked-on-mobile is-image-fill\"><figure class=\"wp-block-media-text__media\" style=\"background-image:url(https:\/\/www.systra.com\/canada\/wp-content\/uploads\/sites\/15\/2023\/02\/artificial-intelligence-5268912-scaled.jpg);background-position:50% 50%\"><img loading=\"lazy\" decoding=\"async\" width=\"2560\" height=\"1603\" src=\"https:\/\/www.systra.com\/canada\/wp-content\/uploads\/sites\/15\/2023\/02\/artificial-intelligence-5268912-scaled.jpg\" alt=\"\" class=\"wp-image-239 size-full\" srcset=\"https:\/\/www.systra.com\/canada\/wp-content\/uploads\/sites\/15\/2023\/02\/artificial-intelligence-5268912-scaled.jpg 2560w, https:\/\/www.systra.com\/canada\/wp-content\/uploads\/sites\/15\/2023\/02\/artificial-intelligence-5268912-300x188.jpg 300w, https:\/\/www.systra.com\/canada\/wp-content\/uploads\/sites\/15\/2023\/02\/artificial-intelligence-5268912-1024x641.jpg 1024w, https:\/\/www.systra.com\/canada\/wp-content\/uploads\/sites\/15\/2023\/02\/artificial-intelligence-5268912-768x481.jpg 768w, https:\/\/www.systra.com\/canada\/wp-content\/uploads\/sites\/15\/2023\/02\/artificial-intelligence-5268912-1536x962.jpg 1536w, https:\/\/www.systra.com\/canada\/wp-content\/uploads\/sites\/15\/2023\/02\/artificial-intelligence-5268912-2048x1283.jpg 2048w, https:\/\/www.systra.com\/canada\/wp-content\/uploads\/sites\/15\/2023\/02\/artificial-intelligence-5268912-474x297.jpg 474w, https:\/\/www.systra.com\/canada\/wp-content\/uploads\/sites\/15\/2023\/02\/artificial-intelligence-5268912-1700x1065.jpg 1700w, https:\/\/www.systra.com\/canada\/wp-content\/uploads\/sites\/15\/2023\/02\/artificial-intelligence-5268912-1352x847.jpg 1352w, https:\/\/www.systra.com\/canada\/wp-content\/uploads\/sites\/15\/2023\/02\/artificial-intelligence-5268912-800x501.jpg 800w, https:\/\/www.systra.com\/canada\/wp-content\/uploads\/sites\/15\/2023\/02\/artificial-intelligence-5268912-180x113.jpg 180w, https:\/\/www.systra.com\/canada\/wp-content\/uploads\/sites\/15\/2023\/02\/artificial-intelligence-5268912-153x96.jpg 153w, https:\/\/www.systra.com\/canada\/wp-content\/uploads\/sites\/15\/2023\/02\/artificial-intelligence-5268912-230x144.jpg 230w\" sizes=\"auto, (max-width: 2560px) 100vw, 2560px\" \/><\/figure><div class=\"wp-block-media-text__content\">\n<h3 class=\"wp-block-heading\" id=\"h-exemplaire-en-matiere-d-ethique\">EXEMPLAIRE EN MATI\u00c8RE D\u2019\u00c9THIQUE<\/h3>\n\n\n\n<div style=\"height:20px\" aria-hidden=\"true\" class=\"wp-block-spacer\"><\/div>\n\n\n\n<p>L&#8217;\u00e9thique et la conformit\u00e9 font partie de notre ADN, et en tant que soci\u00e9t\u00e9 d&#8217;ing\u00e9nierie de r\u00e9f\u00e9rence, nous avons un r\u00f4le important \u00e0 jouer dans toutes nos activit\u00e9s pour contribuer \u00e0 un monde plus juste. C&#8217;est pourquoi l&#8217;approche de SYSTRA en mati\u00e8re d&#8217;\u00e9thique et de conformit\u00e9 va bien au-del\u00e0 des notions d&#8217;\u00e9valuation et de contr\u00f4le des risques.<\/p>\n\n\n\n<p>Nous avons mis en place un solide programme d&#8217;\u00e9thique, soutenu par une organisation internationale structur\u00e9e, qui aborde les sujets les plus pertinents des territoires dans lesquels nous op\u00e9rons. Cela nous permet de maintenir une rigueur absolue dans la lutte contre la corruption.<\/p>\n<\/div><\/div>\n\n\n\n<div style=\"height:100px\" aria-hidden=\"true\" class=\"wp-block-spacer\"><\/div>\n","protected":false},"excerpt":{"rendered":"<p>APPORTER AUX COMMUNAUT\u00c9S DES SOLUTIONS DE TRANSPORT S\u00dbRES ET DURABLES Cette d\u00e9claration de Pierre Verzat r\u00e9sume les quatre objectifs de SYSTRA en mati\u00e8re de responsabilit\u00e9 soci\u00e9tale d\u2019entreprise (RSE)&nbsp;: Notre mission est de fournir aux communaut\u00e9s des solutions de transport s\u00fbres et durables. Notre d\u00e9fi est de concevoir et de mettre en \u0153uvre les solutions de [&hellip;]<\/p>\n","protected":false},"author":66,"featured_media":2776,"parent":4752,"menu_order":0,"comment_status":"closed","ping_status":"closed","template":"","meta":{"_acf_changed":false,"_relevanssi_hide_post":"","_relevanssi_hide_content":"","_relevanssi_pin_for_all":"","_relevanssi_pin_keywords":"","_relevanssi_unpin_keywords":"","_relevanssi_related_keywords":"","_relevanssi_related_include_ids":"","_relevanssi_related_exclude_ids":"","_relevanssi_related_no_append":"","_relevanssi_related_not_related":"","_relevanssi_related_posts":"2982,2984,2978,2979,2985,2977","_relevanssi_noindex_reason":"","footnotes":""},"class_list":["post-2770","page","type-page","status-publish","has-post-thumbnail","hentry"],"acf":[],"yoast_head":"<!-- This site is optimized with the Yoast SEO Premium plugin v27.4 (Yoast SEO v27.4) - https:\/\/yoast.com\/product\/yoast-seo-premium-wordpress\/ -->\n<title>Responsabilit\u00e9 Sociale - SYSTRA Canada<\/title>\n<meta name=\"description\" content=\"SYSTRA Canada, consulting and engineering firm, world leader in public transport infrastructure engineering.\" \/>\n<meta name=\"robots\" content=\"index, follow, max-snippet:-1, max-image-preview:large, max-video-preview:-1\" \/>\n<meta property=\"og:locale\" content=\"fr_FR\" \/>\n<meta property=\"og:type\" content=\"article\" \/>\n<meta property=\"og:title\" content=\"Responsabilit\u00e9 Sociale\" \/>\n<meta property=\"og:description\" content=\"SYSTRA Canada, consulting and engineering firm, world leader in public transport infrastructure engineering.\" \/>\n<meta property=\"og:url\" content=\"https:\/\/www.systra.com\/canada\/fr\/engagements\/responsabilite-sociale\/\" \/>\n<meta property=\"og:site_name\" content=\"Canada\" \/>\n<meta property=\"article:modified_time\" content=\"2023-07-03T15:19:17+00:00\" \/>\n<meta property=\"og:image\" content=\"https:\/\/www.systra.com\/canada\/wp-content\/uploads\/sites\/15\/2023\/05\/main_corporate-social-responsibility_2380x1500-1024x645.png\" \/>\n\t<meta property=\"og:image:width\" content=\"1024\" \/>\n\t<meta property=\"og:image:height\" content=\"645\" \/>\n\t<meta property=\"og:image:type\" content=\"image\/png\" \/>\n<meta name=\"twitter:card\" content=\"summary_large_image\" \/>\n<meta name=\"twitter:label1\" content=\"Dur\u00e9e de lecture estim\u00e9e\" \/>\n\t<meta name=\"twitter:data1\" content=\"4 minutes\" \/>\n<script type=\"application\/ld+json\" class=\"yoast-schema-graph\">{\"@context\":\"https:\\\/\\\/schema.org\",\"@graph\":[{\"@type\":\"WebPage\",\"@id\":\"https:\\\/\\\/www.systra.com\\\/canada\\\/fr\\\/engagements\\\/responsabilite-sociale\\\/\",\"url\":\"https:\\\/\\\/www.systra.com\\\/canada\\\/fr\\\/engagements\\\/responsabilite-sociale\\\/\",\"name\":\"Responsabilit\u00e9 Sociale - SYSTRA Canada\",\"isPartOf\":{\"@id\":\"https:\\\/\\\/www.systra.com\\\/canada\\\/#website\"},\"primaryImageOfPage\":{\"@id\":\"https:\\\/\\\/www.systra.com\\\/canada\\\/fr\\\/engagements\\\/responsabilite-sociale\\\/#primaryimage\"},\"image\":{\"@id\":\"https:\\\/\\\/www.systra.com\\\/canada\\\/fr\\\/engagements\\\/responsabilite-sociale\\\/#primaryimage\"},\"thumbnailUrl\":\"https:\\\/\\\/www.systra.com\\\/canada\\\/wp-content\\\/uploads\\\/sites\\\/15\\\/2023\\\/05\\\/main_corporate-social-responsibility_2380x1500.png\",\"datePublished\":\"2023-05-09T14:10:18+00:00\",\"dateModified\":\"2023-07-03T15:19:17+00:00\",\"description\":\"SYSTRA Canada, consulting and engineering firm, world leader in public transport infrastructure engineering.\",\"breadcrumb\":{\"@id\":\"https:\\\/\\\/www.systra.com\\\/canada\\\/fr\\\/engagements\\\/responsabilite-sociale\\\/#breadcrumb\"},\"inLanguage\":\"fr-FR\",\"potentialAction\":[{\"@type\":\"ReadAction\",\"target\":[\"https:\\\/\\\/www.systra.com\\\/canada\\\/fr\\\/engagements\\\/responsabilite-sociale\\\/\"]}]},{\"@type\":\"ImageObject\",\"inLanguage\":\"fr-FR\",\"@id\":\"https:\\\/\\\/www.systra.com\\\/canada\\\/fr\\\/engagements\\\/responsabilite-sociale\\\/#primaryimage\",\"url\":\"https:\\\/\\\/www.systra.com\\\/canada\\\/wp-content\\\/uploads\\\/sites\\\/15\\\/2023\\\/05\\\/main_corporate-social-responsibility_2380x1500.png\",\"contentUrl\":\"https:\\\/\\\/www.systra.com\\\/canada\\\/wp-content\\\/uploads\\\/sites\\\/15\\\/2023\\\/05\\\/main_corporate-social-responsibility_2380x1500.png\",\"width\":2380,\"height\":1500},{\"@type\":\"BreadcrumbList\",\"@id\":\"https:\\\/\\\/www.systra.com\\\/canada\\\/fr\\\/engagements\\\/responsabilite-sociale\\\/#breadcrumb\",\"itemListElement\":[{\"@type\":\"ListItem\",\"position\":1,\"name\":\"Accueil\",\"item\":\"https:\\\/\\\/www.systra.com\\\/canada\\\/fr\\\/\"},{\"@type\":\"ListItem\",\"position\":2,\"name\":\"Engagements\",\"item\":\"https:\\\/\\\/www.systra.com\\\/canada\\\/fr\\\/engagements\\\/\"},{\"@type\":\"ListItem\",\"position\":3,\"name\":\"Responsabilit\u00e9 Sociale\"}]},{\"@type\":\"WebSite\",\"@id\":\"https:\\\/\\\/www.systra.com\\\/canada\\\/#website\",\"url\":\"https:\\\/\\\/www.systra.com\\\/canada\\\/\",\"name\":\"Canada\",\"description\":\"Un site utilisant Les sites de Systra\",\"potentialAction\":[{\"@type\":\"SearchAction\",\"target\":{\"@type\":\"EntryPoint\",\"urlTemplate\":\"https:\\\/\\\/www.systra.com\\\/canada\\\/?s={search_term_string}\"},\"query-input\":{\"@type\":\"PropertyValueSpecification\",\"valueRequired\":true,\"valueName\":\"search_term_string\"}}],\"inLanguage\":\"fr-FR\"}]}<\/script>\n<!-- \/ Yoast SEO Premium plugin. -->","yoast_head_json":{"title":"Responsabilit\u00e9 Sociale - SYSTRA Canada","description":"SYSTRA Canada, consulting and engineering firm, world leader in public transport infrastructure engineering.","robots":{"index":"index","follow":"follow","max-snippet":"max-snippet:-1","max-image-preview":"max-image-preview:large","max-video-preview":"max-video-preview:-1"},"og_locale":"fr_FR","og_type":"article","og_title":"Responsabilit\u00e9 Sociale","og_description":"SYSTRA Canada, consulting and engineering firm, world leader in public transport infrastructure engineering.","og_url":"https:\/\/www.systra.com\/canada\/fr\/engagements\/responsabilite-sociale\/","og_site_name":"Canada","article_modified_time":"2023-07-03T15:19:17+00:00","og_image":[{"width":1024,"height":645,"url":"https:\/\/www.systra.com\/canada\/wp-content\/uploads\/sites\/15\/2023\/05\/main_corporate-social-responsibility_2380x1500-1024x645.png","type":"image\/png"}],"twitter_card":"summary_large_image","twitter_misc":{"Dur\u00e9e de lecture estim\u00e9e":"4 minutes"},"schema":{"@context":"https:\/\/schema.org","@graph":[{"@type":"WebPage","@id":"https:\/\/www.systra.com\/canada\/fr\/engagements\/responsabilite-sociale\/","url":"https:\/\/www.systra.com\/canada\/fr\/engagements\/responsabilite-sociale\/","name":"Responsabilit\u00e9 Sociale - SYSTRA Canada","isPartOf":{"@id":"https:\/\/www.systra.com\/canada\/#website"},"primaryImageOfPage":{"@id":"https:\/\/www.systra.com\/canada\/fr\/engagements\/responsabilite-sociale\/#primaryimage"},"image":{"@id":"https:\/\/www.systra.com\/canada\/fr\/engagements\/responsabilite-sociale\/#primaryimage"},"thumbnailUrl":"https:\/\/www.systra.com\/canada\/wp-content\/uploads\/sites\/15\/2023\/05\/main_corporate-social-responsibility_2380x1500.png","datePublished":"2023-05-09T14:10:18+00:00","dateModified":"2023-07-03T15:19:17+00:00","description":"SYSTRA Canada, consulting and engineering firm, world leader in public transport infrastructure engineering.","breadcrumb":{"@id":"https:\/\/www.systra.com\/canada\/fr\/engagements\/responsabilite-sociale\/#breadcrumb"},"inLanguage":"fr-FR","potentialAction":[{"@type":"ReadAction","target":["https:\/\/www.systra.com\/canada\/fr\/engagements\/responsabilite-sociale\/"]}]},{"@type":"ImageObject","inLanguage":"fr-FR","@id":"https:\/\/www.systra.com\/canada\/fr\/engagements\/responsabilite-sociale\/#primaryimage","url":"https:\/\/www.systra.com\/canada\/wp-content\/uploads\/sites\/15\/2023\/05\/main_corporate-social-responsibility_2380x1500.png","contentUrl":"https:\/\/www.systra.com\/canada\/wp-content\/uploads\/sites\/15\/2023\/05\/main_corporate-social-responsibility_2380x1500.png","width":2380,"height":1500},{"@type":"BreadcrumbList","@id":"https:\/\/www.systra.com\/canada\/fr\/engagements\/responsabilite-sociale\/#breadcrumb","itemListElement":[{"@type":"ListItem","position":1,"name":"Accueil","item":"https:\/\/www.systra.com\/canada\/fr\/"},{"@type":"ListItem","position":2,"name":"Engagements","item":"https:\/\/www.systra.com\/canada\/fr\/engagements\/"},{"@type":"ListItem","position":3,"name":"Responsabilit\u00e9 Sociale"}]},{"@type":"WebSite","@id":"https:\/\/www.systra.com\/canada\/#website","url":"https:\/\/www.systra.com\/canada\/","name":"Canada","description":"Un site utilisant Les sites de Systra","potentialAction":[{"@type":"SearchAction","target":{"@type":"EntryPoint","urlTemplate":"https:\/\/www.systra.com\/canada\/?s={search_term_string}"},"query-input":{"@type":"PropertyValueSpecification","valueRequired":true,"valueName":"search_term_string"}}],"inLanguage":"fr-FR"}]}},"lang":"fr","translations":{"fr":2770,"en":336},"pll_sync_post":[],"_links":{"self":[{"href":"https:\/\/www.systra.com\/canada\/wp-json\/wp\/v2\/pages\/2770","targetHints":{"allow":["GET"]}}],"collection":[{"href":"https:\/\/www.systra.com\/canada\/wp-json\/wp\/v2\/pages"}],"about":[{"href":"https:\/\/www.systra.com\/canada\/wp-json\/wp\/v2\/types\/page"}],"author":[{"embeddable":true,"href":"https:\/\/www.systra.com\/canada\/wp-json\/wp\/v2\/users\/66"}],"replies":[{"embeddable":true,"href":"https:\/\/www.systra.com\/canada\/wp-json\/wp\/v2\/comments?post=2770"}],"version-history":[{"count":11,"href":"https:\/\/www.systra.com\/canada\/wp-json\/wp\/v2\/pages\/2770\/revisions"}],"predecessor-version":[{"id":5168,"href":"https:\/\/www.systra.com\/canada\/wp-json\/wp\/v2\/pages\/2770\/revisions\/5168"}],"up":[{"embeddable":true,"href":"https:\/\/www.systra.com\/canada\/wp-json\/wp\/v2\/pages\/4752"}],"wp:featuredmedia":[{"embeddable":true,"href":"https:\/\/www.systra.com\/canada\/wp-json\/wp\/v2\/media\/2776"}],"wp:attachment":[{"href":"https:\/\/www.systra.com\/canada\/wp-json\/wp\/v2\/media?parent=2770"}],"curies":[{"name":"wp","href":"https:\/\/api.w.org\/{rel}","templated":true}]}}