{"id":192,"date":"2020-09-04T11:47:09","date_gmt":"2020-09-04T09:47:09","guid":{"rendered":"https:\/\/www.systra.com\/canada\/vision\/"},"modified":"2023-07-05T14:54:16","modified_gmt":"2023-07-05T12:54:16","slug":"vision","status":"publish","type":"page","link":"https:\/\/www.systra.com\/canada\/fr\/qui-nous-sommes\/vision\/","title":{"rendered":"Vision"},"content":{"rendered":"\n<h2 class=\"wp-block-heading\" id=\"h-la-confiance-transporte-le-monde\">LA CONFIANCE TRANSPORTE LE MONDE<\/h2>\n\n\n\n<div style=\"height:70px\" aria-hidden=\"true\" class=\"wp-block-spacer\"><\/div>\n\n\n\n<div class=\"wp-block-group alignwide has-blanc-color has-lipstick-background-color has-text-color has-background\"><div class=\"wp-block-group__inner-container is-layout-flow wp-block-group-is-layout-flow\">\n<div style=\"height:50px\" aria-hidden=\"true\" class=\"wp-block-spacer\"><\/div>\n\n\n\n<p class=\"has-text-align-center has-blanc-color has-text-color\"><strong>Chez SYSTRA ,<\/strong><br><br><strong><strong>Travailler sur le trac\u00e9 d\u2019une ligne nouvelle<\/strong><\/strong>,<strong><br><\/strong>c\u2019est ouvrir la voie \u00e0 des milliers de passagers,<br><br><strong><strong>Livrer un pont d\u2019une grande technicit\u00e9<\/strong><\/strong>,<strong><br><\/strong>c\u2019est faire rayonner un territoire,<br><br><strong><strong>Concevoir le r\u00e9seau de m\u00e9tro automatique d\u2019une m\u00e9tropole,<\/strong><br><\/strong>c\u2019est orchestrer la collaboration de tous les acteurs cl\u00e9s d\u2019un projet,<br><br><strong><strong><strong>Mettre en place des signalisations ferroviaires de derni\u00e8re g\u00e9n\u00e9ration,<\/strong><\/strong><\/strong><br>c\u2019est contribuer \u00e0 un transport plus s\u00fbr,<br><br><strong><strong><strong>Inclure l\u2019\u00e9coconception au c\u0153ur de nos projets<\/strong><\/strong><\/strong>,<strong><br><\/strong>c\u2019est faire \u00e9merger une mobilit\u00e9 plus durable.<br><br><strong>Penser les transports de demain,<br><\/strong>c\u2019est projeter l\u2019offre de mobilit\u00e9 pour les d\u00e9cennies \u00e0 venir.<\/p>\n\n\n\n<hr class=\"wp-block-separator has-text-color has-blanc-color has-css-opacity has-blanc-background-color has-background\"\/>\n\n\n\n<p class=\"has-text-align-center has-blanc-color has-text-color\">Toutes ces performances techniques et technologiques sont d\u00e9velopp\u00e9es pour nos clients par des femmes et des hommes qui partagent les m\u00eames valeurs : une exigence permanente pour l\u2019excellence, la richesse du travail en \u00e9quipe et la singularit\u00e9 par l\u2019audace. Depuis nos centres d\u2019expertise dans le monde entier, ils conseillent, con\u00e7oivent et construisent de nouvelles mobilit\u00e9s pour faire de SYSTRA la signature de r\u00e9f\u00e9rence pour les solutions de transport.&nbsp;<strong>Pour que chacun puisse avancer \u00e0 sa fa\u00e7on<strong>.<\/strong><\/strong><\/p>\n\n\n\n<div style=\"height:70px\" aria-hidden=\"true\" class=\"wp-block-spacer\"><\/div>\n<\/div><\/div>\n\n\n\n<div style=\"height:70px\" aria-hidden=\"true\" class=\"wp-block-spacer\"><\/div>\n\n\n\n<div class=\"wp-block-media-text alignwide is-image-fill has-background has-pale-mauve-background-color\"><figure class=\"wp-block-media-text__media\" style=\"background-image:url(https:\/\/www.systra.com\/canada\/wp-content\/uploads\/sites\/15\/2023\/02\/main_ambition-values_high-speed_2380x1500-1024x645.jpg);background-position:50% 50%\"><img loading=\"lazy\" decoding=\"async\" width=\"1024\" height=\"645\" src=\"https:\/\/www.systra.com\/canada\/wp-content\/uploads\/sites\/15\/2023\/02\/main_ambition-values_high-speed_2380x1500-1024x645.jpg\" alt=\"\" class=\"wp-image-187 size-full\" srcset=\"https:\/\/www.systra.com\/canada\/wp-content\/uploads\/sites\/15\/2023\/02\/main_ambition-values_high-speed_2380x1500-1024x645.jpg 1024w, https:\/\/www.systra.com\/canada\/wp-content\/uploads\/sites\/15\/2023\/02\/main_ambition-values_high-speed_2380x1500-300x189.jpg 300w, https:\/\/www.systra.com\/canada\/wp-content\/uploads\/sites\/15\/2023\/02\/main_ambition-values_high-speed_2380x1500-768x484.jpg 768w, https:\/\/www.systra.com\/canada\/wp-content\/uploads\/sites\/15\/2023\/02\/main_ambition-values_high-speed_2380x1500-1536x968.jpg 1536w, https:\/\/www.systra.com\/canada\/wp-content\/uploads\/sites\/15\/2023\/02\/main_ambition-values_high-speed_2380x1500-2048x1291.jpg 2048w, https:\/\/www.systra.com\/canada\/wp-content\/uploads\/sites\/15\/2023\/02\/main_ambition-values_high-speed_2380x1500-474x299.jpg 474w, https:\/\/www.systra.com\/canada\/wp-content\/uploads\/sites\/15\/2023\/02\/main_ambition-values_high-speed_2380x1500-1700x1071.jpg 1700w, https:\/\/www.systra.com\/canada\/wp-content\/uploads\/sites\/15\/2023\/02\/main_ambition-values_high-speed_2380x1500-1352x852.jpg 1352w, https:\/\/www.systra.com\/canada\/wp-content\/uploads\/sites\/15\/2023\/02\/main_ambition-values_high-speed_2380x1500-800x504.jpg 800w, https:\/\/www.systra.com\/canada\/wp-content\/uploads\/sites\/15\/2023\/02\/main_ambition-values_high-speed_2380x1500-180x113.jpg 180w, https:\/\/www.systra.com\/canada\/wp-content\/uploads\/sites\/15\/2023\/02\/main_ambition-values_high-speed_2380x1500-153x96.jpg 153w, https:\/\/www.systra.com\/canada\/wp-content\/uploads\/sites\/15\/2023\/02\/main_ambition-values_high-speed_2380x1500-230x145.jpg 230w\" sizes=\"auto, (max-width: 1024px) 100vw, 1024px\" \/><\/figure><div class=\"wp-block-media-text__content\">\n<p class=\"has-text-align-center has-normal-font-size\">Notre ambition est d\u2019\u00eatre la signature de r\u00e9f\u00e9rence pour les solutions de transport.<\/p>\n\n\n\n<div class=\"wp-block-button aligncenter\"><a class=\"wp-block-button__link has-blanc-color has-light-eggplant-background-color has-text-color has-background wp-element-button\" href=\"https:\/\/www.systra.com\/canada\/fr\/qui-nous-sommes\/ambition-et-valeurs\/\">AMBITION ET VALEURS<\/a><\/div>\n<\/div><\/div>\n\n\n\n<div style=\"height:50px\" aria-hidden=\"true\" class=\"wp-block-spacer\"><\/div>\n\n\n\n<div class=\"wp-block-media-text alignwide has-media-on-the-right is-stacked-on-mobile is-image-fill has-background has-pale-mauve-background-color\"><div class=\"wp-block-media-text__content\">\n<p class=\"has-text-align-center has-normal-font-size\">S\u00e9curit\u00e9, environnement, \u00e9thique. <br>Ces engagements sont le socle de nos actions au quotidien.<\/p>\n\n\n\n<div class=\"wp-block-button aligncenter is-style-fill\"><a class=\"wp-block-button__link has-blanc-color has-light-eggplant-background-color has-text-color has-background wp-element-button\" href=\"https:\/\/www.systra.com\/canada\/fr\/engagements\/\">ENGAGEMENTS<\/a><\/div>\n<\/div><figure class=\"wp-block-media-text__media\" style=\"background-image:url(https:\/\/www.systra.com\/canada\/wp-content\/uploads\/sites\/15\/2023\/06\/commitments_main_2380x1500_lovepik_com-500427484-1024x645.jpg);background-position:50% 50%\"><img loading=\"lazy\" decoding=\"async\" width=\"1024\" height=\"645\" src=\"https:\/\/www.systra.com\/canada\/wp-content\/uploads\/sites\/15\/2023\/06\/commitments_main_2380x1500_lovepik_com-500427484-1024x645.jpg\" alt=\"\" class=\"wp-image-4737 size-full\" srcset=\"https:\/\/www.systra.com\/canada\/wp-content\/uploads\/sites\/15\/2023\/06\/commitments_main_2380x1500_lovepik_com-500427484-1024x645.jpg 1024w, https:\/\/www.systra.com\/canada\/wp-content\/uploads\/sites\/15\/2023\/06\/commitments_main_2380x1500_lovepik_com-500427484-300x189.jpg 300w, https:\/\/www.systra.com\/canada\/wp-content\/uploads\/sites\/15\/2023\/06\/commitments_main_2380x1500_lovepik_com-500427484-768x484.jpg 768w, https:\/\/www.systra.com\/canada\/wp-content\/uploads\/sites\/15\/2023\/06\/commitments_main_2380x1500_lovepik_com-500427484-1536x968.jpg 1536w, https:\/\/www.systra.com\/canada\/wp-content\/uploads\/sites\/15\/2023\/06\/commitments_main_2380x1500_lovepik_com-500427484-2048x1291.jpg 2048w, https:\/\/www.systra.com\/canada\/wp-content\/uploads\/sites\/15\/2023\/06\/commitments_main_2380x1500_lovepik_com-500427484-474x299.jpg 474w, https:\/\/www.systra.com\/canada\/wp-content\/uploads\/sites\/15\/2023\/06\/commitments_main_2380x1500_lovepik_com-500427484-1700x1071.jpg 1700w, https:\/\/www.systra.com\/canada\/wp-content\/uploads\/sites\/15\/2023\/06\/commitments_main_2380x1500_lovepik_com-500427484-1352x852.jpg 1352w, https:\/\/www.systra.com\/canada\/wp-content\/uploads\/sites\/15\/2023\/06\/commitments_main_2380x1500_lovepik_com-500427484-800x504.jpg 800w, https:\/\/www.systra.com\/canada\/wp-content\/uploads\/sites\/15\/2023\/06\/commitments_main_2380x1500_lovepik_com-500427484-180x113.jpg 180w, https:\/\/www.systra.com\/canada\/wp-content\/uploads\/sites\/15\/2023\/06\/commitments_main_2380x1500_lovepik_com-500427484-153x96.jpg 153w, https:\/\/www.systra.com\/canada\/wp-content\/uploads\/sites\/15\/2023\/06\/commitments_main_2380x1500_lovepik_com-500427484-230x145.jpg 230w\" sizes=\"auto, (max-width: 1024px) 100vw, 1024px\" \/><\/figure><\/div>\n\n\n\n<div style=\"height:50px\" aria-hidden=\"true\" class=\"wp-block-spacer\"><\/div>\n\n\n\n<div class=\"wp-block-media-text alignwide is-image-fill has-background has-pale-mauve-background-color\"><figure class=\"wp-block-media-text__media\" style=\"background-image:url(https:\/\/www.systra.com\/wp-content\/uploads\/2020\/07\/bandeau_dev_durablev2-1024x645.jpg);background-position:52% 100%\"><img decoding=\"async\" src=\"https:\/\/www.systra.com\/wp-content\/uploads\/2020\/07\/bandeau_dev_durablev2-1024x645.jpg\" alt=\"\" class=\"wp-image-1881 size-full\"\/><\/figure><div class=\"wp-block-media-text__content\">\n<p class=\"has-text-align-center has-normal-font-size\">En tant qu\u2019ing\u00e9nierie des transports et de la mobilit\u00e9, nous avons un immense r\u00f4le \u00e0 jouer en mati\u00e8re de d\u00e9veloppement durable, dans toutes ses composantes.<\/p>\n\n\n\n<div class=\"wp-block-button aligncenter\"><a class=\"wp-block-button__link has-blanc-color has-light-eggplant-background-color has-text-color has-background wp-element-button\" href=\"https:\/\/www.systra.com\/canada\/fr\/developpement-durable\/\">D\u00c9VELOPPEMENT DURABLE<\/a><\/div>\n<\/div><\/div>\n\n\n\n<div style=\"height:50px\" aria-hidden=\"true\" class=\"wp-block-spacer\"><\/div>\n\n\n\n<div class=\"wp-block-media-text alignwide has-media-on-the-right is-image-fill has-background has-pale-mauve-background-color\"><div class=\"wp-block-media-text__content\">\n<p class=\"has-text-align-center has-normal-font-size\">Nos \u00e9quipes innovent avec passion depuis 65 ans.<br>Vision prospective et m\u00e9thodes disruptives sont au c\u0153ur de notre ADN.<\/p>\n\n\n\n<div class=\"wp-block-button aligncenter\"><a class=\"wp-block-button__link has-blanc-color has-light-eggplant-background-color has-text-color has-background wp-element-button\" href=\"https:\/\/www.systra.com\/canada\/fr\/qui-nous-sommes\/innovation\/\">Innovation<\/a><\/div>\n<\/div><figure class=\"wp-block-media-text__media\" style=\"background-image:url(https:\/\/www.systra.com\/wp-content\/uploads\/2020\/07\/innovation_1-1024x682.jpg);background-position:50% 50%\"><img decoding=\"async\" src=\"https:\/\/www.systra.com\/wp-content\/uploads\/2020\/07\/innovation_1-1024x682.jpg\" alt=\"\" class=\"wp-image-2643 size-full\"\/><\/figure><\/div>\n\n\n\n<p><\/p>\n","protected":false},"excerpt":{"rendered":"<p>LA CONFIANCE TRANSPORTE LE MONDE Chez SYSTRA , Travailler sur le trac\u00e9 d\u2019une ligne nouvelle,c\u2019est ouvrir la voie \u00e0 des milliers de passagers, Livrer un pont d\u2019une grande technicit\u00e9,c\u2019est faire rayonner un territoire, Concevoir le r\u00e9seau de m\u00e9tro automatique d\u2019une m\u00e9tropole,c\u2019est orchestrer la collaboration de tous les acteurs cl\u00e9s d\u2019un projet, Mettre en place des [&hellip;]<\/p>\n","protected":false},"author":65,"featured_media":195,"parent":52,"menu_order":0,"comment_status":"closed","ping_status":"closed","template":"","meta":{"_acf_changed":false,"_relevanssi_hide_post":"","_relevanssi_hide_content":"","_relevanssi_pin_for_all":"","_relevanssi_pin_keywords":"","_relevanssi_unpin_keywords":"","_relevanssi_related_keywords":"","_relevanssi_related_include_ids":"","_relevanssi_related_exclude_ids":"","_relevanssi_related_no_append":"","_relevanssi_related_not_related":"","_relevanssi_related_posts":"1","_relevanssi_noindex_reason":"","footnotes":""},"class_list":["post-192","page","type-page","status-publish","has-post-thumbnail","hentry"],"acf":[],"yoast_head":"<!-- This site is optimized with the Yoast SEO Premium plugin v27.4 (Yoast SEO v27.4) - https:\/\/yoast.com\/product\/yoast-seo-premium-wordpress\/ -->\n<title>Vision - SYSTRA Canada<\/title>\n<meta name=\"description\" content=\"SYSTRA Canada, consulting and engineering firm, world leader in public transport infrastructure engineering.\" \/>\n<meta name=\"robots\" content=\"index, follow, max-snippet:-1, max-image-preview:large, max-video-preview:-1\" \/>\n<meta property=\"og:locale\" content=\"fr_FR\" \/>\n<meta property=\"og:type\" content=\"article\" \/>\n<meta property=\"og:title\" content=\"Vision\" \/>\n<meta property=\"og:description\" content=\"SYSTRA Canada, consulting and engineering firm, world leader in public transport infrastructure engineering.\" \/>\n<meta property=\"og:url\" content=\"https:\/\/www.systra.com\/canada\/fr\/qui-nous-sommes\/vision\/\" \/>\n<meta property=\"og:site_name\" content=\"Canada\" \/>\n<meta property=\"article:modified_time\" content=\"2023-07-05T12:54:16+00:00\" \/>\n<meta property=\"og:image\" content=\"https:\/\/www.systra.com\/canada\/wp-content\/uploads\/sites\/15\/2023\/02\/main_vision_railway_2380x1500.jpg\" \/>\n\t<meta property=\"og:image:width\" content=\"2380\" \/>\n\t<meta property=\"og:image:height\" content=\"1500\" \/>\n\t<meta property=\"og:image:type\" content=\"image\/jpeg\" \/>\n<meta name=\"twitter:card\" content=\"summary_large_image\" \/>\n<meta name=\"twitter:label1\" content=\"Dur\u00e9e de lecture estim\u00e9e\" \/>\n\t<meta name=\"twitter:data1\" content=\"2 minutes\" \/>\n<script type=\"application\/ld+json\" class=\"yoast-schema-graph\">{\"@context\":\"https:\\\/\\\/schema.org\",\"@graph\":[{\"@type\":\"WebPage\",\"@id\":\"https:\\\/\\\/www.systra.com\\\/canada\\\/fr\\\/qui-nous-sommes\\\/vision\\\/\",\"url\":\"https:\\\/\\\/www.systra.com\\\/canada\\\/fr\\\/qui-nous-sommes\\\/vision\\\/\",\"name\":\"Vision - SYSTRA Canada\",\"isPartOf\":{\"@id\":\"https:\\\/\\\/www.systra.com\\\/canada\\\/#website\"},\"primaryImageOfPage\":{\"@id\":\"https:\\\/\\\/www.systra.com\\\/canada\\\/fr\\\/qui-nous-sommes\\\/vision\\\/#primaryimage\"},\"image\":{\"@id\":\"https:\\\/\\\/www.systra.com\\\/canada\\\/fr\\\/qui-nous-sommes\\\/vision\\\/#primaryimage\"},\"thumbnailUrl\":\"https:\\\/\\\/www.systra.com\\\/canada\\\/wp-content\\\/uploads\\\/sites\\\/15\\\/2023\\\/02\\\/main_vision_railway_2380x1500.jpg\",\"datePublished\":\"2020-09-04T09:47:09+00:00\",\"dateModified\":\"2023-07-05T12:54:16+00:00\",\"description\":\"SYSTRA Canada, consulting and engineering firm, world leader in public transport infrastructure engineering.\",\"breadcrumb\":{\"@id\":\"https:\\\/\\\/www.systra.com\\\/canada\\\/fr\\\/qui-nous-sommes\\\/vision\\\/#breadcrumb\"},\"inLanguage\":\"fr-FR\",\"potentialAction\":[{\"@type\":\"ReadAction\",\"target\":[\"https:\\\/\\\/www.systra.com\\\/canada\\\/fr\\\/qui-nous-sommes\\\/vision\\\/\"]}]},{\"@type\":\"ImageObject\",\"inLanguage\":\"fr-FR\",\"@id\":\"https:\\\/\\\/www.systra.com\\\/canada\\\/fr\\\/qui-nous-sommes\\\/vision\\\/#primaryimage\",\"url\":\"https:\\\/\\\/www.systra.com\\\/canada\\\/wp-content\\\/uploads\\\/sites\\\/15\\\/2023\\\/02\\\/main_vision_railway_2380x1500.jpg\",\"contentUrl\":\"https:\\\/\\\/www.systra.com\\\/canada\\\/wp-content\\\/uploads\\\/sites\\\/15\\\/2023\\\/02\\\/main_vision_railway_2380x1500.jpg\",\"width\":2380,\"height\":1500},{\"@type\":\"BreadcrumbList\",\"@id\":\"https:\\\/\\\/www.systra.com\\\/canada\\\/fr\\\/qui-nous-sommes\\\/vision\\\/#breadcrumb\",\"itemListElement\":[{\"@type\":\"ListItem\",\"position\":1,\"name\":\"Accueil\",\"item\":\"https:\\\/\\\/www.systra.com\\\/canada\\\/fr\\\/\"},{\"@type\":\"ListItem\",\"position\":2,\"name\":\"Qui nous sommes\",\"item\":\"https:\\\/\\\/www.systra.com\\\/canada\\\/fr\\\/qui-nous-sommes\\\/\"},{\"@type\":\"ListItem\",\"position\":3,\"name\":\"Vision\"}]},{\"@type\":\"WebSite\",\"@id\":\"https:\\\/\\\/www.systra.com\\\/canada\\\/#website\",\"url\":\"https:\\\/\\\/www.systra.com\\\/canada\\\/\",\"name\":\"Canada\",\"description\":\"Un site utilisant Les sites de Systra\",\"potentialAction\":[{\"@type\":\"SearchAction\",\"target\":{\"@type\":\"EntryPoint\",\"urlTemplate\":\"https:\\\/\\\/www.systra.com\\\/canada\\\/?s={search_term_string}\"},\"query-input\":{\"@type\":\"PropertyValueSpecification\",\"valueRequired\":true,\"valueName\":\"search_term_string\"}}],\"inLanguage\":\"fr-FR\"}]}<\/script>\n<!-- \/ Yoast SEO Premium plugin. -->","yoast_head_json":{"title":"Vision - SYSTRA Canada","description":"SYSTRA Canada, consulting and engineering firm, world leader in public transport infrastructure engineering.","robots":{"index":"index","follow":"follow","max-snippet":"max-snippet:-1","max-image-preview":"max-image-preview:large","max-video-preview":"max-video-preview:-1"},"og_locale":"fr_FR","og_type":"article","og_title":"Vision","og_description":"SYSTRA Canada, consulting and engineering firm, world leader in public transport infrastructure engineering.","og_url":"https:\/\/www.systra.com\/canada\/fr\/qui-nous-sommes\/vision\/","og_site_name":"Canada","article_modified_time":"2023-07-05T12:54:16+00:00","og_image":[{"width":2380,"height":1500,"url":"https:\/\/www.systra.com\/canada\/wp-content\/uploads\/sites\/15\/2023\/02\/main_vision_railway_2380x1500.jpg","type":"image\/jpeg"}],"twitter_card":"summary_large_image","twitter_misc":{"Dur\u00e9e de lecture estim\u00e9e":"2 minutes"},"schema":{"@context":"https:\/\/schema.org","@graph":[{"@type":"WebPage","@id":"https:\/\/www.systra.com\/canada\/fr\/qui-nous-sommes\/vision\/","url":"https:\/\/www.systra.com\/canada\/fr\/qui-nous-sommes\/vision\/","name":"Vision - SYSTRA Canada","isPartOf":{"@id":"https:\/\/www.systra.com\/canada\/#website"},"primaryImageOfPage":{"@id":"https:\/\/www.systra.com\/canada\/fr\/qui-nous-sommes\/vision\/#primaryimage"},"image":{"@id":"https:\/\/www.systra.com\/canada\/fr\/qui-nous-sommes\/vision\/#primaryimage"},"thumbnailUrl":"https:\/\/www.systra.com\/canada\/wp-content\/uploads\/sites\/15\/2023\/02\/main_vision_railway_2380x1500.jpg","datePublished":"2020-09-04T09:47:09+00:00","dateModified":"2023-07-05T12:54:16+00:00","description":"SYSTRA Canada, consulting and engineering firm, world leader in public transport infrastructure engineering.","breadcrumb":{"@id":"https:\/\/www.systra.com\/canada\/fr\/qui-nous-sommes\/vision\/#breadcrumb"},"inLanguage":"fr-FR","potentialAction":[{"@type":"ReadAction","target":["https:\/\/www.systra.com\/canada\/fr\/qui-nous-sommes\/vision\/"]}]},{"@type":"ImageObject","inLanguage":"fr-FR","@id":"https:\/\/www.systra.com\/canada\/fr\/qui-nous-sommes\/vision\/#primaryimage","url":"https:\/\/www.systra.com\/canada\/wp-content\/uploads\/sites\/15\/2023\/02\/main_vision_railway_2380x1500.jpg","contentUrl":"https:\/\/www.systra.com\/canada\/wp-content\/uploads\/sites\/15\/2023\/02\/main_vision_railway_2380x1500.jpg","width":2380,"height":1500},{"@type":"BreadcrumbList","@id":"https:\/\/www.systra.com\/canada\/fr\/qui-nous-sommes\/vision\/#breadcrumb","itemListElement":[{"@type":"ListItem","position":1,"name":"Accueil","item":"https:\/\/www.systra.com\/canada\/fr\/"},{"@type":"ListItem","position":2,"name":"Qui nous sommes","item":"https:\/\/www.systra.com\/canada\/fr\/qui-nous-sommes\/"},{"@type":"ListItem","position":3,"name":"Vision"}]},{"@type":"WebSite","@id":"https:\/\/www.systra.com\/canada\/#website","url":"https:\/\/www.systra.com\/canada\/","name":"Canada","description":"Un site utilisant Les sites de Systra","potentialAction":[{"@type":"SearchAction","target":{"@type":"EntryPoint","urlTemplate":"https:\/\/www.systra.com\/canada\/?s={search_term_string}"},"query-input":{"@type":"PropertyValueSpecification","valueRequired":true,"valueName":"search_term_string"}}],"inLanguage":"fr-FR"}]}},"lang":"fr","translations":{"fr":192,"en":3055},"pll_sync_post":[],"_links":{"self":[{"href":"https:\/\/www.systra.com\/canada\/wp-json\/wp\/v2\/pages\/192","targetHints":{"allow":["GET"]}}],"collection":[{"href":"https:\/\/www.systra.com\/canada\/wp-json\/wp\/v2\/pages"}],"about":[{"href":"https:\/\/www.systra.com\/canada\/wp-json\/wp\/v2\/types\/page"}],"author":[{"embeddable":true,"href":"https:\/\/www.systra.com\/canada\/wp-json\/wp\/v2\/users\/65"}],"replies":[{"embeddable":true,"href":"https:\/\/www.systra.com\/canada\/wp-json\/wp\/v2\/comments?post=192"}],"version-history":[{"count":11,"href":"https:\/\/www.systra.com\/canada\/wp-json\/wp\/v2\/pages\/192\/revisions"}],"predecessor-version":[{"id":5238,"href":"https:\/\/www.systra.com\/canada\/wp-json\/wp\/v2\/pages\/192\/revisions\/5238"}],"up":[{"embeddable":true,"href":"https:\/\/www.systra.com\/canada\/wp-json\/wp\/v2\/pages\/52"}],"wp:featuredmedia":[{"embeddable":true,"href":"https:\/\/www.systra.com\/canada\/wp-json\/wp\/v2\/media\/195"}],"wp:attachment":[{"href":"https:\/\/www.systra.com\/canada\/wp-json\/wp\/v2\/media?parent=192"}],"curies":[{"name":"wp","href":"https:\/\/api.w.org\/{rel}","templated":true}]}}