{"id":1687,"date":"2023-04-03T15:49:28","date_gmt":"2023-04-03T13:49:28","guid":{"rendered":"https:\/\/www.systra.com\/canada\/?page_id=1687"},"modified":"2023-08-30T18:06:57","modified_gmt":"2023-08-30T16:06:57","slug":"linda-belanger","status":"publish","type":"page","link":"https:\/\/www.systra.com\/canada\/who-we-are\/leadership\/linda-belanger\/","title":{"rendered":"Linda B\u00e9langer, CPA, Executive Vice President \u2013 Finance &#038; CFO"},"content":{"rendered":"\n<div class=\"wp-block-columns is-layout-flex wp-container-core-columns-is-layout-9d6595d7 wp-block-columns-is-layout-flex\">\n<div class=\"wp-block-column is-layout-flow wp-block-column-is-layout-flow\">\n<figure class=\"wp-block-image size-large\"><img loading=\"lazy\" decoding=\"async\" width=\"1024\" height=\"1024\" src=\"https:\/\/www.systra.com\/canada\/wp-content\/uploads\/sites\/15\/2023\/04\/belanger_linda_web-1024x1024.png\" alt=\"\" class=\"wp-image-1964\" srcset=\"https:\/\/www.systra.com\/canada\/wp-content\/uploads\/sites\/15\/2023\/04\/belanger_linda_web-1024x1024.png 1024w, https:\/\/www.systra.com\/canada\/wp-content\/uploads\/sites\/15\/2023\/04\/belanger_linda_web-300x300.png 300w, https:\/\/www.systra.com\/canada\/wp-content\/uploads\/sites\/15\/2023\/04\/belanger_linda_web-150x150.png 150w, https:\/\/www.systra.com\/canada\/wp-content\/uploads\/sites\/15\/2023\/04\/belanger_linda_web-768x768.png 768w, https:\/\/www.systra.com\/canada\/wp-content\/uploads\/sites\/15\/2023\/04\/belanger_linda_web-1536x1536.png 1536w, https:\/\/www.systra.com\/canada\/wp-content\/uploads\/sites\/15\/2023\/04\/belanger_linda_web-2048x2048.png 2048w, https:\/\/www.systra.com\/canada\/wp-content\/uploads\/sites\/15\/2023\/04\/belanger_linda_web-376x376.png 376w, https:\/\/www.systra.com\/canada\/wp-content\/uploads\/sites\/15\/2023\/04\/belanger_linda_web-474x474.png 474w, https:\/\/www.systra.com\/canada\/wp-content\/uploads\/sites\/15\/2023\/04\/belanger_linda_web-660x660.png 660w, https:\/\/www.systra.com\/canada\/wp-content\/uploads\/sites\/15\/2023\/04\/belanger_linda_web-1700x1700.png 1700w, https:\/\/www.systra.com\/canada\/wp-content\/uploads\/sites\/15\/2023\/04\/belanger_linda_web-1352x1352.png 1352w, https:\/\/www.systra.com\/canada\/wp-content\/uploads\/sites\/15\/2023\/04\/belanger_linda_web-800x800.png 800w, https:\/\/www.systra.com\/canada\/wp-content\/uploads\/sites\/15\/2023\/04\/belanger_linda_web-180x180.png 180w, https:\/\/www.systra.com\/canada\/wp-content\/uploads\/sites\/15\/2023\/04\/belanger_linda_web-153x153.png 153w, https:\/\/www.systra.com\/canada\/wp-content\/uploads\/sites\/15\/2023\/04\/belanger_linda_web-230x230.png 230w\" sizes=\"auto, (max-width: 1024px) 100vw, 1024px\" \/><\/figure>\n<\/div>\n\n\n\n<div class=\"wp-block-column is-layout-flow wp-block-column-is-layout-flow\">\n<h2 class=\"wp-block-heading\" id=\"h-biography\">Biography<\/h2>\n\n\n\n<div style=\"height:30px\" aria-hidden=\"true\" class=\"wp-block-spacer\"><\/div>\n\n\n\n<p>Ms. Linda B\u00e9langer is responsible for the management of the company&#8217;s finances and administration. Her role is to ensure that sound financial and administration management practices are developed and implemented within the firm.<\/p>\n\n\n\n<div style=\"height:30px\" aria-hidden=\"true\" class=\"wp-block-spacer\"><\/div>\n\n\n\n<p>Holding a degree in business administration from the Universit\u00e9 Laval, member of the Ordre des CPA du Qu\u00e9bec since 1994, Ms. B\u00e9langer possesses diversified experience related to the management of company finances offering specialized services in industrial construction and civil engineering, building materials wholesalers, and professional services.<\/p>\n<\/div>\n<\/div>\n\n\n\n<div style=\"height:100px\" aria-hidden=\"true\" class=\"wp-block-spacer\"><\/div>\n\n\n\n<div class=\"wp-block-buttons is-content-justification-center is-layout-flex wp-container-core-buttons-is-layout-16018d1d wp-block-buttons-is-layout-flex\">\n<div class=\"wp-block-button\"><a class=\"wp-block-button__link has-blanc-color has-dusty-blue-background-color has-text-color has-background wp-element-button\" href=\"https:\/\/www.systra.com\/canada\/who-we-are\/leadership\/\">BACK TO <em>LEADERSHIP<\/em><\/a><\/div>\n<\/div>\n","protected":false},"excerpt":{"rendered":"<p>Biography Ms. Linda B\u00e9langer is responsible for the management of the company&#8217;s finances and administration. Her role is to ensure that sound financial and administration management practices are developed and implemented within the firm. Holding a degree in business administration from the Universit\u00e9 Laval, member of the Ordre des CPA du Qu\u00e9bec since 1994, Ms. [&hellip;]<\/p>\n","protected":false},"author":66,"featured_media":662,"parent":457,"menu_order":0,"comment_status":"closed","ping_status":"closed","template":"","meta":{"_acf_changed":false,"_relevanssi_hide_post":"","_relevanssi_hide_content":"","_relevanssi_pin_for_all":"","_relevanssi_pin_keywords":"","_relevanssi_unpin_keywords":"","_relevanssi_related_keywords":"","_relevanssi_related_include_ids":"","_relevanssi_related_exclude_ids":"","_relevanssi_related_no_append":"","_relevanssi_related_not_related":"","_relevanssi_related_posts":"808,907,1172,695,1079,1146","_relevanssi_noindex_reason":"","footnotes":""},"class_list":["post-1687","page","type-page","status-publish","has-post-thumbnail","hentry"],"acf":[],"yoast_head":"<!-- This site is optimized with the Yoast SEO Premium plugin v27.4 (Yoast SEO v27.4) - https:\/\/yoast.com\/product\/yoast-seo-premium-wordpress\/ -->\n<title>Linda B\u00e9langer, CPA, Executive Vice President \u2013 Finance &amp; CFO - SYSTRA Canada<\/title>\n<meta name=\"description\" content=\"SYSTRA Canada, consulting and engineering firm, world leader in public transport infrastructure engineering.\" \/>\n<meta name=\"robots\" content=\"index, follow, max-snippet:-1, max-image-preview:large, max-video-preview:-1\" \/>\n<meta property=\"og:locale\" content=\"fr_FR\" \/>\n<meta property=\"og:type\" content=\"article\" \/>\n<meta property=\"og:title\" content=\"Linda B\u00e9langer, CPA, Executive Vice President \u2013 Finance &amp; CFO\" \/>\n<meta property=\"og:description\" content=\"SYSTRA Canada, consulting and engineering firm, world leader in public transport infrastructure engineering.\" \/>\n<meta property=\"og:url\" content=\"https:\/\/www.systra.com\/canada\/who-we-are\/leadership\/linda-belanger\/\" \/>\n<meta property=\"og:site_name\" content=\"Canada\" \/>\n<meta property=\"article:modified_time\" content=\"2023-08-30T16:06:57+00:00\" \/>\n<meta property=\"og:image\" content=\"https:\/\/www.systra.com\/canada\/wp-content\/uploads\/sites\/15\/2023\/03\/main_about-us_mtl-office-building_2380x1500_v2.jpg\" \/>\n\t<meta property=\"og:image:width\" content=\"2380\" \/>\n\t<meta property=\"og:image:height\" content=\"1500\" \/>\n\t<meta property=\"og:image:type\" content=\"image\/jpeg\" \/>\n<meta name=\"twitter:card\" content=\"summary_large_image\" \/>\n<meta name=\"twitter:label1\" content=\"Dur\u00e9e de lecture estim\u00e9e\" \/>\n\t<meta name=\"twitter:data1\" content=\"1 minute\" \/>\n<script type=\"application\/ld+json\" class=\"yoast-schema-graph\">{\"@context\":\"https:\\\/\\\/schema.org\",\"@graph\":[{\"@type\":\"WebPage\",\"@id\":\"https:\\\/\\\/www.systra.com\\\/canada\\\/who-we-are\\\/leadership\\\/linda-belanger\\\/\",\"url\":\"https:\\\/\\\/www.systra.com\\\/canada\\\/who-we-are\\\/leadership\\\/linda-belanger\\\/\",\"name\":\"Linda B\u00e9langer, CPA, Executive Vice President \u2013 Finance & CFO - SYSTRA Canada\",\"isPartOf\":{\"@id\":\"https:\\\/\\\/www.systra.com\\\/canada\\\/#website\"},\"primaryImageOfPage\":{\"@id\":\"https:\\\/\\\/www.systra.com\\\/canada\\\/who-we-are\\\/leadership\\\/linda-belanger\\\/#primaryimage\"},\"image\":{\"@id\":\"https:\\\/\\\/www.systra.com\\\/canada\\\/who-we-are\\\/leadership\\\/linda-belanger\\\/#primaryimage\"},\"thumbnailUrl\":\"https:\\\/\\\/www.systra.com\\\/canada\\\/wp-content\\\/uploads\\\/sites\\\/15\\\/2023\\\/03\\\/main_about-us_mtl-office-building_2380x1500_v2.jpg\",\"datePublished\":\"2023-04-03T13:49:28+00:00\",\"dateModified\":\"2023-08-30T16:06:57+00:00\",\"description\":\"SYSTRA Canada, consulting and engineering firm, world leader in public transport infrastructure engineering.\",\"breadcrumb\":{\"@id\":\"https:\\\/\\\/www.systra.com\\\/canada\\\/who-we-are\\\/leadership\\\/linda-belanger\\\/#breadcrumb\"},\"inLanguage\":\"fr-FR\",\"potentialAction\":[{\"@type\":\"ReadAction\",\"target\":[\"https:\\\/\\\/www.systra.com\\\/canada\\\/who-we-are\\\/leadership\\\/linda-belanger\\\/\"]}]},{\"@type\":\"ImageObject\",\"inLanguage\":\"fr-FR\",\"@id\":\"https:\\\/\\\/www.systra.com\\\/canada\\\/who-we-are\\\/leadership\\\/linda-belanger\\\/#primaryimage\",\"url\":\"https:\\\/\\\/www.systra.com\\\/canada\\\/wp-content\\\/uploads\\\/sites\\\/15\\\/2023\\\/03\\\/main_about-us_mtl-office-building_2380x1500_v2.jpg\",\"contentUrl\":\"https:\\\/\\\/www.systra.com\\\/canada\\\/wp-content\\\/uploads\\\/sites\\\/15\\\/2023\\\/03\\\/main_about-us_mtl-office-building_2380x1500_v2.jpg\",\"width\":2380,\"height\":1500},{\"@type\":\"BreadcrumbList\",\"@id\":\"https:\\\/\\\/www.systra.com\\\/canada\\\/who-we-are\\\/leadership\\\/linda-belanger\\\/#breadcrumb\",\"itemListElement\":[{\"@type\":\"ListItem\",\"position\":1,\"name\":\"Accueil\",\"item\":\"https:\\\/\\\/www.systra.com\\\/canada\\\/fr\\\/\"},{\"@type\":\"ListItem\",\"position\":2,\"name\":\"Who We Are\",\"item\":\"https:\\\/\\\/www.systra.com\\\/canada\\\/who-we-are\\\/\"},{\"@type\":\"ListItem\",\"position\":3,\"name\":\"Leadership\",\"item\":\"https:\\\/\\\/www.systra.com\\\/canada\\\/who-we-are\\\/leadership\\\/\"},{\"@type\":\"ListItem\",\"position\":4,\"name\":\"Linda B\u00e9langer, CPA, Executive Vice President \u2013 Finance &#038; CFO\"}]},{\"@type\":\"WebSite\",\"@id\":\"https:\\\/\\\/www.systra.com\\\/canada\\\/#website\",\"url\":\"https:\\\/\\\/www.systra.com\\\/canada\\\/\",\"name\":\"Canada\",\"description\":\"Un site utilisant Les sites de Systra\",\"potentialAction\":[{\"@type\":\"SearchAction\",\"target\":{\"@type\":\"EntryPoint\",\"urlTemplate\":\"https:\\\/\\\/www.systra.com\\\/canada\\\/?s={search_term_string}\"},\"query-input\":{\"@type\":\"PropertyValueSpecification\",\"valueRequired\":true,\"valueName\":\"search_term_string\"}}],\"inLanguage\":\"fr-FR\"}]}<\/script>\n<!-- \/ Yoast SEO Premium plugin. -->","yoast_head_json":{"title":"Linda B\u00e9langer, CPA, Executive Vice President \u2013 Finance & CFO - SYSTRA Canada","description":"SYSTRA Canada, consulting and engineering firm, world leader in public transport infrastructure engineering.","robots":{"index":"index","follow":"follow","max-snippet":"max-snippet:-1","max-image-preview":"max-image-preview:large","max-video-preview":"max-video-preview:-1"},"og_locale":"fr_FR","og_type":"article","og_title":"Linda B\u00e9langer, CPA, Executive Vice President \u2013 Finance & CFO","og_description":"SYSTRA Canada, consulting and engineering firm, world leader in public transport infrastructure engineering.","og_url":"https:\/\/www.systra.com\/canada\/who-we-are\/leadership\/linda-belanger\/","og_site_name":"Canada","article_modified_time":"2023-08-30T16:06:57+00:00","og_image":[{"width":2380,"height":1500,"url":"https:\/\/www.systra.com\/canada\/wp-content\/uploads\/sites\/15\/2023\/03\/main_about-us_mtl-office-building_2380x1500_v2.jpg","type":"image\/jpeg"}],"twitter_card":"summary_large_image","twitter_misc":{"Dur\u00e9e de lecture estim\u00e9e":"1 minute"},"schema":{"@context":"https:\/\/schema.org","@graph":[{"@type":"WebPage","@id":"https:\/\/www.systra.com\/canada\/who-we-are\/leadership\/linda-belanger\/","url":"https:\/\/www.systra.com\/canada\/who-we-are\/leadership\/linda-belanger\/","name":"Linda B\u00e9langer, CPA, Executive Vice President \u2013 Finance & CFO - SYSTRA Canada","isPartOf":{"@id":"https:\/\/www.systra.com\/canada\/#website"},"primaryImageOfPage":{"@id":"https:\/\/www.systra.com\/canada\/who-we-are\/leadership\/linda-belanger\/#primaryimage"},"image":{"@id":"https:\/\/www.systra.com\/canada\/who-we-are\/leadership\/linda-belanger\/#primaryimage"},"thumbnailUrl":"https:\/\/www.systra.com\/canada\/wp-content\/uploads\/sites\/15\/2023\/03\/main_about-us_mtl-office-building_2380x1500_v2.jpg","datePublished":"2023-04-03T13:49:28+00:00","dateModified":"2023-08-30T16:06:57+00:00","description":"SYSTRA Canada, consulting and engineering firm, world leader in public transport infrastructure engineering.","breadcrumb":{"@id":"https:\/\/www.systra.com\/canada\/who-we-are\/leadership\/linda-belanger\/#breadcrumb"},"inLanguage":"fr-FR","potentialAction":[{"@type":"ReadAction","target":["https:\/\/www.systra.com\/canada\/who-we-are\/leadership\/linda-belanger\/"]}]},{"@type":"ImageObject","inLanguage":"fr-FR","@id":"https:\/\/www.systra.com\/canada\/who-we-are\/leadership\/linda-belanger\/#primaryimage","url":"https:\/\/www.systra.com\/canada\/wp-content\/uploads\/sites\/15\/2023\/03\/main_about-us_mtl-office-building_2380x1500_v2.jpg","contentUrl":"https:\/\/www.systra.com\/canada\/wp-content\/uploads\/sites\/15\/2023\/03\/main_about-us_mtl-office-building_2380x1500_v2.jpg","width":2380,"height":1500},{"@type":"BreadcrumbList","@id":"https:\/\/www.systra.com\/canada\/who-we-are\/leadership\/linda-belanger\/#breadcrumb","itemListElement":[{"@type":"ListItem","position":1,"name":"Accueil","item":"https:\/\/www.systra.com\/canada\/fr\/"},{"@type":"ListItem","position":2,"name":"Who We Are","item":"https:\/\/www.systra.com\/canada\/who-we-are\/"},{"@type":"ListItem","position":3,"name":"Leadership","item":"https:\/\/www.systra.com\/canada\/who-we-are\/leadership\/"},{"@type":"ListItem","position":4,"name":"Linda B\u00e9langer, CPA, Executive Vice President \u2013 Finance &#038; CFO"}]},{"@type":"WebSite","@id":"https:\/\/www.systra.com\/canada\/#website","url":"https:\/\/www.systra.com\/canada\/","name":"Canada","description":"Un site utilisant Les sites de Systra","potentialAction":[{"@type":"SearchAction","target":{"@type":"EntryPoint","urlTemplate":"https:\/\/www.systra.com\/canada\/?s={search_term_string}"},"query-input":{"@type":"PropertyValueSpecification","valueRequired":true,"valueName":"search_term_string"}}],"inLanguage":"fr-FR"}]}},"lang":"en","translations":{"en":1687,"fr":2876},"pll_sync_post":[],"_links":{"self":[{"href":"https:\/\/www.systra.com\/canada\/wp-json\/wp\/v2\/pages\/1687","targetHints":{"allow":["GET"]}}],"collection":[{"href":"https:\/\/www.systra.com\/canada\/wp-json\/wp\/v2\/pages"}],"about":[{"href":"https:\/\/www.systra.com\/canada\/wp-json\/wp\/v2\/types\/page"}],"author":[{"embeddable":true,"href":"https:\/\/www.systra.com\/canada\/wp-json\/wp\/v2\/users\/66"}],"replies":[{"embeddable":true,"href":"https:\/\/www.systra.com\/canada\/wp-json\/wp\/v2\/comments?post=1687"}],"version-history":[{"count":6,"href":"https:\/\/www.systra.com\/canada\/wp-json\/wp\/v2\/pages\/1687\/revisions"}],"predecessor-version":[{"id":5885,"href":"https:\/\/www.systra.com\/canada\/wp-json\/wp\/v2\/pages\/1687\/revisions\/5885"}],"up":[{"embeddable":true,"href":"https:\/\/www.systra.com\/canada\/wp-json\/wp\/v2\/pages\/457"}],"wp:featuredmedia":[{"embeddable":true,"href":"https:\/\/www.systra.com\/canada\/wp-json\/wp\/v2\/media\/662"}],"wp:attachment":[{"href":"https:\/\/www.systra.com\/canada\/wp-json\/wp\/v2\/media?parent=1687"}],"curies":[{"name":"wp","href":"https:\/\/api.w.org\/{rel}","templated":true}]}}