{"id":1167,"date":"2020-09-17T12:02:44","date_gmt":"2020-09-17T10:02:44","guid":{"rendered":"https:\/\/www.systra.com\/canada\/politique-de-traitement-des-donnees-personnelles\/"},"modified":"2024-06-10T15:51:32","modified_gmt":"2024-06-10T13:51:32","slug":"politique-de-traitement-des-donnees-personnelles","status":"publish","type":"page","link":"https:\/\/www.systra.com\/canada\/fr\/politique-de-traitement-des-donnees-personnelles\/","title":{"rendered":"Politique de traitement des donn\u00e9es personnelles"},"content":{"rendered":"\n<p>Respectueuse des droits et de la vie priv\u00e9e des personnes, SYSTRA s\u2019engage \u00e0 traiter vos donn\u00e9es personnelles avec la plus grande diligence, conform\u00e9ment aux r\u00e8gles en vigueur, notamment le R\u00e8glement G\u00e9n\u00e9ral sur la Protection des Donn\u00e9es (RGPD) adopt\u00e9 par l\u2019Union europ\u00e9enne.<\/p>\n\n\n\n<div style=\"height:20px\" aria-hidden=\"true\" class=\"wp-block-spacer\"><\/div>\n\n\n\n<p>Vous trouverez ci-dessous des informations concernant les traitements mis en \u0153uvre par SYSTRA par le biais de son site internet <a href=\"http:\/\/www.systra.com\">www.systra.com<\/a> et les droits dont vous disposez \u00e0 l\u2019\u00e9gard de vos donn\u00e9es personnelles.<\/p>\n\n\n\n<div style=\"height:100px\" aria-hidden=\"true\" class=\"wp-block-spacer\"><\/div>\n\n\n\n<h3 class=\"wp-block-heading\" id=\"h-dans-quels-buts-sont-traitees-vos-donnees-personnelles-nbsp\">Dans quels buts sont trait\u00e9es vos donn\u00e9es personnelles&nbsp;?<\/h3>\n\n\n\n<div style=\"height:30px\" aria-hidden=\"true\" class=\"wp-block-spacer\"><\/div>\n\n\n\n<p>Finalit\u00e9s&nbsp;| Vos donn\u00e9es sont trait\u00e9es par SYSTRA afin&nbsp;:<\/p>\n\n\n\n<ol class=\"wp-block-list\" style=\"list-style-type:lower-roman\">\n<li>de vous permettre de contacter SYSTRA (formulaire de contact ou espace m\u00e9dia),<\/li>\n\n\n\n<li>d\u2019am\u00e9liorer la navigation sur le site systra.com par l\u2019utilisation de \u00ab&nbsp;cookies&nbsp;\u00bb. <\/li>\n<\/ol>\n\n\n\n<div style=\"height:20px\" aria-hidden=\"true\" class=\"wp-block-spacer\"><\/div>\n\n\n\n<p>Les informations relatives au traitement mis en place pour vous permettre de candidater \u00e0 des postes au sein de SYSTRA est disponible sur le site d\u00e9di\u00e9&nbsp;:<a href=\"https:\/\/jobs.systra.com\/\"> https:\/\/jobs.systra.com\/<\/a><\/p>\n\n\n\n<div style=\"height:100px\" aria-hidden=\"true\" class=\"wp-block-spacer\"><\/div>\n\n\n\n<h3 class=\"wp-block-heading\" id=\"h-qui-traite-vos-donnees-nbsp-personnelles-nbsp\">Qui traite vos donn\u00e9es&nbsp;personnelles&nbsp;?<\/h3>\n\n\n\n<div style=\"height:30px\" aria-hidden=\"true\" class=\"wp-block-spacer\"><\/div>\n\n\n\n<p>Vos donn\u00e9es sont trait\u00e9es par SYSTRA, qui agit au titre de responsable de traitement. Les donn\u00e9es sont h\u00e9berg\u00e9es par Data Campus.<\/p>\n\n\n\n<div style=\"height:100px\" aria-hidden=\"true\" class=\"wp-block-spacer\"><\/div>\n\n\n\n<h3 class=\"wp-block-heading\" id=\"h-quelles-categories-de-donnees-personnelles-sont-traitees\">Quelles cat\u00e9gories de donn\u00e9es personnelles sont trait\u00e9es ?<\/h3>\n\n\n\n<div style=\"height:30px\" aria-hidden=\"true\" class=\"wp-block-spacer\"><\/div>\n\n\n\n<ul class=\"wp-block-list\">\n<li>Pour le formulaire de contact \/espace m\u00e9dia&nbsp;: nom, pr\u00e9nom, num\u00e9ro de t\u00e9l\u00e9phone, adresse email, fonction, entreprise ou organe de presse, sujet et texte du message.<\/li>\n\n\n\n<li>Cookies&nbsp;:\n<ul class=\"wp-block-list\">\n<li><strong>Nom<\/strong> : pll_language<br><strong>Fonction<\/strong> : Gestion du choix de langue.<br><strong>Dur\u00e9e<\/strong> : 1 an<\/li>\n\n\n\n<li><strong>Nom<\/strong> : wordpress_test_cookie<br><strong>Fonction<\/strong> : Teste si le navigateur autorise les cookies ou non.<br><strong>Dur\u00e9e<\/strong> : Session<\/li>\n<\/ul>\n<\/li>\n<\/ul>\n\n\n\n<p><\/p>\n\n\n\n<div style=\"height:100px\" aria-hidden=\"true\" class=\"wp-block-spacer\"><\/div>\n\n\n\n<h3 class=\"wp-block-heading\" id=\"h-sur-quel-fondement-juridique-nbsp\">Sur quel fondement juridique&nbsp;?<\/h3>\n\n\n\n<div style=\"height:30px\" aria-hidden=\"true\" class=\"wp-block-spacer\"><\/div>\n\n\n\n<p>L\u2019utilisation de cookies et la collecte de donn\u00e9es collect\u00e9es dans le cadre du formulaire de contact et de l\u2019espace m\u00e9dia sont fond\u00e9es sur votre consentement.<\/p>\n\n\n\n<div style=\"height:100px\" aria-hidden=\"true\" class=\"wp-block-spacer\"><\/div>\n\n\n\n<h3 class=\"wp-block-heading\" id=\"h-a-qui-sont-destinees-ces-donnees-personnelles-nbsp\">\u00c0 qui sont destin\u00e9es ces donn\u00e9es personnelles&nbsp;?<\/h3>\n\n\n\n<div style=\"height:30px\" aria-hidden=\"true\" class=\"wp-block-spacer\"><\/div>\n\n\n\n<p>Vos donn\u00e9es sont accessibles par la Direction de la Communication et la Direction des Syst\u00e8mes d\u2019Information de SYSTRA. En outre, le contenu des messages envoy\u00e9s via le formulaire de contact sera transmis \u00e0 la Direction concern\u00e9e. Celle-ci pouvant se situer en dehors du territoire de l\u2019Union europ\u00e9enne, votre consentement sp\u00e9cifique \u00e0 ce transfert vous sera demand\u00e9.<\/p>\n\n\n\n<div style=\"height:20px\" aria-hidden=\"true\" class=\"wp-block-spacer\"><\/div>\n\n\n\n<p>Vos donn\u00e9es personnelles ne sont pas communiqu\u00e9es en dehors du groupe SYSTRA, \u00e0 l\u2019exception de l\u2019h\u00e9bergeur du site (Data Campus) et d\u2019une demande effectu\u00e9e par une autorit\u00e9 publique ou judiciaire.<\/p>\n\n\n\n<div style=\"height:100px\" aria-hidden=\"true\" class=\"wp-block-spacer\"><\/div>\n\n\n\n<h3 class=\"wp-block-heading\" id=\"h-combien-de-temps-vos-donnees-personnelles-sont-elles-conservees-nbsp\">Combien de temps vos donn\u00e9es personnelles sont-elles conserv\u00e9es&nbsp;?<\/h3>\n\n\n\n<div style=\"height:30px\" aria-hidden=\"true\" class=\"wp-block-spacer\"><\/div>\n\n\n\n<p>SYSTRA ne conserve vos donn\u00e9es que pour la dur\u00e9e n\u00e9cessaire aux op\u00e9rations pour lesquelles elles ont \u00e9t\u00e9 collect\u00e9es ainsi que pour la dur\u00e9e requise par les obligations l\u00e9gales applicables. Les dur\u00e9es de conservation des cookies sont mentionn\u00e9es au point 3 ci-dessus. Les donn\u00e9es li\u00e9es au formulaire de contact\/espace m\u00e9dia sont conserv\u00e9es 3 ans \u00e0 compter du dernier contact avec la personne concern\u00e9e.<\/p>\n\n\n\n<div style=\"height:100px\" aria-hidden=\"true\" class=\"wp-block-spacer\"><\/div>\n\n\n\n<h3 class=\"wp-block-heading\" id=\"h-ou-sont-stockees-vos-donnees-personnelles-nbsp\">O\u00f9 sont stock\u00e9es vos donn\u00e9es personnelles&nbsp;?<\/h3>\n\n\n\n<div style=\"height:30px\" aria-hidden=\"true\" class=\"wp-block-spacer\"><\/div>\n\n\n\n<p>Vos donn\u00e9es sont stock\u00e9es en France, par notre h\u00e9bergeur Data Campus.<\/p>\n\n\n\n<div style=\"height:100px\" aria-hidden=\"true\" class=\"wp-block-spacer\"><\/div>\n\n\n\n<h3 class=\"wp-block-heading\" id=\"h-quels-engagements-a-l-egard-de-vos-donnees-personnelles-nbsp\">Quels engagements \u00e0 l\u2019\u00e9gard de vos donn\u00e9es personnelles&nbsp;?<\/h3>\n\n\n\n<div style=\"height:30px\" aria-hidden=\"true\" class=\"wp-block-spacer\"><\/div>\n\n\n\n<p>SYSTRA s\u2019engage \u00e0 ne collecter que les donn\u00e9es n\u00e9cessaires et proportionn\u00e9es \u00e0 la finalit\u00e9 expos\u00e9e ci-dessus. Afin de prot\u00e9ger vos donn\u00e9es personnelles, SYSTRA applique des mesures techniques et organisationnelles permettant d\u2019assurer la s\u00e9curit\u00e9 et la confidentialit\u00e9 de vos donn\u00e9es personnelles. SYSTRA a nomm\u00e9 un D\u00e9l\u00e9gu\u00e9 \u00e0 la Protection des Donn\u00e9es (DPO) en charge de contr\u00f4ler l\u2019application de ces mesures. Les traitements mis en \u0153uvre par SYSTRA sont op\u00e9r\u00e9s de mani\u00e8re transparente et recens\u00e9e dans le registre des activit\u00e9s de traitement.<\/p>\n\n\n\n<div style=\"height:20px\" aria-hidden=\"true\" class=\"wp-block-spacer\"><\/div>\n\n\n\n<p>Pour consulter ce registre ou pour toute question sur vos donn\u00e9es personnelles, vous pouvez contacter le p\u00f4le Donn\u00e9es Personnelles ou le D\u00e9l\u00e9gu\u00e9 \u00e0 la Protection des Donn\u00e9es \u00e0 l\u2019adresse suivante&nbsp;: <a href=\"mailto:personaldata@systra.com\">personaldata@systra.com<\/a>. &nbsp;<\/p>\n\n\n\n<div style=\"height:100px\" aria-hidden=\"true\" class=\"wp-block-spacer\"><\/div>\n\n\n\n<h3 class=\"wp-block-heading\" id=\"h-quels-droits-avez-vous-sur-vos-donnees-personnelles-nbsp\">Quels droits avez-vous sur vos donn\u00e9es personnelles&nbsp;?<\/h3>\n\n\n\n<div style=\"height:30px\" aria-hidden=\"true\" class=\"wp-block-spacer\"><\/div>\n\n\n\n<p>Vous b\u00e9n\u00e9ficiez du droit de demander \u00e0 SYSTRA l\u2019acc\u00e8s \u00e0 vos donn\u00e9es personnelles et la rectification des donn\u00e9es qui seraient erron\u00e9es. Vous b\u00e9n\u00e9ficiez \u00e9galement, dans les cas pr\u00e9vus par la loi, du droit \u00e0 l\u2019effacement de vos donn\u00e9es personnelles, du droit \u00e0 la portabilit\u00e9, du droit de demander la limitation du traitement, ainsi que du droit de vous opposer \u00e0 ce traitement. Les traitements li\u00e9s aux cookies et au formulaire de contact\/espace m\u00e9dia \u00e9tant fond\u00e9s sur votre consentement, vous pouvez \u00e0 tout moment d\u00e9cider de retirer celui-ci.<\/p>\n\n\n\n<div style=\"height:20px\" aria-hidden=\"true\" class=\"wp-block-spacer\"><\/div>\n\n\n\n<p>Pour plus d\u2019information ou pour exercer vos droits, veuillez contacter le D\u00e9l\u00e9gu\u00e9 \u00e0 la Protection des Donn\u00e9es \u00e0 l\u2019adresse suivante&nbsp;: <a href=\"mailto:personaldata@systra.com\">personaldata@systra.com<\/a>.<\/p>\n\n\n\n<div style=\"height:20px\" aria-hidden=\"true\" class=\"wp-block-spacer\"><\/div>\n\n\n\n<p>Vous disposez \u00e9galement du droit d\u2019introduire une r\u00e9clamation aupr\u00e8s de l\u2019autorit\u00e9 de contr\u00f4le comp\u00e9tente, la CNIL (Commission Nationale Informatique et Libert\u00e9s) en France. .<\/p>\n\n\n\n<p><strong>Votre choix de confidentialit\u00e9 :<\/strong><\/p>\n\n\n\n\n\n\n<div style=\"height:30px\" aria-hidden=\"true\" class=\"wp-block-spacer\"><\/div>\n","protected":false},"excerpt":{"rendered":"<p>Respectueuse des droits et de la vie priv\u00e9e des personnes, SYSTRA s\u2019engage \u00e0 traiter vos donn\u00e9es personnelles avec la plus grande diligence, conform\u00e9ment aux r\u00e8gles en vigueur, notamment le R\u00e8glement G\u00e9n\u00e9ral sur la Protection des Donn\u00e9es (RGPD) adopt\u00e9 par l\u2019Union europ\u00e9enne. Vous trouverez ci-dessous des informations concernant les traitements mis en \u0153uvre par SYSTRA par [&hellip;]<\/p>\n","protected":false},"author":3,"featured_media":5437,"parent":0,"menu_order":0,"comment_status":"closed","ping_status":"closed","template":"","meta":{"_acf_changed":false,"_relevanssi_hide_post":"","_relevanssi_hide_content":"","_relevanssi_pin_for_all":"","_relevanssi_pin_keywords":"","_relevanssi_unpin_keywords":"","_relevanssi_related_keywords":"","_relevanssi_related_include_ids":"","_relevanssi_related_exclude_ids":"","_relevanssi_related_no_append":"","_relevanssi_related_not_related":"","_relevanssi_related_posts":"2984,3704,3754,3661,3778,3612","_relevanssi_noindex_reason":"","footnotes":""},"class_list":["post-1167","page","type-page","status-publish","has-post-thumbnail","hentry"],"acf":[],"yoast_head":"<!-- This site is optimized with the Yoast SEO Premium plugin v27.4 (Yoast SEO v27.4) - https:\/\/yoast.com\/product\/yoast-seo-premium-wordpress\/ -->\n<title>Politique de traitement des donn\u00e9es personnelles - SYSTRA Canada<\/title>\n<meta name=\"description\" content=\"SYSTRA Canada, consulting and engineering firm, world leader in public transport infrastructure engineering.\" \/>\n<meta name=\"robots\" content=\"index, follow, max-snippet:-1, max-image-preview:large, max-video-preview:-1\" \/>\n<meta property=\"og:locale\" content=\"fr_FR\" \/>\n<meta property=\"og:type\" content=\"article\" \/>\n<meta property=\"og:title\" content=\"Politique de traitement des donn\u00e9es personnelles\" \/>\n<meta property=\"og:description\" content=\"SYSTRA Canada, consulting and engineering firm, world leader in public transport infrastructure engineering.\" \/>\n<meta property=\"og:url\" content=\"https:\/\/www.systra.com\/canada\/fr\/politique-de-traitement-des-donnees-personnelles\/\" \/>\n<meta property=\"og:site_name\" content=\"Canada\" \/>\n<meta property=\"article:modified_time\" content=\"2024-06-10T13:51:32+00:00\" \/>\n<meta property=\"og:image\" content=\"https:\/\/www.systra.com\/canada\/wp-content\/uploads\/sites\/15\/2023\/07\/personal-data_main_2380x1500.png\" \/>\n\t<meta property=\"og:image:width\" content=\"2380\" \/>\n\t<meta property=\"og:image:height\" content=\"1500\" \/>\n\t<meta property=\"og:image:type\" content=\"image\/png\" \/>\n<meta name=\"twitter:card\" content=\"summary_large_image\" \/>\n<meta name=\"twitter:label1\" content=\"Dur\u00e9e de lecture estim\u00e9e\" \/>\n\t<meta name=\"twitter:data1\" content=\"4 minutes\" \/>\n<script type=\"application\/ld+json\" class=\"yoast-schema-graph\">{\"@context\":\"https:\\\/\\\/schema.org\",\"@graph\":[{\"@type\":\"WebPage\",\"@id\":\"https:\\\/\\\/www.systra.com\\\/canada\\\/fr\\\/politique-de-traitement-des-donnees-personnelles\\\/\",\"url\":\"https:\\\/\\\/www.systra.com\\\/canada\\\/fr\\\/politique-de-traitement-des-donnees-personnelles\\\/\",\"name\":\"Politique de traitement des donn\u00e9es personnelles - SYSTRA Canada\",\"isPartOf\":{\"@id\":\"https:\\\/\\\/www.systra.com\\\/canada\\\/#website\"},\"primaryImageOfPage\":{\"@id\":\"https:\\\/\\\/www.systra.com\\\/canada\\\/fr\\\/politique-de-traitement-des-donnees-personnelles\\\/#primaryimage\"},\"image\":{\"@id\":\"https:\\\/\\\/www.systra.com\\\/canada\\\/fr\\\/politique-de-traitement-des-donnees-personnelles\\\/#primaryimage\"},\"thumbnailUrl\":\"https:\\\/\\\/www.systra.com\\\/canada\\\/wp-content\\\/uploads\\\/sites\\\/15\\\/2023\\\/07\\\/personal-data_main_2380x1500.png\",\"datePublished\":\"2020-09-17T10:02:44+00:00\",\"dateModified\":\"2024-06-10T13:51:32+00:00\",\"description\":\"SYSTRA Canada, consulting and engineering firm, world leader in public transport infrastructure engineering.\",\"breadcrumb\":{\"@id\":\"https:\\\/\\\/www.systra.com\\\/canada\\\/fr\\\/politique-de-traitement-des-donnees-personnelles\\\/#breadcrumb\"},\"inLanguage\":\"fr-FR\",\"potentialAction\":[{\"@type\":\"ReadAction\",\"target\":[\"https:\\\/\\\/www.systra.com\\\/canada\\\/fr\\\/politique-de-traitement-des-donnees-personnelles\\\/\"]}]},{\"@type\":\"ImageObject\",\"inLanguage\":\"fr-FR\",\"@id\":\"https:\\\/\\\/www.systra.com\\\/canada\\\/fr\\\/politique-de-traitement-des-donnees-personnelles\\\/#primaryimage\",\"url\":\"https:\\\/\\\/www.systra.com\\\/canada\\\/wp-content\\\/uploads\\\/sites\\\/15\\\/2023\\\/07\\\/personal-data_main_2380x1500.png\",\"contentUrl\":\"https:\\\/\\\/www.systra.com\\\/canada\\\/wp-content\\\/uploads\\\/sites\\\/15\\\/2023\\\/07\\\/personal-data_main_2380x1500.png\",\"width\":2380,\"height\":1500},{\"@type\":\"BreadcrumbList\",\"@id\":\"https:\\\/\\\/www.systra.com\\\/canada\\\/fr\\\/politique-de-traitement-des-donnees-personnelles\\\/#breadcrumb\",\"itemListElement\":[{\"@type\":\"ListItem\",\"position\":1,\"name\":\"Accueil\",\"item\":\"https:\\\/\\\/www.systra.com\\\/canada\\\/fr\\\/\"},{\"@type\":\"ListItem\",\"position\":2,\"name\":\"Politique de traitement des donn\u00e9es personnelles\"}]},{\"@type\":\"WebSite\",\"@id\":\"https:\\\/\\\/www.systra.com\\\/canada\\\/#website\",\"url\":\"https:\\\/\\\/www.systra.com\\\/canada\\\/\",\"name\":\"Canada\",\"description\":\"Un site utilisant Les sites de Systra\",\"potentialAction\":[{\"@type\":\"SearchAction\",\"target\":{\"@type\":\"EntryPoint\",\"urlTemplate\":\"https:\\\/\\\/www.systra.com\\\/canada\\\/?s={search_term_string}\"},\"query-input\":{\"@type\":\"PropertyValueSpecification\",\"valueRequired\":true,\"valueName\":\"search_term_string\"}}],\"inLanguage\":\"fr-FR\"}]}<\/script>\n<!-- \/ Yoast SEO Premium plugin. -->","yoast_head_json":{"title":"Politique de traitement des donn\u00e9es personnelles - SYSTRA Canada","description":"SYSTRA Canada, consulting and engineering firm, world leader in public transport infrastructure engineering.","robots":{"index":"index","follow":"follow","max-snippet":"max-snippet:-1","max-image-preview":"max-image-preview:large","max-video-preview":"max-video-preview:-1"},"og_locale":"fr_FR","og_type":"article","og_title":"Politique de traitement des donn\u00e9es personnelles","og_description":"SYSTRA Canada, consulting and engineering firm, world leader in public transport infrastructure engineering.","og_url":"https:\/\/www.systra.com\/canada\/fr\/politique-de-traitement-des-donnees-personnelles\/","og_site_name":"Canada","article_modified_time":"2024-06-10T13:51:32+00:00","og_image":[{"width":2380,"height":1500,"url":"https:\/\/www.systra.com\/canada\/wp-content\/uploads\/sites\/15\/2023\/07\/personal-data_main_2380x1500.png","type":"image\/png"}],"twitter_card":"summary_large_image","twitter_misc":{"Dur\u00e9e de lecture estim\u00e9e":"4 minutes"},"schema":{"@context":"https:\/\/schema.org","@graph":[{"@type":"WebPage","@id":"https:\/\/www.systra.com\/canada\/fr\/politique-de-traitement-des-donnees-personnelles\/","url":"https:\/\/www.systra.com\/canada\/fr\/politique-de-traitement-des-donnees-personnelles\/","name":"Politique de traitement des donn\u00e9es personnelles - SYSTRA Canada","isPartOf":{"@id":"https:\/\/www.systra.com\/canada\/#website"},"primaryImageOfPage":{"@id":"https:\/\/www.systra.com\/canada\/fr\/politique-de-traitement-des-donnees-personnelles\/#primaryimage"},"image":{"@id":"https:\/\/www.systra.com\/canada\/fr\/politique-de-traitement-des-donnees-personnelles\/#primaryimage"},"thumbnailUrl":"https:\/\/www.systra.com\/canada\/wp-content\/uploads\/sites\/15\/2023\/07\/personal-data_main_2380x1500.png","datePublished":"2020-09-17T10:02:44+00:00","dateModified":"2024-06-10T13:51:32+00:00","description":"SYSTRA Canada, consulting and engineering firm, world leader in public transport infrastructure engineering.","breadcrumb":{"@id":"https:\/\/www.systra.com\/canada\/fr\/politique-de-traitement-des-donnees-personnelles\/#breadcrumb"},"inLanguage":"fr-FR","potentialAction":[{"@type":"ReadAction","target":["https:\/\/www.systra.com\/canada\/fr\/politique-de-traitement-des-donnees-personnelles\/"]}]},{"@type":"ImageObject","inLanguage":"fr-FR","@id":"https:\/\/www.systra.com\/canada\/fr\/politique-de-traitement-des-donnees-personnelles\/#primaryimage","url":"https:\/\/www.systra.com\/canada\/wp-content\/uploads\/sites\/15\/2023\/07\/personal-data_main_2380x1500.png","contentUrl":"https:\/\/www.systra.com\/canada\/wp-content\/uploads\/sites\/15\/2023\/07\/personal-data_main_2380x1500.png","width":2380,"height":1500},{"@type":"BreadcrumbList","@id":"https:\/\/www.systra.com\/canada\/fr\/politique-de-traitement-des-donnees-personnelles\/#breadcrumb","itemListElement":[{"@type":"ListItem","position":1,"name":"Accueil","item":"https:\/\/www.systra.com\/canada\/fr\/"},{"@type":"ListItem","position":2,"name":"Politique de traitement des donn\u00e9es personnelles"}]},{"@type":"WebSite","@id":"https:\/\/www.systra.com\/canada\/#website","url":"https:\/\/www.systra.com\/canada\/","name":"Canada","description":"Un site utilisant Les sites de Systra","potentialAction":[{"@type":"SearchAction","target":{"@type":"EntryPoint","urlTemplate":"https:\/\/www.systra.com\/canada\/?s={search_term_string}"},"query-input":{"@type":"PropertyValueSpecification","valueRequired":true,"valueName":"search_term_string"}}],"inLanguage":"fr-FR"}]}},"lang":"fr","translations":{"fr":1167,"en":1163},"pll_sync_post":[],"_links":{"self":[{"href":"https:\/\/www.systra.com\/canada\/wp-json\/wp\/v2\/pages\/1167","targetHints":{"allow":["GET"]}}],"collection":[{"href":"https:\/\/www.systra.com\/canada\/wp-json\/wp\/v2\/pages"}],"about":[{"href":"https:\/\/www.systra.com\/canada\/wp-json\/wp\/v2\/types\/page"}],"author":[{"embeddable":true,"href":"https:\/\/www.systra.com\/canada\/wp-json\/wp\/v2\/users\/3"}],"replies":[{"embeddable":true,"href":"https:\/\/www.systra.com\/canada\/wp-json\/wp\/v2\/comments?post=1167"}],"version-history":[{"count":6,"href":"https:\/\/www.systra.com\/canada\/wp-json\/wp\/v2\/pages\/1167\/revisions"}],"predecessor-version":[{"id":10191,"href":"https:\/\/www.systra.com\/canada\/wp-json\/wp\/v2\/pages\/1167\/revisions\/10191"}],"wp:featuredmedia":[{"embeddable":true,"href":"https:\/\/www.systra.com\/canada\/wp-json\/wp\/v2\/media\/5437"}],"wp:attachment":[{"href":"https:\/\/www.systra.com\/canada\/wp-json\/wp\/v2\/media?parent=1167"}],"curies":[{"name":"wp","href":"https:\/\/api.w.org\/{rel}","templated":true}]}}