{"id":753,"date":"2020-09-29T11:25:27","date_gmt":"2020-09-29T09:25:27","guid":{"rendered":"https:\/\/www.systra.com\/brazil\/legal-information\/"},"modified":"2025-10-21T17:21:28","modified_gmt":"2025-10-21T15:21:28","slug":"informacoes-legais","status":"publish","type":"page","link":"https:\/\/www.systra.com\/brazil\/informacoes-legais\/","title":{"rendered":"Informa\u00e7\u00f5es legais"},"content":{"rendered":"\n<p>O portal do Grupo SYSTRA \u00e9 propriedade da SYSTRA SA, uma sociedade de responsabilidade limitada com Conselho de Supervis\u00e3o e Administra\u00e7\u00e3o, e um capital social de 34.204.226 euros, registrada no Registro de Com\u00e9rcio e Empresas de Paris sob o n\u00famero 387 949 530 e cuja sede social est\u00e1 localizada em 72-76 Rue Henry Farman &#8211; 75015 Paris, Fran\u00e7a.<\/p>\n\n\n\n<p>Telefone: +33 (0) 1 40 16 61 00<\/p>\n\n\n\n<p>VAT intracomunit\u00e1rio: FR19 387949530<\/p>\n\n\n\n<div style=\"height:20px\" aria-hidden=\"true\" class=\"wp-block-spacer\"><\/div>\n\n\n\n<p>&#8216;Grupo SYSTRA&#8217; refere-se ao grupo formado pela SYSTRA SA e as empresas que ela controla, direta ou indiretamente.<\/p>\n\n\n\n<div style=\"height:20px\" aria-hidden=\"true\" class=\"wp-block-spacer\"><\/div>\n\n\n\n<p>O diretor de publica\u00e7\u00e3o do portal do grupo SYSTRA \u00e9: Departamento de Comunica\u00e7\u00f5es do Grupo.<\/p>\n\n\n\n<div style=\"height:20px\" aria-hidden=\"true\" class=\"wp-block-spacer\"><\/div>\n\n\n\n<p>Design: O site www.systra.com foi projetado e criado pela ag\u00eancia Whodunit WordPress, localizada na 38 Rua Dunois &#8211; 75013 Paris, Fran\u00e7a.<\/p>\n\n\n\n<div style=\"height:20px\" aria-hidden=\"true\" class=\"wp-block-spacer\"><\/div>\n\n\n\n<p>O portal do grupo SYSTRA \u00e9 hospedado pela DATA CAMPUS.<\/p>\n\n\n\n<div style=\"height:100px\" aria-hidden=\"true\" class=\"wp-block-spacer\"><\/div>\n\n\n\n<h3 class=\"wp-block-heading\" id=\"h-termos-e-condicoes-de-uso\">TERMOS E CONDI\u00c7\u00d5ES DE USO<\/h3>\n\n\n\n<div style=\"height:30px\" aria-hidden=\"true\" class=\"wp-block-spacer\"><\/div>\n\n\n\n<p>O usu\u00e1rio reconhece ter lido estes termos de uso e se compromete a respeit\u00e1-los. A SYSTRA se reserva o direito de modificar este aviso a qualquer momento. Portanto, o usu\u00e1rio se compromete a consult\u00e1-lo regularmente.<\/p>\n\n\n\n<div style=\"height:20px\" aria-hidden=\"true\" class=\"wp-block-spacer\"><\/div>\n\n\n\n<p>Caso o usu\u00e1rio acesse o portal do grupo SYSTRA de um pa\u00eds que n\u00e3o seja a Fran\u00e7a, ele tamb\u00e9m se compromete a garantir o cumprimento da legisla\u00e7\u00e3o local aplic\u00e1vel.<\/p>\n\n\n\n<div style=\"height:100px\" aria-hidden=\"true\" class=\"wp-block-spacer\"><\/div>\n\n\n\n<h3 class=\"wp-block-heading\">CONTE\u00daDO DO PORTAL<\/h3>\n\n\n\n<div style=\"height:30px\" aria-hidden=\"true\" class=\"wp-block-spacer\"><\/div>\n\n\n\n<p>O portal da SYSTRA \u00e9 um site que fornece acesso a outros sites ou empresas do grupo SYSTRA, os quais podem ter seus pr\u00f3prios avisos legais a serem consultados e respeitados. As informa\u00e7\u00f5es fornecidas no portal do grupo SYSTRA s\u00e3o meramente informativas e indicativas. A SYSTRA n\u00e3o pode garantir que as informa\u00e7\u00f5es publicadas no site sejam precisas, completas ou atualizadas, incluindo hyperlinks ou qualquer outro link utilizado direta ou indiretamente a partir do site. Isso n\u00e3o isenta o usu\u00e1rio de uma an\u00e1lise complementar e apropriada. A SYSTRA n\u00e3o pode, portanto, ser responsabilizada por quaisquer erros, omiss\u00f5es ou indisponibilidade de informa\u00e7\u00f5es e servi\u00e7os. De modo geral, a SYSTRA n\u00e3o pode ser responsabilizada, de forma alguma, pelo uso de suas informa\u00e7\u00f5es para fins particulares ou profissionais.<\/p>\n\n\n\n<div style=\"height:20px\" aria-hidden=\"true\" class=\"wp-block-spacer\"><\/div>\n\n\n\n<p>Consequentemente, o usu\u00e1rio reconhece que utiliza essas informa\u00e7\u00f5es sob sua exclusiva responsabilidade. A SYSTRA n\u00e3o pode ser responsabilizada por qualquer dano direto ou indireto que possa resultar do acesso ou uso do portal do grupo SYSTRA, incluindo inacessibilidade, perda de dados e\/ou a presen\u00e7a de v\u00edrus no site. Essa lista n\u00e3o est\u00e1 detalhada.<\/p>\n\n\n\n<div style=\"height:20px\" aria-hidden=\"true\" class=\"wp-block-spacer\"><\/div>\n\n\n\n<p>O usu\u00e1rio declara aceitar as caracter\u00edsticas e limita\u00e7\u00f5es da Internet e reconhece estar ciente da natureza da rede de Internet e seu desempenho t\u00e9cnico. Em particular, a SYSTRA n\u00e3o pode ser responsabilizada de forma alguma no caso de impossibilidade de acesso ou mau funcionamento do Site. O mesmo se aplicar\u00e1 a todos os outros motivos externos \u00e0 SYSTRA.<\/p>\n\n\n\n<div style=\"height:20px\" aria-hidden=\"true\" class=\"wp-block-spacer\"><\/div>\n\n\n\n<p>A SYSTRA se reserva o direito de corrigir o conte\u00fado deste site a qualquer momento e sem aviso pr\u00e9vio.<\/p>\n\n\n\n<div style=\"height:20px\" aria-hidden=\"true\" class=\"wp-block-spacer\"><\/div>\n\n\n\n<p>A SYSTRA tamb\u00e9m pode ter que interromper o Site por motivos de manuten\u00e7\u00e3o. Essa interrup\u00e7\u00e3o ser\u00e1 anunciada por meio de um aviso na p\u00e1gina inicial ou por qualquer outro meio. A SYSTRA n\u00e3o ser\u00e1 responsabilizada por tal interrup\u00e7\u00e3o e n\u00e3o ser\u00e1 respons\u00e1vel por fornecer qualquer compensa\u00e7\u00e3o.<\/p>\n\n\n\n<div style=\"height:20px\" aria-hidden=\"true\" class=\"wp-block-spacer\"><\/div>\n\n\n\n<p>As informa\u00e7\u00f5es publicadas no site n\u00e3o devem, de forma alguma, ser interpretadas como prospec\u00e7\u00e3o e n\u00e3o constituem uma oferta para subscrever, investir, comprar ou trocar a\u00e7\u00f5es ou outros t\u00edtulos da SYSTRA, suas subsidi\u00e1rias ou o grupo ao qual pertence. Portanto, n\u00e3o foram submetidas ao controle das autoridades relevantes exigidas no contexto dos procedimentos de oferta p\u00fablica.<\/p>\n\n\n\n<div style=\"height:100px\" aria-hidden=\"true\" class=\"wp-block-spacer\"><\/div>\n\n\n\n<h3 class=\"wp-block-heading\">PROTE\u00c7\u00c3O DE DADOS \/ DATA PROTECTION OFFICER (DPO) \/ COOKIES<\/h3>\n\n\n\n<div style=\"height:30px\" aria-hidden=\"true\" class=\"wp-block-spacer\"><\/div>\n\n\n\n<p>Para obter mais informa\u00e7\u00f5es, visite a p\u00e1gina dedicada \u00e0 pol\u00edtica de processamento de dados pessoais.<\/p>\n\n\n\n<div style=\"height:100px\" aria-hidden=\"true\" class=\"wp-block-spacer\"><\/div>\n\n\n\n<h3 class=\"wp-block-heading\">PROPRIEDADE INTELECTUAL<\/h3>\n\n\n\n<div style=\"height:30px\" aria-hidden=\"true\" class=\"wp-block-spacer\"><\/div>\n\n\n\n<p>A apresenta\u00e7\u00e3o e o conte\u00fado do site constituem um trabalho protegido pelas leis em vigor sobre propriedade intelectual. Nenhuma reprodu\u00e7\u00e3o e\/ou representa\u00e7\u00e3o, parcial ou total, pode ser realizada sem o consentimento pr\u00e9vio por escrito da SYSTRA.<\/p>\n\n\n\n<div style=\"height:20px\" aria-hidden=\"true\" class=\"wp-block-spacer\"><\/div>\n\n\n\n<p>Salvo indica\u00e7\u00e3o contr\u00e1ria, os direitos de propriedade intelectual dos documentos contidos no site e de cada um dos elementos criados para este site (marcas registradas, logotipos, desenhos, fotografias, imagens, textos, sequ\u00eancias animadas com ou sem som, etc.), e demais documenta\u00e7\u00e3o s\u00e3o de propriedade exclusiva da SYSTRA, que n\u00e3o concede nenhuma licen\u00e7a ou qualquer outro direito que n\u00e3o seja o de consultar o site. De modo geral, qualquer reprodu\u00e7\u00e3o ou representa\u00e7\u00e3o total ou parcial, isolada ou integrada a outros elementos, sem a autoriza\u00e7\u00e3o pr\u00e9via e expressa por escrito da SYSTRA ou empresas do grupo SYSTRA, \u00e9 estritamente proibida. Em particular, nenhum uso comercial, mesmo parcial, dos dados apresentados no site pode ser feito sem o acordo pr\u00e9vio por escrito da SYSTRA.<\/p>\n\n\n\n<div style=\"height:20px\" aria-hidden=\"true\" class=\"wp-block-spacer\"><\/div>\n\n\n\n<p>A estrutura geral, software, textos, imagens, v\u00eddeos, sons, know-how, anima\u00e7\u00f5es e, de modo geral, todas as informa\u00e7\u00f5es e conte\u00fados que aparecem no portal do grupo SYSTRA s\u00e3o de propriedade da SYSTRA ou foram concedidos \u00e0 SYSTRA seu direito de uso. Esses elementos est\u00e3o sujeitos \u00e0 legisla\u00e7\u00e3o que protege os direitos autorais.<\/p>\n\n\n\n<div style=\"height:20px\" aria-hidden=\"true\" class=\"wp-block-spacer\"><\/div>\n\n\n\n<p>Qualquer representa\u00e7\u00e3o, modifica\u00e7\u00e3o, reprodu\u00e7\u00e3o, distor\u00e7\u00e3o, total ou parcial, de todo ou parte do site ou de seu conte\u00fado, por qualquer processo que seja, e em qualquer m\u00eddia que seja, constituiria uma infra\u00e7\u00e3o pun\u00edvel pelos artigos L 335-2 e seguintes do C\u00f3digo de Propriedade Intelectual.<\/p>\n\n\n\n<div style=\"height:20px\" aria-hidden=\"true\" class=\"wp-block-spacer\"><\/div>\n\n\n\n<p>Os bancos de dados que aparecem, quando aplic\u00e1vel, no portal do grupo SYSTRA s\u00e3o protegidos pelas disposi\u00e7\u00f5es da lei de 1\u00ba de julho de 1998 que transp\u00f5e para o C\u00f3digo de Propriedade Intelectual a Diretiva Europeia de 11 de mar\u00e7o de 1996 relativa \u00e0 prote\u00e7\u00e3o legal de bancos de dados. Como tal, a SYSTRA pro\u00edbe expressamente qualquer reutiliza\u00e7\u00e3o, reprodu\u00e7\u00e3o ou extra\u00e7\u00e3o de elementos dessas bases de dados. Qualquer reutiliza\u00e7\u00e3o, reprodu\u00e7\u00e3o ou extra\u00e7\u00e3o n\u00e3o autorizada ser\u00e1 de responsabilidade do usu\u00e1rio.<\/p>\n\n\n\n<div style=\"height:20px\" aria-hidden=\"true\" class=\"wp-block-spacer\"><\/div>\n\n\n\n<p>A SYSTRA reserva-se o direito de excluir sem demora e sem aviso pr\u00e9vio qualquer conte\u00fado: mensagem, texto, imagem, gr\u00e1ficos que violem as leis e regulamentos em vigor e, em particular, os regulamentos especificados acima.<\/p>\n\n\n\n<div style=\"height:20px\" aria-hidden=\"true\" class=\"wp-block-spacer\"><\/div>\n\n\n\n<p>Caso deseje utilizar qualquer conte\u00fado do site (texto, imagem, etc.), o usu\u00e1rio deve obter a autoriza\u00e7\u00e3o pr\u00e9via e expressa por escrito da SYSTRA, escrevendo para o endere\u00e7o indicado no t\u00edtulo &#8216;Informa\u00e7\u00f5es legais&#8217; ou enviando um e-mail para o webmaster.<\/p>\n\n\n\n<div style=\"height:100px\" aria-hidden=\"true\" class=\"wp-block-spacer\"><\/div>\n\n\n\n<h3 class=\"wp-block-heading\">LINKS<\/h3>\n\n\n\n<div style=\"height:30px\" aria-hidden=\"true\" class=\"wp-block-spacer\"><\/div>\n\n\n\n<p>Qualquer v\u00ednculo ou montagem do Site \u00e9 estritamente proibido e, consequentemente, nenhum elemento que apare\u00e7a em uma p\u00e1gina do Site pode ser parcial ou totalmente reproduzido, transferido ou inserido em outro site, nem ser usado para criar produtos derivados.<\/p>\n\n\n\n<div style=\"height:20px\" aria-hidden=\"true\" class=\"wp-block-spacer\"><\/div>\n\n\n\n<p>Al\u00e9m disso, os links no portal do grupo SYSTRA para sites externos est\u00e3o sujeitos \u00e0 autoriza\u00e7\u00e3o pr\u00e9via expressa.<\/p>\n\n\n\n<div style=\"height:20px\" aria-hidden=\"true\" class=\"wp-block-spacer\"><\/div>\n\n\n\n<p>No entanto, como a SYSTRA n\u00e3o \u00e9 a editora desses sites, ela n\u00e3o tem controle sobre seu conte\u00fado. Consequentemente, a SYSTRA n\u00e3o pode ser responsabilizada pelo conte\u00fado desses sites, ou por qualquer coleta e transmiss\u00e3o de dados pessoais, instala\u00e7\u00e3o de cookies ou qualquer outro processo de mesma finalidade realizado por esses sites.<\/p>\n\n\n\n<div style=\"height:20px\" aria-hidden=\"true\" class=\"wp-block-spacer\"><\/div>\n\n\n\n<p>N\u00e3o \u00e9 permitido criar um hiperlink para o portal do grupo SYSTRA sem a autoriza\u00e7\u00e3o pr\u00e9via e expressa por escrito da SYSTRA. As solicita\u00e7\u00f5es devem ser endere\u00e7adas ao Diretor de Publica\u00e7\u00f5es do portal do grupo SYSTRA.<\/p>\n\n\n\n<div style=\"height:100px\" aria-hidden=\"true\" class=\"wp-block-spacer\"><\/div>\n\n\n\n<h3 class=\"wp-block-heading\">LEGISLA\u00c7\u00c3O APLIC\u00c1VEL<\/h3>\n\n\n\n<div style=\"height:30px\" aria-hidden=\"true\" class=\"wp-block-spacer\"><\/div>\n\n\n\n<p>A lei aplic\u00e1vel ao portal do grupo SYSTRA \u00e9 a legisla\u00e7\u00e3o francesa. A maior parte do conte\u00fado e dos servi\u00e7os on-line no portal do grupo SYSTRA est\u00e1 dispon\u00edvel em franc\u00eas e ingl\u00eas. No caso de uma disputa, o idioma franc\u00eas prevalecer\u00e1.<\/p>\n\n\n\n<div style=\"height:20px\" aria-hidden=\"true\" class=\"wp-block-spacer\"><\/div>\n\n\n\n<p>No caso de uma disputa sobre a interpreta\u00e7\u00e3o e\/ou execu\u00e7\u00e3o dos termos e condi\u00e7\u00f5es gerais de uso, as partes se comprometem a consultar uma \u00e0 outra na tentativa de encontrar uma solu\u00e7\u00e3o amig\u00e1vel. Caso contr\u00e1rio, os tribunais de Paris ter\u00e3o jurisdi\u00e7\u00e3o exclusiva para decidir sobre qualquer controv\u00e9rsia relativa \u00e0s condi\u00e7\u00f5es gerais de uso.<\/p>\n\n\n\n<div style=\"height:100px\" aria-hidden=\"true\" class=\"wp-block-spacer\"><\/div>\n\n\n\n<h3 class=\"wp-block-heading\">ATENDIMENTO E CONTATOS<\/h3>\n\n\n\n<div style=\"height:30px\" aria-hidden=\"true\" class=\"wp-block-spacer\"><\/div>\n\n\n\n<p>Para qualquer necessidade de assist\u00eancia t\u00e9cnica (problemas de acesso, problemas de exibi\u00e7\u00e3o, etc.), cada usu\u00e1rio pode enviar um e-mail por meio do formul\u00e1rio de contato do site ou entrar em contato com a<\/p>\n\n\n\n<div style=\"height:20px\" aria-hidden=\"true\" class=\"wp-block-spacer\"><\/div>\n\n\n\n<p><strong>SYSTRA<\/strong><br>72-76, Rue Henry Farman &#8211; 75015 Paris &#8211; Fran\u00e7a<\/p>\n\n\n\n<p>Telefone: +33 (0)1 40 16 61 00<\/p>\n\n\n\n<div style=\"height:100px\" aria-hidden=\"true\" class=\"wp-block-spacer\"><\/div>\n","protected":false},"excerpt":{"rendered":"<p>O portal do Grupo SYSTRA \u00e9 propriedade da SYSTRA SA, uma sociedade de responsabilidade limitada com Conselho de Supervis\u00e3o e Administra\u00e7\u00e3o, e um capital social de 34.204.226 euros, registrada no Registro de Com\u00e9rcio e Empresas de Paris sob o n\u00famero 387 949 530 e cuja sede social est\u00e1 localizada em 72-76 Rue Henry Farman &#8211; [&hellip;]<\/p>\n","protected":false},"author":3,"featured_media":10000011537,"parent":0,"menu_order":0,"comment_status":"closed","ping_status":"closed","template":"","meta":{"_acf_changed":false,"_relevanssi_hide_post":"","_relevanssi_hide_content":"","_relevanssi_pin_for_all":"","_relevanssi_pin_keywords":"","_relevanssi_unpin_keywords":"","_relevanssi_related_keywords":"","_relevanssi_related_include_ids":"","_relevanssi_related_exclude_ids":"","_relevanssi_related_no_append":"","_relevanssi_related_not_related":"","_relevanssi_related_posts":"371,347","_relevanssi_noindex_reason":"","footnotes":""},"class_list":["post-753","page","type-page","status-publish","has-post-thumbnail","hentry"],"acf":[],"yoast_head":"<!-- This site is optimized with the Yoast SEO Premium plugin v27.4 (Yoast SEO v27.4) - https:\/\/yoast.com\/product\/yoast-seo-premium-wordpress\/ -->\n<title>Informa\u00e7\u00f5es legais - SYSTRA Brasil<\/title>\n<meta name=\"description\" content=\"Informa\u00e7\u00f5es legais - SYSTRA Brasil, um dos l\u00edderes mundiais de consultoria e engenharia, especializado em solu\u00e7\u00f5es de transporte e mobilidade.\" \/>\n<meta name=\"robots\" content=\"index, follow, max-snippet:-1, max-image-preview:large, max-video-preview:-1\" \/>\n<meta property=\"og:locale\" content=\"en_US\" \/>\n<meta property=\"og:type\" content=\"article\" \/>\n<meta property=\"og:title\" content=\"Informa\u00e7\u00f5es legais\" \/>\n<meta property=\"og:description\" content=\"Informa\u00e7\u00f5es legais - SYSTRA Brasil, um dos l\u00edderes mundiais de consultoria e engenharia, especializado em solu\u00e7\u00f5es de transporte e mobilidade.\" \/>\n<meta property=\"og:url\" content=\"https:\/\/www.systra.com\/brazil\/informacoes-legais\/\" \/>\n<meta property=\"og:site_name\" content=\"Brasil\" \/>\n<meta property=\"article:modified_time\" content=\"2025-10-21T15:21:28+00:00\" \/>\n<meta name=\"twitter:card\" content=\"summary_large_image\" \/>\n<meta name=\"twitter:label1\" content=\"Est. reading time\" \/>\n\t<meta name=\"twitter:data1\" content=\"6 minutes\" \/>\n<script type=\"application\/ld+json\" class=\"yoast-schema-graph\">{\"@context\":\"https:\\\/\\\/schema.org\",\"@graph\":[{\"@type\":\"WebPage\",\"@id\":\"https:\\\/\\\/www.systra.com\\\/brazil\\\/informacoes-legais\\\/\",\"url\":\"https:\\\/\\\/www.systra.com\\\/brazil\\\/informacoes-legais\\\/\",\"name\":\"Informa\u00e7\u00f5es legais - SYSTRA Brasil\",\"isPartOf\":{\"@id\":\"https:\\\/\\\/www.systra.com\\\/brazil\\\/#website\"},\"primaryImageOfPage\":{\"@id\":\"https:\\\/\\\/www.systra.com\\\/brazil\\\/informacoes-legais\\\/#primaryimage\"},\"image\":{\"@id\":\"https:\\\/\\\/www.systra.com\\\/brazil\\\/informacoes-legais\\\/#primaryimage\"},\"thumbnailUrl\":\"https:\\\/\\\/www.systra.com\\\/brazil\\\/wp-content\\\/uploads\\\/2020\\\/09\\\/bandeau2.jpg\",\"datePublished\":\"2020-09-29T09:25:27+00:00\",\"dateModified\":\"2025-10-21T15:21:28+00:00\",\"description\":\"Informa\u00e7\u00f5es legais - SYSTRA Brasil, um dos l\u00edderes mundiais de consultoria e engenharia, especializado em solu\u00e7\u00f5es de transporte e mobilidade.\",\"breadcrumb\":{\"@id\":\"https:\\\/\\\/www.systra.com\\\/brazil\\\/informacoes-legais\\\/#breadcrumb\"},\"inLanguage\":\"en-US\",\"potentialAction\":[{\"@type\":\"ReadAction\",\"target\":[\"https:\\\/\\\/www.systra.com\\\/brazil\\\/informacoes-legais\\\/\"]}]},{\"@type\":\"ImageObject\",\"inLanguage\":\"en-US\",\"@id\":\"https:\\\/\\\/www.systra.com\\\/brazil\\\/informacoes-legais\\\/#primaryimage\",\"url\":\"https:\\\/\\\/www.systra.com\\\/brazil\\\/wp-content\\\/uploads\\\/2020\\\/09\\\/bandeau2.jpg\",\"contentUrl\":\"https:\\\/\\\/www.systra.com\\\/brazil\\\/wp-content\\\/uploads\\\/2020\\\/09\\\/bandeau2.jpg\"},{\"@type\":\"BreadcrumbList\",\"@id\":\"https:\\\/\\\/www.systra.com\\\/brazil\\\/informacoes-legais\\\/#breadcrumb\",\"itemListElement\":[{\"@type\":\"ListItem\",\"position\":1,\"name\":\"Accueil\",\"item\":\"https:\\\/\\\/www.systra.com\\\/brazil\\\/\"},{\"@type\":\"ListItem\",\"position\":2,\"name\":\"Informa\u00e7\u00f5es legais\"}]},{\"@type\":\"WebSite\",\"@id\":\"https:\\\/\\\/www.systra.com\\\/brazil\\\/#website\",\"url\":\"https:\\\/\\\/www.systra.com\\\/brazil\\\/\",\"name\":\"SYSTRA Brasil\",\"description\":\"Un site utilisant Les sites de Systra\",\"potentialAction\":[{\"@type\":\"SearchAction\",\"target\":{\"@type\":\"EntryPoint\",\"urlTemplate\":\"https:\\\/\\\/www.systra.com\\\/brazil\\\/?s={search_term_string}\"},\"query-input\":{\"@type\":\"PropertyValueSpecification\",\"valueRequired\":true,\"valueName\":\"search_term_string\"}}],\"inLanguage\":\"en-US\"}]}<\/script>\n<!-- \/ Yoast SEO Premium plugin. -->","yoast_head_json":{"title":"Informa\u00e7\u00f5es legais - SYSTRA Brasil","description":"Informa\u00e7\u00f5es legais - SYSTRA Brasil, um dos l\u00edderes mundiais de consultoria e engenharia, especializado em solu\u00e7\u00f5es de transporte e mobilidade.","robots":{"index":"index","follow":"follow","max-snippet":"max-snippet:-1","max-image-preview":"max-image-preview:large","max-video-preview":"max-video-preview:-1"},"og_locale":"en_US","og_type":"article","og_title":"Informa\u00e7\u00f5es legais","og_description":"Informa\u00e7\u00f5es legais - SYSTRA Brasil, um dos l\u00edderes mundiais de consultoria e engenharia, especializado em solu\u00e7\u00f5es de transporte e mobilidade.","og_url":"https:\/\/www.systra.com\/brazil\/informacoes-legais\/","og_site_name":"Brasil","article_modified_time":"2025-10-21T15:21:28+00:00","twitter_card":"summary_large_image","twitter_misc":{"Est. reading time":"6 minutes"},"schema":{"@context":"https:\/\/schema.org","@graph":[{"@type":"WebPage","@id":"https:\/\/www.systra.com\/brazil\/informacoes-legais\/","url":"https:\/\/www.systra.com\/brazil\/informacoes-legais\/","name":"Informa\u00e7\u00f5es legais - SYSTRA Brasil","isPartOf":{"@id":"https:\/\/www.systra.com\/brazil\/#website"},"primaryImageOfPage":{"@id":"https:\/\/www.systra.com\/brazil\/informacoes-legais\/#primaryimage"},"image":{"@id":"https:\/\/www.systra.com\/brazil\/informacoes-legais\/#primaryimage"},"thumbnailUrl":"https:\/\/www.systra.com\/brazil\/wp-content\/uploads\/2020\/09\/bandeau2.jpg","datePublished":"2020-09-29T09:25:27+00:00","dateModified":"2025-10-21T15:21:28+00:00","description":"Informa\u00e7\u00f5es legais - SYSTRA Brasil, um dos l\u00edderes mundiais de consultoria e engenharia, especializado em solu\u00e7\u00f5es de transporte e mobilidade.","breadcrumb":{"@id":"https:\/\/www.systra.com\/brazil\/informacoes-legais\/#breadcrumb"},"inLanguage":"en-US","potentialAction":[{"@type":"ReadAction","target":["https:\/\/www.systra.com\/brazil\/informacoes-legais\/"]}]},{"@type":"ImageObject","inLanguage":"en-US","@id":"https:\/\/www.systra.com\/brazil\/informacoes-legais\/#primaryimage","url":"https:\/\/www.systra.com\/brazil\/wp-content\/uploads\/2020\/09\/bandeau2.jpg","contentUrl":"https:\/\/www.systra.com\/brazil\/wp-content\/uploads\/2020\/09\/bandeau2.jpg"},{"@type":"BreadcrumbList","@id":"https:\/\/www.systra.com\/brazil\/informacoes-legais\/#breadcrumb","itemListElement":[{"@type":"ListItem","position":1,"name":"Accueil","item":"https:\/\/www.systra.com\/brazil\/"},{"@type":"ListItem","position":2,"name":"Informa\u00e7\u00f5es legais"}]},{"@type":"WebSite","@id":"https:\/\/www.systra.com\/brazil\/#website","url":"https:\/\/www.systra.com\/brazil\/","name":"SYSTRA Brasil","description":"Un site utilisant Les sites de Systra","potentialAction":[{"@type":"SearchAction","target":{"@type":"EntryPoint","urlTemplate":"https:\/\/www.systra.com\/brazil\/?s={search_term_string}"},"query-input":{"@type":"PropertyValueSpecification","valueRequired":true,"valueName":"search_term_string"}}],"inLanguage":"en-US"}]}},"lang":"pt","translations":{"pt":753,"en":1733},"pll_sync_post":[],"_links":{"self":[{"href":"https:\/\/www.systra.com\/brazil\/wp-json\/wp\/v2\/pages\/753","targetHints":{"allow":["GET"]}}],"collection":[{"href":"https:\/\/www.systra.com\/brazil\/wp-json\/wp\/v2\/pages"}],"about":[{"href":"https:\/\/www.systra.com\/brazil\/wp-json\/wp\/v2\/types\/page"}],"author":[{"embeddable":true,"href":"https:\/\/www.systra.com\/brazil\/wp-json\/wp\/v2\/users\/3"}],"replies":[{"embeddable":true,"href":"https:\/\/www.systra.com\/brazil\/wp-json\/wp\/v2\/comments?post=753"}],"version-history":[{"count":3,"href":"https:\/\/www.systra.com\/brazil\/wp-json\/wp\/v2\/pages\/753\/revisions"}],"predecessor-version":[{"id":59425,"href":"https:\/\/www.systra.com\/brazil\/wp-json\/wp\/v2\/pages\/753\/revisions\/59425"}],"wp:featuredmedia":[{"embeddable":true,"href":"https:\/\/www.systra.com\/brazil\/wp-json\/"}],"wp:attachment":[{"href":"https:\/\/www.systra.com\/brazil\/wp-json\/wp\/v2\/media?parent=753"}],"curies":[{"name":"wp","href":"https:\/\/api.w.org\/{rel}","templated":true}]}}