{"id":752,"date":"2020-09-29T10:41:06","date_gmt":"2020-09-29T08:41:06","guid":{"rendered":"https:\/\/www.systra.com\/brazil\/information-about-personal-data\/"},"modified":"2024-07-16T17:56:57","modified_gmt":"2024-07-16T15:56:57","slug":"informacoes-sobre-dados-pessoais","status":"publish","type":"page","link":"https:\/\/www.systra.com\/brazil\/informacoes-sobre-dados-pessoais\/","title":{"rendered":"Informa\u00e7\u00f5es sobre dados pessoais"},"content":{"rendered":"\n<p>Respeitando os direitos e a privacidade dos indiv\u00edduos, a SYSTRA se compromete a processar seus dados pessoais com dilig\u00eancia, de acordo com as regras aplic\u00e1veis, em especial o Regulamento Geral de Prote\u00e7\u00e3o de Dados (RGPD) adotado pela Uni\u00e3o Europeia.<\/p>\n\n\n\n<p>Voc\u00ea encontrar\u00e1 abaixo informa\u00e7\u00f5es relativas ao processamento realizado pela SYSTRA por meio de seu site <a href=\"http:\/\/www.systra.com\">www.systra.com<\/a> e os direitos que voc\u00ea tem com rela\u00e7\u00e3o aos seus dados pessoais.<\/p>\n\n\n\n<div style=\"height:100px\" aria-hidden=\"true\" class=\"wp-block-spacer\"><\/div>\n\n\n\n<h3 class=\"wp-block-heading\" id=\"h-com-que-finalidade-seus-dados-pessoais-sao-processados\">Com que finalidade seus dados pessoais s\u00e3o processados?<\/h3>\n\n\n\n<div style=\"height:30px\" aria-hidden=\"true\" class=\"wp-block-spacer\"><\/div>\n\n\n\n<p>Seus dados pessoais s\u00e3o processados pela SYSTRA com o objetivo de:<\/p>\n\n\n\n<ol class=\"wp-block-list\">\n<li>Permitir que voc\u00ea entre em contato com a SYSTRA (formul\u00e1rio de contato ou espa\u00e7o de m\u00eddia),<\/li>\n\n\n\n<li>Melhorar a navega\u00e7\u00e3o no site <a href=\"http:\/\/www.systra.com\">www.systra.com<\/a>  usando &#8220;cookies&#8221;.<\/li>\n<\/ol>\n\n\n\n<p>Informa\u00e7\u00f5es sobre o processamento de seus dados pessoais necess\u00e1rios para se candidatar a um emprego na SYSTRA est\u00e3o dispon\u00edveis no site: <a href=\"https:\/\/jobs.systra.com\/\">https:\/\/jobs.systra.com\/<\/a><\/p>\n\n\n\n<div style=\"height:100px\" aria-hidden=\"true\" class=\"wp-block-spacer\"><\/div>\n\n\n\n<h3 class=\"wp-block-heading\" id=\"h-quem-processa-seus-dados-pessoais\">Quem processa seus dados pessoais?<\/h3>\n\n\n\n<div style=\"height:30px\" aria-hidden=\"true\" class=\"wp-block-spacer\"><\/div>\n\n\n\n<p>Seus dados s\u00e3o processados pela SYSTRA, como controladora. Os dados s\u00e3o hospedados pelo Data Campus.<\/p>\n\n\n\n<div style=\"height:100px\" aria-hidden=\"true\" class=\"wp-block-spacer\"><\/div>\n\n\n\n<h3 class=\"wp-block-heading\" id=\"h-quais-categorias-de-dados-sao-processadas\">Quais categorias de dados s\u00e3o processadas?<\/h3>\n\n\n\n<div style=\"height:30px\" aria-hidden=\"true\" class=\"wp-block-spacer\"><\/div>\n\n\n\n<ul class=\"wp-block-list\">\n<li>Em rela\u00e7\u00e3o ao formul\u00e1rio de contato\/espa\u00e7o de m\u00eddia: nome, nome pr\u00f3prio, n\u00famero de telefone, endere\u00e7o de e-mail, cargo, empresa ou organiza\u00e7\u00e3o, assunto e conte\u00fado da mensagem.<\/li>\n\n\n\n<li>Cookies&nbsp;:\n<ul class=\"wp-block-list\">\n<li><strong>Nome:<\/strong> pll_language<br><strong>Fun\u00e7\u00e3o:<\/strong> Gerenciamento da escolha de idioma.<br><strong>Dura\u00e7\u00e3o:<\/strong> 1 ano <\/li>\n\n\n\n<li><strong>Nome:<\/strong> wordpress_test_cookie<br><strong>Fun\u00e7\u00e3o:<\/strong> Testar se o navegador autoriza cookies ou n\u00e3o.<br><strong>Dura\u00e7\u00e3o: <\/strong>Sess\u00e3o<\/li>\n<\/ul>\n<\/li>\n<\/ul>\n\n\n\n<div style=\"height:100px\" aria-hidden=\"true\" class=\"wp-block-spacer\"><\/div>\n\n\n\n<h3 class=\"wp-block-heading\" id=\"h-com-qual-fundamento-legal\">Com qual fundamento legal?<\/h3>\n\n\n\n<div style=\"height:30px\" aria-hidden=\"true\" class=\"wp-block-spacer\"><\/div>\n\n\n\n<p>O uso de cookies e coleta de dados relacionados ao formul\u00e1rio de contato e  espa\u00e7os de m\u00eddia dependem de seu consentimento.<\/p>\n\n\n\n<div style=\"height:100px\" aria-hidden=\"true\" class=\"wp-block-spacer\"><\/div>\n\n\n\n<h3 class=\"wp-block-heading\" id=\"h-quem-sao-os-destinatarios-de-seus-dados\">Quem s\u00e3o os destinat\u00e1rios de seus dados?<\/h3>\n\n\n\n<div style=\"height:30px\" aria-hidden=\"true\" class=\"wp-block-spacer\"><\/div>\n\n\n\n<p>O Departamento de Comunica\u00e7\u00e3o e o Departamento de TI da SYSTRA podem acessar seus dados. O conte\u00fado da sua mensagem enviada por meio do formul\u00e1rio de contato ser\u00e1 transferido para o departamento em quest\u00e3o. Como esse departamento pode estar localizado fora do territ\u00f3rio da Uni\u00e3o Europeia, seu consentimento para essa transfer\u00eancia ser\u00e1 solicitado.<\/p>\n\n\n\n<p>Seus dados n\u00e3o ser\u00e3o transferidos ou acessados fora do grupo SYSTRA, com exce\u00e7\u00e3o do Data Campus (empresa de hospedagem) e em caso de solicita\u00e7\u00e3o feita por uma autoridade p\u00fablica ou judicial.<\/p>\n\n\n\n<div style=\"height:100px\" aria-hidden=\"true\" class=\"wp-block-spacer\"><\/div>\n\n\n\n<h3 class=\"wp-block-heading\" id=\"h-por-quanto-tempo-seus-dados-pessoais-serao-armazenados\">Por quanto tempo seus dados pessoais ser\u00e3o armazenados?<\/h3>\n\n\n\n<div style=\"height:30px\" aria-hidden=\"true\" class=\"wp-block-spacer\"><\/div>\n\n\n\n<p>A SYSTRA armazena seus dados apenas durante o tempo necess\u00e1rio para atingir as finalidades do processamento e durante o tempo previsto pelos requisitos legais aplic\u00e1veis. A dura\u00e7\u00e3o da reten\u00e7\u00e3o de cookies \u00e9 mencionada no ponto 3 acima. Dados relacionados ao formul\u00e1rio de contato\/espa\u00e7o de m\u00eddia s\u00e3o armazenados por 3 anos a partir do \u00faltimo contato com a pessoa em quest\u00e3o.<\/p>\n\n\n\n<div style=\"height:100px\" aria-hidden=\"true\" class=\"wp-block-spacer\"><\/div>\n\n\n\n<h3 class=\"wp-block-heading\" id=\"h-onde-seus-dados-sao-armazenados\">Onde seus dados s\u00e3o armazenados?<\/h3>\n\n\n\n<div style=\"height:30px\" aria-hidden=\"true\" class=\"wp-block-spacer\"><\/div>\n\n\n\n<p>Seus dados s\u00e3o armazenados na Fran\u00e7a, pela Data Campus, a empresa de hospedagem.<\/p>\n\n\n\n<div style=\"height:100px\" aria-hidden=\"true\" class=\"wp-block-spacer\"><\/div>\n\n\n\n<h3 class=\"wp-block-heading\" id=\"h-quais-sao-os-termos-de-compromisso-em-relacao-aos-seus-dados\">Quais s\u00e3o os termos de compromisso em rela\u00e7\u00e3o aos seus dados?<\/h3>\n\n\n\n<div style=\"height:30px\" aria-hidden=\"true\" class=\"wp-block-spacer\"><\/div>\n\n\n\n<p>A SYSTRA se compromete a coletar apenas os dados pessoais necess\u00e1rios e proporcionais \u00e0s finalidades mencionadas no ponto 1 acima. Para garantir a prote\u00e7\u00e3o de seus dados, a SYSTRA aplica medidas t\u00e9cnicas e organizacionais a fim de garantir a seguran\u00e7a e a confidencialidade de seus dados pessoais. A SYSTRA nomeou um Diretor de Prote\u00e7\u00e3o de Dados (DPO) para monitorar a aplica\u00e7\u00e3o dessas medidas. Os dados s\u00e3o processados de forma transparente pela SYSTRA e cadastrados no registro de atividades de processamento da SYSTRA.<\/p>\n\n\n\n<p>Para consultar esse registro ou para qualquer pergunta relacionada aos seus dados pessoais, entre em contato com o DPO da SYSTRA: <a href=\"mailto:personaldata@systra.com\">personaldata@systra.com<\/a>.<\/p>\n\n\n\n<div style=\"height:100px\" aria-hidden=\"true\" class=\"wp-block-spacer\"><\/div>\n\n\n\n<h3 class=\"wp-block-heading\" id=\"h-quais-sao-seus-direitos-em-relacao-aos-seus-dados-pessoais\">Quais s\u00e3o seus direitos em rela\u00e7\u00e3o aos seus dados pessoais?<\/h3>\n\n\n\n<div style=\"height:30px\" aria-hidden=\"true\" class=\"wp-block-spacer\"><\/div>\n\n\n\n<p>Voc\u00ea tem o direito de acessar seus dados pessoais e retificar dados imprecisos. Nos casos previstos em lei, voc\u00ea tamb\u00e9m tem o direito de apagar, o direito \u00e0 portabilidade dos dados, o direito de se opor e o direito \u00e0 restri\u00e7\u00e3o de processamento. Como o processamento de dados relacionados ao formul\u00e1rio de contato\/espa\u00e7o de m\u00eddia e cookies \u00e9 baseado no seu consentimento, voc\u00ea pode decidir retirar seu consentimento a qualquer momento.<\/p>\n\n\n\n<p>Para obter mais informa\u00e7\u00f5es ou para exercer seus direitos, entre em contato com o DPO da SYSTRA: <a href=\"mailto:personaldata@systra.com\">personaldata@systra.com<\/a>.<\/p>\n\n\n\n<p>Voc\u00ea tamb\u00e9m tem o direito de registrar uma reclama\u00e7\u00e3o junto \u00e0 autoridade supervisora competente (consulte <a href=\"https:\/\/edpb.europa.eu\/about-edpb\/board\/members_en\">https:\/\/edpb.europa.eu\/about-edpb\/board\/members_en<\/a>).<\/p>\n\n\n\n<div style=\"height:30px\" aria-hidden=\"true\" class=\"wp-block-spacer\"><\/div>\n\n\n\n<p><strong>Suas configura\u00e7\u00f5es de privacidade:<\/strong><\/p>\n\n\n\n","protected":false},"excerpt":{"rendered":"<p>Respeitando os direitos e a privacidade dos indiv\u00edduos, a SYSTRA se compromete a processar seus dados pessoais com dilig\u00eancia, de acordo com as regras aplic\u00e1veis, em especial o Regulamento Geral de Prote\u00e7\u00e3o de Dados (RGPD) adotado pela Uni\u00e3o Europeia. Voc\u00ea encontrar\u00e1 abaixo informa\u00e7\u00f5es relativas ao processamento realizado pela SYSTRA por meio de seu site www.systra.com [&hellip;]<\/p>\n","protected":false},"author":3,"featured_media":10000011362,"parent":0,"menu_order":0,"comment_status":"closed","ping_status":"closed","template":"","meta":{"_acf_changed":false,"_relevanssi_hide_post":"","_relevanssi_hide_content":"","_relevanssi_pin_for_all":"","_relevanssi_pin_keywords":"","_relevanssi_unpin_keywords":"","_relevanssi_related_keywords":"","_relevanssi_related_include_ids":"","_relevanssi_related_exclude_ids":"","_relevanssi_related_no_append":"","_relevanssi_related_not_related":"","_relevanssi_related_posts":"371,347","_relevanssi_noindex_reason":"","footnotes":""},"class_list":["post-752","page","type-page","status-publish","has-post-thumbnail","hentry"],"acf":[],"yoast_head":"<!-- This site is optimized with the Yoast SEO Premium plugin v27.4 (Yoast SEO v27.4) - https:\/\/yoast.com\/product\/yoast-seo-premium-wordpress\/ -->\n<title>Informa\u00e7\u00f5es sobre dados pessoais - SYSTRA Brasil<\/title>\n<meta name=\"description\" content=\"Informa\u00e7\u00f5es sobre dados pessoais - SYSTRA Brasil, um dos l\u00edderes mundiais de consultoria e engenharia, especializado em solu\u00e7\u00f5es de transporte e mobilidade.\" \/>\n<meta name=\"robots\" content=\"index, follow, max-snippet:-1, max-image-preview:large, max-video-preview:-1\" \/>\n<meta property=\"og:locale\" content=\"en_US\" \/>\n<meta property=\"og:type\" content=\"article\" \/>\n<meta property=\"og:title\" content=\"Informa\u00e7\u00f5es sobre dados pessoais\" \/>\n<meta property=\"og:description\" content=\"Informa\u00e7\u00f5es sobre dados pessoais - SYSTRA Brasil, um dos l\u00edderes mundiais de consultoria e engenharia, especializado em solu\u00e7\u00f5es de transporte e mobilidade.\" \/>\n<meta property=\"og:url\" content=\"https:\/\/www.systra.com\/brazil\/informacoes-sobre-dados-pessoais\/\" \/>\n<meta property=\"og:site_name\" content=\"Brasil\" \/>\n<meta property=\"article:modified_time\" content=\"2024-07-16T15:56:57+00:00\" \/>\n<meta name=\"twitter:card\" content=\"summary_large_image\" \/>\n<meta name=\"twitter:label1\" content=\"Est. reading time\" \/>\n\t<meta name=\"twitter:data1\" content=\"4 minutes\" \/>\n<script type=\"application\/ld+json\" class=\"yoast-schema-graph\">{\"@context\":\"https:\\\/\\\/schema.org\",\"@graph\":[{\"@type\":\"WebPage\",\"@id\":\"https:\\\/\\\/www.systra.com\\\/brazil\\\/informacoes-sobre-dados-pessoais\\\/\",\"url\":\"https:\\\/\\\/www.systra.com\\\/brazil\\\/informacoes-sobre-dados-pessoais\\\/\",\"name\":\"Informa\u00e7\u00f5es sobre dados pessoais - SYSTRA Brasil\",\"isPartOf\":{\"@id\":\"https:\\\/\\\/www.systra.com\\\/brazil\\\/#website\"},\"primaryImageOfPage\":{\"@id\":\"https:\\\/\\\/www.systra.com\\\/brazil\\\/informacoes-sobre-dados-pessoais\\\/#primaryimage\"},\"image\":{\"@id\":\"https:\\\/\\\/www.systra.com\\\/brazil\\\/informacoes-sobre-dados-pessoais\\\/#primaryimage\"},\"thumbnailUrl\":\"https:\\\/\\\/www.systra.com\\\/brazil\\\/wp-content\\\/uploads\\\/2020\\\/09\\\/bandeau1.jpg\",\"datePublished\":\"2020-09-29T08:41:06+00:00\",\"dateModified\":\"2024-07-16T15:56:57+00:00\",\"description\":\"Informa\u00e7\u00f5es sobre dados pessoais - SYSTRA Brasil, um dos l\u00edderes mundiais de consultoria e engenharia, especializado em solu\u00e7\u00f5es de transporte e mobilidade.\",\"breadcrumb\":{\"@id\":\"https:\\\/\\\/www.systra.com\\\/brazil\\\/informacoes-sobre-dados-pessoais\\\/#breadcrumb\"},\"inLanguage\":\"en-US\",\"potentialAction\":[{\"@type\":\"ReadAction\",\"target\":[\"https:\\\/\\\/www.systra.com\\\/brazil\\\/informacoes-sobre-dados-pessoais\\\/\"]}]},{\"@type\":\"ImageObject\",\"inLanguage\":\"en-US\",\"@id\":\"https:\\\/\\\/www.systra.com\\\/brazil\\\/informacoes-sobre-dados-pessoais\\\/#primaryimage\",\"url\":\"https:\\\/\\\/www.systra.com\\\/brazil\\\/wp-content\\\/uploads\\\/2020\\\/09\\\/bandeau1.jpg\",\"contentUrl\":\"https:\\\/\\\/www.systra.com\\\/brazil\\\/wp-content\\\/uploads\\\/2020\\\/09\\\/bandeau1.jpg\"},{\"@type\":\"BreadcrumbList\",\"@id\":\"https:\\\/\\\/www.systra.com\\\/brazil\\\/informacoes-sobre-dados-pessoais\\\/#breadcrumb\",\"itemListElement\":[{\"@type\":\"ListItem\",\"position\":1,\"name\":\"Accueil\",\"item\":\"https:\\\/\\\/www.systra.com\\\/brazil\\\/\"},{\"@type\":\"ListItem\",\"position\":2,\"name\":\"Informa\u00e7\u00f5es sobre dados pessoais\"}]},{\"@type\":\"WebSite\",\"@id\":\"https:\\\/\\\/www.systra.com\\\/brazil\\\/#website\",\"url\":\"https:\\\/\\\/www.systra.com\\\/brazil\\\/\",\"name\":\"SYSTRA Brasil\",\"description\":\"Un site utilisant Les sites de Systra\",\"potentialAction\":[{\"@type\":\"SearchAction\",\"target\":{\"@type\":\"EntryPoint\",\"urlTemplate\":\"https:\\\/\\\/www.systra.com\\\/brazil\\\/?s={search_term_string}\"},\"query-input\":{\"@type\":\"PropertyValueSpecification\",\"valueRequired\":true,\"valueName\":\"search_term_string\"}}],\"inLanguage\":\"en-US\"}]}<\/script>\n<!-- \/ Yoast SEO Premium plugin. -->","yoast_head_json":{"title":"Informa\u00e7\u00f5es sobre dados pessoais - SYSTRA Brasil","description":"Informa\u00e7\u00f5es sobre dados pessoais - SYSTRA Brasil, um dos l\u00edderes mundiais de consultoria e engenharia, especializado em solu\u00e7\u00f5es de transporte e mobilidade.","robots":{"index":"index","follow":"follow","max-snippet":"max-snippet:-1","max-image-preview":"max-image-preview:large","max-video-preview":"max-video-preview:-1"},"og_locale":"en_US","og_type":"article","og_title":"Informa\u00e7\u00f5es sobre dados pessoais","og_description":"Informa\u00e7\u00f5es sobre dados pessoais - SYSTRA Brasil, um dos l\u00edderes mundiais de consultoria e engenharia, especializado em solu\u00e7\u00f5es de transporte e mobilidade.","og_url":"https:\/\/www.systra.com\/brazil\/informacoes-sobre-dados-pessoais\/","og_site_name":"Brasil","article_modified_time":"2024-07-16T15:56:57+00:00","twitter_card":"summary_large_image","twitter_misc":{"Est. reading time":"4 minutes"},"schema":{"@context":"https:\/\/schema.org","@graph":[{"@type":"WebPage","@id":"https:\/\/www.systra.com\/brazil\/informacoes-sobre-dados-pessoais\/","url":"https:\/\/www.systra.com\/brazil\/informacoes-sobre-dados-pessoais\/","name":"Informa\u00e7\u00f5es sobre dados pessoais - SYSTRA Brasil","isPartOf":{"@id":"https:\/\/www.systra.com\/brazil\/#website"},"primaryImageOfPage":{"@id":"https:\/\/www.systra.com\/brazil\/informacoes-sobre-dados-pessoais\/#primaryimage"},"image":{"@id":"https:\/\/www.systra.com\/brazil\/informacoes-sobre-dados-pessoais\/#primaryimage"},"thumbnailUrl":"https:\/\/www.systra.com\/brazil\/wp-content\/uploads\/2020\/09\/bandeau1.jpg","datePublished":"2020-09-29T08:41:06+00:00","dateModified":"2024-07-16T15:56:57+00:00","description":"Informa\u00e7\u00f5es sobre dados pessoais - SYSTRA Brasil, um dos l\u00edderes mundiais de consultoria e engenharia, especializado em solu\u00e7\u00f5es de transporte e mobilidade.","breadcrumb":{"@id":"https:\/\/www.systra.com\/brazil\/informacoes-sobre-dados-pessoais\/#breadcrumb"},"inLanguage":"en-US","potentialAction":[{"@type":"ReadAction","target":["https:\/\/www.systra.com\/brazil\/informacoes-sobre-dados-pessoais\/"]}]},{"@type":"ImageObject","inLanguage":"en-US","@id":"https:\/\/www.systra.com\/brazil\/informacoes-sobre-dados-pessoais\/#primaryimage","url":"https:\/\/www.systra.com\/brazil\/wp-content\/uploads\/2020\/09\/bandeau1.jpg","contentUrl":"https:\/\/www.systra.com\/brazil\/wp-content\/uploads\/2020\/09\/bandeau1.jpg"},{"@type":"BreadcrumbList","@id":"https:\/\/www.systra.com\/brazil\/informacoes-sobre-dados-pessoais\/#breadcrumb","itemListElement":[{"@type":"ListItem","position":1,"name":"Accueil","item":"https:\/\/www.systra.com\/brazil\/"},{"@type":"ListItem","position":2,"name":"Informa\u00e7\u00f5es sobre dados pessoais"}]},{"@type":"WebSite","@id":"https:\/\/www.systra.com\/brazil\/#website","url":"https:\/\/www.systra.com\/brazil\/","name":"SYSTRA Brasil","description":"Un site utilisant Les sites de Systra","potentialAction":[{"@type":"SearchAction","target":{"@type":"EntryPoint","urlTemplate":"https:\/\/www.systra.com\/brazil\/?s={search_term_string}"},"query-input":{"@type":"PropertyValueSpecification","valueRequired":true,"valueName":"search_term_string"}}],"inLanguage":"en-US"}]}},"lang":"pt","translations":{"pt":752,"en":1736},"pll_sync_post":[],"_links":{"self":[{"href":"https:\/\/www.systra.com\/brazil\/wp-json\/wp\/v2\/pages\/752","targetHints":{"allow":["GET"]}}],"collection":[{"href":"https:\/\/www.systra.com\/brazil\/wp-json\/wp\/v2\/pages"}],"about":[{"href":"https:\/\/www.systra.com\/brazil\/wp-json\/wp\/v2\/types\/page"}],"author":[{"embeddable":true,"href":"https:\/\/www.systra.com\/brazil\/wp-json\/wp\/v2\/users\/3"}],"replies":[{"embeddable":true,"href":"https:\/\/www.systra.com\/brazil\/wp-json\/wp\/v2\/comments?post=752"}],"version-history":[{"count":7,"href":"https:\/\/www.systra.com\/brazil\/wp-json\/wp\/v2\/pages\/752\/revisions"}],"predecessor-version":[{"id":5063,"href":"https:\/\/www.systra.com\/brazil\/wp-json\/wp\/v2\/pages\/752\/revisions\/5063"}],"wp:featuredmedia":[{"embeddable":true,"href":"https:\/\/www.systra.com\/brazil\/wp-json\/"}],"wp:attachment":[{"href":"https:\/\/www.systra.com\/brazil\/wp-json\/wp\/v2\/media?parent=752"}],"curies":[{"name":"wp","href":"https:\/\/api.w.org\/{rel}","templated":true}]}}