{"id":649,"date":"2023-09-20T18:22:40","date_gmt":"2023-09-20T16:22:40","guid":{"rendered":"https:\/\/www.systra.com\/brazil\/?page_id=649"},"modified":"2025-10-18T00:11:44","modified_gmt":"2025-10-17T22:11:44","slug":"o-grupo-hoje","status":"publish","type":"page","link":"https:\/\/www.systra.com\/brazil\/o-grupo-hoje\/","title":{"rendered":"O grupo hoje"},"content":{"rendered":"\n<h2 class=\"wp-block-heading has-dirty-purple-color has-text-color\" id=\"h-trabalhamos-para-oferecer-solucoes-aos-transportes-de-hoje-e-amanha\">trabalhamos para oferecer<br>solu\u00e7\u00f5es aos traNsportes <br>de hoje e amanh\u00e3<\/h2>\n\n\n\n<div style=\"height:70px\" aria-hidden=\"true\" class=\"wp-block-spacer\"><\/div>\n\n\n\n<div class=\"wp-block-media-text has-media-on-the-right is-stacked-on-mobile is-image-fill-element\"><div class=\"wp-block-media-text__content\">\n<p>O Grupo SYSTRA \u00e9 um dos l\u00edderes mundiais em consultoria e engenharia, especializado em solu\u00e7\u00f5es para transporte e mobilidade. H\u00e1 mais de 65 anos, o Grupo contribui para o desenvolvimento de cidades e regi\u00f5es, atrav\u00e9s da cria\u00e7\u00e3o, melhora e moderniza\u00e7\u00e3o de infraestrutura e sistemas de transportes.<\/p>\n\n\n\n<p>A revista especializada Engineering News-Record classifica a SYSTRA entre as tr\u00eas maiores empresas internacionais de engenharia especializadas em \u2018Mass Transit &amp; Rail\u2019, e entre as 25 maiores empresas de engenharia do mundo.<\/p>\n\n\n\n<p>Com o apoio de 11.000 colaboradores, o Grupo tem como miss\u00e3o trazer mais fluidez aos transportes ao redor do mundo, de modo a aproximar regi\u00f5es e facilitar acessos ao trabalho, educa\u00e7\u00e3o e lazer.<\/p>\n\n\n\n<p>Como refer\u00eancia em solu\u00e7\u00f5es de transporte, a SYSTRA acompanha seus parceiros e clientes ao longo do ciclo de vida de seus projetos.<\/p>\n\n\n\n<div style=\"height:20px\" aria-hidden=\"true\" class=\"wp-block-spacer\"><\/div>\n\n\n\n<p class=\"has-lipstick-color has-text-color\"><strong>A confian\u00e7a transporta o mundo.<\/strong><\/p>\n<\/div><figure class=\"wp-block-media-text__media\"><img decoding=\"async\" src=\"https:\/\/www.systra.com\/brazil\/wp-content\/uploads\/2023\/08\/systra-integrates-atkins-denmark-sweden-norway-2-1024x768.jpg\" alt=\"\" class=\"wp-image-10000014753251 size-full\" style=\"object-position:50% 50%\" srcset=\"https:\/\/www.systra.com\/brazil\/wp-content\/uploads\/2023\/08\/systra-integrates-atkins-denmark-sweden-norway-2-1024x768.jpg 1024w, https:\/\/www.systra.com\/brazil\/wp-content\/uploads\/2023\/08\/systra-integrates-atkins-denmark-sweden-norway-2-300x225.jpg 300w, https:\/\/www.systra.com\/brazil\/wp-content\/uploads\/2023\/08\/systra-integrates-atkins-denmark-sweden-norway-2-768x576.jpg 768w, https:\/\/www.systra.com\/brazil\/wp-content\/uploads\/2023\/08\/systra-integrates-atkins-denmark-sweden-norway-2-1536x1152.jpg 1536w, https:\/\/www.systra.com\/brazil\/wp-content\/uploads\/2023\/08\/systra-integrates-atkins-denmark-sweden-norway-2-2048x1536.jpg 2048w, https:\/\/www.systra.com\/brazil\/wp-content\/uploads\/2023\/08\/systra-integrates-atkins-denmark-sweden-norway-2-474x356.jpg 474w, https:\/\/www.systra.com\/brazil\/wp-content\/uploads\/2023\/08\/systra-integrates-atkins-denmark-sweden-norway-2-1700x1275.jpg 1700w, https:\/\/www.systra.com\/brazil\/wp-content\/uploads\/2023\/08\/systra-integrates-atkins-denmark-sweden-norway-2-1352x1014.jpg 1352w, https:\/\/www.systra.com\/brazil\/wp-content\/uploads\/2023\/08\/systra-integrates-atkins-denmark-sweden-norway-2-800x600.jpg 800w, https:\/\/www.systra.com\/brazil\/wp-content\/uploads\/2023\/08\/systra-integrates-atkins-denmark-sweden-norway-2-180x135.jpg 180w, https:\/\/www.systra.com\/brazil\/wp-content\/uploads\/2023\/08\/systra-integrates-atkins-denmark-sweden-norway-2-153x115.jpg 153w, https:\/\/www.systra.com\/brazil\/wp-content\/uploads\/2023\/08\/systra-integrates-atkins-denmark-sweden-norway-2-230x173.jpg 230w\" sizes=\"(max-width: 1024px) 100vw, 1024px\" \/><\/figure><\/div>\n\n\n\n<div style=\"height:100px\" aria-hidden=\"true\" class=\"wp-block-spacer\"><\/div>\n\n\n\n<div class=\"wp-block-columns is-layout-flex wp-container-core-columns-is-layout-9d6595d7 wp-block-columns-is-layout-flex\">\n<div class=\"wp-block-column has-griplusclair-background-color has-background is-layout-flow wp-block-column-is-layout-flow\">\n<div style=\"height:50px\" aria-hidden=\"true\" class=\"wp-block-spacer\"><\/div>\n\n\n\n<p class=\"has-text-align-center\">Conhe\u00e7a mais sobre o Grupo SYSTRA e nossas atividades ao redor do mundo.<\/p>\n\n\n\n<div style=\"height:20px\" aria-hidden=\"true\" class=\"wp-block-spacer\"><\/div>\n\n\n\n<div class=\"wp-block-buttons is-horizontal is-content-justification-center is-layout-flex wp-container-core-buttons-is-layout-ddb39544 wp-block-buttons-is-layout-flex\">\n<div class=\"wp-block-button is-style-fill\"><a class=\"wp-block-button__link has-text-align-left wp-element-button\" href=\"https:\/\/www.systra.com\/en\/group\/the-group-today\/\" target=\"_blank\" rel=\"noreferrer noopener\">\u2197 GRUPO<\/a><\/div>\n<\/div>\n\n\n\n<div style=\"height:50px\" aria-hidden=\"true\" class=\"wp-block-spacer\"><\/div>\n<\/div>\n<\/div>\n\n\n\n<div style=\"height:100px\" aria-hidden=\"true\" class=\"wp-block-spacer\"><\/div>\n\n\n\n<hr class=\"wp-block-separator has-text-color has-light-eggplant-color has-alpha-channel-opacity has-light-eggplant-background-color has-background is-style-wide\"\/>\n\n\n\n<div style=\"height:50px\" aria-hidden=\"true\" class=\"wp-block-spacer\"><\/div>\n\n\n\n<h2 class=\"wp-block-heading\" id=\"h-veja-mais\">Veja mais<\/h2>\n\n\n\n<div style=\"height:50px\" aria-hidden=\"true\" class=\"wp-block-spacer\"><\/div>\n\n\n\n<div class=\"wp-block-columns is-layout-flex wp-container-core-columns-is-layout-9d6595d7 wp-block-columns-is-layout-flex\">\n<div class=\"wp-block-column is-layout-flow wp-block-column-is-layout-flow\" style=\"flex-basis:33%\">\n<div class=\"wp-block-group\"><div class=\"wp-block-group__inner-container is-layout-flow wp-block-group-is-layout-flow\">\n<div class=\"wp-block-group\"><div class=\"wp-block-group__inner-container is-layout-flow wp-block-group-is-layout-flow\">\n<figure class=\"wp-block-image size-large\"><img decoding=\"async\" src=\"https:\/\/www.systra.com\/brazil\/wp-content\/uploads\/2020\/08\/bandeau_metiersv3-1024x645.jpg\" alt=\"\" class=\"wp-image-1000003669\" srcset=\"https:\/\/www.systra.com\/brazil\/wp-content\/uploads\/2020\/08\/bandeau_metiersv3-1024x645.jpg 1024w, https:\/\/www.systra.com\/brazil\/wp-content\/uploads\/2020\/08\/bandeau_metiersv3-300x189.jpg 300w, https:\/\/www.systra.com\/brazil\/wp-content\/uploads\/2020\/08\/bandeau_metiersv3-768x484.jpg 768w, https:\/\/www.systra.com\/brazil\/wp-content\/uploads\/2020\/08\/bandeau_metiersv3-1536x968.jpg 1536w, https:\/\/www.systra.com\/brazil\/wp-content\/uploads\/2020\/08\/bandeau_metiersv3-2048x1291.jpg 2048w, https:\/\/www.systra.com\/brazil\/wp-content\/uploads\/2020\/08\/bandeau_metiersv3-474x299.jpg 474w, https:\/\/www.systra.com\/brazil\/wp-content\/uploads\/2020\/08\/bandeau_metiersv3-1700x1071.jpg 1700w, https:\/\/www.systra.com\/brazil\/wp-content\/uploads\/2020\/08\/bandeau_metiersv3-1352x852.jpg 1352w, https:\/\/www.systra.com\/brazil\/wp-content\/uploads\/2020\/08\/bandeau_metiersv3-800x504.jpg 800w, https:\/\/www.systra.com\/brazil\/wp-content\/uploads\/2020\/08\/bandeau_metiersv3-180x113.jpg 180w, https:\/\/www.systra.com\/brazil\/wp-content\/uploads\/2020\/08\/bandeau_metiersv3-153x96.jpg 153w, https:\/\/www.systra.com\/brazil\/wp-content\/uploads\/2020\/08\/bandeau_metiersv3-230x145.jpg 230w\" sizes=\"(max-width: 1024px) 100vw, 1024px\" \/><\/figure>\n\n\n\n<div style=\"height:15px\" aria-hidden=\"true\" class=\"wp-block-spacer\"><\/div>\n\n\n\n<h4 class=\"wp-block-heading has-text-align-center has-light-eggplant-color has-text-color\" style=\"text-transform:uppercase\">Vis\u00e3o<\/h4>\n\n\n\n<div class=\"wp-block-buttons is-content-justification-center is-layout-flex wp-container-core-buttons-is-layout-16018d1d wp-block-buttons-is-layout-flex\">\n<div class=\"wp-block-button\"><a class=\"wp-block-button__link wp-element-button\" href=\"https:\/\/www.systra.com\/brazil\/sobre-nos\/visao\/\">Leia mais<\/a><\/div>\n<\/div>\n<\/div><\/div>\n<\/div><\/div>\n<\/div>\n\n\n\n<div class=\"wp-block-column is-layout-flow wp-block-column-is-layout-flow\" style=\"flex-basis:33%\">\n<div class=\"wp-block-group\"><div class=\"wp-block-group__inner-container is-layout-flow wp-block-group-is-layout-flow\">\n<figure class=\"wp-block-image size-large\"><img loading=\"lazy\" decoding=\"async\" width=\"1024\" height=\"683\" src=\"https:\/\/www.systra.com\/brazil\/wp-content\/uploads\/sites\/20\/2023\/09\/cptm-brazil-project-1024x683.png\" alt=\"\" class=\"wp-image-1385\" srcset=\"https:\/\/www.systra.com\/brazil\/wp-content\/uploads\/sites\/20\/2023\/09\/cptm-brazil-project-1024x683.png 1024w, https:\/\/www.systra.com\/brazil\/wp-content\/uploads\/sites\/20\/2023\/09\/cptm-brazil-project-300x200.png 300w, https:\/\/www.systra.com\/brazil\/wp-content\/uploads\/sites\/20\/2023\/09\/cptm-brazil-project-768x512.png 768w, https:\/\/www.systra.com\/brazil\/wp-content\/uploads\/sites\/20\/2023\/09\/cptm-brazil-project-1536x1024.png 1536w, https:\/\/www.systra.com\/brazil\/wp-content\/uploads\/sites\/20\/2023\/09\/cptm-brazil-project-2048x1366.png 2048w, https:\/\/www.systra.com\/brazil\/wp-content\/uploads\/sites\/20\/2023\/09\/cptm-brazil-project-375x250.png 375w, https:\/\/www.systra.com\/brazil\/wp-content\/uploads\/sites\/20\/2023\/09\/cptm-brazil-project-376x250.png 376w, https:\/\/www.systra.com\/brazil\/wp-content\/uploads\/sites\/20\/2023\/09\/cptm-brazil-project-474x316.png 474w, https:\/\/www.systra.com\/brazil\/wp-content\/uploads\/sites\/20\/2023\/09\/cptm-brazil-project-75x50.png 75w, https:\/\/www.systra.com\/brazil\/wp-content\/uploads\/sites\/20\/2023\/09\/cptm-brazil-project-900x600.png 900w, https:\/\/www.systra.com\/brazil\/wp-content\/uploads\/sites\/20\/2023\/09\/cptm-brazil-project-1700x1134.png 1700w, https:\/\/www.systra.com\/brazil\/wp-content\/uploads\/sites\/20\/2023\/09\/cptm-brazil-project-1352x902.png 1352w, https:\/\/www.systra.com\/brazil\/wp-content\/uploads\/sites\/20\/2023\/09\/cptm-brazil-project-800x533.png 800w, https:\/\/www.systra.com\/brazil\/wp-content\/uploads\/sites\/20\/2023\/09\/cptm-brazil-project-180x120.png 180w, https:\/\/www.systra.com\/brazil\/wp-content\/uploads\/sites\/20\/2023\/09\/cptm-brazil-project-153x102.png 153w, https:\/\/www.systra.com\/brazil\/wp-content\/uploads\/sites\/20\/2023\/09\/cptm-brazil-project-230x153.png 230w\" sizes=\"auto, (max-width: 1024px) 100vw, 1024px\" \/><\/figure>\n\n\n\n<div style=\"height:15px\" aria-hidden=\"true\" class=\"wp-block-spacer\"><\/div>\n\n\n\n<h4 class=\"wp-block-heading has-text-align-center has-light-eggplant-color has-text-color\" style=\"text-transform:uppercase\">Nossos Projetos<\/h4>\n\n\n\n<div class=\"wp-block-buttons is-content-justification-center is-layout-flex wp-container-core-buttons-is-layout-16018d1d wp-block-buttons-is-layout-flex\">\n<div class=\"wp-block-button\"><a class=\"wp-block-button__link wp-element-button\" href=\"https:\/\/www.systra.com\/brazil\/nossos-projetos\/\">Leia mais<\/a><\/div>\n<\/div>\n<\/div><\/div>\n<\/div>\n\n\n\n<div class=\"wp-block-column is-layout-flow wp-block-column-is-layout-flow\" style=\"flex-basis:33.33%\">\n<div class=\"wp-block-group\"><div class=\"wp-block-group__inner-container is-layout-flow wp-block-group-is-layout-flow\">\n<figure class=\"wp-block-image size-large\"><img loading=\"lazy\" decoding=\"async\" width=\"1024\" height=\"621\" src=\"https:\/\/www.systra.com\/brazil\/wp-content\/uploads\/sites\/20\/2023\/09\/ambition-and-values-2048x1242-1-1024x621.jpg\" alt=\"\" class=\"wp-image-469\" srcset=\"https:\/\/www.systra.com\/brazil\/wp-content\/uploads\/sites\/20\/2023\/09\/ambition-and-values-2048x1242-1-1024x621.jpg 1024w, https:\/\/www.systra.com\/brazil\/wp-content\/uploads\/sites\/20\/2023\/09\/ambition-and-values-2048x1242-1-300x182.jpg 300w, https:\/\/www.systra.com\/brazil\/wp-content\/uploads\/sites\/20\/2023\/09\/ambition-and-values-2048x1242-1-768x466.jpg 768w, https:\/\/www.systra.com\/brazil\/wp-content\/uploads\/sites\/20\/2023\/09\/ambition-and-values-2048x1242-1-1536x932.jpg 1536w, https:\/\/www.systra.com\/brazil\/wp-content\/uploads\/sites\/20\/2023\/09\/ambition-and-values-2048x1242-1-474x287.jpg 474w, https:\/\/www.systra.com\/brazil\/wp-content\/uploads\/sites\/20\/2023\/09\/ambition-and-values-2048x1242-1-1700x1031.jpg 1700w, https:\/\/www.systra.com\/brazil\/wp-content\/uploads\/sites\/20\/2023\/09\/ambition-and-values-2048x1242-1-1352x820.jpg 1352w, https:\/\/www.systra.com\/brazil\/wp-content\/uploads\/sites\/20\/2023\/09\/ambition-and-values-2048x1242-1-800x485.jpg 800w, https:\/\/www.systra.com\/brazil\/wp-content\/uploads\/sites\/20\/2023\/09\/ambition-and-values-2048x1242-1-180x109.jpg 180w, https:\/\/www.systra.com\/brazil\/wp-content\/uploads\/sites\/20\/2023\/09\/ambition-and-values-2048x1242-1-153x93.jpg 153w, https:\/\/www.systra.com\/brazil\/wp-content\/uploads\/sites\/20\/2023\/09\/ambition-and-values-2048x1242-1-230x139.jpg 230w, https:\/\/www.systra.com\/brazil\/wp-content\/uploads\/sites\/20\/2023\/09\/ambition-and-values-2048x1242-1.jpg 2048w\" sizes=\"auto, (max-width: 1024px) 100vw, 1024px\" \/><\/figure>\n\n\n\n<div style=\"height:15px\" aria-hidden=\"true\" class=\"wp-block-spacer\"><\/div>\n\n\n\n<h4 class=\"wp-block-heading has-text-align-center has-light-eggplant-color has-text-color\" style=\"text-transform:uppercase\">AMBI\u00c7\u00c3O E VALORES<\/h4>\n\n\n\n<div class=\"wp-block-buttons is-content-justification-center is-layout-flex wp-container-core-buttons-is-layout-16018d1d wp-block-buttons-is-layout-flex\">\n<div class=\"wp-block-button\"><a class=\"wp-block-button__link wp-element-button\" href=\"https:\/\/www.systra.com\/brazil\/sobre-nos\/ambicao-valores\/\">Leia mais<\/a><\/div>\n<\/div>\n<\/div><\/div>\n<\/div>\n<\/div>\n\n\n\n<div style=\"height:100px\" aria-hidden=\"true\" class=\"wp-block-spacer\"><\/div>\n","protected":false},"excerpt":{"rendered":"<p>trabalhamos para oferecersolu\u00e7\u00f5es aos traNsportes de hoje e amanh\u00e3 Conhe\u00e7a mais sobre o Grupo SYSTRA e nossas atividades ao redor do mundo. Veja mais Vis\u00e3o Nossos Projetos AMBI\u00c7\u00c3O E VALORES<\/p>\n","protected":false},"author":61,"featured_media":1336,"parent":0,"menu_order":0,"comment_status":"closed","ping_status":"closed","template":"","meta":{"_acf_changed":false,"_relevanssi_hide_post":"","_relevanssi_hide_content":"","_relevanssi_pin_for_all":"","_relevanssi_pin_keywords":"","_relevanssi_unpin_keywords":"","_relevanssi_related_keywords":"","_relevanssi_related_include_ids":"","_relevanssi_related_exclude_ids":"","_relevanssi_related_no_append":"","_relevanssi_related_not_related":"","_relevanssi_related_posts":"371,347","_relevanssi_noindex_reason":"","footnotes":""},"class_list":["post-649","page","type-page","status-publish","has-post-thumbnail","hentry"],"acf":[],"yoast_head":"<!-- This site is optimized with the Yoast SEO Premium plugin v27.4 (Yoast SEO v27.4) - https:\/\/yoast.com\/product\/yoast-seo-premium-wordpress\/ -->\n<title>O grupo hoje - SYSTRA Brasil<\/title>\n<meta name=\"description\" content=\"O grupo hoje - SYSTRA Brasil, um dos l\u00edderes mundiais de consultoria e engenharia, especializado em solu\u00e7\u00f5es de transporte e mobilidade.\" \/>\n<meta name=\"robots\" content=\"index, follow, max-snippet:-1, max-image-preview:large, max-video-preview:-1\" \/>\n<meta property=\"og:locale\" content=\"en_US\" \/>\n<meta property=\"og:type\" content=\"article\" \/>\n<meta property=\"og:title\" content=\"O grupo hoje\" \/>\n<meta property=\"og:description\" content=\"O grupo hoje - SYSTRA Brasil, um dos l\u00edderes mundiais de consultoria e engenharia, especializado em solu\u00e7\u00f5es de transporte e mobilidade.\" \/>\n<meta property=\"og:url\" content=\"https:\/\/www.systra.com\/brazil\/o-grupo-hoje\/\" \/>\n<meta property=\"og:site_name\" content=\"Brasil\" \/>\n<meta property=\"article:modified_time\" content=\"2025-10-17T22:11:44+00:00\" \/>\n<meta property=\"og:image\" content=\"https:\/\/www.systra.com\/brazil\/wp-content\/uploads\/sites\/20\/2023\/09\/groupe_aujourdhui_brazil.jpg\" \/>\n\t<meta property=\"og:image:width\" content=\"2380\" \/>\n\t<meta property=\"og:image:height\" content=\"1500\" \/>\n\t<meta property=\"og:image:type\" content=\"image\/jpeg\" \/>\n<meta name=\"twitter:card\" content=\"summary_large_image\" \/>\n<meta name=\"twitter:label1\" content=\"Est. reading time\" \/>\n\t<meta name=\"twitter:data1\" content=\"2 minutes\" \/>\n<script type=\"application\/ld+json\" class=\"yoast-schema-graph\">{\"@context\":\"https:\\\/\\\/schema.org\",\"@graph\":[{\"@type\":\"WebPage\",\"@id\":\"https:\\\/\\\/www.systra.com\\\/brazil\\\/o-grupo-hoje\\\/\",\"url\":\"https:\\\/\\\/www.systra.com\\\/brazil\\\/o-grupo-hoje\\\/\",\"name\":\"O grupo hoje - SYSTRA Brasil\",\"isPartOf\":{\"@id\":\"https:\\\/\\\/www.systra.com\\\/brazil\\\/#website\"},\"primaryImageOfPage\":{\"@id\":\"https:\\\/\\\/www.systra.com\\\/brazil\\\/o-grupo-hoje\\\/#primaryimage\"},\"image\":{\"@id\":\"https:\\\/\\\/www.systra.com\\\/brazil\\\/o-grupo-hoje\\\/#primaryimage\"},\"thumbnailUrl\":\"https:\\\/\\\/www.systra.com\\\/brazil\\\/wp-content\\\/uploads\\\/sites\\\/20\\\/2023\\\/09\\\/groupe_aujourdhui_brazil.jpg\",\"datePublished\":\"2023-09-20T16:22:40+00:00\",\"dateModified\":\"2025-10-17T22:11:44+00:00\",\"description\":\"O grupo hoje - SYSTRA Brasil, um dos l\u00edderes mundiais de consultoria e engenharia, especializado em solu\u00e7\u00f5es de transporte e mobilidade.\",\"breadcrumb\":{\"@id\":\"https:\\\/\\\/www.systra.com\\\/brazil\\\/o-grupo-hoje\\\/#breadcrumb\"},\"inLanguage\":\"en-US\",\"potentialAction\":[{\"@type\":\"ReadAction\",\"target\":[\"https:\\\/\\\/www.systra.com\\\/brazil\\\/o-grupo-hoje\\\/\"]}]},{\"@type\":\"ImageObject\",\"inLanguage\":\"en-US\",\"@id\":\"https:\\\/\\\/www.systra.com\\\/brazil\\\/o-grupo-hoje\\\/#primaryimage\",\"url\":\"https:\\\/\\\/www.systra.com\\\/brazil\\\/wp-content\\\/uploads\\\/sites\\\/20\\\/2023\\\/09\\\/groupe_aujourdhui_brazil.jpg\",\"contentUrl\":\"https:\\\/\\\/www.systra.com\\\/brazil\\\/wp-content\\\/uploads\\\/sites\\\/20\\\/2023\\\/09\\\/groupe_aujourdhui_brazil.jpg\",\"width\":2380,\"height\":1500},{\"@type\":\"BreadcrumbList\",\"@id\":\"https:\\\/\\\/www.systra.com\\\/brazil\\\/o-grupo-hoje\\\/#breadcrumb\",\"itemListElement\":[{\"@type\":\"ListItem\",\"position\":1,\"name\":\"Accueil\",\"item\":\"https:\\\/\\\/www.systra.com\\\/brazil\\\/\"},{\"@type\":\"ListItem\",\"position\":2,\"name\":\"O grupo hoje\"}]},{\"@type\":\"WebSite\",\"@id\":\"https:\\\/\\\/www.systra.com\\\/brazil\\\/#website\",\"url\":\"https:\\\/\\\/www.systra.com\\\/brazil\\\/\",\"name\":\"SYSTRA Brasil\",\"description\":\"Un site utilisant Les sites de Systra\",\"potentialAction\":[{\"@type\":\"SearchAction\",\"target\":{\"@type\":\"EntryPoint\",\"urlTemplate\":\"https:\\\/\\\/www.systra.com\\\/brazil\\\/?s={search_term_string}\"},\"query-input\":{\"@type\":\"PropertyValueSpecification\",\"valueRequired\":true,\"valueName\":\"search_term_string\"}}],\"inLanguage\":\"en-US\"}]}<\/script>\n<!-- \/ Yoast SEO Premium plugin. -->","yoast_head_json":{"title":"O grupo hoje - SYSTRA Brasil","description":"O grupo hoje - SYSTRA Brasil, um dos l\u00edderes mundiais de consultoria e engenharia, especializado em solu\u00e7\u00f5es de transporte e mobilidade.","robots":{"index":"index","follow":"follow","max-snippet":"max-snippet:-1","max-image-preview":"max-image-preview:large","max-video-preview":"max-video-preview:-1"},"og_locale":"en_US","og_type":"article","og_title":"O grupo hoje","og_description":"O grupo hoje - SYSTRA Brasil, um dos l\u00edderes mundiais de consultoria e engenharia, especializado em solu\u00e7\u00f5es de transporte e mobilidade.","og_url":"https:\/\/www.systra.com\/brazil\/o-grupo-hoje\/","og_site_name":"Brasil","article_modified_time":"2025-10-17T22:11:44+00:00","og_image":[{"width":2380,"height":1500,"url":"https:\/\/www.systra.com\/brazil\/wp-content\/uploads\/sites\/20\/2023\/09\/groupe_aujourdhui_brazil.jpg","type":"image\/jpeg"}],"twitter_card":"summary_large_image","twitter_misc":{"Est. reading time":"2 minutes"},"schema":{"@context":"https:\/\/schema.org","@graph":[{"@type":"WebPage","@id":"https:\/\/www.systra.com\/brazil\/o-grupo-hoje\/","url":"https:\/\/www.systra.com\/brazil\/o-grupo-hoje\/","name":"O grupo hoje - SYSTRA Brasil","isPartOf":{"@id":"https:\/\/www.systra.com\/brazil\/#website"},"primaryImageOfPage":{"@id":"https:\/\/www.systra.com\/brazil\/o-grupo-hoje\/#primaryimage"},"image":{"@id":"https:\/\/www.systra.com\/brazil\/o-grupo-hoje\/#primaryimage"},"thumbnailUrl":"https:\/\/www.systra.com\/brazil\/wp-content\/uploads\/sites\/20\/2023\/09\/groupe_aujourdhui_brazil.jpg","datePublished":"2023-09-20T16:22:40+00:00","dateModified":"2025-10-17T22:11:44+00:00","description":"O grupo hoje - SYSTRA Brasil, um dos l\u00edderes mundiais de consultoria e engenharia, especializado em solu\u00e7\u00f5es de transporte e mobilidade.","breadcrumb":{"@id":"https:\/\/www.systra.com\/brazil\/o-grupo-hoje\/#breadcrumb"},"inLanguage":"en-US","potentialAction":[{"@type":"ReadAction","target":["https:\/\/www.systra.com\/brazil\/o-grupo-hoje\/"]}]},{"@type":"ImageObject","inLanguage":"en-US","@id":"https:\/\/www.systra.com\/brazil\/o-grupo-hoje\/#primaryimage","url":"https:\/\/www.systra.com\/brazil\/wp-content\/uploads\/sites\/20\/2023\/09\/groupe_aujourdhui_brazil.jpg","contentUrl":"https:\/\/www.systra.com\/brazil\/wp-content\/uploads\/sites\/20\/2023\/09\/groupe_aujourdhui_brazil.jpg","width":2380,"height":1500},{"@type":"BreadcrumbList","@id":"https:\/\/www.systra.com\/brazil\/o-grupo-hoje\/#breadcrumb","itemListElement":[{"@type":"ListItem","position":1,"name":"Accueil","item":"https:\/\/www.systra.com\/brazil\/"},{"@type":"ListItem","position":2,"name":"O grupo hoje"}]},{"@type":"WebSite","@id":"https:\/\/www.systra.com\/brazil\/#website","url":"https:\/\/www.systra.com\/brazil\/","name":"SYSTRA Brasil","description":"Un site utilisant Les sites de Systra","potentialAction":[{"@type":"SearchAction","target":{"@type":"EntryPoint","urlTemplate":"https:\/\/www.systra.com\/brazil\/?s={search_term_string}"},"query-input":{"@type":"PropertyValueSpecification","valueRequired":true,"valueName":"search_term_string"}}],"inLanguage":"en-US"}]}},"lang":"pt","translations":{"pt":649,"en":1646},"pll_sync_post":[],"_links":{"self":[{"href":"https:\/\/www.systra.com\/brazil\/wp-json\/wp\/v2\/pages\/649","targetHints":{"allow":["GET"]}}],"collection":[{"href":"https:\/\/www.systra.com\/brazil\/wp-json\/wp\/v2\/pages"}],"about":[{"href":"https:\/\/www.systra.com\/brazil\/wp-json\/wp\/v2\/types\/page"}],"author":[{"embeddable":true,"href":"https:\/\/www.systra.com\/brazil\/wp-json\/wp\/v2\/users\/61"}],"replies":[{"embeddable":true,"href":"https:\/\/www.systra.com\/brazil\/wp-json\/wp\/v2\/comments?post=649"}],"version-history":[{"count":3,"href":"https:\/\/www.systra.com\/brazil\/wp-json\/wp\/v2\/pages\/649\/revisions"}],"predecessor-version":[{"id":59338,"href":"https:\/\/www.systra.com\/brazil\/wp-json\/wp\/v2\/pages\/649\/revisions\/59338"}],"wp:featuredmedia":[{"embeddable":true,"href":"https:\/\/www.systra.com\/brazil\/wp-json\/wp\/v2\/media\/1336"}],"wp:attachment":[{"href":"https:\/\/www.systra.com\/brazil\/wp-json\/wp\/v2\/media?parent=649"}],"curies":[{"name":"wp","href":"https:\/\/api.w.org\/{rel}","templated":true}]}}