{"id":533,"date":"2023-09-19T16:27:56","date_gmt":"2023-09-19T14:27:56","guid":{"rendered":"https:\/\/www.systra.com\/brazil\/?page_id=533"},"modified":"2025-02-27T15:23:56","modified_gmt":"2025-02-27T14:23:56","slug":"ambicao-valores","status":"publish","type":"page","link":"https:\/\/www.systra.com\/brazil\/sobre-nos\/ambicao-valores\/","title":{"rendered":"Ambi\u00e7\u00e3o e Valores"},"content":{"rendered":"\n<h2 class=\"wp-block-heading\" id=\"h-nossa-ambicao-e-ser-a-referencia-para-solucoes-de-transporte\">NOSSA AMBI\u00c7\u00c3O \u00c9 SER A REFER\u00caNCIA<br>PARA SOLU\u00c7\u00d5ES DE TRANSPORTE<\/h2>\n\n\n\n<div style=\"height:70px\" aria-hidden=\"true\" class=\"wp-block-spacer\"><\/div>\n\n\n\n<p>Ser<strong> a refer\u00eancia <\/strong>em solu\u00e7\u00f5es de transporte constitui em um objetivo t\u00e3o desafiador quando inspirador. Para alcan\u00e7\u00e1-lo, podemos contar com a mobiliza\u00e7\u00e3o de nossos colegas, homens e mulheres, que compartilham dos valores da SYSTRA: <strong>Excel\u00eancia<\/strong>, <strong>Times Conectados<\/strong>, <strong>Lideran\u00e7a Audaciosa<\/strong>.<\/p>\n\n\n\n<div style=\"height:100px\" aria-hidden=\"true\" class=\"wp-block-spacer\"><\/div>\n\n\n\n<div class=\"wrapper-home-top block-home\">\n\t<div class=\"center1130\">\n\t\t<div class=\"container-lines-intro-home\">\n\t\t\t<div class=\"wrapper-lines-1 wrapper-lines\">\n\t\t\t\t<div class=\"first-line\"><\/div>\n\t\t\t\t<div class=\"second-line with-angle\"><\/div>\n\t\t\t\t<div class=\"third-line\"><\/div>\n\t\t\t\t<div class=\"fourth-line with-angle\"><\/div>\n\t\t\t\t<div class=\"fifth-line\"><\/div>\n\t\t\t\t<div class=\"sixth-line\"><\/div>\n\t\t\t<\/div>\n\t\t\t<div class=\"wrapper-lines-2 wrapper-lines\">\n\t\t\t\t<div class=\"first-line\"><\/div>\n\t\t\t\t<div class=\"second-line with-angle\"><\/div>\n\t\t\t\t<div class=\"third-line\"><\/div>\n\t\t\t\t<div class=\"fourth-line with-angle\"><\/div>\n\t\t\t\t<div class=\"fifth-line\"><\/div>\n\t\t\t\t<div class=\"sixth-line\"><\/div>\n\t\t\t\t<div class=\"seventh-line\"><\/div>\n\t\t\t<\/div>\n\t\t<\/div>\n\t\t<div class=\"rectangle-left\"><\/div>\n\t\t<div class=\"wrapper-h1\">\n\t\t\t\t\t\t\t<h1 class=\"h1like\">VIVENDO NOSSOS VALORES<\/h1>\n\t\t\t\t\t<\/div>\n\n\t\t<div class=\"conteneur-bloc-intro\">\n\t\t\t<div class=\"wp-block-embed-youtube-bloc-intro systra-mt-0 wp-block-embed is-type-video is-provider-youtube wp-embed-aspect-16-9 wp-has-aspect-ratio box-bloc-intro\">\n\t\t\t\t<div class=\"wp-block-embed__wrapper wrapper-video padding-bloc-intro\">\n                    <iframe loading=\"lazy\" title=\"SYSTRA - VALORES\" width=\"640\" height=\"360\" src=\"https:\/\/www.youtube-nocookie.com\/embed\/pEv_7vWI0V0?feature=oembed\" frameborder=\"0\" allow=\"accelerometer; autoplay; clipboard-write; encrypted-media; gyroscope; picture-in-picture; web-share\" referrerpolicy=\"strict-origin-when-cross-origin\" allowfullscreen><\/iframe>\t\t\t\t<\/div>\n\t\t\t<\/div>\n\n\t\t\t<div class=\"wrapper-vision box-bloc-intro\">\n\t\t\t\t<div class=\"content-vision\">\n\t\t\t\t\t<div class=\"vision-txt\">\n\t\t\t\t\t\t\t\t\t\t\t<\/div>\n\t\t\t\t\t\t\t\t\t<\/div>\n\t\t\t<\/div>\n\t\t<\/div>\n\t<\/div>\n<\/div>\n\n\n\n<div style=\"height:100px\" aria-hidden=\"true\" class=\"wp-block-spacer\"><\/div>\n\n\n\n<div class=\"wp-block-columns are-vertically-aligned-center is-layout-flex wp-container-core-columns-is-layout-9d6595d7 wp-block-columns-is-layout-flex\">\n<div class=\"wp-block-column is-vertically-aligned-center is-layout-flow wp-block-column-is-layout-flow\">\n<h3 class=\"wp-block-heading has-dirty-purple-color has-text-color\">EXCEL\u00caNCIA<\/h3>\n\n\n\n<div style=\"height:15px\" aria-hidden=\"true\" class=\"wp-block-spacer\"><\/div>\n\n\n\n<p>Aprofundada em nossa cultura, excel\u00eancia \u00e9 ao mesmo tempo um objetivo e um modo de funcionar. Nossos clientes s\u00e3o ambiciosos e exigentes. Nosso compromisso de projetar as melhores solu\u00e7\u00f5es, nas melhores condi\u00e7\u00f5es, \u00e9 a promessa de confian\u00e7a, performance e sustentabilidade.<\/p>\n<\/div>\n\n\n\n<div class=\"wp-block-column is-vertically-aligned-center is-layout-flow wp-block-column-is-layout-flow\">\n<figure class=\"wp-block-image size-full\"><img decoding=\"async\" src=\"https:\/\/www.systra.com\/wp-content\/uploads\/2023\/01\/excellence.jpg\" alt=\"\" class=\"wp-image-10781727\"\/><\/figure>\n<\/div>\n<\/div>\n\n\n\n<div style=\"height:70px\" aria-hidden=\"true\" class=\"wp-block-spacer\"><\/div>\n\n\n\n<div class=\"wp-block-columns are-vertically-aligned-center is-layout-flex wp-container-core-columns-is-layout-9d6595d7 wp-block-columns-is-layout-flex\">\n<div class=\"wp-block-column is-vertically-aligned-center is-layout-flow wp-block-column-is-layout-flow\">\n<figure class=\"wp-block-image size-large\"><img decoding=\"async\" src=\"https:\/\/www.systra.com\/wp-content\/uploads\/2023\/01\/connected-teams-1024x683.jpg\" alt=\"\" class=\"wp-image-10781766\"\/><\/figure>\n<\/div>\n\n\n\n<div class=\"wp-block-column is-vertically-aligned-center is-layout-flow wp-block-column-is-layout-flow\">\n<h3 class=\"wp-block-heading has-dirty-purple-color has-text-color\">TIMES CONECTADOS<\/h3>\n\n\n\n<div style=\"height:15px\" aria-hidden=\"true\" class=\"wp-block-spacer\"><\/div>\n\n\n\n<p>Alcan\u00e7amos os melhores resultados atrav\u00e9s do trabalho em equipe, em um esfor\u00e7o coordenado das equipes do Grupo SYSTRA. Nossos times est\u00e3o unidos pelo mesmo objetivo, para o qual cada indiv\u00edduo, com suas diversidades t\u00e9cnicas e culturais, contribui para o sucesso do todo.<\/p>\n<\/div>\n<\/div>\n\n\n\n<div style=\"height:70px\" aria-hidden=\"true\" class=\"wp-block-spacer\"><\/div>\n\n\n\n<div class=\"wp-block-columns is-layout-flex wp-container-core-columns-is-layout-9d6595d7 wp-block-columns-is-layout-flex\">\n<div class=\"wp-block-column is-vertically-aligned-center is-layout-flow wp-block-column-is-layout-flow\">\n<h3 class=\"wp-block-heading has-dirty-purple-color has-text-color\">LIDERAN\u00c7A AUDACIOSA<\/h3>\n\n\n\n<div style=\"height:15px\" aria-hidden=\"true\" class=\"wp-block-spacer\"><\/div>\n\n\n\n<p>Os projetos que acompanhamos transformam significativamente a mobilidade. Por meio da nossa capacidade de inova\u00e7\u00e3o e gerenciamento de projeto, trazemos novidades aos nossos clientes e a lideran\u00e7a audaciosa necess\u00e1ria para proporcionar mudan\u00e7as. Nossa tarefa \u00e9 pensar, projetar e moldar hoje as solu\u00e7\u00f5es de transporte do amanh\u00e3.<\/p>\n<\/div>\n\n\n\n<div class=\"wp-block-column is-vertically-aligned-center is-layout-flow wp-block-column-is-layout-flow\">\n<figure class=\"wp-block-image size-full\"><img decoding=\"async\" src=\"https:\/\/www.systra.com\/wp-content\/uploads\/2023\/01\/audace.jpg\" alt=\"\" class=\"wp-image-10781794\"\/><\/figure>\n<\/div>\n<\/div>\n\n\n\n<div style=\"height:200px\" aria-hidden=\"true\" class=\"wp-block-spacer\"><\/div>\n\n\n\n<hr class=\"wp-block-separator has-text-color has-light-eggplant-color has-alpha-channel-opacity has-light-eggplant-background-color has-background is-style-wide\"\/>\n\n\n\n<div style=\"height:100px\" aria-hidden=\"true\" class=\"wp-block-spacer\"><\/div>\n\n\n\n<h2 class=\"wp-block-heading\">Veja tamb\u00e9m<\/h2>\n\n\n\n<div style=\"height:25px\" aria-hidden=\"true\" class=\"wp-block-spacer\"><\/div>\n\n\n\n<div class=\"wp-block-columns is-layout-flex wp-container-core-columns-is-layout-9d6595d7 wp-block-columns-is-layout-flex\">\n<div class=\"wp-block-column is-layout-flow wp-block-column-is-layout-flow\" style=\"flex-basis:33%\">\n<div class=\"wp-block-group\"><div class=\"wp-block-group__inner-container is-layout-flow wp-block-group-is-layout-flow\">\n<div class=\"wp-block-group\"><div class=\"wp-block-group__inner-container is-layout-flow wp-block-group-is-layout-flow\">\n<figure class=\"wp-block-image size-large\"><img decoding=\"async\" src=\"https:\/\/www.systra.com\/brazil\/wp-content\/uploads\/2020\/09\/home_metiers-808x1024.jpg\" alt=\"\" class=\"wp-image-1000004527\" style=\"aspect-ratio:16\/9;object-fit:cover\" srcset=\"https:\/\/www.systra.com\/brazil\/wp-content\/uploads\/2020\/09\/home_metiers-808x1024.jpg 808w, https:\/\/www.systra.com\/brazil\/wp-content\/uploads\/2020\/09\/home_metiers-237x300.jpg 237w, https:\/\/www.systra.com\/brazil\/wp-content\/uploads\/2020\/09\/home_metiers-768x973.jpg 768w, https:\/\/www.systra.com\/brazil\/wp-content\/uploads\/2020\/09\/home_metiers-474x601.jpg 474w, https:\/\/www.systra.com\/brazil\/wp-content\/uploads\/2020\/09\/home_metiers-800x1014.jpg 800w, https:\/\/www.systra.com\/brazil\/wp-content\/uploads\/2020\/09\/home_metiers-180x228.jpg 180w, https:\/\/www.systra.com\/brazil\/wp-content\/uploads\/2020\/09\/home_metiers-153x194.jpg 153w, https:\/\/www.systra.com\/brazil\/wp-content\/uploads\/2020\/09\/home_metiers-230x291.jpg 230w, https:\/\/www.systra.com\/brazil\/wp-content\/uploads\/2020\/09\/home_metiers.jpg 1184w\" sizes=\"(max-width: 808px) 100vw, 808px\" \/><\/figure>\n\n\n\n<div style=\"height:15px\" aria-hidden=\"true\" class=\"wp-block-spacer\"><\/div>\n\n\n\n<h4 class=\"wp-block-heading has-text-align-center has-light-eggplant-color has-text-color\" style=\"text-transform:uppercase\">Vis\u00e3o<\/h4>\n\n\n\n<div class=\"wp-block-buttons is-content-justification-center is-layout-flex wp-container-core-buttons-is-layout-16018d1d wp-block-buttons-is-layout-flex\">\n<div class=\"wp-block-button is-style-fill\"><a class=\"wp-block-button__link wp-element-button\" href=\"https:\/\/www.systra.com\/brazil\/sobre-nos\/visao\/\">Leia mais<\/a><\/div>\n<\/div>\n<\/div><\/div>\n<\/div><\/div>\n<\/div>\n\n\n\n<div class=\"wp-block-column is-layout-flow wp-block-column-is-layout-flow\" style=\"flex-basis:33%\">\n<div class=\"wp-block-group\"><div class=\"wp-block-group__inner-container is-layout-flow wp-block-group-is-layout-flow\">\n<figure class=\"wp-block-image size-large\"><img loading=\"lazy\" decoding=\"async\" width=\"1024\" height=\"683\" src=\"https:\/\/www.systra.com\/brazil\/wp-content\/uploads\/sites\/20\/2023\/09\/cptm-brazil-project-1024x683.png\" alt=\"\" class=\"wp-image-1385\" style=\"aspect-ratio:16\/9;object-fit:cover\" srcset=\"https:\/\/www.systra.com\/brazil\/wp-content\/uploads\/sites\/20\/2023\/09\/cptm-brazil-project-1024x683.png 1024w, https:\/\/www.systra.com\/brazil\/wp-content\/uploads\/sites\/20\/2023\/09\/cptm-brazil-project-300x200.png 300w, https:\/\/www.systra.com\/brazil\/wp-content\/uploads\/sites\/20\/2023\/09\/cptm-brazil-project-768x512.png 768w, https:\/\/www.systra.com\/brazil\/wp-content\/uploads\/sites\/20\/2023\/09\/cptm-brazil-project-1536x1024.png 1536w, https:\/\/www.systra.com\/brazil\/wp-content\/uploads\/sites\/20\/2023\/09\/cptm-brazil-project-2048x1366.png 2048w, https:\/\/www.systra.com\/brazil\/wp-content\/uploads\/sites\/20\/2023\/09\/cptm-brazil-project-375x250.png 375w, https:\/\/www.systra.com\/brazil\/wp-content\/uploads\/sites\/20\/2023\/09\/cptm-brazil-project-376x250.png 376w, https:\/\/www.systra.com\/brazil\/wp-content\/uploads\/sites\/20\/2023\/09\/cptm-brazil-project-474x316.png 474w, https:\/\/www.systra.com\/brazil\/wp-content\/uploads\/sites\/20\/2023\/09\/cptm-brazil-project-75x50.png 75w, https:\/\/www.systra.com\/brazil\/wp-content\/uploads\/sites\/20\/2023\/09\/cptm-brazil-project-900x600.png 900w, https:\/\/www.systra.com\/brazil\/wp-content\/uploads\/sites\/20\/2023\/09\/cptm-brazil-project-1700x1134.png 1700w, https:\/\/www.systra.com\/brazil\/wp-content\/uploads\/sites\/20\/2023\/09\/cptm-brazil-project-1352x902.png 1352w, https:\/\/www.systra.com\/brazil\/wp-content\/uploads\/sites\/20\/2023\/09\/cptm-brazil-project-800x533.png 800w, https:\/\/www.systra.com\/brazil\/wp-content\/uploads\/sites\/20\/2023\/09\/cptm-brazil-project-180x120.png 180w, https:\/\/www.systra.com\/brazil\/wp-content\/uploads\/sites\/20\/2023\/09\/cptm-brazil-project-153x102.png 153w, https:\/\/www.systra.com\/brazil\/wp-content\/uploads\/sites\/20\/2023\/09\/cptm-brazil-project-230x153.png 230w\" sizes=\"auto, (max-width: 1024px) 100vw, 1024px\" \/><\/figure>\n\n\n\n<div style=\"height:15px\" aria-hidden=\"true\" class=\"wp-block-spacer\"><\/div>\n\n\n\n<h4 class=\"wp-block-heading has-text-align-center has-light-eggplant-color has-text-color\" style=\"text-transform:uppercase\">Nossos Projetos<\/h4>\n\n\n\n<div class=\"wp-block-buttons is-content-justification-center is-layout-flex wp-container-core-buttons-is-layout-16018d1d wp-block-buttons-is-layout-flex\">\n<div class=\"wp-block-button\"><a class=\"wp-block-button__link wp-element-button\" href=\"https:\/\/www.systra.com\/brazil\/nossos-projetos\/\">Leia mais<\/a><\/div>\n<\/div>\n<\/div><\/div>\n<\/div>\n\n\n\n<div class=\"wp-block-column is-layout-flow wp-block-column-is-layout-flow\" style=\"flex-basis:33.33%\">\n<div class=\"wp-block-group\"><div class=\"wp-block-group__inner-container is-layout-flow wp-block-group-is-layout-flow\">\n<figure class=\"wp-block-image size-large\"><img loading=\"lazy\" decoding=\"async\" width=\"1024\" height=\"682\" src=\"https:\/\/www.systra.com\/brazil\/wp-content\/uploads\/sites\/20\/2023\/09\/innovation-1024x682.jpg\" alt=\"\" class=\"wp-image-470\" style=\"aspect-ratio:16\/9;object-fit:cover\" srcset=\"https:\/\/www.systra.com\/brazil\/wp-content\/uploads\/sites\/20\/2023\/09\/innovation-1024x682.jpg 1024w, https:\/\/www.systra.com\/brazil\/wp-content\/uploads\/sites\/20\/2023\/09\/innovation-300x200.jpg 300w, https:\/\/www.systra.com\/brazil\/wp-content\/uploads\/sites\/20\/2023\/09\/innovation-768x512.jpg 768w, https:\/\/www.systra.com\/brazil\/wp-content\/uploads\/sites\/20\/2023\/09\/innovation-1536x1024.jpg 1536w, https:\/\/www.systra.com\/brazil\/wp-content\/uploads\/sites\/20\/2023\/09\/innovation-375x250.jpg 375w, https:\/\/www.systra.com\/brazil\/wp-content\/uploads\/sites\/20\/2023\/09\/innovation-376x250.jpg 376w, https:\/\/www.systra.com\/brazil\/wp-content\/uploads\/sites\/20\/2023\/09\/innovation-474x316.jpg 474w, https:\/\/www.systra.com\/brazil\/wp-content\/uploads\/sites\/20\/2023\/09\/innovation-75x50.jpg 75w, https:\/\/www.systra.com\/brazil\/wp-content\/uploads\/sites\/20\/2023\/09\/innovation-900x600.jpg 900w, https:\/\/www.systra.com\/brazil\/wp-content\/uploads\/sites\/20\/2023\/09\/innovation-1700x1133.jpg 1700w, https:\/\/www.systra.com\/brazil\/wp-content\/uploads\/sites\/20\/2023\/09\/innovation-1352x901.jpg 1352w, https:\/\/www.systra.com\/brazil\/wp-content\/uploads\/sites\/20\/2023\/09\/innovation-800x533.jpg 800w, https:\/\/www.systra.com\/brazil\/wp-content\/uploads\/sites\/20\/2023\/09\/innovation-180x120.jpg 180w, https:\/\/www.systra.com\/brazil\/wp-content\/uploads\/sites\/20\/2023\/09\/innovation-153x102.jpg 153w, https:\/\/www.systra.com\/brazil\/wp-content\/uploads\/sites\/20\/2023\/09\/innovation-230x153.jpg 230w, https:\/\/www.systra.com\/brazil\/wp-content\/uploads\/sites\/20\/2023\/09\/innovation.jpg 2000w\" sizes=\"auto, (max-width: 1024px) 100vw, 1024px\" \/><\/figure>\n\n\n\n<div style=\"height:15px\" aria-hidden=\"true\" class=\"wp-block-spacer\"><\/div>\n\n\n\n<h4 class=\"wp-block-heading has-text-align-center has-light-eggplant-color has-text-color\" style=\"text-transform:uppercase\">Inova\u00e7\u00e3o<\/h4>\n\n\n\n<div class=\"wp-block-buttons is-content-justification-center is-layout-flex wp-container-core-buttons-is-layout-16018d1d wp-block-buttons-is-layout-flex\">\n<div class=\"wp-block-button\"><a class=\"wp-block-button__link wp-element-button\" href=\"https:\/\/www.systra.com\/brazil\/sobre-nos\/inovacao\/\">Leia mais<\/a><\/div>\n<\/div>\n<\/div><\/div>\n<\/div>\n<\/div>\n\n\n\n<div style=\"height:200px\" aria-hidden=\"true\" class=\"wp-block-spacer\"><\/div>\n\n\n\n<p><\/p>\n","protected":false},"excerpt":{"rendered":"<p>NOSSA AMBI\u00c7\u00c3O \u00c9 SER A REFER\u00caNCIAPARA SOLU\u00c7\u00d5ES DE TRANSPORTE Ser a refer\u00eancia em solu\u00e7\u00f5es de transporte constitui em um objetivo t\u00e3o desafiador quando inspirador. Para alcan\u00e7\u00e1-lo, podemos contar com a mobiliza\u00e7\u00e3o de nossos colegas, homens e mulheres, que compartilham dos valores da SYSTRA: Excel\u00eancia, Times Conectados, Lideran\u00e7a Audaciosa. EXCEL\u00caNCIA Aprofundada em nossa cultura, excel\u00eancia \u00e9 [&hellip;]<\/p>\n","protected":false},"author":93,"featured_media":469,"parent":69,"menu_order":0,"comment_status":"closed","ping_status":"closed","template":"","meta":{"_acf_changed":false,"_relevanssi_hide_post":"","_relevanssi_hide_content":"","_relevanssi_pin_for_all":"","_relevanssi_pin_keywords":"","_relevanssi_unpin_keywords":"","_relevanssi_related_keywords":"","_relevanssi_related_include_ids":"","_relevanssi_related_exclude_ids":"","_relevanssi_related_no_append":"","_relevanssi_related_not_related":"","_relevanssi_related_posts":"347,371","_relevanssi_noindex_reason":"","footnotes":""},"class_list":["post-533","page","type-page","status-publish","has-post-thumbnail","hentry"],"acf":[],"yoast_head":"<!-- This site is optimized with the Yoast SEO Premium plugin v27.4 (Yoast SEO v27.4) - https:\/\/yoast.com\/product\/yoast-seo-premium-wordpress\/ -->\n<title>Ambi\u00e7\u00e3o e Valores - SYSTRA Brasil<\/title>\n<meta name=\"description\" content=\"Ambi\u00e7\u00e3o e Valores - SYSTRA Brasil, um dos l\u00edderes mundiais de consultoria e engenharia, especializado em solu\u00e7\u00f5es de transporte e mobilidade.\" \/>\n<meta name=\"robots\" content=\"index, follow, max-snippet:-1, max-image-preview:large, max-video-preview:-1\" \/>\n<meta property=\"og:locale\" content=\"en_US\" \/>\n<meta property=\"og:type\" content=\"article\" \/>\n<meta property=\"og:title\" content=\"Ambi\u00e7\u00e3o e Valores\" \/>\n<meta property=\"og:description\" content=\"Ambi\u00e7\u00e3o e Valores - SYSTRA Brasil, um dos l\u00edderes mundiais de consultoria e engenharia, especializado em solu\u00e7\u00f5es de transporte e mobilidade.\" \/>\n<meta property=\"og:url\" content=\"https:\/\/www.systra.com\/brazil\/sobre-nos\/ambicao-valores\/\" \/>\n<meta property=\"og:site_name\" content=\"Brasil\" \/>\n<meta property=\"article:modified_time\" content=\"2025-02-27T14:23:56+00:00\" \/>\n<meta property=\"og:image\" content=\"https:\/\/www.systra.com\/brazil\/wp-content\/uploads\/sites\/20\/2023\/09\/ambition-and-values-2048x1242-1.jpg\" \/>\n\t<meta property=\"og:image:width\" content=\"2048\" \/>\n\t<meta property=\"og:image:height\" content=\"1242\" \/>\n\t<meta property=\"og:image:type\" content=\"image\/jpeg\" \/>\n<meta name=\"twitter:card\" content=\"summary_large_image\" \/>\n<meta name=\"twitter:label1\" content=\"Est. reading time\" \/>\n\t<meta name=\"twitter:data1\" content=\"3 minutes\" \/>\n<script type=\"application\/ld+json\" class=\"yoast-schema-graph\">{\"@context\":\"https:\\\/\\\/schema.org\",\"@graph\":[{\"@type\":\"WebPage\",\"@id\":\"https:\\\/\\\/www.systra.com\\\/brazil\\\/sobre-nos\\\/ambicao-valores\\\/\",\"url\":\"https:\\\/\\\/www.systra.com\\\/brazil\\\/sobre-nos\\\/ambicao-valores\\\/\",\"name\":\"Ambi\u00e7\u00e3o e Valores - SYSTRA Brasil\",\"isPartOf\":{\"@id\":\"https:\\\/\\\/www.systra.com\\\/brazil\\\/#website\"},\"primaryImageOfPage\":{\"@id\":\"https:\\\/\\\/www.systra.com\\\/brazil\\\/sobre-nos\\\/ambicao-valores\\\/#primaryimage\"},\"image\":{\"@id\":\"https:\\\/\\\/www.systra.com\\\/brazil\\\/sobre-nos\\\/ambicao-valores\\\/#primaryimage\"},\"thumbnailUrl\":\"https:\\\/\\\/www.systra.com\\\/brazil\\\/wp-content\\\/uploads\\\/sites\\\/20\\\/2023\\\/09\\\/ambition-and-values-2048x1242-1.jpg\",\"datePublished\":\"2023-09-19T14:27:56+00:00\",\"dateModified\":\"2025-02-27T14:23:56+00:00\",\"description\":\"Ambi\u00e7\u00e3o e Valores - SYSTRA Brasil, um dos l\u00edderes mundiais de consultoria e engenharia, especializado em solu\u00e7\u00f5es de transporte e mobilidade.\",\"breadcrumb\":{\"@id\":\"https:\\\/\\\/www.systra.com\\\/brazil\\\/sobre-nos\\\/ambicao-valores\\\/#breadcrumb\"},\"inLanguage\":\"en-US\",\"potentialAction\":[{\"@type\":\"ReadAction\",\"target\":[\"https:\\\/\\\/www.systra.com\\\/brazil\\\/sobre-nos\\\/ambicao-valores\\\/\"]}]},{\"@type\":\"ImageObject\",\"inLanguage\":\"en-US\",\"@id\":\"https:\\\/\\\/www.systra.com\\\/brazil\\\/sobre-nos\\\/ambicao-valores\\\/#primaryimage\",\"url\":\"https:\\\/\\\/www.systra.com\\\/brazil\\\/wp-content\\\/uploads\\\/sites\\\/20\\\/2023\\\/09\\\/ambition-and-values-2048x1242-1.jpg\",\"contentUrl\":\"https:\\\/\\\/www.systra.com\\\/brazil\\\/wp-content\\\/uploads\\\/sites\\\/20\\\/2023\\\/09\\\/ambition-and-values-2048x1242-1.jpg\",\"width\":2048,\"height\":1242},{\"@type\":\"BreadcrumbList\",\"@id\":\"https:\\\/\\\/www.systra.com\\\/brazil\\\/sobre-nos\\\/ambicao-valores\\\/#breadcrumb\",\"itemListElement\":[{\"@type\":\"ListItem\",\"position\":1,\"name\":\"Accueil\",\"item\":\"https:\\\/\\\/www.systra.com\\\/brazil\\\/\"},{\"@type\":\"ListItem\",\"position\":2,\"name\":\"Sobre n\u00f3s\",\"item\":\"https:\\\/\\\/www.systra.com\\\/brazil\\\/sobre-nos\\\/\"},{\"@type\":\"ListItem\",\"position\":3,\"name\":\"Ambi\u00e7\u00e3o e Valores\"}]},{\"@type\":\"WebSite\",\"@id\":\"https:\\\/\\\/www.systra.com\\\/brazil\\\/#website\",\"url\":\"https:\\\/\\\/www.systra.com\\\/brazil\\\/\",\"name\":\"SYSTRA Brasil\",\"description\":\"Un site utilisant Les sites de Systra\",\"potentialAction\":[{\"@type\":\"SearchAction\",\"target\":{\"@type\":\"EntryPoint\",\"urlTemplate\":\"https:\\\/\\\/www.systra.com\\\/brazil\\\/?s={search_term_string}\"},\"query-input\":{\"@type\":\"PropertyValueSpecification\",\"valueRequired\":true,\"valueName\":\"search_term_string\"}}],\"inLanguage\":\"en-US\"}]}<\/script>\n<!-- \/ Yoast SEO Premium plugin. -->","yoast_head_json":{"title":"Ambi\u00e7\u00e3o e Valores - SYSTRA Brasil","description":"Ambi\u00e7\u00e3o e Valores - SYSTRA Brasil, um dos l\u00edderes mundiais de consultoria e engenharia, especializado em solu\u00e7\u00f5es de transporte e mobilidade.","robots":{"index":"index","follow":"follow","max-snippet":"max-snippet:-1","max-image-preview":"max-image-preview:large","max-video-preview":"max-video-preview:-1"},"og_locale":"en_US","og_type":"article","og_title":"Ambi\u00e7\u00e3o e Valores","og_description":"Ambi\u00e7\u00e3o e Valores - SYSTRA Brasil, um dos l\u00edderes mundiais de consultoria e engenharia, especializado em solu\u00e7\u00f5es de transporte e mobilidade.","og_url":"https:\/\/www.systra.com\/brazil\/sobre-nos\/ambicao-valores\/","og_site_name":"Brasil","article_modified_time":"2025-02-27T14:23:56+00:00","og_image":[{"width":2048,"height":1242,"url":"https:\/\/www.systra.com\/brazil\/wp-content\/uploads\/sites\/20\/2023\/09\/ambition-and-values-2048x1242-1.jpg","type":"image\/jpeg"}],"twitter_card":"summary_large_image","twitter_misc":{"Est. reading time":"3 minutes"},"schema":{"@context":"https:\/\/schema.org","@graph":[{"@type":"WebPage","@id":"https:\/\/www.systra.com\/brazil\/sobre-nos\/ambicao-valores\/","url":"https:\/\/www.systra.com\/brazil\/sobre-nos\/ambicao-valores\/","name":"Ambi\u00e7\u00e3o e Valores - SYSTRA Brasil","isPartOf":{"@id":"https:\/\/www.systra.com\/brazil\/#website"},"primaryImageOfPage":{"@id":"https:\/\/www.systra.com\/brazil\/sobre-nos\/ambicao-valores\/#primaryimage"},"image":{"@id":"https:\/\/www.systra.com\/brazil\/sobre-nos\/ambicao-valores\/#primaryimage"},"thumbnailUrl":"https:\/\/www.systra.com\/brazil\/wp-content\/uploads\/sites\/20\/2023\/09\/ambition-and-values-2048x1242-1.jpg","datePublished":"2023-09-19T14:27:56+00:00","dateModified":"2025-02-27T14:23:56+00:00","description":"Ambi\u00e7\u00e3o e Valores - SYSTRA Brasil, um dos l\u00edderes mundiais de consultoria e engenharia, especializado em solu\u00e7\u00f5es de transporte e mobilidade.","breadcrumb":{"@id":"https:\/\/www.systra.com\/brazil\/sobre-nos\/ambicao-valores\/#breadcrumb"},"inLanguage":"en-US","potentialAction":[{"@type":"ReadAction","target":["https:\/\/www.systra.com\/brazil\/sobre-nos\/ambicao-valores\/"]}]},{"@type":"ImageObject","inLanguage":"en-US","@id":"https:\/\/www.systra.com\/brazil\/sobre-nos\/ambicao-valores\/#primaryimage","url":"https:\/\/www.systra.com\/brazil\/wp-content\/uploads\/sites\/20\/2023\/09\/ambition-and-values-2048x1242-1.jpg","contentUrl":"https:\/\/www.systra.com\/brazil\/wp-content\/uploads\/sites\/20\/2023\/09\/ambition-and-values-2048x1242-1.jpg","width":2048,"height":1242},{"@type":"BreadcrumbList","@id":"https:\/\/www.systra.com\/brazil\/sobre-nos\/ambicao-valores\/#breadcrumb","itemListElement":[{"@type":"ListItem","position":1,"name":"Accueil","item":"https:\/\/www.systra.com\/brazil\/"},{"@type":"ListItem","position":2,"name":"Sobre n\u00f3s","item":"https:\/\/www.systra.com\/brazil\/sobre-nos\/"},{"@type":"ListItem","position":3,"name":"Ambi\u00e7\u00e3o e Valores"}]},{"@type":"WebSite","@id":"https:\/\/www.systra.com\/brazil\/#website","url":"https:\/\/www.systra.com\/brazil\/","name":"SYSTRA Brasil","description":"Un site utilisant Les sites de Systra","potentialAction":[{"@type":"SearchAction","target":{"@type":"EntryPoint","urlTemplate":"https:\/\/www.systra.com\/brazil\/?s={search_term_string}"},"query-input":{"@type":"PropertyValueSpecification","valueRequired":true,"valueName":"search_term_string"}}],"inLanguage":"en-US"}]}},"lang":"pt","translations":{"pt":533,"en":1627},"pll_sync_post":[],"_links":{"self":[{"href":"https:\/\/www.systra.com\/brazil\/wp-json\/wp\/v2\/pages\/533","targetHints":{"allow":["GET"]}}],"collection":[{"href":"https:\/\/www.systra.com\/brazil\/wp-json\/wp\/v2\/pages"}],"about":[{"href":"https:\/\/www.systra.com\/brazil\/wp-json\/wp\/v2\/types\/page"}],"author":[{"embeddable":true,"href":"https:\/\/www.systra.com\/brazil\/wp-json\/wp\/v2\/users\/93"}],"replies":[{"embeddable":true,"href":"https:\/\/www.systra.com\/brazil\/wp-json\/wp\/v2\/comments?post=533"}],"version-history":[{"count":3,"href":"https:\/\/www.systra.com\/brazil\/wp-json\/wp\/v2\/pages\/533\/revisions"}],"predecessor-version":[{"id":25287,"href":"https:\/\/www.systra.com\/brazil\/wp-json\/wp\/v2\/pages\/533\/revisions\/25287"}],"up":[{"embeddable":true,"href":"https:\/\/www.systra.com\/brazil\/wp-json\/wp\/v2\/pages\/69"}],"wp:featuredmedia":[{"embeddable":true,"href":"https:\/\/www.systra.com\/brazil\/wp-json\/wp\/v2\/media\/469"}],"wp:attachment":[{"href":"https:\/\/www.systra.com\/brazil\/wp-json\/wp\/v2\/media?parent=533"}],"curies":[{"name":"wp","href":"https:\/\/api.w.org\/{rel}","templated":true}]}}