{"id":435,"date":"2023-09-11T14:50:35","date_gmt":"2023-09-11T12:50:35","guid":{"rendered":"https:\/\/www.systra.com\/brazil\/?page_id=435"},"modified":"2025-11-17T15:13:42","modified_gmt":"2025-11-17T14:13:42","slug":"nossos-escritorios","status":"publish","type":"page","link":"https:\/\/www.systra.com\/brazil\/quem-somos\/nossos-escritorios\/","title":{"rendered":"Nossos Escrit\u00f3rios"},"content":{"rendered":"\n<div class=\"wp-block-columns is-layout-flex wp-container-core-columns-is-layout-9d6595d7 wp-block-columns-is-layout-flex\">\n<div class=\"wp-block-column is-layout-flow wp-block-column-is-layout-flow\">\n<p>No Brasil, al\u00e9m da matriz localizada em <strong>S\u00e3o Paulo<\/strong>, a SYSTRA possui uma filial <strong>Belo Horizonte-MG<\/strong>.\u00a0<\/p>\n<\/div>\n\n\n\n<div class=\"wp-block-column is-layout-flow wp-block-column-is-layout-flow\"><\/div>\n<\/div>\n\n\n\n<div style=\"height:50px\" aria-hidden=\"true\" class=\"wp-block-spacer\"><\/div>\n\n\n\n<div class=\"wp-block-columns has-griplusclair-background-color has-background is-layout-flex wp-container-core-columns-is-layout-9d6595d7 wp-block-columns-is-layout-flex\">\n<div class=\"wp-block-column is-layout-flow wp-block-column-is-layout-flow\" style=\"flex-basis:33.34%\">\n<div style=\"height:35px\" aria-hidden=\"true\" class=\"wp-block-spacer\"><\/div>\n\n\n\n<h3 class=\"wp-block-heading\" id=\"h-sao-paulo-sp-nbsp\">S\u00c3O PAULO \u2013 SP&nbsp;<\/h3>\n\n\n\n<div style=\"height:15px\" aria-hidden=\"true\" class=\"wp-block-spacer\"><\/div>\n\n\n\n<p>Avenida das Na\u00e7\u00f5es Unidas, 14401<br>Torre B3 (Jatob\u00e1), 6\u1d52 andar<br>Ch\u00e1cara Santo Ant\u00f4nio<br>CEP 04794-000<\/p>\n\n\n\n<p>Tel:&nbsp;+55 11 3048-9300&nbsp;<\/p>\n\n\n\n<div style=\"height:35px\" aria-hidden=\"true\" class=\"wp-block-spacer\"><\/div>\n<\/div>\n\n\n\n<div class=\"wp-block-column is-layout-flow wp-block-column-is-layout-flow\" style=\"flex-basis:33.33%\">\n<div style=\"height:35px\" aria-hidden=\"true\" class=\"wp-block-spacer\"><\/div>\n\n\n\n<h3 class=\"wp-block-heading\">BELO HORIZONTE \u2013 MG&nbsp;<\/h3>\n\n\n\n<div style=\"height:15px\" aria-hidden=\"true\" class=\"wp-block-spacer\"><\/div>\n\n\n\n<p>Rua dos Inconfidentes, 1190<br>Savassi&nbsp;<br>CEP 30140-907&nbsp;<\/p>\n\n\n\n<p>Tel:&nbsp;+55 31 3045-1400&nbsp;<\/p>\n\n\n\n<div style=\"height:35px\" aria-hidden=\"true\" class=\"wp-block-spacer\"><\/div>\n<\/div>\n<\/div>\n\n\n\n<div style=\"height:100px\" aria-hidden=\"true\" class=\"wp-block-spacer\"><\/div>\n\n\n\n<div class=\"wp-block-columns is-layout-flex wp-container-core-columns-is-layout-9d6595d7 wp-block-columns-is-layout-flex\">\n<div class=\"wp-block-column is-layout-flow wp-block-column-is-layout-flow\">\n<h2 class=\"wp-block-heading\">OUVIDORIA&nbsp;<\/h2>\n\n\n\n<div style=\"height:15px\" aria-hidden=\"true\" class=\"wp-block-spacer\"><\/div>\n\n\n\n<p>Como podemos melhorar?&nbsp;<\/p>\n\n\n\n<div style=\"height:15px\" aria-hidden=\"true\" class=\"wp-block-spacer\"><\/div>\n\n\n\n<p>Abrimos este espa\u00e7o para termos mais uma forma de ouvir nossos clientes, parceiros de neg\u00f3cio e popula\u00e7\u00e3o em geral. Fique \u00e0 vontade para expressar sua opini\u00e3o. As mensagens ser\u00e3o enviadas diretamente para nossa \u00e1rea de Compliance, cujo tratar\u00e1 as informa\u00e7\u00f5es com confidencialidade e discri\u00e7\u00e3o.<\/p>\n\n\n\n<div style=\"height:15px\" aria-hidden=\"true\" class=\"wp-block-spacer\"><\/div>\n\n\n\n<p>Envie seu e-mail diretamente para <a href=\"mailto:contato@systra.com\" target=\"_blank\" rel=\"noreferrer noopener\"><em><\/em><\/a><em><a href=\"mailto:contato@systra.com\" target=\"_blank\" rel=\"noreferrer noopener\">contato@systra.com<\/a><\/em>.<\/p>\n\n\n\n<div style=\"height:15px\" aria-hidden=\"true\" class=\"wp-block-spacer\"><\/div>\n\n\n\n<p>Obrigado!&nbsp;<\/p>\n<\/div>\n\n\n\n<div class=\"wp-block-column is-layout-flow wp-block-column-is-layout-flow\"><\/div>\n<\/div>\n\n\n\n<div style=\"height:100px\" aria-hidden=\"true\" class=\"wp-block-spacer\"><\/div>\n\n\n\n<div class=\"wp-block-media-text has-media-on-the-right is-stacked-on-mobile is-style-offer-with-rail has-griplusclair-background-color has-background\" style=\"grid-template-columns:auto 22%\"><div class=\"wp-block-media-text__content\">\n<div style=\"height:30px\" aria-hidden=\"true\" class=\"wp-block-spacer\"><\/div>\n\n\n\n<h2 class=\"wp-block-heading\" id=\"h-fale-conosco\">FALE CONOSCO<\/h2>\n\n\n\n<p>Para mais informa\u00e7\u00f5es sobre os servi\u00e7os, projetos, carreiras ou qualquer outro assunto, fale conosco clicando no bot\u00e3o abaixo.<\/p>\n\n\n\n<div class=\"wp-block-buttons is-layout-flex wp-block-buttons-is-layout-flex\">\n<div class=\"wp-block-button is-style-fill\"><a class=\"wp-block-button__link has-text-align-center wp-element-button\" href=\"https:\/\/www.systra.com\/brazil\/contato\/\" style=\"border-radius:0px\">CONTATO<\/a><\/div>\n<\/div>\n\n\n\n<div style=\"height:30px\" aria-hidden=\"true\" class=\"wp-block-spacer\"><\/div>\n<\/div><figure class=\"wp-block-media-text__media\"><img loading=\"lazy\" decoding=\"async\" width=\"417\" height=\"634\" src=\"https:\/\/www.systra.com\/brazil\/wp-content\/uploads\/sites\/20\/2023\/10\/contato-3.png\" alt=\"\" class=\"wp-image-5353 size-medium\" srcset=\"https:\/\/www.systra.com\/brazil\/wp-content\/uploads\/sites\/20\/2023\/10\/contato-3.png 417w, https:\/\/www.systra.com\/brazil\/wp-content\/uploads\/sites\/20\/2023\/10\/contato-3-197x300.png 197w, https:\/\/www.systra.com\/brazil\/wp-content\/uploads\/sites\/20\/2023\/10\/contato-3-180x274.png 180w, https:\/\/www.systra.com\/brazil\/wp-content\/uploads\/sites\/20\/2023\/10\/contato-3-153x233.png 153w, https:\/\/www.systra.com\/brazil\/wp-content\/uploads\/sites\/20\/2023\/10\/contato-3-230x350.png 230w\" sizes=\"auto, (max-width: 417px) 100vw, 417px\" \/><\/figure><\/div>\n\n\n\n<div style=\"height:35px\" aria-hidden=\"true\" class=\"wp-block-spacer\"><\/div>\n\n\n\n<div style=\"height:100px\" aria-hidden=\"true\" class=\"wp-block-spacer\"><\/div>\n","protected":false},"excerpt":{"rendered":"<p>No Brasil, al\u00e9m da matriz localizada em S\u00e3o Paulo, a SYSTRA possui uma filial Belo Horizonte-MG.\u00a0 S\u00c3O PAULO \u2013 SP&nbsp; Avenida das Na\u00e7\u00f5es Unidas, 14401Torre B3 (Jatob\u00e1), 6\u1d52 andarCh\u00e1cara Santo Ant\u00f4nioCEP 04794-000 Tel:&nbsp;+55 11 3048-9300&nbsp; BELO HORIZONTE \u2013 MG&nbsp; Rua dos Inconfidentes, 1190Savassi&nbsp;CEP 30140-907&nbsp; Tel:&nbsp;+55 31 3045-1400&nbsp; OUVIDORIA&nbsp; Como podemos melhorar?&nbsp; Abrimos este espa\u00e7o para [&hellip;]<\/p>\n","protected":false},"author":93,"featured_media":5247,"parent":283,"menu_order":0,"comment_status":"closed","ping_status":"closed","template":"","meta":{"_acf_changed":false,"_relevanssi_hide_post":"","_relevanssi_hide_content":"","_relevanssi_pin_for_all":"","_relevanssi_pin_keywords":"","_relevanssi_unpin_keywords":"","_relevanssi_related_keywords":"","_relevanssi_related_include_ids":"","_relevanssi_related_exclude_ids":"","_relevanssi_related_no_append":"","_relevanssi_related_not_related":"","_relevanssi_related_posts":"371,347","_relevanssi_noindex_reason":"","footnotes":""},"class_list":["post-435","page","type-page","status-publish","has-post-thumbnail","hentry"],"acf":[],"yoast_head":"<!-- This site is optimized with the Yoast SEO Premium plugin v27.4 (Yoast SEO v27.4) - https:\/\/yoast.com\/product\/yoast-seo-premium-wordpress\/ -->\n<title>Nossos Escrit\u00f3rios - SYSTRA Brasil<\/title>\n<meta name=\"description\" content=\"Nossos Escrit\u00f3rios - SYSTRA Brasil, um dos l\u00edderes mundiais de consultoria e engenharia, especializado em solu\u00e7\u00f5es de transporte e mobilidade.\" \/>\n<meta name=\"robots\" content=\"index, follow, max-snippet:-1, max-image-preview:large, max-video-preview:-1\" \/>\n<meta property=\"og:locale\" content=\"en_US\" \/>\n<meta property=\"og:type\" content=\"article\" \/>\n<meta property=\"og:title\" content=\"Nossos Escrit\u00f3rios\" \/>\n<meta property=\"og:description\" content=\"Nossos Escrit\u00f3rios - SYSTRA Brasil, um dos l\u00edderes mundiais de consultoria e engenharia, especializado em solu\u00e7\u00f5es de transporte e mobilidade.\" \/>\n<meta property=\"og:url\" content=\"https:\/\/www.systra.com\/brazil\/quem-somos\/nossos-escritorios\/\" \/>\n<meta property=\"og:site_name\" content=\"Brasil\" \/>\n<meta property=\"article:modified_time\" content=\"2025-11-17T14:13:42+00:00\" \/>\n<meta property=\"og:image\" content=\"https:\/\/www.systra.com\/brazil\/wp-content\/uploads\/sites\/20\/2024\/08\/202408_escritoriosp-3_01.jpg\" \/>\n\t<meta property=\"og:image:width\" content=\"1600\" \/>\n\t<meta property=\"og:image:height\" content=\"990\" \/>\n\t<meta property=\"og:image:type\" content=\"image\/jpeg\" \/>\n<meta name=\"twitter:card\" content=\"summary_large_image\" \/>\n<meta name=\"twitter:label1\" content=\"Est. reading time\" \/>\n\t<meta name=\"twitter:data1\" content=\"1 minute\" \/>\n<script type=\"application\/ld+json\" class=\"yoast-schema-graph\">{\"@context\":\"https:\\\/\\\/schema.org\",\"@graph\":[{\"@type\":\"WebPage\",\"@id\":\"https:\\\/\\\/www.systra.com\\\/brazil\\\/quem-somos\\\/nossos-escritorios\\\/\",\"url\":\"https:\\\/\\\/www.systra.com\\\/brazil\\\/quem-somos\\\/nossos-escritorios\\\/\",\"name\":\"Nossos Escrit\u00f3rios - SYSTRA Brasil\",\"isPartOf\":{\"@id\":\"https:\\\/\\\/www.systra.com\\\/brazil\\\/#website\"},\"primaryImageOfPage\":{\"@id\":\"https:\\\/\\\/www.systra.com\\\/brazil\\\/quem-somos\\\/nossos-escritorios\\\/#primaryimage\"},\"image\":{\"@id\":\"https:\\\/\\\/www.systra.com\\\/brazil\\\/quem-somos\\\/nossos-escritorios\\\/#primaryimage\"},\"thumbnailUrl\":\"https:\\\/\\\/www.systra.com\\\/brazil\\\/wp-content\\\/uploads\\\/sites\\\/20\\\/2024\\\/08\\\/202408_escritoriosp-3_01.jpg\",\"datePublished\":\"2023-09-11T12:50:35+00:00\",\"dateModified\":\"2025-11-17T14:13:42+00:00\",\"description\":\"Nossos Escrit\u00f3rios - SYSTRA Brasil, um dos l\u00edderes mundiais de consultoria e engenharia, especializado em solu\u00e7\u00f5es de transporte e mobilidade.\",\"breadcrumb\":{\"@id\":\"https:\\\/\\\/www.systra.com\\\/brazil\\\/quem-somos\\\/nossos-escritorios\\\/#breadcrumb\"},\"inLanguage\":\"en-US\",\"potentialAction\":[{\"@type\":\"ReadAction\",\"target\":[\"https:\\\/\\\/www.systra.com\\\/brazil\\\/quem-somos\\\/nossos-escritorios\\\/\"]}]},{\"@type\":\"ImageObject\",\"inLanguage\":\"en-US\",\"@id\":\"https:\\\/\\\/www.systra.com\\\/brazil\\\/quem-somos\\\/nossos-escritorios\\\/#primaryimage\",\"url\":\"https:\\\/\\\/www.systra.com\\\/brazil\\\/wp-content\\\/uploads\\\/sites\\\/20\\\/2024\\\/08\\\/202408_escritoriosp-3_01.jpg\",\"contentUrl\":\"https:\\\/\\\/www.systra.com\\\/brazil\\\/wp-content\\\/uploads\\\/sites\\\/20\\\/2024\\\/08\\\/202408_escritoriosp-3_01.jpg\",\"width\":1600,\"height\":990},{\"@type\":\"BreadcrumbList\",\"@id\":\"https:\\\/\\\/www.systra.com\\\/brazil\\\/quem-somos\\\/nossos-escritorios\\\/#breadcrumb\",\"itemListElement\":[{\"@type\":\"ListItem\",\"position\":1,\"name\":\"Accueil\",\"item\":\"https:\\\/\\\/www.systra.com\\\/brazil\\\/\"},{\"@type\":\"ListItem\",\"position\":2,\"name\":\"Quem somos\",\"item\":\"https:\\\/\\\/www.systra.com\\\/brazil\\\/quem-somos\\\/\"},{\"@type\":\"ListItem\",\"position\":3,\"name\":\"Nossos Escrit\u00f3rios\"}]},{\"@type\":\"WebSite\",\"@id\":\"https:\\\/\\\/www.systra.com\\\/brazil\\\/#website\",\"url\":\"https:\\\/\\\/www.systra.com\\\/brazil\\\/\",\"name\":\"SYSTRA Brasil\",\"description\":\"Un site utilisant Les sites de Systra\",\"potentialAction\":[{\"@type\":\"SearchAction\",\"target\":{\"@type\":\"EntryPoint\",\"urlTemplate\":\"https:\\\/\\\/www.systra.com\\\/brazil\\\/?s={search_term_string}\"},\"query-input\":{\"@type\":\"PropertyValueSpecification\",\"valueRequired\":true,\"valueName\":\"search_term_string\"}}],\"inLanguage\":\"en-US\"}]}<\/script>\n<!-- \/ Yoast SEO Premium plugin. -->","yoast_head_json":{"title":"Nossos Escrit\u00f3rios - SYSTRA Brasil","description":"Nossos Escrit\u00f3rios - SYSTRA Brasil, um dos l\u00edderes mundiais de consultoria e engenharia, especializado em solu\u00e7\u00f5es de transporte e mobilidade.","robots":{"index":"index","follow":"follow","max-snippet":"max-snippet:-1","max-image-preview":"max-image-preview:large","max-video-preview":"max-video-preview:-1"},"og_locale":"en_US","og_type":"article","og_title":"Nossos Escrit\u00f3rios","og_description":"Nossos Escrit\u00f3rios - SYSTRA Brasil, um dos l\u00edderes mundiais de consultoria e engenharia, especializado em solu\u00e7\u00f5es de transporte e mobilidade.","og_url":"https:\/\/www.systra.com\/brazil\/quem-somos\/nossos-escritorios\/","og_site_name":"Brasil","article_modified_time":"2025-11-17T14:13:42+00:00","og_image":[{"width":1600,"height":990,"url":"https:\/\/www.systra.com\/brazil\/wp-content\/uploads\/sites\/20\/2024\/08\/202408_escritoriosp-3_01.jpg","type":"image\/jpeg"}],"twitter_card":"summary_large_image","twitter_misc":{"Est. reading time":"1 minute"},"schema":{"@context":"https:\/\/schema.org","@graph":[{"@type":"WebPage","@id":"https:\/\/www.systra.com\/brazil\/quem-somos\/nossos-escritorios\/","url":"https:\/\/www.systra.com\/brazil\/quem-somos\/nossos-escritorios\/","name":"Nossos Escrit\u00f3rios - SYSTRA Brasil","isPartOf":{"@id":"https:\/\/www.systra.com\/brazil\/#website"},"primaryImageOfPage":{"@id":"https:\/\/www.systra.com\/brazil\/quem-somos\/nossos-escritorios\/#primaryimage"},"image":{"@id":"https:\/\/www.systra.com\/brazil\/quem-somos\/nossos-escritorios\/#primaryimage"},"thumbnailUrl":"https:\/\/www.systra.com\/brazil\/wp-content\/uploads\/sites\/20\/2024\/08\/202408_escritoriosp-3_01.jpg","datePublished":"2023-09-11T12:50:35+00:00","dateModified":"2025-11-17T14:13:42+00:00","description":"Nossos Escrit\u00f3rios - SYSTRA Brasil, um dos l\u00edderes mundiais de consultoria e engenharia, especializado em solu\u00e7\u00f5es de transporte e mobilidade.","breadcrumb":{"@id":"https:\/\/www.systra.com\/brazil\/quem-somos\/nossos-escritorios\/#breadcrumb"},"inLanguage":"en-US","potentialAction":[{"@type":"ReadAction","target":["https:\/\/www.systra.com\/brazil\/quem-somos\/nossos-escritorios\/"]}]},{"@type":"ImageObject","inLanguage":"en-US","@id":"https:\/\/www.systra.com\/brazil\/quem-somos\/nossos-escritorios\/#primaryimage","url":"https:\/\/www.systra.com\/brazil\/wp-content\/uploads\/sites\/20\/2024\/08\/202408_escritoriosp-3_01.jpg","contentUrl":"https:\/\/www.systra.com\/brazil\/wp-content\/uploads\/sites\/20\/2024\/08\/202408_escritoriosp-3_01.jpg","width":1600,"height":990},{"@type":"BreadcrumbList","@id":"https:\/\/www.systra.com\/brazil\/quem-somos\/nossos-escritorios\/#breadcrumb","itemListElement":[{"@type":"ListItem","position":1,"name":"Accueil","item":"https:\/\/www.systra.com\/brazil\/"},{"@type":"ListItem","position":2,"name":"Quem somos","item":"https:\/\/www.systra.com\/brazil\/quem-somos\/"},{"@type":"ListItem","position":3,"name":"Nossos Escrit\u00f3rios"}]},{"@type":"WebSite","@id":"https:\/\/www.systra.com\/brazil\/#website","url":"https:\/\/www.systra.com\/brazil\/","name":"SYSTRA Brasil","description":"Un site utilisant Les sites de Systra","potentialAction":[{"@type":"SearchAction","target":{"@type":"EntryPoint","urlTemplate":"https:\/\/www.systra.com\/brazil\/?s={search_term_string}"},"query-input":{"@type":"PropertyValueSpecification","valueRequired":true,"valueName":"search_term_string"}}],"inLanguage":"en-US"}]}},"lang":"pt","translations":{"pt":435,"en":1677},"pll_sync_post":[],"_links":{"self":[{"href":"https:\/\/www.systra.com\/brazil\/wp-json\/wp\/v2\/pages\/435","targetHints":{"allow":["GET"]}}],"collection":[{"href":"https:\/\/www.systra.com\/brazil\/wp-json\/wp\/v2\/pages"}],"about":[{"href":"https:\/\/www.systra.com\/brazil\/wp-json\/wp\/v2\/types\/page"}],"author":[{"embeddable":true,"href":"https:\/\/www.systra.com\/brazil\/wp-json\/wp\/v2\/users\/93"}],"replies":[{"embeddable":true,"href":"https:\/\/www.systra.com\/brazil\/wp-json\/wp\/v2\/comments?post=435"}],"version-history":[{"count":2,"href":"https:\/\/www.systra.com\/brazil\/wp-json\/wp\/v2\/pages\/435\/revisions"}],"predecessor-version":[{"id":62770,"href":"https:\/\/www.systra.com\/brazil\/wp-json\/wp\/v2\/pages\/435\/revisions\/62770"}],"up":[{"embeddable":true,"href":"https:\/\/www.systra.com\/brazil\/wp-json\/wp\/v2\/pages\/283"}],"wp:featuredmedia":[{"embeddable":true,"href":"https:\/\/www.systra.com\/brazil\/wp-json\/wp\/v2\/media\/5247"}],"wp:attachment":[{"href":"https:\/\/www.systra.com\/brazil\/wp-json\/wp\/v2\/media?parent=435"}],"curies":[{"name":"wp","href":"https:\/\/api.w.org\/{rel}","templated":true}]}}