{"id":1640,"date":"2024-01-02T16:53:40","date_gmt":"2024-01-02T15:53:40","guid":{"rendered":"https:\/\/www.systra.com\/brazil\/?page_id=1640"},"modified":"2024-11-07T17:44:33","modified_gmt":"2024-11-07T16:44:33","slug":"vision","status":"publish","type":"page","link":"https:\/\/www.systra.com\/brazil\/en\/about-us\/vision\/","title":{"rendered":"Vision"},"content":{"rendered":"\n<h2 class=\"wp-block-heading\" id=\"h-confidence-moves-the-world\">CONFIDENCE MOVES THE WORLD<\/h2>\n\n\n\n<div style=\"height:70px\" aria-hidden=\"true\" class=\"wp-block-spacer\"><\/div>\n\n\n\n<div class=\"wp-block-columns alignwide is-layout-flex wp-container-core-columns-is-layout-9d6595d7 wp-block-columns-is-layout-flex\">\n<div class=\"wp-block-column is-vertically-aligned-center has-background is-layout-flow wp-block-column-is-layout-flow\" style=\"background:linear-gradient(135deg,rgb(207,46,46) 0%,rgb(207,46,46) 100%)\">\n<div class=\"wp-block-columns is-layout-flex wp-container-core-columns-is-layout-9d6595d7 wp-block-columns-is-layout-flex\">\n<div class=\"wp-block-column is-layout-flow wp-block-column-is-layout-flow\" style=\"flex-basis:10%\"><\/div>\n\n\n\n<div class=\"wp-block-column is-layout-flow wp-block-column-is-layout-flow\">\n<div class=\"wp-block-group\"><div class=\"wp-block-group__inner-container is-layout-constrained wp-block-group-is-layout-constrained\">\n<div style=\"height:50px\" aria-hidden=\"true\" class=\"wp-block-spacer\"><\/div>\n\n\n\n<p class=\"has-text-align-center has-griplusclair-color has-text-color\">All these technical and technological feats are developed for our clients by employees who share the same values: an ongoing insistence on <strong>excellence<\/strong>, the benefits of working in <strong>connected teams<\/strong> and uniqueness through <strong>bold leadership<\/strong>. From our expertise centers all over the world, they advise, design and build new mobility to make SYSTRA the signature team for transportation solutions.<\/p>\n\n\n\n<div style=\"height:50px\" aria-hidden=\"true\" class=\"wp-block-spacer\"><\/div>\n<\/div><\/div>\n<\/div>\n\n\n\n<div class=\"wp-block-column is-layout-flow wp-block-column-is-layout-flow\" style=\"flex-basis:10%\"><\/div>\n<\/div>\n<\/div>\n<\/div>\n\n\n\n<div style=\"height:70px\" aria-hidden=\"true\" class=\"wp-block-spacer\"><\/div>\n\n\n\n<div class=\"wp-block-media-text is-stacked-on-mobile has-pale-mauve-background-color has-background\"><figure class=\"wp-block-media-text__media\"><img loading=\"lazy\" decoding=\"async\" width=\"1024\" height=\"621\" src=\"https:\/\/www.systra.com\/brazil\/wp-content\/uploads\/sites\/20\/2023\/09\/ambition-and-values-2048x1242-1-1024x621.jpg\" alt=\"\" class=\"wp-image-469 size-full\" srcset=\"https:\/\/www.systra.com\/brazil\/wp-content\/uploads\/sites\/20\/2023\/09\/ambition-and-values-2048x1242-1-1024x621.jpg 1024w, https:\/\/www.systra.com\/brazil\/wp-content\/uploads\/sites\/20\/2023\/09\/ambition-and-values-2048x1242-1-300x182.jpg 300w, https:\/\/www.systra.com\/brazil\/wp-content\/uploads\/sites\/20\/2023\/09\/ambition-and-values-2048x1242-1-768x466.jpg 768w, https:\/\/www.systra.com\/brazil\/wp-content\/uploads\/sites\/20\/2023\/09\/ambition-and-values-2048x1242-1-1536x932.jpg 1536w, https:\/\/www.systra.com\/brazil\/wp-content\/uploads\/sites\/20\/2023\/09\/ambition-and-values-2048x1242-1-474x287.jpg 474w, https:\/\/www.systra.com\/brazil\/wp-content\/uploads\/sites\/20\/2023\/09\/ambition-and-values-2048x1242-1-1700x1031.jpg 1700w, https:\/\/www.systra.com\/brazil\/wp-content\/uploads\/sites\/20\/2023\/09\/ambition-and-values-2048x1242-1-1352x820.jpg 1352w, https:\/\/www.systra.com\/brazil\/wp-content\/uploads\/sites\/20\/2023\/09\/ambition-and-values-2048x1242-1-800x485.jpg 800w, https:\/\/www.systra.com\/brazil\/wp-content\/uploads\/sites\/20\/2023\/09\/ambition-and-values-2048x1242-1-180x109.jpg 180w, https:\/\/www.systra.com\/brazil\/wp-content\/uploads\/sites\/20\/2023\/09\/ambition-and-values-2048x1242-1-153x93.jpg 153w, https:\/\/www.systra.com\/brazil\/wp-content\/uploads\/sites\/20\/2023\/09\/ambition-and-values-2048x1242-1-230x139.jpg 230w, https:\/\/www.systra.com\/brazil\/wp-content\/uploads\/sites\/20\/2023\/09\/ambition-and-values-2048x1242-1.jpg 2048w\" sizes=\"auto, (max-width: 1024px) 100vw, 1024px\" \/><\/figure><div class=\"wp-block-media-text__content\">\n<p class=\"has-text-align-center\">Our ambition is to be the signature team for transportation solutions.<\/p>\n\n\n\n<div class=\"wp-block-buttons is-content-justification-center is-layout-flex wp-container-core-buttons-is-layout-16018d1d wp-block-buttons-is-layout-flex\">\n<div class=\"wp-block-button has-custom-width wp-block-button__width-75\"><a class=\"wp-block-button__link has-light-eggplant-background-color has-background has-text-align-center wp-element-button\" href=\"https:\/\/www.systra.com\/brazil\/en\/about-us\/ambition-values\/\" style=\"border-radius:0px\">AMBITION &amp; VALUES<\/a><\/div>\n<\/div>\n<\/div><\/div>\n\n\n\n<div style=\"height:50px\" aria-hidden=\"true\" class=\"wp-block-spacer\"><\/div>\n\n\n\n<div class=\"wp-block-media-text has-media-on-the-right is-stacked-on-mobile has-pale-mauve-background-color has-background\"><div class=\"wp-block-media-text__content\">\n<p class=\"has-text-align-center\">Safety, Environment, Ethics. These commitments form the basis of our daily actions.<\/p>\n\n\n\n<div class=\"wp-block-buttons is-content-justification-center is-layout-flex wp-container-core-buttons-is-layout-16018d1d wp-block-buttons-is-layout-flex\">\n<div class=\"wp-block-button has-custom-width wp-block-button__width-75\"><a class=\"wp-block-button__link has-light-eggplant-background-color has-background has-text-align-center wp-element-button\" href=\"https:\/\/www.systra.com\/brazil\/en\/about-us\/commitments\/\" style=\"border-radius:0px\">COMMITMENTS<\/a><\/div>\n<\/div>\n<\/div><figure class=\"wp-block-media-text__media\"><img loading=\"lazy\" decoding=\"async\" width=\"1024\" height=\"512\" src=\"https:\/\/www.systra.com\/brazil\/wp-content\/uploads\/sites\/20\/2023\/09\/2019-capa-grand-paris-express-252-scaled-e1695759147989-1024x512.jpg\" alt=\"\" class=\"wp-image-995 size-large\" srcset=\"https:\/\/www.systra.com\/brazil\/wp-content\/uploads\/sites\/20\/2023\/09\/2019-capa-grand-paris-express-252-scaled-e1695759147989-1024x512.jpg 1024w, https:\/\/www.systra.com\/brazil\/wp-content\/uploads\/sites\/20\/2023\/09\/2019-capa-grand-paris-express-252-scaled-e1695759147989-300x150.jpg 300w, https:\/\/www.systra.com\/brazil\/wp-content\/uploads\/sites\/20\/2023\/09\/2019-capa-grand-paris-express-252-scaled-e1695759147989-768x384.jpg 768w, https:\/\/www.systra.com\/brazil\/wp-content\/uploads\/sites\/20\/2023\/09\/2019-capa-grand-paris-express-252-scaled-e1695759147989-1536x768.jpg 1536w, https:\/\/www.systra.com\/brazil\/wp-content\/uploads\/sites\/20\/2023\/09\/2019-capa-grand-paris-express-252-scaled-e1695759147989-2048x1024.jpg 2048w, https:\/\/www.systra.com\/brazil\/wp-content\/uploads\/sites\/20\/2023\/09\/2019-capa-grand-paris-express-252-scaled-e1695759147989-474x237.jpg 474w, https:\/\/www.systra.com\/brazil\/wp-content\/uploads\/sites\/20\/2023\/09\/2019-capa-grand-paris-express-252-scaled-e1695759147989-1700x850.jpg 1700w, https:\/\/www.systra.com\/brazil\/wp-content\/uploads\/sites\/20\/2023\/09\/2019-capa-grand-paris-express-252-scaled-e1695759147989-1352x676.jpg 1352w, https:\/\/www.systra.com\/brazil\/wp-content\/uploads\/sites\/20\/2023\/09\/2019-capa-grand-paris-express-252-scaled-e1695759147989-800x400.jpg 800w, https:\/\/www.systra.com\/brazil\/wp-content\/uploads\/sites\/20\/2023\/09\/2019-capa-grand-paris-express-252-scaled-e1695759147989-180x90.jpg 180w, https:\/\/www.systra.com\/brazil\/wp-content\/uploads\/sites\/20\/2023\/09\/2019-capa-grand-paris-express-252-scaled-e1695759147989-153x77.jpg 153w, https:\/\/www.systra.com\/brazil\/wp-content\/uploads\/sites\/20\/2023\/09\/2019-capa-grand-paris-express-252-scaled-e1695759147989-230x115.jpg 230w\" sizes=\"auto, (max-width: 1024px) 100vw, 1024px\" \/><\/figure><\/div>\n\n\n\n<div style=\"height:50px\" aria-hidden=\"true\" class=\"wp-block-spacer\"><\/div>\n\n\n\n<div class=\"wp-block-media-text is-stacked-on-mobile has-pale-mauve-background-color has-background\"><figure class=\"wp-block-media-text__media\"><img loading=\"lazy\" decoding=\"async\" width=\"1024\" height=\"682\" src=\"https:\/\/www.systra.com\/brazil\/wp-content\/uploads\/sites\/20\/2023\/09\/rapport-de-developpement-durable-image-1-1024x682.jpg\" alt=\"\" class=\"wp-image-951 size-full\" srcset=\"https:\/\/www.systra.com\/brazil\/wp-content\/uploads\/sites\/20\/2023\/09\/rapport-de-developpement-durable-image-1-1024x682.jpg 1024w, https:\/\/www.systra.com\/brazil\/wp-content\/uploads\/sites\/20\/2023\/09\/rapport-de-developpement-durable-image-1-300x200.jpg 300w, https:\/\/www.systra.com\/brazil\/wp-content\/uploads\/sites\/20\/2023\/09\/rapport-de-developpement-durable-image-1-768x512.jpg 768w, https:\/\/www.systra.com\/brazil\/wp-content\/uploads\/sites\/20\/2023\/09\/rapport-de-developpement-durable-image-1-1536x1023.jpg 1536w, https:\/\/www.systra.com\/brazil\/wp-content\/uploads\/sites\/20\/2023\/09\/rapport-de-developpement-durable-image-1-2048x1364.jpg 2048w, https:\/\/www.systra.com\/brazil\/wp-content\/uploads\/sites\/20\/2023\/09\/rapport-de-developpement-durable-image-1-375x250.jpg 375w, https:\/\/www.systra.com\/brazil\/wp-content\/uploads\/sites\/20\/2023\/09\/rapport-de-developpement-durable-image-1-376x250.jpg 376w, https:\/\/www.systra.com\/brazil\/wp-content\/uploads\/sites\/20\/2023\/09\/rapport-de-developpement-durable-image-1-474x316.jpg 474w, https:\/\/www.systra.com\/brazil\/wp-content\/uploads\/sites\/20\/2023\/09\/rapport-de-developpement-durable-image-1-75x50.jpg 75w, https:\/\/www.systra.com\/brazil\/wp-content\/uploads\/sites\/20\/2023\/09\/rapport-de-developpement-durable-image-1-900x600.jpg 900w, https:\/\/www.systra.com\/brazil\/wp-content\/uploads\/sites\/20\/2023\/09\/rapport-de-developpement-durable-image-1-1700x1132.jpg 1700w, https:\/\/www.systra.com\/brazil\/wp-content\/uploads\/sites\/20\/2023\/09\/rapport-de-developpement-durable-image-1-1352x901.jpg 1352w, https:\/\/www.systra.com\/brazil\/wp-content\/uploads\/sites\/20\/2023\/09\/rapport-de-developpement-durable-image-1-800x533.jpg 800w, https:\/\/www.systra.com\/brazil\/wp-content\/uploads\/sites\/20\/2023\/09\/rapport-de-developpement-durable-image-1-180x120.jpg 180w, https:\/\/www.systra.com\/brazil\/wp-content\/uploads\/sites\/20\/2023\/09\/rapport-de-developpement-durable-image-1-153x102.jpg 153w, https:\/\/www.systra.com\/brazil\/wp-content\/uploads\/sites\/20\/2023\/09\/rapport-de-developpement-durable-image-1-230x153.jpg 230w\" sizes=\"auto, (max-width: 1024px) 100vw, 1024px\" \/><\/figure><div class=\"wp-block-media-text__content\">\n<p class=\"has-text-align-center\">As a transport and mobility engineering company, we have a huge role to play in the field of sustainable mobility, in all its aspects.<\/p>\n\n\n\n<div class=\"wp-block-buttons is-content-justification-center is-layout-flex wp-container-core-buttons-is-layout-16018d1d wp-block-buttons-is-layout-flex\">\n<div class=\"wp-block-button has-custom-width wp-block-button__width-75\"><a class=\"wp-block-button__link has-light-eggplant-background-color has-background has-text-align-center wp-element-button\" href=\"https:\/\/www.systra.com\/brazil\/en\/who-we-are\/sustainability-ims\/\" style=\"border-radius:0px\">SUSTAINABLE DEVELOPMENT<\/a><\/div>\n<\/div>\n<\/div><\/div>\n\n\n\n<div style=\"height:50px\" aria-hidden=\"true\" class=\"wp-block-spacer\"><\/div>\n\n\n\n<div class=\"wp-block-media-text has-media-on-the-right is-stacked-on-mobile has-pale-mauve-background-color has-background\"><div class=\"wp-block-media-text__content\">\n<p class=\"has-text-align-center\">Our teams have been innovating with passion for more than 60 years. Foresight and disruptive methods are at the heart of our DNA.<\/p>\n\n\n\n<div class=\"wp-block-buttons is-content-justification-center is-layout-flex wp-container-core-buttons-is-layout-16018d1d wp-block-buttons-is-layout-flex\">\n<div class=\"wp-block-button has-custom-width wp-block-button__width-75\"><a class=\"wp-block-button__link has-light-eggplant-background-color has-background has-text-align-center wp-element-button\" href=\"https:\/\/www.systra.com\/brazil\/en\/about-us\/innovation\/\" style=\"border-radius:0px\">INNOVATION<\/a><\/div>\n<\/div>\n<\/div><figure class=\"wp-block-media-text__media\"><img loading=\"lazy\" decoding=\"async\" width=\"1024\" height=\"682\" src=\"https:\/\/www.systra.com\/brazil\/wp-content\/uploads\/sites\/20\/2023\/09\/innovation-1024x682.jpg\" alt=\"\" class=\"wp-image-470 size-full\" srcset=\"https:\/\/www.systra.com\/brazil\/wp-content\/uploads\/sites\/20\/2023\/09\/innovation-1024x682.jpg 1024w, https:\/\/www.systra.com\/brazil\/wp-content\/uploads\/sites\/20\/2023\/09\/innovation-300x200.jpg 300w, https:\/\/www.systra.com\/brazil\/wp-content\/uploads\/sites\/20\/2023\/09\/innovation-768x512.jpg 768w, https:\/\/www.systra.com\/brazil\/wp-content\/uploads\/sites\/20\/2023\/09\/innovation-1536x1024.jpg 1536w, https:\/\/www.systra.com\/brazil\/wp-content\/uploads\/sites\/20\/2023\/09\/innovation-375x250.jpg 375w, https:\/\/www.systra.com\/brazil\/wp-content\/uploads\/sites\/20\/2023\/09\/innovation-376x250.jpg 376w, https:\/\/www.systra.com\/brazil\/wp-content\/uploads\/sites\/20\/2023\/09\/innovation-474x316.jpg 474w, https:\/\/www.systra.com\/brazil\/wp-content\/uploads\/sites\/20\/2023\/09\/innovation-75x50.jpg 75w, https:\/\/www.systra.com\/brazil\/wp-content\/uploads\/sites\/20\/2023\/09\/innovation-900x600.jpg 900w, https:\/\/www.systra.com\/brazil\/wp-content\/uploads\/sites\/20\/2023\/09\/innovation-1700x1133.jpg 1700w, https:\/\/www.systra.com\/brazil\/wp-content\/uploads\/sites\/20\/2023\/09\/innovation-1352x901.jpg 1352w, https:\/\/www.systra.com\/brazil\/wp-content\/uploads\/sites\/20\/2023\/09\/innovation-800x533.jpg 800w, https:\/\/www.systra.com\/brazil\/wp-content\/uploads\/sites\/20\/2023\/09\/innovation-180x120.jpg 180w, https:\/\/www.systra.com\/brazil\/wp-content\/uploads\/sites\/20\/2023\/09\/innovation-153x102.jpg 153w, https:\/\/www.systra.com\/brazil\/wp-content\/uploads\/sites\/20\/2023\/09\/innovation-230x153.jpg 230w, https:\/\/www.systra.com\/brazil\/wp-content\/uploads\/sites\/20\/2023\/09\/innovation.jpg 2000w\" sizes=\"auto, (max-width: 1024px) 100vw, 1024px\" \/><\/figure><\/div>\n\n\n\n<div style=\"height:100px\" aria-hidden=\"true\" class=\"wp-block-spacer\"><\/div>\n","protected":false},"excerpt":{"rendered":"<p>CONFIDENCE MOVES THE WORLD All these technical and technological feats are developed for our clients by employees who share the same values: an ongoing insistence on excellence, the benefits of working in connected teams and uniqueness through bold leadership. From our expertise centers all over the world, they advise, design and build new mobility to [&hellip;]<\/p>\n","protected":false},"author":93,"featured_media":1000003669,"parent":1617,"menu_order":0,"comment_status":"closed","ping_status":"closed","template":"","meta":{"_acf_changed":false,"_relevanssi_hide_post":"","_relevanssi_hide_content":"","_relevanssi_pin_for_all":"","_relevanssi_pin_keywords":"","_relevanssi_unpin_keywords":"","_relevanssi_related_keywords":"","_relevanssi_related_include_ids":"","_relevanssi_related_exclude_ids":"","_relevanssi_related_no_append":"","_relevanssi_related_not_related":"","_relevanssi_related_posts":"347,371","_relevanssi_noindex_reason":"","footnotes":""},"class_list":["post-1640","page","type-page","status-publish","has-post-thumbnail","hentry"],"acf":[],"yoast_head":"<!-- This site is optimized with the Yoast SEO Premium plugin v27.4 (Yoast SEO v27.4) - https:\/\/yoast.com\/product\/yoast-seo-premium-wordpress\/ -->\n<title>Vision - SYSTRA Brasil<\/title>\n<meta name=\"description\" content=\"Vision - SYSTRA Brasil, um dos l\u00edderes mundiais de consultoria e engenharia, especializado em solu\u00e7\u00f5es de transporte e mobilidade.\" \/>\n<meta name=\"robots\" content=\"index, follow, max-snippet:-1, max-image-preview:large, max-video-preview:-1\" \/>\n<meta property=\"og:locale\" content=\"en_US\" \/>\n<meta property=\"og:type\" content=\"article\" \/>\n<meta property=\"og:title\" content=\"Vision\" \/>\n<meta property=\"og:description\" content=\"Vision - SYSTRA Brasil, um dos l\u00edderes mundiais de consultoria e engenharia, especializado em solu\u00e7\u00f5es de transporte e mobilidade.\" \/>\n<meta property=\"og:url\" content=\"https:\/\/www.systra.com\/brazil\/en\/about-us\/vision\/\" \/>\n<meta property=\"og:site_name\" content=\"Brasil\" \/>\n<meta property=\"article:modified_time\" content=\"2024-11-07T16:44:33+00:00\" \/>\n<meta name=\"twitter:card\" content=\"summary_large_image\" \/>\n<meta name=\"twitter:label1\" content=\"Est. reading time\" \/>\n\t<meta name=\"twitter:data1\" content=\"2 minutes\" \/>\n<script type=\"application\/ld+json\" class=\"yoast-schema-graph\">{\"@context\":\"https:\\\/\\\/schema.org\",\"@graph\":[{\"@type\":\"WebPage\",\"@id\":\"https:\\\/\\\/www.systra.com\\\/brazil\\\/en\\\/about-us\\\/vision\\\/\",\"url\":\"https:\\\/\\\/www.systra.com\\\/brazil\\\/en\\\/about-us\\\/vision\\\/\",\"name\":\"Vision - SYSTRA Brasil\",\"isPartOf\":{\"@id\":\"https:\\\/\\\/www.systra.com\\\/brazil\\\/#website\"},\"primaryImageOfPage\":{\"@id\":\"https:\\\/\\\/www.systra.com\\\/brazil\\\/en\\\/about-us\\\/vision\\\/#primaryimage\"},\"image\":{\"@id\":\"https:\\\/\\\/www.systra.com\\\/brazil\\\/en\\\/about-us\\\/vision\\\/#primaryimage\"},\"thumbnailUrl\":\"https:\\\/\\\/www.systra.com\\\/brazil\\\/wp-content\\\/uploads\\\/2020\\\/08\\\/bandeau_metiersv3.jpg\",\"datePublished\":\"2024-01-02T15:53:40+00:00\",\"dateModified\":\"2024-11-07T16:44:33+00:00\",\"description\":\"Vision - SYSTRA Brasil, um dos l\u00edderes mundiais de consultoria e engenharia, especializado em solu\u00e7\u00f5es de transporte e mobilidade.\",\"breadcrumb\":{\"@id\":\"https:\\\/\\\/www.systra.com\\\/brazil\\\/en\\\/about-us\\\/vision\\\/#breadcrumb\"},\"inLanguage\":\"en-US\",\"potentialAction\":[{\"@type\":\"ReadAction\",\"target\":[\"https:\\\/\\\/www.systra.com\\\/brazil\\\/en\\\/about-us\\\/vision\\\/\"]}]},{\"@type\":\"ImageObject\",\"inLanguage\":\"en-US\",\"@id\":\"https:\\\/\\\/www.systra.com\\\/brazil\\\/en\\\/about-us\\\/vision\\\/#primaryimage\",\"url\":\"https:\\\/\\\/www.systra.com\\\/brazil\\\/wp-content\\\/uploads\\\/2020\\\/08\\\/bandeau_metiersv3.jpg\",\"contentUrl\":\"https:\\\/\\\/www.systra.com\\\/brazil\\\/wp-content\\\/uploads\\\/2020\\\/08\\\/bandeau_metiersv3.jpg\"},{\"@type\":\"BreadcrumbList\",\"@id\":\"https:\\\/\\\/www.systra.com\\\/brazil\\\/en\\\/about-us\\\/vision\\\/#breadcrumb\",\"itemListElement\":[{\"@type\":\"ListItem\",\"position\":1,\"name\":\"Accueil\",\"item\":\"https:\\\/\\\/www.systra.com\\\/brazil\\\/\"},{\"@type\":\"ListItem\",\"position\":2,\"name\":\"About us\",\"item\":\"https:\\\/\\\/www.systra.com\\\/brazil\\\/en\\\/about-us\\\/\"},{\"@type\":\"ListItem\",\"position\":3,\"name\":\"Vision\"}]},{\"@type\":\"WebSite\",\"@id\":\"https:\\\/\\\/www.systra.com\\\/brazil\\\/#website\",\"url\":\"https:\\\/\\\/www.systra.com\\\/brazil\\\/\",\"name\":\"SYSTRA Brasil\",\"description\":\"Un site utilisant Les sites de Systra\",\"potentialAction\":[{\"@type\":\"SearchAction\",\"target\":{\"@type\":\"EntryPoint\",\"urlTemplate\":\"https:\\\/\\\/www.systra.com\\\/brazil\\\/?s={search_term_string}\"},\"query-input\":{\"@type\":\"PropertyValueSpecification\",\"valueRequired\":true,\"valueName\":\"search_term_string\"}}],\"inLanguage\":\"en-US\"}]}<\/script>\n<!-- \/ Yoast SEO Premium plugin. -->","yoast_head_json":{"title":"Vision - SYSTRA Brasil","description":"Vision - SYSTRA Brasil, um dos l\u00edderes mundiais de consultoria e engenharia, especializado em solu\u00e7\u00f5es de transporte e mobilidade.","robots":{"index":"index","follow":"follow","max-snippet":"max-snippet:-1","max-image-preview":"max-image-preview:large","max-video-preview":"max-video-preview:-1"},"og_locale":"en_US","og_type":"article","og_title":"Vision","og_description":"Vision - SYSTRA Brasil, um dos l\u00edderes mundiais de consultoria e engenharia, especializado em solu\u00e7\u00f5es de transporte e mobilidade.","og_url":"https:\/\/www.systra.com\/brazil\/en\/about-us\/vision\/","og_site_name":"Brasil","article_modified_time":"2024-11-07T16:44:33+00:00","twitter_card":"summary_large_image","twitter_misc":{"Est. reading time":"2 minutes"},"schema":{"@context":"https:\/\/schema.org","@graph":[{"@type":"WebPage","@id":"https:\/\/www.systra.com\/brazil\/en\/about-us\/vision\/","url":"https:\/\/www.systra.com\/brazil\/en\/about-us\/vision\/","name":"Vision - SYSTRA Brasil","isPartOf":{"@id":"https:\/\/www.systra.com\/brazil\/#website"},"primaryImageOfPage":{"@id":"https:\/\/www.systra.com\/brazil\/en\/about-us\/vision\/#primaryimage"},"image":{"@id":"https:\/\/www.systra.com\/brazil\/en\/about-us\/vision\/#primaryimage"},"thumbnailUrl":"https:\/\/www.systra.com\/brazil\/wp-content\/uploads\/2020\/08\/bandeau_metiersv3.jpg","datePublished":"2024-01-02T15:53:40+00:00","dateModified":"2024-11-07T16:44:33+00:00","description":"Vision - SYSTRA Brasil, um dos l\u00edderes mundiais de consultoria e engenharia, especializado em solu\u00e7\u00f5es de transporte e mobilidade.","breadcrumb":{"@id":"https:\/\/www.systra.com\/brazil\/en\/about-us\/vision\/#breadcrumb"},"inLanguage":"en-US","potentialAction":[{"@type":"ReadAction","target":["https:\/\/www.systra.com\/brazil\/en\/about-us\/vision\/"]}]},{"@type":"ImageObject","inLanguage":"en-US","@id":"https:\/\/www.systra.com\/brazil\/en\/about-us\/vision\/#primaryimage","url":"https:\/\/www.systra.com\/brazil\/wp-content\/uploads\/2020\/08\/bandeau_metiersv3.jpg","contentUrl":"https:\/\/www.systra.com\/brazil\/wp-content\/uploads\/2020\/08\/bandeau_metiersv3.jpg"},{"@type":"BreadcrumbList","@id":"https:\/\/www.systra.com\/brazil\/en\/about-us\/vision\/#breadcrumb","itemListElement":[{"@type":"ListItem","position":1,"name":"Accueil","item":"https:\/\/www.systra.com\/brazil\/"},{"@type":"ListItem","position":2,"name":"About us","item":"https:\/\/www.systra.com\/brazil\/en\/about-us\/"},{"@type":"ListItem","position":3,"name":"Vision"}]},{"@type":"WebSite","@id":"https:\/\/www.systra.com\/brazil\/#website","url":"https:\/\/www.systra.com\/brazil\/","name":"SYSTRA Brasil","description":"Un site utilisant Les sites de Systra","potentialAction":[{"@type":"SearchAction","target":{"@type":"EntryPoint","urlTemplate":"https:\/\/www.systra.com\/brazil\/?s={search_term_string}"},"query-input":{"@type":"PropertyValueSpecification","valueRequired":true,"valueName":"search_term_string"}}],"inLanguage":"en-US"}]}},"lang":"en","translations":{"en":1640,"pt":475},"pll_sync_post":[],"_links":{"self":[{"href":"https:\/\/www.systra.com\/brazil\/wp-json\/wp\/v2\/pages\/1640","targetHints":{"allow":["GET"]}}],"collection":[{"href":"https:\/\/www.systra.com\/brazil\/wp-json\/wp\/v2\/pages"}],"about":[{"href":"https:\/\/www.systra.com\/brazil\/wp-json\/wp\/v2\/types\/page"}],"author":[{"embeddable":true,"href":"https:\/\/www.systra.com\/brazil\/wp-json\/wp\/v2\/users\/93"}],"replies":[{"embeddable":true,"href":"https:\/\/www.systra.com\/brazil\/wp-json\/wp\/v2\/comments?post=1640"}],"version-history":[{"count":6,"href":"https:\/\/www.systra.com\/brazil\/wp-json\/wp\/v2\/pages\/1640\/revisions"}],"predecessor-version":[{"id":14616,"href":"https:\/\/www.systra.com\/brazil\/wp-json\/wp\/v2\/pages\/1640\/revisions\/14616"}],"up":[{"embeddable":true,"href":"https:\/\/www.systra.com\/brazil\/wp-json\/wp\/v2\/pages\/1617"}],"wp:featuredmedia":[{"embeddable":true,"href":"https:\/\/www.systra.com\/brazil\/wp-json\/"}],"wp:attachment":[{"href":"https:\/\/www.systra.com\/brazil\/wp-json\/wp\/v2\/media?parent=1640"}],"curies":[{"name":"wp","href":"https:\/\/api.w.org\/{rel}","templated":true}]}}