{"id":1627,"date":"2024-01-02T16:54:07","date_gmt":"2024-01-02T15:54:07","guid":{"rendered":"https:\/\/www.systra.com\/brazil\/?page_id=1627"},"modified":"2025-02-27T15:27:34","modified_gmt":"2025-02-27T14:27:34","slug":"ambition-values","status":"publish","type":"page","link":"https:\/\/www.systra.com\/brazil\/en\/about-us\/ambition-values\/","title":{"rendered":"Ambition &#038; Values"},"content":{"rendered":"\n<h2 class=\"wp-block-heading\" id=\"h-our-ambition-is-to-be-the-signature-team-for-transportation-solutions\">OUR AMBITION IS TO BE THE SIGNATURE TEAM<br>FOR TRANSPORTATION SOLUTIONS<\/h2>\n\n\n\n<div style=\"height:70px\" aria-hidden=\"true\" class=\"wp-block-spacer\"><\/div>\n\n\n\n<p>Being identified as the <strong>Signature Team<\/strong> for transportation solutions constitutes an objective as demanding as it is inspiring. To reach it, we can count on the mobilization of all our colleagues, men and women, who share SYSTRA\u2019s values: <strong>Excellence<\/strong>, <strong>Connected Teams<\/strong>, <strong>Bold Leadership<\/strong>.<\/p>\n\n\n\n<div style=\"height:100px\" aria-hidden=\"true\" class=\"wp-block-spacer\"><\/div>\n\n\n\n<div class=\"wrapper-home-top block-home\">\n\t<div class=\"center1130\">\n\t\t<div class=\"container-lines-intro-home\">\n\t\t\t<div class=\"wrapper-lines-1 wrapper-lines\">\n\t\t\t\t<div class=\"first-line\"><\/div>\n\t\t\t\t<div class=\"second-line with-angle\"><\/div>\n\t\t\t\t<div class=\"third-line\"><\/div>\n\t\t\t\t<div class=\"fourth-line with-angle\"><\/div>\n\t\t\t\t<div class=\"fifth-line\"><\/div>\n\t\t\t\t<div class=\"sixth-line\"><\/div>\n\t\t\t<\/div>\n\t\t\t<div class=\"wrapper-lines-2 wrapper-lines\">\n\t\t\t\t<div class=\"first-line\"><\/div>\n\t\t\t\t<div class=\"second-line with-angle\"><\/div>\n\t\t\t\t<div class=\"third-line\"><\/div>\n\t\t\t\t<div class=\"fourth-line with-angle\"><\/div>\n\t\t\t\t<div class=\"fifth-line\"><\/div>\n\t\t\t\t<div class=\"sixth-line\"><\/div>\n\t\t\t\t<div class=\"seventh-line\"><\/div>\n\t\t\t<\/div>\n\t\t<\/div>\n\t\t<div class=\"rectangle-left\"><\/div>\n\t\t<div class=\"wrapper-h1\">\n\t\t\t\t\t\t\t<h1 class=\"h1like\">LIVING OUR VALUES<\/h1>\n\t\t\t\t\t<\/div>\n\n\t\t<div class=\"conteneur-bloc-intro\">\n\t\t\t<div class=\"wp-block-embed-youtube-bloc-intro systra-mt-0 wp-block-embed is-type-video is-provider-youtube wp-embed-aspect-16-9 wp-has-aspect-ratio box-bloc-intro\">\n\t\t\t\t<div class=\"wp-block-embed__wrapper wrapper-video padding-bloc-intro\">\n                    <iframe loading=\"lazy\" title=\"SYSTRA - VALORES\" width=\"640\" height=\"360\" src=\"https:\/\/www.youtube-nocookie.com\/embed\/pEv_7vWI0V0?feature=oembed\" frameborder=\"0\" allow=\"accelerometer; autoplay; clipboard-write; encrypted-media; gyroscope; picture-in-picture; web-share\" referrerpolicy=\"strict-origin-when-cross-origin\" allowfullscreen><\/iframe>\t\t\t\t<\/div>\n\t\t\t<\/div>\n\n\t\t\t<div class=\"wrapper-vision box-bloc-intro\">\n\t\t\t\t<div class=\"content-vision\">\n\t\t\t\t\t<div class=\"vision-txt\">\n\t\t\t\t\t\t\t\t\t\t\t<\/div>\n\t\t\t\t\t\t\t\t\t<\/div>\n\t\t\t<\/div>\n\t\t<\/div>\n\t<\/div>\n<\/div>\n\n\n\n<div style=\"height:100px\" aria-hidden=\"true\" class=\"wp-block-spacer\"><\/div>\n\n\n\n<div class=\"wp-block-columns are-vertically-aligned-center is-layout-flex wp-container-core-columns-is-layout-9d6595d7 wp-block-columns-is-layout-flex\">\n<div class=\"wp-block-column is-vertically-aligned-center is-layout-flow wp-block-column-is-layout-flow\">\n<h3 class=\"wp-block-heading has-dirty-purple-color has-text-color\">EXCELLENCE<\/h3>\n\n\n\n<div style=\"height:15px\" aria-hidden=\"true\" class=\"wp-block-spacer\"><\/div>\n\n\n\n<p>Rooted in our engineering culture, excellence is at once an objective and a way of doing things. Our clients are ambitious and demanding. Our commitment to design the best solutions under the best conditions is a promise of trust, performance and sustainability.<\/p>\n<\/div>\n\n\n\n<div class=\"wp-block-column is-vertically-aligned-center is-layout-flow wp-block-column-is-layout-flow\">\n<figure class=\"wp-block-image size-full\"><img decoding=\"async\" src=\"https:\/\/www.systra.com\/wp-content\/uploads\/2023\/01\/excellence.jpg\" alt=\"\" class=\"wp-image-10781727\"\/><\/figure>\n<\/div>\n<\/div>\n\n\n\n<div style=\"height:70px\" aria-hidden=\"true\" class=\"wp-block-spacer\"><\/div>\n\n\n\n<div class=\"wp-block-columns are-vertically-aligned-center is-layout-flex wp-container-core-columns-is-layout-9d6595d7 wp-block-columns-is-layout-flex\">\n<div class=\"wp-block-column is-vertically-aligned-center is-layout-flow wp-block-column-is-layout-flow\">\n<figure class=\"wp-block-image size-large\"><img decoding=\"async\" src=\"https:\/\/www.systra.com\/wp-content\/uploads\/2023\/01\/connected-teams-1024x683.jpg\" alt=\"\" class=\"wp-image-10781766\"\/><\/figure>\n<\/div>\n\n\n\n<div class=\"wp-block-column is-vertically-aligned-center is-layout-flow wp-block-column-is-layout-flow\">\n<h3 class=\"wp-block-heading has-dirty-purple-color has-text-color\">CONNECTED TEAMS<\/h3>\n\n\n\n<div style=\"height:15px\" aria-hidden=\"true\" class=\"wp-block-spacer\"><\/div>\n\n\n\n<p>We connect our experts throughout the entire Group and coordinate them to respond to the most complex issues. By going beyond cultural and technical particularities, we create teams united around the same objective, in which the talent of each individual contributes to the success of all.<\/p>\n<\/div>\n<\/div>\n\n\n\n<div style=\"height:70px\" aria-hidden=\"true\" class=\"wp-block-spacer\"><\/div>\n\n\n\n<div class=\"wp-block-columns is-layout-flex wp-container-core-columns-is-layout-9d6595d7 wp-block-columns-is-layout-flex\">\n<div class=\"wp-block-column is-vertically-aligned-center is-layout-flow wp-block-column-is-layout-flow\">\n<h3 class=\"wp-block-heading has-dirty-purple-color has-text-color\">BOLD LEADERSHIP<\/h3>\n\n\n\n<div style=\"height:15px\" aria-hidden=\"true\" class=\"wp-block-spacer\"><\/div>\n\n\n\n<p>The projects we accompany profoundly transform mobility. Via our capacity for innovation and our project management know-how, we bring fresh answers to our clients and the bold leadership necessary for change. Our task is to consider, design, and imagine today the mobility solutions of tomorrow.<\/p>\n<\/div>\n\n\n\n<div class=\"wp-block-column is-vertically-aligned-center is-layout-flow wp-block-column-is-layout-flow\">\n<figure class=\"wp-block-image size-full\"><img decoding=\"async\" src=\"https:\/\/www.systra.com\/wp-content\/uploads\/2023\/01\/audace.jpg\" alt=\"\" class=\"wp-image-10781794\"\/><\/figure>\n<\/div>\n<\/div>\n\n\n\n<div style=\"height:200px\" aria-hidden=\"true\" class=\"wp-block-spacer\"><\/div>\n\n\n\n<hr class=\"wp-block-separator has-text-color has-light-eggplant-color has-alpha-channel-opacity has-light-eggplant-background-color has-background is-style-wide\"\/>\n\n\n\n<div style=\"height:100px\" aria-hidden=\"true\" class=\"wp-block-spacer\"><\/div>\n\n\n\n<h2 class=\"wp-block-heading\">SEE ALSO<\/h2>\n\n\n\n<div style=\"height:25px\" aria-hidden=\"true\" class=\"wp-block-spacer\"><\/div>\n\n\n\n<div class=\"wp-block-columns is-layout-flex wp-container-core-columns-is-layout-9d6595d7 wp-block-columns-is-layout-flex\">\n<div class=\"wp-block-column is-layout-flow wp-block-column-is-layout-flow\" style=\"flex-basis:33%\">\n<div class=\"wp-block-group\"><div class=\"wp-block-group__inner-container is-layout-flow wp-block-group-is-layout-flow\">\n<div class=\"wp-block-group\"><div class=\"wp-block-group__inner-container is-layout-flow wp-block-group-is-layout-flow\">\n<figure class=\"wp-block-image size-large\"><img decoding=\"async\" src=\"https:\/\/www.systra.com\/brazil\/wp-content\/uploads\/2020\/09\/home_metiers-808x1024.jpg\" alt=\"\" class=\"wp-image-1000004527\" style=\"aspect-ratio:16\/9;object-fit:cover\" srcset=\"https:\/\/www.systra.com\/brazil\/wp-content\/uploads\/2020\/09\/home_metiers-808x1024.jpg 808w, https:\/\/www.systra.com\/brazil\/wp-content\/uploads\/2020\/09\/home_metiers-237x300.jpg 237w, https:\/\/www.systra.com\/brazil\/wp-content\/uploads\/2020\/09\/home_metiers-768x973.jpg 768w, https:\/\/www.systra.com\/brazil\/wp-content\/uploads\/2020\/09\/home_metiers-474x601.jpg 474w, https:\/\/www.systra.com\/brazil\/wp-content\/uploads\/2020\/09\/home_metiers-800x1014.jpg 800w, https:\/\/www.systra.com\/brazil\/wp-content\/uploads\/2020\/09\/home_metiers-180x228.jpg 180w, https:\/\/www.systra.com\/brazil\/wp-content\/uploads\/2020\/09\/home_metiers-153x194.jpg 153w, https:\/\/www.systra.com\/brazil\/wp-content\/uploads\/2020\/09\/home_metiers-230x291.jpg 230w, https:\/\/www.systra.com\/brazil\/wp-content\/uploads\/2020\/09\/home_metiers.jpg 1184w\" sizes=\"(max-width: 808px) 100vw, 808px\" \/><\/figure>\n\n\n\n<div style=\"height:15px\" aria-hidden=\"true\" class=\"wp-block-spacer\"><\/div>\n\n\n\n<h4 class=\"wp-block-heading has-text-align-center has-light-eggplant-color has-text-color\" style=\"text-transform:uppercase\">VISION<\/h4>\n\n\n\n<div class=\"wp-block-buttons is-content-justification-center is-layout-flex wp-container-core-buttons-is-layout-16018d1d wp-block-buttons-is-layout-flex\">\n<div class=\"wp-block-button is-style-fill\"><a class=\"wp-block-button__link wp-element-button\" href=\"https:\/\/www.systra.com\/brazil\/en\/who-we-are\/about-us\/vision\/\">READ MORE<\/a><\/div>\n<\/div>\n<\/div><\/div>\n<\/div><\/div>\n<\/div>\n\n\n\n<div class=\"wp-block-column is-layout-flow wp-block-column-is-layout-flow\" style=\"flex-basis:33%\">\n<div class=\"wp-block-group\"><div class=\"wp-block-group__inner-container is-layout-flow wp-block-group-is-layout-flow\">\n<figure class=\"wp-block-image size-large\"><img loading=\"lazy\" decoding=\"async\" width=\"1024\" height=\"620\" src=\"https:\/\/www.systra.com\/brazil\/wp-content\/uploads\/sites\/20\/2023\/09\/microsoftteams-image-31-1024x620.png\" alt=\"\" class=\"wp-image-932\" style=\"aspect-ratio:16\/9;object-fit:cover\" srcset=\"https:\/\/www.systra.com\/brazil\/wp-content\/uploads\/sites\/20\/2023\/09\/microsoftteams-image-31-1024x620.png 1024w, https:\/\/www.systra.com\/brazil\/wp-content\/uploads\/sites\/20\/2023\/09\/microsoftteams-image-31-300x182.png 300w, https:\/\/www.systra.com\/brazil\/wp-content\/uploads\/sites\/20\/2023\/09\/microsoftteams-image-31-768x465.png 768w, https:\/\/www.systra.com\/brazil\/wp-content\/uploads\/sites\/20\/2023\/09\/microsoftteams-image-31-1536x931.png 1536w, https:\/\/www.systra.com\/brazil\/wp-content\/uploads\/sites\/20\/2023\/09\/microsoftteams-image-31-2048x1241.png 2048w, https:\/\/www.systra.com\/brazil\/wp-content\/uploads\/sites\/20\/2023\/09\/microsoftteams-image-31-474x287.png 474w, https:\/\/www.systra.com\/brazil\/wp-content\/uploads\/sites\/20\/2023\/09\/microsoftteams-image-31-1700x1030.png 1700w, https:\/\/www.systra.com\/brazil\/wp-content\/uploads\/sites\/20\/2023\/09\/microsoftteams-image-31-1352x819.png 1352w, https:\/\/www.systra.com\/brazil\/wp-content\/uploads\/sites\/20\/2023\/09\/microsoftteams-image-31-800x485.png 800w, https:\/\/www.systra.com\/brazil\/wp-content\/uploads\/sites\/20\/2023\/09\/microsoftteams-image-31-180x109.png 180w, https:\/\/www.systra.com\/brazil\/wp-content\/uploads\/sites\/20\/2023\/09\/microsoftteams-image-31-153x93.png 153w, https:\/\/www.systra.com\/brazil\/wp-content\/uploads\/sites\/20\/2023\/09\/microsoftteams-image-31-230x139.png 230w\" sizes=\"auto, (max-width: 1024px) 100vw, 1024px\" \/><\/figure>\n\n\n\n<div style=\"height:15px\" aria-hidden=\"true\" class=\"wp-block-spacer\"><\/div>\n\n\n\n<h4 class=\"wp-block-heading has-text-align-center has-light-eggplant-color has-text-color\" id=\"h-history\" style=\"text-transform:uppercase\">HISTORY<\/h4>\n\n\n\n<div class=\"wp-block-buttons is-content-justification-center is-layout-flex wp-container-core-buttons-is-layout-16018d1d wp-block-buttons-is-layout-flex\">\n<div class=\"wp-block-button\"><a class=\"wp-block-button__link wp-element-button\" href=\"https:\/\/www.systra.com\/brazil\/en\/about-us\/history\/\">READ MORE<\/a><\/div>\n<\/div>\n<\/div><\/div>\n<\/div>\n\n\n\n<div class=\"wp-block-column is-layout-flow wp-block-column-is-layout-flow\" style=\"flex-basis:33.33%\">\n<div class=\"wp-block-group\"><div class=\"wp-block-group__inner-container is-layout-flow wp-block-group-is-layout-flow\">\n<figure class=\"wp-block-image size-large\"><img loading=\"lazy\" decoding=\"async\" width=\"1024\" height=\"682\" src=\"https:\/\/www.systra.com\/brazil\/wp-content\/uploads\/sites\/20\/2023\/09\/innovation-1024x682.jpg\" alt=\"\" class=\"wp-image-470\" style=\"aspect-ratio:16\/9;object-fit:cover\" srcset=\"https:\/\/www.systra.com\/brazil\/wp-content\/uploads\/sites\/20\/2023\/09\/innovation-1024x682.jpg 1024w, https:\/\/www.systra.com\/brazil\/wp-content\/uploads\/sites\/20\/2023\/09\/innovation-300x200.jpg 300w, https:\/\/www.systra.com\/brazil\/wp-content\/uploads\/sites\/20\/2023\/09\/innovation-768x512.jpg 768w, https:\/\/www.systra.com\/brazil\/wp-content\/uploads\/sites\/20\/2023\/09\/innovation-1536x1024.jpg 1536w, https:\/\/www.systra.com\/brazil\/wp-content\/uploads\/sites\/20\/2023\/09\/innovation-375x250.jpg 375w, https:\/\/www.systra.com\/brazil\/wp-content\/uploads\/sites\/20\/2023\/09\/innovation-376x250.jpg 376w, https:\/\/www.systra.com\/brazil\/wp-content\/uploads\/sites\/20\/2023\/09\/innovation-474x316.jpg 474w, https:\/\/www.systra.com\/brazil\/wp-content\/uploads\/sites\/20\/2023\/09\/innovation-75x50.jpg 75w, https:\/\/www.systra.com\/brazil\/wp-content\/uploads\/sites\/20\/2023\/09\/innovation-900x600.jpg 900w, https:\/\/www.systra.com\/brazil\/wp-content\/uploads\/sites\/20\/2023\/09\/innovation-1700x1133.jpg 1700w, https:\/\/www.systra.com\/brazil\/wp-content\/uploads\/sites\/20\/2023\/09\/innovation-1352x901.jpg 1352w, https:\/\/www.systra.com\/brazil\/wp-content\/uploads\/sites\/20\/2023\/09\/innovation-800x533.jpg 800w, https:\/\/www.systra.com\/brazil\/wp-content\/uploads\/sites\/20\/2023\/09\/innovation-180x120.jpg 180w, https:\/\/www.systra.com\/brazil\/wp-content\/uploads\/sites\/20\/2023\/09\/innovation-153x102.jpg 153w, https:\/\/www.systra.com\/brazil\/wp-content\/uploads\/sites\/20\/2023\/09\/innovation-230x153.jpg 230w, https:\/\/www.systra.com\/brazil\/wp-content\/uploads\/sites\/20\/2023\/09\/innovation.jpg 2000w\" sizes=\"auto, (max-width: 1024px) 100vw, 1024px\" \/><\/figure>\n\n\n\n<div style=\"height:15px\" aria-hidden=\"true\" class=\"wp-block-spacer\"><\/div>\n\n\n\n<h4 class=\"wp-block-heading has-text-align-center has-light-eggplant-color has-text-color\" style=\"text-transform:uppercase\">INNOVATION<\/h4>\n\n\n\n<div class=\"wp-block-buttons is-content-justification-center is-layout-flex wp-container-core-buttons-is-layout-16018d1d wp-block-buttons-is-layout-flex\">\n<div class=\"wp-block-button\"><a class=\"wp-block-button__link wp-element-button\" href=\"https:\/\/www.systra.com\/brazil\/en\/about-us\/innovation\/\">READ MORE<\/a><\/div>\n<\/div>\n<\/div><\/div>\n<\/div>\n<\/div>\n\n\n\n<p><\/p>\n","protected":false},"excerpt":{"rendered":"<p>OUR AMBITION IS TO BE THE SIGNATURE TEAMFOR TRANSPORTATION SOLUTIONS Being identified as the Signature Team for transportation solutions constitutes an objective as demanding as it is inspiring. To reach it, we can count on the mobilization of all our colleagues, men and women, who share SYSTRA\u2019s values: Excellence, Connected Teams, Bold Leadership. EXCELLENCE Rooted [&hellip;]<\/p>\n","protected":false},"author":93,"featured_media":469,"parent":1617,"menu_order":0,"comment_status":"closed","ping_status":"closed","template":"","meta":{"_acf_changed":false,"_relevanssi_hide_post":"","_relevanssi_hide_content":"","_relevanssi_pin_for_all":"","_relevanssi_pin_keywords":"","_relevanssi_unpin_keywords":"","_relevanssi_related_keywords":"","_relevanssi_related_include_ids":"","_relevanssi_related_exclude_ids":"","_relevanssi_related_no_append":"","_relevanssi_related_not_related":"","_relevanssi_related_posts":"347,371","_relevanssi_noindex_reason":"","footnotes":""},"class_list":["post-1627","page","type-page","status-publish","has-post-thumbnail","hentry"],"acf":[],"yoast_head":"<!-- This site is optimized with the Yoast SEO Premium plugin v27.4 (Yoast SEO v27.4) - https:\/\/yoast.com\/product\/yoast-seo-premium-wordpress\/ -->\n<title>Ambition &amp; Values - SYSTRA Brasil<\/title>\n<meta name=\"description\" content=\"Ambition &amp; Values - SYSTRA Brasil, um dos l\u00edderes mundiais de consultoria e engenharia, especializado em solu\u00e7\u00f5es de transporte e mobilidade.\" \/>\n<meta name=\"robots\" content=\"index, follow, max-snippet:-1, max-image-preview:large, max-video-preview:-1\" \/>\n<meta property=\"og:locale\" content=\"en_US\" \/>\n<meta property=\"og:type\" content=\"article\" \/>\n<meta property=\"og:title\" content=\"Ambition &amp; Values\" \/>\n<meta property=\"og:description\" content=\"Ambition &amp; Values - SYSTRA Brasil, um dos l\u00edderes mundiais de consultoria e engenharia, especializado em solu\u00e7\u00f5es de transporte e mobilidade.\" \/>\n<meta property=\"og:url\" content=\"https:\/\/www.systra.com\/brazil\/en\/about-us\/ambition-values\/\" \/>\n<meta property=\"og:site_name\" content=\"Brasil\" \/>\n<meta property=\"article:modified_time\" content=\"2025-02-27T14:27:34+00:00\" \/>\n<meta property=\"og:image\" content=\"https:\/\/www.systra.com\/brazil\/wp-content\/uploads\/sites\/20\/2023\/09\/ambition-and-values-2048x1242-1.jpg\" \/>\n\t<meta property=\"og:image:width\" content=\"2048\" \/>\n\t<meta property=\"og:image:height\" content=\"1242\" \/>\n\t<meta property=\"og:image:type\" content=\"image\/jpeg\" \/>\n<meta name=\"twitter:card\" content=\"summary_large_image\" \/>\n<meta name=\"twitter:label1\" content=\"Est. reading time\" \/>\n\t<meta name=\"twitter:data1\" content=\"3 minutes\" \/>\n<script type=\"application\/ld+json\" class=\"yoast-schema-graph\">{\"@context\":\"https:\\\/\\\/schema.org\",\"@graph\":[{\"@type\":\"WebPage\",\"@id\":\"https:\\\/\\\/www.systra.com\\\/brazil\\\/en\\\/about-us\\\/ambition-values\\\/\",\"url\":\"https:\\\/\\\/www.systra.com\\\/brazil\\\/en\\\/about-us\\\/ambition-values\\\/\",\"name\":\"Ambition & Values - SYSTRA Brasil\",\"isPartOf\":{\"@id\":\"https:\\\/\\\/www.systra.com\\\/brazil\\\/#website\"},\"primaryImageOfPage\":{\"@id\":\"https:\\\/\\\/www.systra.com\\\/brazil\\\/en\\\/about-us\\\/ambition-values\\\/#primaryimage\"},\"image\":{\"@id\":\"https:\\\/\\\/www.systra.com\\\/brazil\\\/en\\\/about-us\\\/ambition-values\\\/#primaryimage\"},\"thumbnailUrl\":\"https:\\\/\\\/www.systra.com\\\/brazil\\\/wp-content\\\/uploads\\\/sites\\\/20\\\/2023\\\/09\\\/ambition-and-values-2048x1242-1.jpg\",\"datePublished\":\"2024-01-02T15:54:07+00:00\",\"dateModified\":\"2025-02-27T14:27:34+00:00\",\"description\":\"Ambition & Values - SYSTRA Brasil, um dos l\u00edderes mundiais de consultoria e engenharia, especializado em solu\u00e7\u00f5es de transporte e mobilidade.\",\"breadcrumb\":{\"@id\":\"https:\\\/\\\/www.systra.com\\\/brazil\\\/en\\\/about-us\\\/ambition-values\\\/#breadcrumb\"},\"inLanguage\":\"en-US\",\"potentialAction\":[{\"@type\":\"ReadAction\",\"target\":[\"https:\\\/\\\/www.systra.com\\\/brazil\\\/en\\\/about-us\\\/ambition-values\\\/\"]}]},{\"@type\":\"ImageObject\",\"inLanguage\":\"en-US\",\"@id\":\"https:\\\/\\\/www.systra.com\\\/brazil\\\/en\\\/about-us\\\/ambition-values\\\/#primaryimage\",\"url\":\"https:\\\/\\\/www.systra.com\\\/brazil\\\/wp-content\\\/uploads\\\/sites\\\/20\\\/2023\\\/09\\\/ambition-and-values-2048x1242-1.jpg\",\"contentUrl\":\"https:\\\/\\\/www.systra.com\\\/brazil\\\/wp-content\\\/uploads\\\/sites\\\/20\\\/2023\\\/09\\\/ambition-and-values-2048x1242-1.jpg\",\"width\":2048,\"height\":1242},{\"@type\":\"BreadcrumbList\",\"@id\":\"https:\\\/\\\/www.systra.com\\\/brazil\\\/en\\\/about-us\\\/ambition-values\\\/#breadcrumb\",\"itemListElement\":[{\"@type\":\"ListItem\",\"position\":1,\"name\":\"Accueil\",\"item\":\"https:\\\/\\\/www.systra.com\\\/brazil\\\/\"},{\"@type\":\"ListItem\",\"position\":2,\"name\":\"About us\",\"item\":\"https:\\\/\\\/www.systra.com\\\/brazil\\\/en\\\/about-us\\\/\"},{\"@type\":\"ListItem\",\"position\":3,\"name\":\"Ambition &#038; Values\"}]},{\"@type\":\"WebSite\",\"@id\":\"https:\\\/\\\/www.systra.com\\\/brazil\\\/#website\",\"url\":\"https:\\\/\\\/www.systra.com\\\/brazil\\\/\",\"name\":\"SYSTRA Brasil\",\"description\":\"Un site utilisant Les sites de Systra\",\"potentialAction\":[{\"@type\":\"SearchAction\",\"target\":{\"@type\":\"EntryPoint\",\"urlTemplate\":\"https:\\\/\\\/www.systra.com\\\/brazil\\\/?s={search_term_string}\"},\"query-input\":{\"@type\":\"PropertyValueSpecification\",\"valueRequired\":true,\"valueName\":\"search_term_string\"}}],\"inLanguage\":\"en-US\"}]}<\/script>\n<!-- \/ Yoast SEO Premium plugin. -->","yoast_head_json":{"title":"Ambition & Values - SYSTRA Brasil","description":"Ambition & Values - SYSTRA Brasil, um dos l\u00edderes mundiais de consultoria e engenharia, especializado em solu\u00e7\u00f5es de transporte e mobilidade.","robots":{"index":"index","follow":"follow","max-snippet":"max-snippet:-1","max-image-preview":"max-image-preview:large","max-video-preview":"max-video-preview:-1"},"og_locale":"en_US","og_type":"article","og_title":"Ambition & Values","og_description":"Ambition & Values - SYSTRA Brasil, um dos l\u00edderes mundiais de consultoria e engenharia, especializado em solu\u00e7\u00f5es de transporte e mobilidade.","og_url":"https:\/\/www.systra.com\/brazil\/en\/about-us\/ambition-values\/","og_site_name":"Brasil","article_modified_time":"2025-02-27T14:27:34+00:00","og_image":[{"width":2048,"height":1242,"url":"https:\/\/www.systra.com\/brazil\/wp-content\/uploads\/sites\/20\/2023\/09\/ambition-and-values-2048x1242-1.jpg","type":"image\/jpeg"}],"twitter_card":"summary_large_image","twitter_misc":{"Est. reading time":"3 minutes"},"schema":{"@context":"https:\/\/schema.org","@graph":[{"@type":"WebPage","@id":"https:\/\/www.systra.com\/brazil\/en\/about-us\/ambition-values\/","url":"https:\/\/www.systra.com\/brazil\/en\/about-us\/ambition-values\/","name":"Ambition & Values - SYSTRA Brasil","isPartOf":{"@id":"https:\/\/www.systra.com\/brazil\/#website"},"primaryImageOfPage":{"@id":"https:\/\/www.systra.com\/brazil\/en\/about-us\/ambition-values\/#primaryimage"},"image":{"@id":"https:\/\/www.systra.com\/brazil\/en\/about-us\/ambition-values\/#primaryimage"},"thumbnailUrl":"https:\/\/www.systra.com\/brazil\/wp-content\/uploads\/sites\/20\/2023\/09\/ambition-and-values-2048x1242-1.jpg","datePublished":"2024-01-02T15:54:07+00:00","dateModified":"2025-02-27T14:27:34+00:00","description":"Ambition & Values - SYSTRA Brasil, um dos l\u00edderes mundiais de consultoria e engenharia, especializado em solu\u00e7\u00f5es de transporte e mobilidade.","breadcrumb":{"@id":"https:\/\/www.systra.com\/brazil\/en\/about-us\/ambition-values\/#breadcrumb"},"inLanguage":"en-US","potentialAction":[{"@type":"ReadAction","target":["https:\/\/www.systra.com\/brazil\/en\/about-us\/ambition-values\/"]}]},{"@type":"ImageObject","inLanguage":"en-US","@id":"https:\/\/www.systra.com\/brazil\/en\/about-us\/ambition-values\/#primaryimage","url":"https:\/\/www.systra.com\/brazil\/wp-content\/uploads\/sites\/20\/2023\/09\/ambition-and-values-2048x1242-1.jpg","contentUrl":"https:\/\/www.systra.com\/brazil\/wp-content\/uploads\/sites\/20\/2023\/09\/ambition-and-values-2048x1242-1.jpg","width":2048,"height":1242},{"@type":"BreadcrumbList","@id":"https:\/\/www.systra.com\/brazil\/en\/about-us\/ambition-values\/#breadcrumb","itemListElement":[{"@type":"ListItem","position":1,"name":"Accueil","item":"https:\/\/www.systra.com\/brazil\/"},{"@type":"ListItem","position":2,"name":"About us","item":"https:\/\/www.systra.com\/brazil\/en\/about-us\/"},{"@type":"ListItem","position":3,"name":"Ambition &#038; Values"}]},{"@type":"WebSite","@id":"https:\/\/www.systra.com\/brazil\/#website","url":"https:\/\/www.systra.com\/brazil\/","name":"SYSTRA Brasil","description":"Un site utilisant Les sites de Systra","potentialAction":[{"@type":"SearchAction","target":{"@type":"EntryPoint","urlTemplate":"https:\/\/www.systra.com\/brazil\/?s={search_term_string}"},"query-input":{"@type":"PropertyValueSpecification","valueRequired":true,"valueName":"search_term_string"}}],"inLanguage":"en-US"}]}},"lang":"en","translations":{"en":1627,"pt":533},"pll_sync_post":[],"_links":{"self":[{"href":"https:\/\/www.systra.com\/brazil\/wp-json\/wp\/v2\/pages\/1627","targetHints":{"allow":["GET"]}}],"collection":[{"href":"https:\/\/www.systra.com\/brazil\/wp-json\/wp\/v2\/pages"}],"about":[{"href":"https:\/\/www.systra.com\/brazil\/wp-json\/wp\/v2\/types\/page"}],"author":[{"embeddable":true,"href":"https:\/\/www.systra.com\/brazil\/wp-json\/wp\/v2\/users\/93"}],"replies":[{"embeddable":true,"href":"https:\/\/www.systra.com\/brazil\/wp-json\/wp\/v2\/comments?post=1627"}],"version-history":[{"count":2,"href":"https:\/\/www.systra.com\/brazil\/wp-json\/wp\/v2\/pages\/1627\/revisions"}],"predecessor-version":[{"id":25290,"href":"https:\/\/www.systra.com\/brazil\/wp-json\/wp\/v2\/pages\/1627\/revisions\/25290"}],"up":[{"embeddable":true,"href":"https:\/\/www.systra.com\/brazil\/wp-json\/wp\/v2\/pages\/1617"}],"wp:featuredmedia":[{"embeddable":true,"href":"https:\/\/www.systra.com\/brazil\/wp-json\/wp\/v2\/media\/469"}],"wp:attachment":[{"href":"https:\/\/www.systra.com\/brazil\/wp-json\/wp\/v2\/media?parent=1627"}],"curies":[{"name":"wp","href":"https:\/\/api.w.org\/{rel}","templated":true}]}}